{"id":3672,"date":"2025-07-18T14:24:09","date_gmt":"2025-07-18T12:24:09","guid":{"rendered":"https:\/\/www.camping-gien.com\/huisvesting-insolite-loiret\/"},"modified":"2025-07-18T14:39:05","modified_gmt":"2025-07-18T12:39:05","slug":"huisvesting-insolite-loiret","status":"publish","type":"page","link":"https:\/\/www.camping-gien.com\/nl\/huisvesting-insolite-loiret\/","title":{"rendered":"Ongewoon"},"content":{"rendered":"\n<div class=\"wp-container-69e3a2c1037cc wp-block-group alignfull diaporama-header\"><div class=\"wp-block-group__inner-container\">\n<figure class=\"wp-block-gallery has-nested-images columns-default is-cropped\">\n<figure class=\"wp-block-image size-full\"><img width=\"901\" height=\"622\" src=\"https:\/\/www.camping-gien.com\/wp-content\/uploads\/2023\/02\/location-roulotte-gien.jpg\" alt=\"Bijzondere accommodatie - Camping Touristique de Gien in Loiret\" class=\"wp-image-566\" srcset=\"https:\/\/www.camping-gien.com\/wp-content\/uploads\/2023\/02\/location-roulotte-gien.jpg 901w, https:\/\/www.camping-gien.com\/wp-content\/uploads\/2023\/02\/location-roulotte-gien-300x207.jpg 300w, https:\/\/www.camping-gien.com\/wp-content\/uploads\/2023\/02\/location-roulotte-gien-768x530.jpg 768w\" sizes=\"(max-width: 901px) 100vw, 901px\" \/><\/figure>\n<\/figure>\n\n\n\n<div class=\"wp-container-69e3a2c1034d6 wp-block-group\"><div class=\"wp-block-group__inner-container\">\n<h1 id=\"camping-gien-dans-le-loiret-bienvenue-au-camping-touristique-de-gien-2\">Ongewone accommodatie in de Loiret<\/h1>\n<\/div><\/div>\n<\/div><\/div>\n\n\n\n<p>In het hart van de <strong>Loiret <\/strong>belooft de toeristische <a rel=\"noreferrer noopener\" href=\"https:\/\/www.camping-gien.com\/nl\/\" target=\"_blank\">kamperen Gien<\/a> een <strong>ongewone ervaring<\/strong>. Stel je een vakantie voor waar het traditionele plaats maakt voor het onverwachte, waar comfort en verbazing elkaar ontmoeten. Wat dacht u van een buitengewone vakantie? Bereid u voor op een ontdekkingstocht langs ongewone <strong>accommodaties in de Loiret <\/strong>die uw nieuwsgierigheid zullen prikk elen&#8230;<br><br>   <\/p>\n\n\n\n<div style=\"height:20px\" aria-hidden=\"true\" class=\"wp-block-spacer\"><\/div>\n\n\n\n<div class=\"wp-block-columns alignfull are-vertically-aligned-center G-25\">\n<div class=\"wp-block-column is-vertically-aligned-center\">\n<h2 id=\"a-la-decouverte-des-chateaux-de-la-loire-dans-notre-camping-bord-de-loire-1\">bijzonder overnachten in Loiret<\/h2>\n\n\n\n<p>De Loiret, land van geschiedenis en natuur, zit vol verrassingen. Onder hen biedt de toeristische camping van Gien een <strong>unieke ervaring<\/strong> voor wie op zoek is naar een andere omgeving. Gelegen aan de oevers van de Loire, onderscheidt deze plek van ontspanning zich door de diversiteit van zijn <strong>ongewone accommodaties<\/strong>.  <\/p>\n\n\n\n<p><strong>La roulatie<\/strong>, dit kleine toevluchtsoord van 18 m\u00b2, opent zijn deuren voor u voor een comfortabele reis terug in de tijd. Met maximaal vier slaapplaatsen is het een ideale uitvalsbasis om de omliggende kastelen van de Loirevallei te verkennen. <\/p>\n\n\n\n<p>Voor liefhebbers van authenticiteit zijn <strong>Canadese tenten<\/strong> de perfecte keuze. Ze vormen de perfecte combinatie van de eenvoud van een kamp en het welzijn van een volledig uitgeruste accommodatie. Elke tent heeft een <strong>overdekt terras<\/strong>, wat rustige nachten belooft.  <\/p>\n\n\n\n<p>Maar voor wie wat hoogte zoekt, biedt de Canadese tent op palen een <strong>adembenemend uitzicht op de Loire<\/strong>. Voor grotere groepen biedt de twee verdiepingen tellende tent &#8220;Le nid&#8221; een <strong>cocon voor het hele gezin<\/strong>. Uitgerust met een keuken, priv\u00e9 sanitair en een groot terras belooft deze tent unieke momenten tijdens uw <strong>ongewone vakantie in de Loiret streek<\/strong>.  <\/p>\n<\/div>\n\n\n\n<div class=\"wp-block-column is-vertically-aligned-center\">\n<figure class=\"wp-block-gallery has-nested-images columns-default is-cropped diaporama--3\">\n<figure class=\"wp-block-image size-full\"><img width=\"760\" height=\"520\" src=\"https:\/\/www.camping-gien.com\/wp-content\/uploads\/2023\/02\/tente-le-nid-760x520-1.jpg\" alt=\"Bijzondere huurwoningen in Gien\" class=\"wp-image-1015\" srcset=\"https:\/\/www.camping-gien.com\/wp-content\/uploads\/2023\/02\/tente-le-nid-760x520-1.jpg 760w, https:\/\/www.camping-gien.com\/wp-content\/uploads\/2023\/02\/tente-le-nid-760x520-1-300x205.jpg 300w\" sizes=\"(max-width: 760px) 100vw, 760px\" \/><\/figure>\n\n\n\n<figure class=\"wp-block-image size-full\"><img width=\"640\" height=\"480\" src=\"https:\/\/www.camping-gien.com\/wp-content\/uploads\/2023\/02\/location-bungalow-toile.jpg\" alt=\"Verhuur van hout in de Loiret vlakbij de stranden\" class=\"wp-image-1007\" srcset=\"https:\/\/www.camping-gien.com\/wp-content\/uploads\/2023\/02\/location-bungalow-toile.jpg 640w, https:\/\/www.camping-gien.com\/wp-content\/uploads\/2023\/02\/location-bungalow-toile-300x225.jpg 300w\" sizes=\"(max-width: 640px) 100vw, 640px\" \/><\/figure>\n\n\n\n<figure class=\"wp-block-image size-full\"><img width=\"760\" height=\"520\" src=\"https:\/\/www.camping-gien.com\/wp-content\/uploads\/2023\/02\/location-roulotte-760x520-1.jpg\" alt=\"Huurwoningen in de Loiret vlakbij de stranden\" class=\"wp-image-1031\" srcset=\"https:\/\/www.camping-gien.com\/wp-content\/uploads\/2023\/02\/location-roulotte-760x520-1.jpg 760w, https:\/\/www.camping-gien.com\/wp-content\/uploads\/2023\/02\/location-roulotte-760x520-1-300x205.jpg 300w\" sizes=\"(max-width: 760px) 100vw, 760px\" \/><\/figure>\n<\/figure>\n\n\n\n<p><i class=\"fal fa-images\"><\/i> <a href=\"https:\/\/www.camping-gien.com\/nl\/fotogalerij\/\" data-type=\"page\" data-id=\"592\">Fotogalerijen<\/a><\/p>\n<\/div>\n<\/div>\n\n\n\n<div class=\"wp-block-cover alignfull is-light G-10\"><span aria-hidden=\"true\" class=\"wp-block-cover__gradient-background has-background-dim\"><\/span><img width=\"1918\" height=\"798\" class=\"wp-block-cover__image-background wp-image-727\" alt=\"\" src=\"https:\/\/www.camping-gien.com\/wp-content\/uploads\/2023\/02\/camping-nature-loire-1.png\" data-object-fit=\"cover\" srcset=\"https:\/\/www.camping-gien.com\/wp-content\/uploads\/2023\/02\/camping-nature-loire-1.png 1918w, https:\/\/www.camping-gien.com\/wp-content\/uploads\/2023\/02\/camping-nature-loire-1-300x125.png 300w, https:\/\/www.camping-gien.com\/wp-content\/uploads\/2023\/02\/camping-nature-loire-1-1024x426.png 1024w, https:\/\/www.camping-gien.com\/wp-content\/uploads\/2023\/02\/camping-nature-loire-1-768x320.png 768w, https:\/\/www.camping-gien.com\/wp-content\/uploads\/2023\/02\/camping-nature-loire-1-1536x639.png 1536w\" sizes=\"(max-width: 1918px) 100vw, 1918px\" \/><div class=\"wp-block-cover__inner-container\">\n<div class=\"wp-block-columns\">\n<div class=\"wp-block-column\">\n<h2 id=\"un-camping-avec-acces-direct-aux-bords-de-loire\">Een camping met bijzondere huuraccommodaties van de Loire<\/h2>\n\n\n\n<p>De <strong>charme van de Loiret<\/strong> wordt versterkt door het zachte water van de rivier. De camping heeft een <a href=\"https:\/\/www.camping-gien.com\/nl\/zwembad-strand\/\"> verwarmd zwembad<\/a> met een oprolbaar dekzeil zodat je op elk moment van het zwembad kunt genieten. Vlakbij kunnen onze jongste gasten zich vermaken in het peuterbad, dat ook verwarmd is.  <\/p>\n\n\n\n<p>Maar buiten deze rustige wateren wacht er nog een andere belofte van frisheid op vakantiegangers die een van onze <strong>ongewone huuraccommodaties in de Loiret<\/strong> boeken. Een priv\u00e9strand aan de voet van de camping. Hier strelen je voeten het fijne zand en bewonderen je ogen de schoonheid van de <strong>oevers van de Loire<\/strong>, bekroond door het silhouet van het kasteel.  <\/p>\n\n\n\n<p>Hier is geen ruimte voor nietsdoen. Het terrein leent zich voor een partijtje minigolf, de wind nodigt uit tot een potje tafeltennis en sensatiezoekers gaan naar de trampoline. Voor degenen die op zoek zijn naar welzijn zijn er fitnesslessen beschikbaar, terwijl de Club Plage bij <strong>bijzondere huuraccommodaties<\/strong>, een initiatief van de stad, andere afleidingen biedt.  <\/p>\n\n\n\n<p>En voor wie de streek op een andere manier wil ontdekken, worden er <strong>kanotochtenop de Loire<\/strong> en fietstochten georganiseerd, waarbij natuur, sport en cultuur worden gecombineerd.<\/p>\n<\/div>\n\n\n\n<div class=\"wp-block-column\">\n<figure class=\"wp-block-gallery has-nested-images columns-2 is-cropped diaporama-mob\">\n<figure class=\"wp-block-image size-full\"><img width=\"2000\" height=\"560\" src=\"https:\/\/www.camping-gien.com\/wp-content\/uploads\/2023\/02\/balade-canoe-loire-1.jpg\" alt=\"\" class=\"wp-image-1037\" srcset=\"https:\/\/www.camping-gien.com\/wp-content\/uploads\/2023\/02\/balade-canoe-loire-1.jpg 2000w, https:\/\/www.camping-gien.com\/wp-content\/uploads\/2023\/02\/balade-canoe-loire-1-300x84.jpg 300w, https:\/\/www.camping-gien.com\/wp-content\/uploads\/2023\/02\/balade-canoe-loire-1-1024x287.jpg 1024w, https:\/\/www.camping-gien.com\/wp-content\/uploads\/2023\/02\/balade-canoe-loire-1-768x215.jpg 768w, https:\/\/www.camping-gien.com\/wp-content\/uploads\/2023\/02\/balade-canoe-loire-1-1536x430.jpg 1536w\" sizes=\"(max-width: 2000px) 100vw, 2000px\" \/><\/figure>\n\n\n\n<figure class=\"wp-block-image size-full\"><img width=\"760\" height=\"520\" src=\"https:\/\/www.camping-gien.com\/wp-content\/uploads\/2023\/02\/location-hebergement-insolite-760x520-1.jpg\" alt=\"bijzonder overnachten loire\" class=\"wp-image-997\" srcset=\"https:\/\/www.camping-gien.com\/wp-content\/uploads\/2023\/02\/location-hebergement-insolite-760x520-1.jpg 760w, https:\/\/www.camping-gien.com\/wp-content\/uploads\/2023\/02\/location-hebergement-insolite-760x520-1-300x205.jpg 300w\" sizes=\"(max-width: 760px) 100vw, 760px\" \/><\/figure>\n\n\n\n<figure class=\"wp-block-image size-full\"><img width=\"760\" height=\"520\" src=\"https:\/\/www.camping-gien.com\/wp-content\/uploads\/2023\/02\/camping-plage-gien-760x520-1.jpg\" alt=\"Ongewone huuraccommodaties in de Loiret vlakbij de stranden\" class=\"wp-image-864\" srcset=\"https:\/\/www.camping-gien.com\/wp-content\/uploads\/2023\/02\/camping-plage-gien-760x520-1.jpg 760w, https:\/\/www.camping-gien.com\/wp-content\/uploads\/2023\/02\/camping-plage-gien-760x520-1-300x205.jpg 300w\" sizes=\"(max-width: 760px) 100vw, 760px\" \/><\/figure>\n<\/figure>\n<\/div>\n<\/div>\n<\/div><\/div>\n\n\n\n<div class=\"wp-block-columns alignfull G-10\">\n<div class=\"wp-block-column\">\n<h2 id=\"camping-gien-dans-le-loiret-bienvenue-au-camping-touristique-de-gien-1\">Ongewone locatie in Loiret in de buurt van kastelen<\/h2>\n\n\n\n<p>Onze <strong>camping in de Loiret<\/strong> is strategisch gelegen, direct aan de beroemde fietsen bij de loire fietsroute. De route strekt zich uit over bijna 900 kilometer en biedt fascinerende landschappen, pittoreske dorpjes en natuurlijk de illustere <strong>kastelen van de Loire<\/strong>.<\/p>\n\n\n\n<p>Vanaf onze camping is het maar een half uurtje fietsen naar <strong>Saint Brisson sur Loire<\/strong>, waar het plaatselijke kasteel een prachtig schouwspel is. Voor avontuurlijke zielen wachten Ch\u00e2tillon sur Loire en de sluis van Mantelot na een uur inspanning, terwijl <a href=\"https:\/\/www.camping-gien.com\/nl\/toerisme\/kasteel-van-sully\/\" target=\"_blank\" rel=\"noreferrer noopener\">Sully-sur-Loire<\/a> en zijn imposante kasteel je na anderhalf uur rijden verwelkomen.<\/p>\n\n\n\n<p>Maar er is meer in de <strong>Loiret<\/strong> dan alleen de <strong>kastelen<\/strong>. Het Parc Floral de la Source biedt een verjongende natuurvakantie. De kathedraal Sainte-Croix d&#8217;Orl\u00e9ans roept religieuze pracht en praal op. De kanaalbrug van Briare is een technisch hoogstandje om te bewonderen. Het Mus\u00e9e des Beaux-arts d&#8217;Orl\u00e9ans, het Maison de Jeanne d&#8217;Arc en het Mus\u00e9e Girodet zullen je culturele ervaring verrijken.<\/p>\n\n\n\n<p>Geniet van een unieke ervaring met onze <strong> ongewoneverhuur in de Loiret<\/strong>. Onze ongewone accommodatie ligt midden in de natuur en biedt comfort en originaliteit voor een onvergetelijk verblijf. Geniet van een breed scala aan activiteiten en een uitzonderlijke omgeving op onze camping in Gien. Op onze ruime, schaduwrijke <a href=\"https:\/\/www.camping-gien.com\/nl\/locaties\/\" data-type=\"URL\" data-id=\"https:\/\/www.camping-gien.com\/emplacements\/\">kampeerplaatsen in de Loiret<\/a> kunt u ook in alle rust kamperen, met toegang tot alle voorzieningen die u nodig hebt voor een <strong>aangenaam verblijf Loire in de vrije natuur<\/strong>.<\/p>\n<\/div>\n\n\n\n<div class=\"wp-block-column\">\n<figure class=\"wp-block-gallery has-nested-images columns-2 is-cropped diaporama-mob\">\n<figure class=\"wp-block-image size-large\"><img width=\"1024\" height=\"683\" src=\"https:\/\/www.camping-gien.com\/wp-content\/uploads\/2023\/02\/dorian-mongel-X8bwXanmSOo-unsplash-1024x683.jpg\" alt=\"Ongewone huuraccommodaties in de Loiret in de buurt van kastelen\" class=\"wp-image-1082\" srcset=\"https:\/\/www.camping-gien.com\/wp-content\/uploads\/2023\/02\/dorian-mongel-X8bwXanmSOo-unsplash-1024x683.jpg 1024w, https:\/\/www.camping-gien.com\/wp-content\/uploads\/2023\/02\/dorian-mongel-X8bwXanmSOo-unsplash-300x200.jpg 300w, https:\/\/www.camping-gien.com\/wp-content\/uploads\/2023\/02\/dorian-mongel-X8bwXanmSOo-unsplash-768x512.jpg 768w, https:\/\/www.camping-gien.com\/wp-content\/uploads\/2023\/02\/dorian-mongel-X8bwXanmSOo-unsplash-1536x1024.jpg 1536w, https:\/\/www.camping-gien.com\/wp-content\/uploads\/2023\/02\/dorian-mongel-X8bwXanmSOo-unsplash-2048x1365.jpg 2048w\" sizes=\"(max-width: 1024px) 100vw, 1024px\" \/><\/figure>\n\n\n\n<figure class=\"wp-block-image size-large\"><img width=\"1024\" height=\"683\" src=\"https:\/\/www.camping-gien.com\/wp-content\/uploads\/2023\/02\/guillaume-techer-lR_RlVRHmkU-unsplash-1024x683.jpg\" alt=\"Bijzondere huuraccommodaties in de Loiret\" class=\"wp-image-1086\" srcset=\"https:\/\/www.camping-gien.com\/wp-content\/uploads\/2023\/02\/guillaume-techer-lR_RlVRHmkU-unsplash-1024x683.jpg 1024w, https:\/\/www.camping-gien.com\/wp-content\/uploads\/2023\/02\/guillaume-techer-lR_RlVRHmkU-unsplash-300x200.jpg 300w, https:\/\/www.camping-gien.com\/wp-content\/uploads\/2023\/02\/guillaume-techer-lR_RlVRHmkU-unsplash-768x512.jpg 768w, https:\/\/www.camping-gien.com\/wp-content\/uploads\/2023\/02\/guillaume-techer-lR_RlVRHmkU-unsplash-1536x1024.jpg 1536w, https:\/\/www.camping-gien.com\/wp-content\/uploads\/2023\/02\/guillaume-techer-lR_RlVRHmkU-unsplash-2048x1365.jpg 2048w\" sizes=\"(max-width: 1024px) 100vw, 1024px\" \/><\/figure>\n<\/figure>\n<\/div>\n<\/div>\n","protected":false},"excerpt":{"rendered":"<p>Ongewone accommodatie in de Loiret In het hart van de Loiret belooft de toeristische kamperen Gien een ongewone ervaring. Stel je een vakantie voor waar het traditionele plaats maakt voor het onverwachte, waar comfort en verbazing elkaar ontmoeten. Wat dacht u van een buitengewone vakantie? Bereid u voor op een ontdekkingstocht langs ongewone accommodaties in [&hellip;]<\/p>\n","protected":false},"author":1,"featured_media":683,"parent":0,"menu_order":0,"comment_status":"closed","ping_status":"closed","template":"","meta":[],"acf":[],"_links":{"self":[{"href":"https:\/\/www.camping-gien.com\/nl\/wp-json\/wp\/v2\/pages\/3672"}],"collection":[{"href":"https:\/\/www.camping-gien.com\/nl\/wp-json\/wp\/v2\/pages"}],"about":[{"href":"https:\/\/www.camping-gien.com\/nl\/wp-json\/wp\/v2\/types\/page"}],"author":[{"embeddable":true,"href":"https:\/\/www.camping-gien.com\/nl\/wp-json\/wp\/v2\/users\/1"}],"replies":[{"embeddable":true,"href":"https:\/\/www.camping-gien.com\/nl\/wp-json\/wp\/v2\/comments?post=3672"}],"version-history":[{"count":6,"href":"https:\/\/www.camping-gien.com\/nl\/wp-json\/wp\/v2\/pages\/3672\/revisions"}],"predecessor-version":[{"id":3692,"href":"https:\/\/www.camping-gien.com\/nl\/wp-json\/wp\/v2\/pages\/3672\/revisions\/3692"}],"wp:featuredmedia":[{"embeddable":true,"href":"https:\/\/www.camping-gien.com\/nl\/wp-json\/wp\/v2\/media\/683"}],"wp:attachment":[{"href":"https:\/\/www.camping-gien.com\/nl\/wp-json\/wp\/v2\/media?parent=3672"}],"curies":[{"name":"wp","href":"https:\/\/api.w.org\/{rel}","templated":true}]}}