{"id":1629,"date":"2023-03-20T10:10:50","date_gmt":"2023-03-20T09:10:50","guid":{"rendered":"https:\/\/www.camping-gien.com\/toerisme\/bezoek-van-sancerre\/"},"modified":"2024-02-01T17:08:34","modified_gmt":"2024-02-01T16:08:34","slug":"bezoek-van-sancerre","status":"publish","type":"page","link":"https:\/\/www.camping-gien.com\/nl\/toerisme\/bezoek-van-sancerre\/","title":{"rendered":"Bezoek aan Sancerre"},"content":{"rendered":"\n<div class=\"wp-container-6a035be81eda7 wp-block-group alignfull diaporama-header\"><div class=\"wp-block-group__inner-container\">\n<figure class=\"wp-block-gallery has-nested-images columns-default is-cropped\">\n<figure class=\"wp-block-image size-full\"><img width=\"1920\" height=\"780\" src=\"https:\/\/www.camping-gien.com\/wp-content\/uploads\/2023\/02\/banniere-accueil.png\" alt=\"\" class=\"wp-image-540\" srcset=\"https:\/\/www.camping-gien.com\/wp-content\/uploads\/2023\/02\/banniere-accueil.png 1920w, https:\/\/www.camping-gien.com\/wp-content\/uploads\/2023\/02\/banniere-accueil-300x122.png 300w, https:\/\/www.camping-gien.com\/wp-content\/uploads\/2023\/02\/banniere-accueil-1024x416.png 1024w, https:\/\/www.camping-gien.com\/wp-content\/uploads\/2023\/02\/banniere-accueil-768x312.png 768w, https:\/\/www.camping-gien.com\/wp-content\/uploads\/2023\/02\/banniere-accueil-1536x624.png 1536w\" sizes=\"(max-width: 1920px) 100vw, 1920px\" \/><\/figure>\n<\/figure>\n\n\n\n<div class=\"wp-container-6a035be81eac3 wp-block-group\"><div class=\"wp-block-group__inner-container\">\n<h1 id=\"camping-gien-dans-le-loiret-bienvenue-au-camping-touristique-de-gien-2\">Sancerre<\/h1>\n<\/div><\/div>\n<\/div><\/div>\n\n\n\n<h2 id=\"camping-sancerre-decouvrir-la-cite-medievale\">Camping Sancerre, ontdek de middeleeuwse stad<\/h2>\n\n\n\n<p>Onze <strong>camping in Sancerre, in de Loiret<\/strong>, stelt u in staat om de prachtige middeleeuwse stad te bezoeken, die de vakantiegangers die er halt houden zal verrukken.<\/p>\n\n\n\n<p>De middeleeuwse stad ligt op een heuvel aan de oevers van de Loire met een uitzonderlijk panorama.<br>De stad gaf zijn naam aan de wereldberoemde Sancerre wijn.<br>Verschillende evenementen <strong>rond de wijn en de crottin de Chavignol <\/strong>vinden plaats in Sancerre<br>Geniet het hele jaar door van culturele evenementen.<\/p>\n\n\n\n<h2 id=\"sancerre-village-prefere-des-francais-en-2021\">Sancerre, favoriet dorp van de Fransen in 2021<\/h2>\n\n\n\n<p>Sancerre werd in 2021 verkozen tot het favoriete dorp van de Fransen in het beroemde tv-programma van St\u00e9phane Bern.<\/p>\n\n\n\n<p>Het beroemde dorp staat bekend om zijn AOC wijngaard en zijn AOC Chavignol geitenkaas. Op 45 km van Bourges en 2 uur van Parijs&#8230; zal dit dorp op 312 m hoogte u betoveren. Verblijf op onze <a href=\"https:\/\/www.camping-gien.com\/nl\/\" data-type=\"page\" data-id=\"5\">toeristische camping in Gien<\/a> en maak een uitstapje naar Sancerre.<\/p>\n\n\n\n<h2 id=\"le-vin-sancerre\">Sancerre wijn<\/h2>\n\n\n\n<p>In het hart van de Monts de Sancerre is deze wijngaard een van de beroemdste van Frankrijk.<br>Hij produceert lichte, fruitige wijnen met een breed scala aan aroma&#8217;s, zowel voor wit, rood als ros\u00e9. Hun kwaliteit wordt gegarandeerd door een Appellation d&#8217;Origine Contr\u00f4l\u00e9e (AOC) voor de witte wijnen sinds 1936 en voor de rode en ros\u00e9 wijnen sinds 1959.<\/p>\n\n\n\n<h2 id=\"la-route-des-vignobles\">De wijngaardroute<\/h2>\n\n\n\n<p>Volg de wijngaardroute en ontdek de wijngaarden, hellingen, kastelen en kelders van Sancerre, Pouilly Fum\u00e9, Menetou-Salon, Quincy, Reuilly en Coteaux du Giennois.<br>De wijngaardroute strekt zich uit over 14 gemeenten: Sancerre, Saint Satur, Chavignol, Verdigny, Thauvenay<\/p>\n\n\n\n<h2 id=\"le-crottin-de-chavignol-a-proximite-de-sancerre\">Crottin de Chavignol bij Sancerre<\/h2>\n\n\n\n<p>Aan de voet van de heuvel mag u een stop in het charmante dorpje Chavignol niet missen, beroemd om zijn geitenkaas, de &#8220;crottin&#8221; van Chavignol!<br>Om natuurlijk van te genieten met een glas Sancerre. Drink echter met mate.<\/p>\n\n\n\n<h2 id=\"le-chateau-de-sancerre\">Het kasteel van Sancerre<\/h2>\n\n\n\n<p>Het Ch\u00e2teau de Sancerre draagt de naam van zijn appellation Sancerre. Ontdek het landgoed door middel van een becommentarieerde proeverij in de tuinen van het kasteel en het adembenemende panorama. U leert alles over de druivensoorten en de terroirs.<\/p>\n\n\n\n<h2 id=\"que-faire-pres-du-camping-sancerre\">Wat is er te doen in de buurt van camping Sancerre?<\/h2>\n\n\n\n<p>Sancerre ontdekken is allereerst wandelen door de wijngaarden van Sancerre en de wijnen ontdekken en proeven. Kelders en prachtige wijngaarden wachten op u. Ontmoet onze wijnboeren en de beroemde kelders om alles te weten te komen over de Sancerre.<\/p>\n\n\n\n<h3 id=\"le-village-medieval-de-sancerre\">Het middeleeuwse dorp Sancerre<\/h3>\n\n\n\n<p>Slenter door de mooie middeleeuwse straatjes van Sancerre voor een reis door de geschiedenis. Bewonder het kasteel van Sancerre, met zijn dikke muren die in de Middeleeuwen goed van pas kwamen. Het karakteristieke stadje heeft een sterk historisch verleden met de 100-jarige oorlog, de godsdienstoorlogen, enz.<\/p>\n\n\n\n<h3 id=\"sancerre-et-les-bords-de-loire\">Sancerre en de oevers van de Loire<\/h3>\n\n\n\n<p>Sancerre is natuurlijk de Loire met zijn prachtige, steeds veranderende landschappen, die een moza\u00efek van sferen en buitenactiviteiten bieden: wandelen, fietsen, kano\u00ebn, enz.<\/p>\n\n\n\n<h3 id=\"a-faire-egalement-a-sancerre\">Andere dingen om te doen in Sancerre<\/h3>\n\n\n\n<p>Het Maison des Sancerre is dagelijks geopend van 10 tot 18 uur (19 uur in juni, juli, augustus en september). In februari: Brocante op het plein, Bourges-Sancerre wandeling, literair Berrichon diner&#8230; Vind de agenda van de evenementen in de stad Sancerre op :<br>www.ville-sancerre.com<\/p>\n\n\n\n<p>Verblijf op onze camping in Sancerre en geniet van een ruim aanbod aan <a href=\"https:\/\/www.camping-gien.com\/nl\/verhuur\/\" data-type=\"page\" data-id=\"597\">stacaravans<\/a>, caravans en <a href=\"https:\/\/www.camping-gien.com\/nl\/locaties\/\" data-type=\"page\" data-id=\"580\">kampeerplaatsen<\/a>. Er is ook een <a href=\"https:\/\/www.camping-gien.com\/nl\/zwembad-strand\/\" data-type=\"page\" data-id=\"582\">zwembad<\/a> met strand en veel activiteiten in Sancerre.<\/p>\n\n\n\n<div class=\"wp-container-6a035be81f53b wp-block-buttons\">\n<div class=\"wp-block-button is-style-fill\"><a class=\"wp-block-button__link\" href=\"https:\/\/www.camping-gien.com\/nl\/toerisme\/\">Terug naar de omgeving<\/a><\/div>\n<\/div>\n","protected":false},"excerpt":{"rendered":"<p>Sancerre Camping Sancerre, ontdek de middeleeuwse stad Onze camping in Sancerre, in de Loiret, stelt u in staat om de prachtige middeleeuwse stad te bezoeken, die de vakantiegangers die er halt houden zal verrukken. De middeleeuwse stad ligt op een heuvel aan de oevers van de Loire met een uitzonderlijk panorama.De stad gaf zijn naam [&hellip;]<\/p>\n","protected":false},"author":1,"featured_media":0,"parent":1508,"menu_order":0,"comment_status":"closed","ping_status":"closed","template":"","meta":[],"acf":[],"_links":{"self":[{"href":"https:\/\/www.camping-gien.com\/nl\/wp-json\/wp\/v2\/pages\/1629"}],"collection":[{"href":"https:\/\/www.camping-gien.com\/nl\/wp-json\/wp\/v2\/pages"}],"about":[{"href":"https:\/\/www.camping-gien.com\/nl\/wp-json\/wp\/v2\/types\/page"}],"author":[{"embeddable":true,"href":"https:\/\/www.camping-gien.com\/nl\/wp-json\/wp\/v2\/users\/1"}],"replies":[{"embeddable":true,"href":"https:\/\/www.camping-gien.com\/nl\/wp-json\/wp\/v2\/comments?post=1629"}],"version-history":[{"count":2,"href":"https:\/\/www.camping-gien.com\/nl\/wp-json\/wp\/v2\/pages\/1629\/revisions"}],"predecessor-version":[{"id":2603,"href":"https:\/\/www.camping-gien.com\/nl\/wp-json\/wp\/v2\/pages\/1629\/revisions\/2603"}],"up":[{"embeddable":true,"href":"https:\/\/www.camping-gien.com\/nl\/wp-json\/wp\/v2\/pages\/1508"}],"wp:attachment":[{"href":"https:\/\/www.camping-gien.com\/nl\/wp-json\/wp\/v2\/media?parent=1629"}],"curies":[{"name":"wp","href":"https:\/\/api.w.org\/{rel}","templated":true}]}}