{"id":1595,"date":"2023-03-20T10:04:46","date_gmt":"2023-03-20T09:04:46","guid":{"rendered":"https:\/\/www.camping-gien.com\/toerisme\/bezoek-briare\/"},"modified":"2024-02-01T17:01:32","modified_gmt":"2024-02-01T16:01:32","slug":"bezoek-briare","status":"publish","type":"page","link":"https:\/\/www.camping-gien.com\/nl\/toerisme\/bezoek-briare\/","title":{"rendered":"Bezoek aan Briare"},"content":{"rendered":"\n<div class=\"wp-container-69f5e9f28deb9 wp-block-group alignfull diaporama-header\"><div class=\"wp-block-group__inner-container\">\n<figure class=\"wp-block-gallery has-nested-images columns-default is-cropped\">\n<figure class=\"wp-block-image size-full\"><img width=\"1920\" height=\"780\" src=\"https:\/\/www.camping-gien.com\/wp-content\/uploads\/2023\/02\/banniere-accueil.png\" alt=\"\" class=\"wp-image-540\" srcset=\"https:\/\/www.camping-gien.com\/wp-content\/uploads\/2023\/02\/banniere-accueil.png 1920w, https:\/\/www.camping-gien.com\/wp-content\/uploads\/2023\/02\/banniere-accueil-300x122.png 300w, https:\/\/www.camping-gien.com\/wp-content\/uploads\/2023\/02\/banniere-accueil-1024x416.png 1024w, https:\/\/www.camping-gien.com\/wp-content\/uploads\/2023\/02\/banniere-accueil-768x312.png 768w, https:\/\/www.camping-gien.com\/wp-content\/uploads\/2023\/02\/banniere-accueil-1536x624.png 1536w\" sizes=\"(max-width: 1920px) 100vw, 1920px\" \/><\/figure>\n<\/figure>\n\n\n\n<div class=\"wp-container-69f5e9f28dbc8 wp-block-group\"><div class=\"wp-block-group__inner-container\">\n<h1 id=\"camping-gien-dans-le-loiret-bienvenue-au-camping-touristique-de-gien-2\">Briare<\/h1>\n<\/div><\/div>\n<\/div><\/div>\n\n<p><strong>Briare<\/strong> is een charmant stadje waar het goed toeven is, op het kruispunt van de Loire, het kanaal van Briare en het Canal Lat\u00e9ral \u00e0 la Loire. De regio is ideaal voor een gezinsvakantie met <strong>fietsen langs de Loire<\/strong>, bezoeken aan <strong>kastelen<\/strong> of te verkennen natuur- en cultuurgebieden.<\/p>\n\n<h2 id=\"visiter-la-ville-de-briare\">Bezoek de stad Briare<\/h2>\n\n<p>Briare, ook wel <strong>de stad van het emaille<\/strong> genoemd, ligt in de Loiret-streek, <strong>in de buurt van Gien<\/strong>, Orl\u00e9ans en Montargis.<br\/>De <strong>kanaalbrug van Briare<\/strong> is een must-see in de stad, een van de mooiste kunstwerken in de regio en een juweel in de kroon van het Franse riviererfgoed. Hij is gebouwd tussen 1890 en 1896, overspant de Loire en vormt een verbinding tussen het Canal Lat\u00e9ral \u00e0 la Loire en het Canal de Briare. Wandel en bewonder deze grote waterlaan van meer dan 600 meter lang, omzoomd met imposante lantaarnpalen en prachtige pilasters versierd met wapenschilden aan elk uiteinde.<br\/>Om meer te weten te komen over dit metalen brug-kanaal en de geschiedenis van Briare, bezoek het <a href=\"https:\/\/www.musee-2-marines.com\/\" target=\"_blank\" rel=\"noreferrer noopener\">museum van de 2 marines en het brug-kanaal<\/a>. U ziet een gereconstrueerde kade van de Loire en opmerkelijke modellen.<br\/>Het nabijgelegen Moza\u00efek en Email Museum is ook een bezoek waard. Het traceert 160 jaar industri\u00eble kunst in Briare en biedt bezoekers de mogelijkheid om rijke collecties email en aardewerk te bewonderen.<br\/>Voor een gezinsuitstapje in de natuur kunt u terecht in het natuurpark Trousse Bois, net buiten de stad. Op dit terrein van 50 hectare kunt u picknicken bij de vijver, wandelen tussen de eiken en de rijke flora en fauna van het elzenmoeras observeren.<\/p>\n\n<h2 id=\"que-faire-en-famille-autour-de-briare\">Wat te doen met uw gezin rond Briare?<\/h2>\n\n<p>U kunt Gien per fiets bereiken vanuit <a rel=\"noreferrer noopener\" href=\"https:\/\/www.terresdeloireetcanaux.com\/\" target=\"_blank\">Briare<\/a>, de twee steden zijn ongeveer tien kilometer van elkaar verwijderd. Gien staat bekend als een centrum van <strong>aardewerkproductie<\/strong>, bekend in de hele wereld. Het faience museum in het hart van de stad biedt een historische en thematische presentatie van de voortreffelijkheid van deze knowhow.<br\/>De andere attractie van de gemeente is het <a href=\"https:\/\/www.camping-gien.com\/nl\/toerisme\/kasteel-de-gien\/\" data-type=\"page\" data-id=\"1170\">renaissancekasteel<\/a>, dat u kunt zien vanaf de linkeroever van de Loire. Gebouwd in 1482 op de plaats van een oud middeleeuws fort, herbergt het het Jachtmuseum. Mis niet het prachtige uitzicht op Gien en de Loire vanaf het terras.<br\/>Maak tussen Gien en Briare een stop bij het <a href=\"https:\/\/www.camping-gien.com\/nl\/chateau-de-saint-brisson-sur-loire\/\" data-type=\"page\" data-id=\"1341\">kasteel van Saint-Brisson<\/a>, geklasseerd als historisch monument. Het biedt originele en leuke rondleidingen in de vorm van ontsnappingsspellen, workshops, mystery tours, enz.<\/p>\n\n<p>Andere nabijgelegen wonderen zijn het Ch\u00e2teau de la Bussi\u00e8re, met zijn Franse tuin en moestuin, en het middeleeuwse Ch\u00e2teau de <a href=\"https:\/\/www.camping-gien.com\/nl\/toerisme\/kasteel-van-sully\/\" data-type=\"page\" data-id=\"1164\">Sully<\/a>. Geclassificeerd als historisch monument biedt het rondleidingen en thema-activiteiten.<br\/>Tijdens uw verblijf kunt u ook profiteren van de fietsroute Loire \u00e0 v\u00e9lo. Een van de trajecten verbindt Ch\u00e2tillon-sur-Loire met Sully-sur-Loire via Saint-Brisson en Gien. De mogelijkheid om de auto op de camping te laten staan om aan langzaam toerisme te doen en de mooiste plekjes van de Loiret te ontdekken.<\/p>\n\n<p>Verblijf op onze camping bij Briare<\/p>\n\n<p>De toeristische camping in Gien ligt tegenover het kasteel en dicht bij het centrum van de stad. In een bosrijke en bloemrijke omgeving kunt u verblijven in een comfortabele stacaravan of op een van de ruime staanplaatsen aan de oevers van de Loire.<br\/>Ter plaatse biedt de camping verschillende activiteiten voor het hele gezin (verwarmd zwembad, petanque, enz.). De onmiddellijke nabijheid van de rivier <strong>de Loire<\/strong> nodigt uit tot ontspanning en allerlei activiteiten (kano\u00ebn, fietsen, wandelen, enz.).<br\/>De <strong>3-sterren camping in Gien<\/strong> heeft een bar-restaurant, een wasserette, een serviceplaats voor campers, enz.<\/p>\n\n<p>De toeristische camping in Gien biedt <strong>gezinsvakanties<\/strong> te midden van de natuur en culturele uitstapjes. De <strong>Loiret<\/strong> is een ideale bestemming voor een authentiek verblijf dat ontspanning en vrijetijdsbesteding combineert.<\/p>\n\n<div class=\"wp-container-69f5e9f28e299 wp-block-buttons\">\n<div class=\"wp-block-button is-style-fill\"><a class=\"wp-block-button__link\" href=\"https:\/\/www.camping-gien.com\/nl\/toerisme\/\">Terug naar de omgeving<\/a><\/div>\n<\/div>\n","protected":false},"excerpt":{"rendered":"<p>Briare Briare is een charmant stadje waar het goed toeven is, op het kruispunt van de Loire, het kanaal van Briare en het Canal Lat\u00e9ral \u00e0 la Loire. De regio is ideaal voor een gezinsvakantie met fietsen langs de Loire, bezoeken aan kastelen of te verkennen natuur- en cultuurgebieden. Bezoek de stad Briare Briare, ook [&hellip;]<\/p>\n","protected":false},"author":1,"featured_media":0,"parent":1508,"menu_order":0,"comment_status":"closed","ping_status":"closed","template":"","meta":[],"acf":[],"_links":{"self":[{"href":"https:\/\/www.camping-gien.com\/nl\/wp-json\/wp\/v2\/pages\/1595"}],"collection":[{"href":"https:\/\/www.camping-gien.com\/nl\/wp-json\/wp\/v2\/pages"}],"about":[{"href":"https:\/\/www.camping-gien.com\/nl\/wp-json\/wp\/v2\/types\/page"}],"author":[{"embeddable":true,"href":"https:\/\/www.camping-gien.com\/nl\/wp-json\/wp\/v2\/users\/1"}],"replies":[{"embeddable":true,"href":"https:\/\/www.camping-gien.com\/nl\/wp-json\/wp\/v2\/comments?post=1595"}],"version-history":[{"count":4,"href":"https:\/\/www.camping-gien.com\/nl\/wp-json\/wp\/v2\/pages\/1595\/revisions"}],"predecessor-version":[{"id":2567,"href":"https:\/\/www.camping-gien.com\/nl\/wp-json\/wp\/v2\/pages\/1595\/revisions\/2567"}],"up":[{"embeddable":true,"href":"https:\/\/www.camping-gien.com\/nl\/wp-json\/wp\/v2\/pages\/1508"}],"wp:attachment":[{"href":"https:\/\/www.camping-gien.com\/nl\/wp-json\/wp\/v2\/media?parent=1595"}],"curies":[{"name":"wp","href":"https:\/\/api.w.org\/{rel}","templated":true}]}}