{"id":1589,"date":"2023-03-20T10:04:04","date_gmt":"2023-03-20T09:04:04","guid":{"rendered":"https:\/\/www.camping-gien.com\/toerisme\/guedelon\/"},"modified":"2024-02-01T16:42:37","modified_gmt":"2024-02-01T15:42:37","slug":"guedelon","status":"publish","type":"page","link":"https:\/\/www.camping-gien.com\/nl\/toerisme\/guedelon\/","title":{"rendered":"Guedelon"},"content":{"rendered":"\n<div class=\"wp-container-6a035dffaa014 wp-block-group alignfull diaporama-header\"><div class=\"wp-block-group__inner-container\">\n<figure class=\"wp-block-gallery has-nested-images columns-default is-cropped\">\n<figure class=\"wp-block-image size-full\"><img width=\"1326\" height=\"883\" src=\"https:\/\/www.camping-gien.com\/wp-content\/uploads\/2023\/11\/Chateau-de-Guedelon.webp\" alt=\"Ch\u00e2teau de Gu\u00e9delon - Camping Touristique de Gien proche de Gu\u00e9delon\" class=\"wp-image-1968\" srcset=\"https:\/\/www.camping-gien.com\/wp-content\/uploads\/2023\/11\/Chateau-de-Guedelon.webp 1326w, https:\/\/www.camping-gien.com\/wp-content\/uploads\/2023\/11\/Chateau-de-Guedelon-300x200.webp 300w, https:\/\/www.camping-gien.com\/wp-content\/uploads\/2023\/11\/Chateau-de-Guedelon-1024x682.webp 1024w, https:\/\/www.camping-gien.com\/wp-content\/uploads\/2023\/11\/Chateau-de-Guedelon-768x511.webp 768w\" sizes=\"(max-width: 1326px) 100vw, 1326px\" \/><\/figure>\n<\/figure>\n\n\n\n<div class=\"wp-container-6a035dffa9d00 wp-block-group\"><div class=\"wp-block-group__inner-container\">\n<h1 id=\"camping-gien-dans-le-loiret-bienvenue-au-camping-touristique-de-gien-2\">Kasteel van Gu\u00e9delon<\/h1>\n<\/div><\/div>\n<\/div><\/div>\n\n\n\n<h2 id=\"camping-guedelon-decouvrir-guedelon-et-son-chateau-fort\">Camping Guedelon : Ontdek Guedelon en zijn kasteel<\/h2>\n\n\n\n<h3 id=\"un-chateau-fort-en-construction\">Een kasteel in aanbouw<\/h3>\n\n\n\n<p>In het hart van de Puisaye, op 50 kilometer van onze <strong>camping in Guedelon<\/strong>, ontdekt u Guedelon en zijn <strong>versterkte middeleeuwse kasteel in aanbouw<\/strong>.<\/p>\n\n\n\n<p>Ontdek in het bos in de Yonne in Bourgondi\u00eb, een enorme bouwplaats om een 13\u1d49 eeuws kasteel te bouwen. Tijdens een bezoek aan Gu\u00e9delon kunt u de vele arbeiders observeren<strong> die het kasteel bouwen<\/strong> met de technieken en materialen van de <strong>Middeleeuwen<\/strong>: steenhouwers, steenhouwers, metselaars, houthakkers, timmerlieden, smeden, tegelzetters, wagenmakers, mandenmakers, kleermakers, enz.<\/p>\n\n\n\n<h3 id=\"un-chantier-debute-en-1997-en-foret-de-guedelon\"><strong>Een in 1997 gestart project in het bos van Gu\u00e9delon<\/strong><\/h3>\n\n\n\n<p>De site is een <strong>experimentele archeologische site<\/strong> om beter te begrijpen hoe kastelen in de middeleeuwen werden gebouwd. Voor de bouw van dit kasteel werden uitgebreid onderzoek en observaties gedaan in andere bestaande kastelen.<\/p>\n\n\n\n<p>Bezoekers kunnen zien hoe het <strong>bouwproces<\/strong> van <strong>een kasteel<\/strong> in zijn werk gaat en oude vaardigheden en vergeten technieken ontdekken. Het terrein ligt in de Yonne in een Bourgondisch bos. Het is ontworpen om bezoekers de kans te geven te ervaren hoe het was om <strong>middeleeuwse forten te bouwen<\/strong>, maar ook om terug te gaan in de tijd en te begrijpen hoe ze werden gebouwd.<\/p>\n\n\n\n<p>Het Guedelon-project is in 1997 van start gegaan. Sinds 1998 is de site van Guedelon opengesteld voor het publiek. Tijdens hun bezoek kunnen de vakantiegangers kennismaken met de <strong>voorouderlijke vaardigheden<\/strong>: winning van stenen, montage, timmerwerk, het maken van tegels, tillen, enz. De werknemers delen graag hun ervaring en knowhow.<\/p>\n\n\n\n<p>Gu\u00e9delon heeft veel bijzonderheden, maar een van de interessantste is de middeleeuwse <strong>hydraulische meelmolen<\/strong>. De molen, gebouwd in oude stijl, is in bedrijf en voorziet de plaats van meel.<\/p>\n\n\n\n<p>Verblijf op onze <a href=\"https:\/\/www.camping-gien.com\/nl\/\" data-type=\"page\" data-id=\"5\">camping Guedelon<\/a> in de <strong>Loiret <\/strong>en ontdek deze unieke plek. <strong>Slaap in een stacaravan<\/strong>, Canada tent, Roulotte of kampeerplaats en ontdek de Loiret en de <strong>kastelen van de Loire<\/strong>. Onze camping is het ideale uitgangspunt om met uw gezin de kastelen van de Loire en het Loiredal te ontdekken. Met de auto, te voet of op de fiets, ontdek onze prachtige <strong>Centre Val de Loire streek<\/strong>.<\/p>\n\n\n\n<p class=\"h3\">Camping Guadelon<\/p>\n\n\n\n<p>Onze <strong>camping<\/strong> ligt op 50 kilometer van Gu\u00e9delon. Profiteer van uw verblijf op camping Guedelon met de <strong>verhuur van stacaravans<\/strong>, caravans en lodgetenten om dit kasteel in aanbouw te ontdekken. Onze camping, met zijn <strong>zwembad<\/strong> en talrijke activiteiten aan de <strong>oevers van de Loire in Gien<\/strong>, biedt u een wandeling door de tijd langs oude ambachten en knowhow, op minder dan een uur van onze vestiging.<\/p>\n\n\n\n<p><a href=\"https:\/\/www.guedelon.fr\/\" target=\"_blank\" rel=\"noreferrer noopener\">Gu\u00e9delon<\/a> is geopend van april tot november.<\/p>\n\n\n\n<div class=\"wp-container-6a035dffaa5dc wp-block-buttons\">\n<div class=\"wp-block-button is-style-fill\"><a class=\"wp-block-button__link\" href=\"https:\/\/www.camping-gien.com\/nl\/toerisme\/\">Terug naar de omgeving<\/a><\/div>\n<\/div>\n","protected":false},"excerpt":{"rendered":"<p>Kasteel van Gu\u00e9delon Camping Guedelon : Ontdek Guedelon en zijn kasteel Een kasteel in aanbouw In het hart van de Puisaye, op 50 kilometer van onze camping in Guedelon, ontdekt u Guedelon en zijn versterkte middeleeuwse kasteel in aanbouw. Ontdek in het bos in de Yonne in Bourgondi\u00eb, een enorme bouwplaats om een 13\u1d49 eeuws [&hellip;]<\/p>\n","protected":false},"author":1,"featured_media":1969,"parent":1508,"menu_order":0,"comment_status":"closed","ping_status":"closed","template":"","meta":[],"acf":[],"_links":{"self":[{"href":"https:\/\/www.camping-gien.com\/nl\/wp-json\/wp\/v2\/pages\/1589"}],"collection":[{"href":"https:\/\/www.camping-gien.com\/nl\/wp-json\/wp\/v2\/pages"}],"about":[{"href":"https:\/\/www.camping-gien.com\/nl\/wp-json\/wp\/v2\/types\/page"}],"author":[{"embeddable":true,"href":"https:\/\/www.camping-gien.com\/nl\/wp-json\/wp\/v2\/users\/1"}],"replies":[{"embeddable":true,"href":"https:\/\/www.camping-gien.com\/nl\/wp-json\/wp\/v2\/comments?post=1589"}],"version-history":[{"count":2,"href":"https:\/\/www.camping-gien.com\/nl\/wp-json\/wp\/v2\/pages\/1589\/revisions"}],"predecessor-version":[{"id":2504,"href":"https:\/\/www.camping-gien.com\/nl\/wp-json\/wp\/v2\/pages\/1589\/revisions\/2504"}],"up":[{"embeddable":true,"href":"https:\/\/www.camping-gien.com\/nl\/wp-json\/wp\/v2\/pages\/1508"}],"wp:featuredmedia":[{"embeddable":true,"href":"https:\/\/www.camping-gien.com\/nl\/wp-json\/wp\/v2\/media\/1969"}],"wp:attachment":[{"href":"https:\/\/www.camping-gien.com\/nl\/wp-json\/wp\/v2\/media?parent=1589"}],"curies":[{"name":"wp","href":"https:\/\/api.w.org\/{rel}","templated":true}]}}