{"id":1575,"date":"2023-03-20T10:00:42","date_gmt":"2023-03-20T09:00:42","guid":{"rendered":"https:\/\/www.camping-gien.com\/toerisme\/chatillon-coligny\/"},"modified":"2024-02-01T16:56:26","modified_gmt":"2024-02-01T15:56:26","slug":"chatillon-coligny","status":"publish","type":"page","link":"https:\/\/www.camping-gien.com\/nl\/toerisme\/chatillon-coligny\/","title":{"rendered":"Ch\u00e2tillon Coligny"},"content":{"rendered":"\n<div class=\"wp-container-69f16825a9e78 wp-block-group alignfull diaporama-header\"><div class=\"wp-block-group__inner-container\">\n<figure class=\"wp-block-gallery has-nested-images columns-default is-cropped\">\n<figure class=\"wp-block-image size-full\"><img width=\"1920\" height=\"780\" src=\"https:\/\/www.camping-gien.com\/wp-content\/uploads\/2023\/02\/banniere-accueil.png\" alt=\"\" class=\"wp-image-540\" srcset=\"https:\/\/www.camping-gien.com\/wp-content\/uploads\/2023\/02\/banniere-accueil.png 1920w, https:\/\/www.camping-gien.com\/wp-content\/uploads\/2023\/02\/banniere-accueil-300x122.png 300w, https:\/\/www.camping-gien.com\/wp-content\/uploads\/2023\/02\/banniere-accueil-1024x416.png 1024w, https:\/\/www.camping-gien.com\/wp-content\/uploads\/2023\/02\/banniere-accueil-768x312.png 768w, https:\/\/www.camping-gien.com\/wp-content\/uploads\/2023\/02\/banniere-accueil-1536x624.png 1536w\" sizes=\"(max-width: 1920px) 100vw, 1920px\" \/><\/figure>\n<\/figure>\n\n\n\n<div class=\"wp-container-69f16825a9b81 wp-block-group\"><div class=\"wp-block-group__inner-container\">\n<h1 id=\"camping-gien-dans-le-loiret-bienvenue-au-camping-touristique-de-gien-2\">Ch\u00e2tillon Coligny<\/h1>\n<\/div><\/div>\n<\/div><\/div>\n\n<p>Village fleuri du Loiret een bloem. Vaderland van de &#8221; COLIGNY &#8221; en &#8221; BECQUEREL &#8221; toevlucht van de eerste geschriften van  <strong>COLETTE<\/strong>. Ch\u00e2tillon-Coligny heeft 3.000 inwoners (met Ste Genevi\u00e8ve des Bois), 23 km van Montargis en 135 km van Parijs. Ch\u00e2tillon-Coligny wordt doorkruist door de Loing en vier eeuwen lang door het kanaal van Briare.<br\/>Het landschap bestaat uit vruchtbare, tamelijk beboste plateaus, afgewisseld met de valleien van de Long en zijn zijrivieren. Het platteland biedt uitzonderlijke jacht- en visgebieden.<\/p>\n\n<p><strong>Rondleidingen, Bezoek van de oude stad<\/strong> individueel (gratis folder bij het Office du Tourisme) of in groepen op afspraak. <strong>Bezoek van het historische park<\/strong> individueel (zie de kalender bij het VVV-kantoor) of op afspraak.<\/p>\n\n<p>In de oude stad: kerk uit de 16e en 17e eeuw en zijn aparte klokkentoren gebouwd op een verdedigingstoren (14e eeuw) Oud H\u00f4tel-Dieu (portaal uit de 12e eeuw) waarin het<strong> driesterrenmuseum &#8220;geklasseerd als Museum van Frankrijk&#8221;<\/strong> is ondergebracht.  rijk aan archeologie (meubilair uit Keltische en barbaarse graven, enz.), geschiedenis (de familie Coligny, de godsdienstoorlogen, talrijke geschriften, schilderijen), wetenschap (alles over het werk, de ontdekkingen en het leven van de vier natuurkundigen Becquerel), het huis uit de 16e eeuw (Hel, Paradijs, Zoutkamer), muren, grachten en verdedigingstorens (14e eeuw). Park van het kasteel van Coligny met: de oranjerie (de oudste in Frankrijk), de put &#8220;Jean Goujon&#8221; en de trap &#8220;de Cond\u00e9&#8221; uit de 10e eeuw, de donjon (12e eeuw) en de kelders van het voormalige versterkte kasteel, en tenslotte het graf van admiraal Gaspard II van Coligny die op St. Bartholomeus stierf.<\/p>\n\n<p>Tweelingstad met Buurmalsen in Nederland.<\/p>\n\n<div class=\"wp-container-69f16825aa1d8 wp-block-buttons\">\n<div class=\"wp-block-button is-style-fill\"><a class=\"wp-block-button__link\" href=\"https:\/\/www.camping-gien.com\/nl\/toerisme\/\">Terug naar de omgeving<\/a><\/div>\n<\/div>\n","protected":false},"excerpt":{"rendered":"<p>Ch\u00e2tillon Coligny Village fleuri du Loiret een bloem. Vaderland van de &#8221; COLIGNY &#8221; en &#8221; BECQUEREL &#8221; toevlucht van de eerste geschriften van COLETTE. Ch\u00e2tillon-Coligny heeft 3.000 inwoners (met Ste Genevi\u00e8ve des Bois), 23 km van Montargis en 135 km van Parijs. Ch\u00e2tillon-Coligny wordt doorkruist door de Loing en vier eeuwen lang door het [&hellip;]<\/p>\n","protected":false},"author":1,"featured_media":0,"parent":1508,"menu_order":0,"comment_status":"closed","ping_status":"closed","template":"","meta":[],"acf":[],"_links":{"self":[{"href":"https:\/\/www.camping-gien.com\/nl\/wp-json\/wp\/v2\/pages\/1575"}],"collection":[{"href":"https:\/\/www.camping-gien.com\/nl\/wp-json\/wp\/v2\/pages"}],"about":[{"href":"https:\/\/www.camping-gien.com\/nl\/wp-json\/wp\/v2\/types\/page"}],"author":[{"embeddable":true,"href":"https:\/\/www.camping-gien.com\/nl\/wp-json\/wp\/v2\/users\/1"}],"replies":[{"embeddable":true,"href":"https:\/\/www.camping-gien.com\/nl\/wp-json\/wp\/v2\/comments?post=1575"}],"version-history":[{"count":6,"href":"https:\/\/www.camping-gien.com\/nl\/wp-json\/wp\/v2\/pages\/1575\/revisions"}],"predecessor-version":[{"id":2548,"href":"https:\/\/www.camping-gien.com\/nl\/wp-json\/wp\/v2\/pages\/1575\/revisions\/2548"}],"up":[{"embeddable":true,"href":"https:\/\/www.camping-gien.com\/nl\/wp-json\/wp\/v2\/pages\/1508"}],"wp:attachment":[{"href":"https:\/\/www.camping-gien.com\/nl\/wp-json\/wp\/v2\/media?parent=1575"}],"curies":[{"name":"wp","href":"https:\/\/api.w.org\/{rel}","templated":true}]}}