{"id":1539,"date":"2023-03-20T09:35:18","date_gmt":"2023-03-20T08:35:18","guid":{"rendered":"https:\/\/www.camping-gien.com\/toerisme\/kasteel-de-gien\/"},"modified":"2026-01-08T10:34:51","modified_gmt":"2026-01-08T09:34:51","slug":"kasteel-de-gien","status":"publish","type":"page","link":"https:\/\/www.camping-gien.com\/nl\/toerisme\/kasteel-de-gien\/","title":{"rendered":"Kasteel Gien"},"content":{"rendered":"\n<div class=\"wp-container-69f313a38a7a5 wp-block-group alignfull diaporama-header\"><div class=\"wp-block-group__inner-container\">\n<figure class=\"wp-block-gallery has-nested-images columns-default is-cropped\">\n<figure class=\"wp-block-image size-full\"><img width=\"1920\" height=\"780\" src=\"https:\/\/www.camping-gien.com\/wp-content\/uploads\/2023\/02\/banniere-accueil.png\" alt=\"\" class=\"wp-image-540\" srcset=\"https:\/\/www.camping-gien.com\/wp-content\/uploads\/2023\/02\/banniere-accueil.png 1920w, https:\/\/www.camping-gien.com\/wp-content\/uploads\/2023\/02\/banniere-accueil-300x122.png 300w, https:\/\/www.camping-gien.com\/wp-content\/uploads\/2023\/02\/banniere-accueil-1024x416.png 1024w, https:\/\/www.camping-gien.com\/wp-content\/uploads\/2023\/02\/banniere-accueil-768x312.png 768w, https:\/\/www.camping-gien.com\/wp-content\/uploads\/2023\/02\/banniere-accueil-1536x624.png 1536w\" sizes=\"(max-width: 1920px) 100vw, 1920px\" \/><\/figure>\n<\/figure>\n\n\n\n<div class=\"wp-container-69f313a38a4b1 wp-block-group\"><div class=\"wp-block-group__inner-container\">\n<h1 id=\"camping-gien-dans-le-loiret-bienvenue-au-camping-touristique-de-gien-2\">Kasteel Gien<\/h1>\n<\/div><\/div>\n<\/div><\/div>\n\n\n\n<h2 id=\"decouvrez-le-chateau-musee-de-gien-dans-le-loiret\">Ontdek het kasteel-museum van Gien in de Loiret<\/h2>\n\n\n\n<h3 id=\"le-chateau-de-gien-appartient-au-chateau-de-la-loire\">Het kasteel van Gien behoort tot het kasteel van de Loire<\/h3>\n\n\n\n<p>Dit kasteel in het Loiredal werd gebouwd aan het einde van de XIV\u1d49 eeuw. Het kasteel van Gien, gelegen in het centrum van Gien en tegenover de camping, is een van de <a href=\"https:\/\/www.camping-gien.com\/nl\/camping-chateau-de-la-loire\/\" data-type=\"page\" data-id=\"1217\">kastelen van de Loire<\/a>. Als voorbeeld van de Franse pre-renaissance werd het Ch\u00e2teau de Gien gebouwd v\u00f3\u00f3r het begin van de Italianiserende invloeden, zoals het Ch\u00e2teau d&#8217;Amboise en het Ch\u00e2teau de Blois.<\/p>\n\n\n\n<p>Het kasteel was de thuisbasis van Karel VII tijdens de Honderdjarige Oorlog, daarna van Hendrik II, Catharina de Medicis, Lodewijk XIV en Anne van Oostenrijk.<\/p>\n\n\n\n<p>Het kasteel van Gien is ook een jachtmuseum, waar u de jacht in de vlucht, de jacht aan het hof en het schieten kunt ontdekken.<\/p>\n\n\n\n<h2 id=\"les-animations-du-chateau-de-gien\">Activiteiten in kasteel Gien<\/h2>\n\n\n\n<h3 id=\"visite-animee\"><strong>Geanimeerd bezoek<\/strong><\/h3>\n\n\n\n<p><strong>&#8220;Word een naturalist<\/strong><br>De gids, die de rol van een naturalist speelt, neemt ouders en kinderen mee om de collecties te ontdekken. Het bezoek wordt onderbroken door animaties waarbij de jonge studenten spelvragen moeten beantwoorden. Voor elk juist antwoord krijgen zij een tegenwaarde. Om af te studeren als kasteel naturalist, moeten ze er zoveel mogelijk verzamelen.<\/p>\n\n\n\n<p><strong>Openingstijden<\/strong><\/p>\n\n\n\n<ul><li>In februari, maart, oktober, november en december: open van 10 tot 12 uur en van 14 tot 17 uur &#8211; gesloten op dinsdag.<\/li><li>In april, mei, juni en september: open van 10 tot 18 uur &#8211; gesloten op dinsdag.<\/li><li>In juli en augustus: open van 10 tot 18 uur.<\/li><li>Jaarlijkse sluiting: 25 december en januari<\/li><\/ul>\n\n\n\n<p><strong>Tarieven<\/strong><\/p>\n\n\n\n<ul><li>Tarief volwassenen 5\u20ac.<\/li><li>Kindertarief (6-17 jaar): \u20ac3,5<\/li><li>gratis voor kinderen jonger dan 6 jaar<\/li><li>Gereduceerd tarief voor een volwassene die een kind ouder dan 6 jaar begeleidt op woensdag<\/li><\/ul>\n\n\n\n<p>KASTEEL VAN GIEN &#8211; 45 500 GIEN<br><a href=\"https:\/\/www.chateaumuseegien.fr\/\" target=\"_blank\" rel=\"noreferrer noopener\">https:\/\/www.chateaumuseegien.fr\/<\/a><\/p>\n\n\n\n<h2 id=\"sejournez-au-camping-de-gien\">Verblijf op camping de Gien<\/h2>\n\n\n\n<p>Profiteer van uw verblijf in het hart van de Loire kastelen om te verblijven op onze <a href=\"https:\/\/www.camping-gien.com\/nl\/\" data-type=\"page\" data-id=\"5\">Loiret camping<\/a> in Poilly-lez-Gien. Slaap in een stacaravan of zelfs in een <a href=\"https:\/\/www.camping-gien.com\/nl\/verhuur\/\" data-type=\"page\" data-id=\"597\">ongewone accommodatie<\/a> en neem een duik in ons <a href=\"https:\/\/www.camping-gien.com\/nl\/zwembad-strand\/\" data-type=\"page\" data-id=\"582\">verwarmde zwembad<\/a> en het strand, zonder de <a href=\"https:\/\/www.camping-gien.com\/nl\/activiteiten\/\" data-type=\"page\" data-id=\"586\">activiteiten<\/a> op de camping te vergeten.<\/p>\n\n\n\n<div class=\"wp-container-69f313a38ad91 wp-block-buttons\">\n<div class=\"wp-block-button is-style-fill\"><a class=\"wp-block-button__link\" href=\"https:\/\/www.camping-gien.com\/nl\/toerisme\/\">Terug naar de omgeving<\/a><\/div>\n<\/div>\n","protected":false},"excerpt":{"rendered":"<p>Kasteel Gien Ontdek het kasteel-museum van Gien in de Loiret Het kasteel van Gien behoort tot het kasteel van de Loire Dit kasteel in het Loiredal werd gebouwd aan het einde van de XIV\u1d49 eeuw. Het kasteel van Gien, gelegen in het centrum van Gien en tegenover de camping, is een van de kastelen van [&hellip;]<\/p>\n","protected":false},"author":1,"featured_media":0,"parent":1508,"menu_order":0,"comment_status":"closed","ping_status":"closed","template":"","meta":[],"acf":[],"_links":{"self":[{"href":"https:\/\/www.camping-gien.com\/nl\/wp-json\/wp\/v2\/pages\/1539"}],"collection":[{"href":"https:\/\/www.camping-gien.com\/nl\/wp-json\/wp\/v2\/pages"}],"about":[{"href":"https:\/\/www.camping-gien.com\/nl\/wp-json\/wp\/v2\/types\/page"}],"author":[{"embeddable":true,"href":"https:\/\/www.camping-gien.com\/nl\/wp-json\/wp\/v2\/users\/1"}],"replies":[{"embeddable":true,"href":"https:\/\/www.camping-gien.com\/nl\/wp-json\/wp\/v2\/comments?post=1539"}],"version-history":[{"count":6,"href":"https:\/\/www.camping-gien.com\/nl\/wp-json\/wp\/v2\/pages\/1539\/revisions"}],"predecessor-version":[{"id":4023,"href":"https:\/\/www.camping-gien.com\/nl\/wp-json\/wp\/v2\/pages\/1539\/revisions\/4023"}],"up":[{"embeddable":true,"href":"https:\/\/www.camping-gien.com\/nl\/wp-json\/wp\/v2\/pages\/1508"}],"wp:attachment":[{"href":"https:\/\/www.camping-gien.com\/nl\/wp-json\/wp\/v2\/media?parent=1539"}],"curies":[{"name":"wp","href":"https:\/\/api.w.org\/{rel}","templated":true}]}}