{"id":1492,"date":"2023-03-20T09:23:40","date_gmt":"2023-03-20T08:23:40","guid":{"rendered":"https:\/\/www.camping-gien.com\/zwembad-strand\/"},"modified":"2025-07-28T14:49:45","modified_gmt":"2025-07-28T12:49:45","slug":"zwembad-strand","status":"publish","type":"page","link":"https:\/\/www.camping-gien.com\/nl\/zwembad-strand\/","title":{"rendered":"Zwembad &amp; strand"},"content":{"rendered":"\n<div class=\"wp-container-6a07277f12103 wp-block-group alignfull diaporama-header\"><div class=\"wp-block-group__inner-container\">\n<figure class=\"wp-block-gallery has-nested-images columns-default is-cropped\">\n<figure class=\"wp-block-image size-full\"><img width=\"1599\" height=\"900\" src=\"https:\/\/www.camping-gien.com\/wp-content\/uploads\/2024\/01\/plageee.jpeg\" alt=\"camping met zwembad in de loiret\" class=\"wp-image-2288\" srcset=\"https:\/\/www.camping-gien.com\/wp-content\/uploads\/2024\/01\/plageee.jpeg 1599w, https:\/\/www.camping-gien.com\/wp-content\/uploads\/2024\/01\/plageee-300x169.jpeg 300w, https:\/\/www.camping-gien.com\/wp-content\/uploads\/2024\/01\/plageee-1024x576.jpeg 1024w, https:\/\/www.camping-gien.com\/wp-content\/uploads\/2024\/01\/plageee-768x432.jpeg 768w, https:\/\/www.camping-gien.com\/wp-content\/uploads\/2024\/01\/plageee-1536x864.jpeg 1536w\" sizes=\"(max-width: 1599px) 100vw, 1599px\" \/><\/figure>\n<\/figure>\n\n\n\n<div class=\"wp-container-6a07277f11e21 wp-block-group\"><div class=\"wp-block-group__inner-container\">\n<h1 id=\"camping-gien-dans-le-loiret-bienvenue-au-camping-touristique-de-gien-2\">Camping aan de Loire met zwembad, <strong>bij Gien in de Loiret (45)<\/strong><\/h1>\n<\/div><\/div>\n<\/div><\/div>\n\n\n\n<div class=\"wp-block-media-text alignfull is-stacked-on-mobile is-image-fill G-05 reverse-mob\"><figure class=\"wp-block-media-text__media\" style=\"background-image:url(https:\/\/www.camping-gien.com\/wp-content\/uploads\/2023\/02\/camping-3etoiles-piscine-760x520-1.jpg);background-position:50% 50%\"><img width=\"760\" height=\"520\" src=\"https:\/\/www.camping-gien.com\/wp-content\/uploads\/2023\/02\/camping-3etoiles-piscine-760x520-1.jpg\" alt=\"camping met zwembad in de loiretal\" class=\"wp-image-872 size-full\" srcset=\"https:\/\/www.camping-gien.com\/wp-content\/uploads\/2023\/02\/camping-3etoiles-piscine-760x520-1.jpg 760w, https:\/\/www.camping-gien.com\/wp-content\/uploads\/2023\/02\/camping-3etoiles-piscine-760x520-1-300x205.jpg 300w\" sizes=\"(max-width: 760px) 100vw, 760px\" \/><\/figure><div class=\"wp-block-media-text__content\">\n<h2 id=\"profitez-de-notre-camping-en-bord-de-loire-avec-piscine\">Geniet van onze camping aan de oevers van de Loire met zwembad<\/h2>\n\n\n\n<p>Geniet van een gezinsvakantie op onze camping aan de <strong>Loire met zwembad<\/strong>. Het is een perfecte plek om met uw familie en vrienden te kamperen tijdens uw vakantie in <strong>Centre Val de Loire<\/strong>.<\/p>\n\n\n\n<div class=\"wp-block-group lire-plus-mobile\"><div class=\"wp-block-group__inner-container\">\n<p>Meer lezen<\/p>\n\n\n\n<div class=\"wp-container-6a07277f1249c wp-block-group\"><div class=\"wp-block-group__inner-container\">\n<p>Ons <strong>verwarmd zwembad<\/strong> is vooral het comfort van het Zodiac zwembad, waardoor jong en oud er in alle veiligheid van kunnen genieten. Het kikkerbad is verwarmd, maar niet overdekt. Dankzij <strong>deopklapbare afdekking<\/strong> kunt u het slechte weer trotseren in een <strong>overdekt zwembad<\/strong> terwijl u geniet van het adembenemende uitzicht op de stad en het kasteel van <strong>Gien<\/strong>. Geniet van de geneugten van het water en het nietsdoen aan de waterkant in de Loiret, voor een geslaagde gezinsvakantie.<\/p>\n\n\n\n<p>De <strong>camping in Loiret met zwembad<\/strong> biedt u accommodatie in <a href=\"https:\/\/www.camping-gien.com\/nl\/verhuur\/\" data-type=\"page\" data-id=\"597\">stacaravans<\/a> of ongebruikelijke accommodaties. Er zijn ook wandelroutes, bezoeken aan kastelen en wandelingen langs de Loire.<\/p>\n<\/div><\/div>\n<\/div><\/div>\n\n\n\n<div class=\"wp-block-group encart-information\"><div class=\"wp-block-group__inner-container\">\n<p><strong>Verwarmd zwembad geopend van <strong>half <\/strong>juni tot half september<\/strong>.<\/p>\n<\/div><\/div>\n<\/div><\/div>\n\n\n\n<div class=\"wp-block-columns alignfull G-10\">\n<div class=\"wp-block-column\">\n<h2 id=\"notre-camping-chateau-de-la-loire-avec-piscine\">Onze camping in het Loiredal met zwembad<\/h2>\n\n\n\n<p>Onze <strong>camping met zwembad<\/strong> is het ideale uitgangspunt om de streek en de <a href=\"https:\/\/www.camping-gien.com\/nl\/camping-chateau-de-la-loire\/\" data-type=\"page\" data-id=\"1217\">kastelen van de Loire<\/a> te ontdekken. In de omgeving van de camping vindt u vele idee\u00ebn voor uitstapjes en ontdekkingen. Met familie, vrienden of geliefden, geniet van de vele <a href=\"https:\/\/www.camping-gien.com\/nl\/activiteiten\/\" data-type=\"page\" data-id=\"586\">activiteiten<\/a>: kano\u00ebn of fietsen, kinderspeelplaats, minigolf, tafeltennis, fitnessruimte in de open lucht&#8230; Er is voor elk wat wils. En niet te vergeten de majestueuze <strong>kastelen van de Loire<\/strong> (Chambord, Chenonceaux) of het nabijgelegen Ch\u00e2teau de Sully en het in aanbouw zijnde Kasteel van Gu\u00e9d\u00e9lon.<\/p>\n\n\n\n<p>Onze <strong>3-sterren<\/strong> diensten zijn er om uw <strong>verblijf aangenaam<\/strong> te maken: Wifi, wasserette, sanitair, vriezer, camper service ruimte. Niet te vergeten in de buurt: een bar-restaurant, een kruidenier en levensmiddelenwinkels op minder dan 5 minuten van de camping in Poilly lez Gien.<\/p>\n\n\n\n<div class=\"wp-container-6a07277f12850 wp-block-buttons\">\n<div class=\"wp-block-button is-style-outline\"><a class=\"wp-block-button__link\" href=\"https:\/\/www.camping-gien.com\/nl\/toerisme\/\">Bekijk de omgeving<\/a><\/div>\n<\/div>\n<\/div>\n\n\n\n<div class=\"wp-block-column\">\n<figure class=\"wp-block-gallery has-nested-images columns-2 is-cropped diaporama-mob\">\n<figure class=\"wp-block-image size-full\"><img width=\"760\" height=\"520\" src=\"https:\/\/www.camping-gien.com\/wp-content\/uploads\/2023\/02\/camping-plage-loire-760x520-1.jpg\" alt=\"camping met Zwembad in de Loiretal\" class=\"wp-image-880\" srcset=\"https:\/\/www.camping-gien.com\/wp-content\/uploads\/2023\/02\/camping-plage-loire-760x520-1.jpg 760w, https:\/\/www.camping-gien.com\/wp-content\/uploads\/2023\/02\/camping-plage-loire-760x520-1-300x205.jpg 300w\" sizes=\"(max-width: 760px) 100vw, 760px\" \/><\/figure>\n\n\n\n<figure class=\"wp-block-image size-full\"><img width=\"760\" height=\"520\" src=\"https:\/\/www.camping-gien.com\/wp-content\/uploads\/2023\/02\/camping-loiret-piscine-760x520-1.jpg\" alt=\"camping met Zwembad in de loiretal\" class=\"wp-image-876\" srcset=\"https:\/\/www.camping-gien.com\/wp-content\/uploads\/2023\/02\/camping-loiret-piscine-760x520-1.jpg 760w, https:\/\/www.camping-gien.com\/wp-content\/uploads\/2023\/02\/camping-loiret-piscine-760x520-1-300x205.jpg 300w\" sizes=\"(max-width: 760px) 100vw, 760px\" \/><\/figure>\n<\/figure>\n<\/div>\n<\/div>\n\n\n\n<div class=\"wp-block-cover alignfull is-light deco--vague G-20\"><span aria-hidden=\"true\" class=\"wp-block-cover__gradient-background has-background-dim\"><\/span><img width=\"1920\" height=\"870\" class=\"wp-block-cover__image-background wp-image-602\" alt=\"Camping met Zwembad Loiret\" src=\"https:\/\/www.camping-gien.com\/wp-content\/uploads\/2023\/02\/banniere-plage.jpg\" data-object-fit=\"cover\" srcset=\"https:\/\/www.camping-gien.com\/wp-content\/uploads\/2023\/02\/banniere-plage.jpg 1920w, https:\/\/www.camping-gien.com\/wp-content\/uploads\/2023\/02\/banniere-plage-300x136.jpg 300w, https:\/\/www.camping-gien.com\/wp-content\/uploads\/2023\/02\/banniere-plage-1024x464.jpg 1024w, https:\/\/www.camping-gien.com\/wp-content\/uploads\/2023\/02\/banniere-plage-768x348.jpg 768w, https:\/\/www.camping-gien.com\/wp-content\/uploads\/2023\/02\/banniere-plage-1536x696.jpg 1536w\" sizes=\"(max-width: 1920px) 100vw, 1920px\" \/><div class=\"wp-block-cover__inner-container\">\n<div class=\"wp-block-media-text alignwide has-media-on-the-right is-stacked-on-mobile\"><figure class=\"wp-block-media-text__media\"><img width=\"1024\" height=\"656\" src=\"https:\/\/www.camping-gien.com\/wp-content\/uploads\/2023\/02\/piscine-gien-1024x656.jpg\" alt=\"Camping met Zwembad\" class=\"wp-image-607 size-full\" srcset=\"https:\/\/www.camping-gien.com\/wp-content\/uploads\/2023\/02\/piscine-gien-1024x656.jpg 1024w, https:\/\/www.camping-gien.com\/wp-content\/uploads\/2023\/02\/piscine-gien-300x192.jpg 300w, https:\/\/www.camping-gien.com\/wp-content\/uploads\/2023\/02\/piscine-gien-768x492.jpg 768w, https:\/\/www.camping-gien.com\/wp-content\/uploads\/2023\/02\/piscine-gien.jpg 1097w\" sizes=\"(max-width: 1024px) 100vw, 1024px\" \/><\/figure><div class=\"wp-block-media-text__content\">\n<h2 id=\"activites-aquatiques-1\">Wateractiviteiten vanaf de camping<\/h2>\n\n\n\n<h3 id=\"camping-en-sologne-avec-piscine\">Camping in Sologne met zwembad<\/h3>\n\n\n\n<p>Op onze<strong> camping in de Sologne met een<\/strong> overdekt en verwarmd<strong> zwembad<\/strong> hebben we een <strong>speeltuin<\/strong>, een minigolf, een maxitrampoline en het prachtige terras van het bar-restaurant . Dankzij al deze faciliteiten kunt u met uw gezin of vrienden een aangenaam verblijf doorbrengen op onze camping.<\/p>\n\n\n\n<div class=\"wp-block-group lire-plus-mobile\"><div class=\"wp-block-group__inner-container\">\n<p>Meer lezen<\/p>\n\n\n\n<div class=\"wp-container-6a07277f12c7a wp-block-group\"><div class=\"wp-block-group__inner-container\">\n<h3 id=\"la-plage-du-camping\">Het strand van de kamperen in de Loiret<\/h3>\n\n\n\n<p>Naast het <strong>zwembad van de kamperen Loiret<\/strong> bieden wij een strandgedeelte <strong>aan de oevers van de Loire<\/strong> om van het seizoen te genieten. Geniet van het strand met een prachtig uitzicht op de rivier de Loire en het kasteel van Gien. U kunt ontspannen onder de zon op uw strandlaken of ligstoel met een goed boek. Kinderen kunnen zandkastelen maken of nieuwe vriendjes, terwijl de oudere kinderen een spelletje petanque of strandspelletjes kunnen spelen. In juli en augustus staat de<strong> Beach Club<\/strong> open voor kinderen van 6 tot 16 jaar en biedt hen de mogelijkheid om deel te nemen aan andere strandactiviteiten onder toezicht van gekwalificeerde instructeurs, van maandag tot en met vrijdag van 14.00 tot 17.00 uur. <strong>Beachvolleybalvelden<\/strong> beheerd door de Gien club zijn de hele zomer beschikbaar.<\/p>\n<\/div><\/div>\n<\/div><\/div>\n<\/div><\/div>\n<\/div><\/div>\n","protected":false},"excerpt":{"rendered":"<p>Camping aan de Loire met zwembad, bij Gien in de Loiret (45) Onze camping in het Loiredal met zwembad Onze camping met zwembad is het ideale uitgangspunt om de streek en de kastelen van de Loire te ontdekken. In de omgeving van de camping vindt u vele idee\u00ebn voor uitstapjes en ontdekkingen. Met familie, vrienden [&hellip;]<\/p>\n","protected":false},"author":1,"featured_media":0,"parent":0,"menu_order":0,"comment_status":"closed","ping_status":"closed","template":"","meta":[],"acf":[],"_links":{"self":[{"href":"https:\/\/www.camping-gien.com\/nl\/wp-json\/wp\/v2\/pages\/1492"}],"collection":[{"href":"https:\/\/www.camping-gien.com\/nl\/wp-json\/wp\/v2\/pages"}],"about":[{"href":"https:\/\/www.camping-gien.com\/nl\/wp-json\/wp\/v2\/types\/page"}],"author":[{"embeddable":true,"href":"https:\/\/www.camping-gien.com\/nl\/wp-json\/wp\/v2\/users\/1"}],"replies":[{"embeddable":true,"href":"https:\/\/www.camping-gien.com\/nl\/wp-json\/wp\/v2\/comments?post=1492"}],"version-history":[{"count":6,"href":"https:\/\/www.camping-gien.com\/nl\/wp-json\/wp\/v2\/pages\/1492\/revisions"}],"predecessor-version":[{"id":3728,"href":"https:\/\/www.camping-gien.com\/nl\/wp-json\/wp\/v2\/pages\/1492\/revisions\/3728"}],"wp:attachment":[{"href":"https:\/\/www.camping-gien.com\/nl\/wp-json\/wp\/v2\/media?parent=1492"}],"curies":[{"name":"wp","href":"https:\/\/api.w.org\/{rel}","templated":true}]}}