{"id":1482,"date":"2023-03-17T17:40:32","date_gmt":"2023-03-17T16:40:32","guid":{"rendered":"https:\/\/www.camping-gien.com\/verhuur\/"},"modified":"2025-05-22T11:58:06","modified_gmt":"2025-05-22T09:58:06","slug":"verhuur","status":"publish","type":"page","link":"https:\/\/www.camping-gien.com\/nl\/verhuur\/","title":{"rendered":"Stacaravan"},"content":{"rendered":"\n<div class=\"wp-container-69fa1b9270d75 wp-block-group alignfull diaporama-header\"><div class=\"wp-block-group__inner-container\">\n<figure class=\"wp-block-gallery has-nested-images columns-default is-cropped\">\n<figure class=\"wp-block-image size-full\"><img width=\"1680\" height=\"470\" src=\"https:\/\/www.camping-gien.com\/wp-content\/uploads\/2023\/02\/0y3a9737.jpg\" alt=\"Stacaravan Loiret\" class=\"wp-image-981\" srcset=\"https:\/\/www.camping-gien.com\/wp-content\/uploads\/2023\/02\/0y3a9737.jpg 1680w, https:\/\/www.camping-gien.com\/wp-content\/uploads\/2023\/02\/0y3a9737-300x84.jpg 300w, https:\/\/www.camping-gien.com\/wp-content\/uploads\/2023\/02\/0y3a9737-1024x286.jpg 1024w, https:\/\/www.camping-gien.com\/wp-content\/uploads\/2023\/02\/0y3a9737-768x215.jpg 768w, https:\/\/www.camping-gien.com\/wp-content\/uploads\/2023\/02\/0y3a9737-1536x430.jpg 1536w\" sizes=\"(max-width: 1680px) 100vw, 1680px\" \/><\/figure>\n<\/figure>\n\n\n\n<div class=\"wp-container-69fa1b9270a66 wp-block-group\"><div class=\"wp-block-group__inner-container\">\n<h1 id=\"camping-gien-dans-le-loiret-bienvenue-au-camping-touristique-de-gien-2\">Verblijf in Gien, <strong>stacaravan en ongewone accommodatie in de Loiret<\/strong><\/h1>\n<\/div><\/div>\n<\/div><\/div>\n\n\n\n<div class=\"wp-block-media-text alignfull is-stacked-on-mobile is-image-fill G-05 reverse-mob\"><figure class=\"wp-block-media-text__media\" style=\"background-image:url(https:\/\/www.camping-gien.com\/wp-content\/uploads\/2023\/02\/ohara-premium-760x520-1.jpg);background-position:50% 50%\"><img width=\"760\" height=\"520\" src=\"https:\/\/www.camping-gien.com\/wp-content\/uploads\/2023\/02\/ohara-premium-760x520-1.jpg\" alt=\"Stacaravan in de Loiret\" class=\"wp-image-985 size-full\" srcset=\"https:\/\/www.camping-gien.com\/wp-content\/uploads\/2023\/02\/ohara-premium-760x520-1.jpg 760w, https:\/\/www.camping-gien.com\/wp-content\/uploads\/2023\/02\/ohara-premium-760x520-1-300x205.jpg 300w\" sizes=\"(max-width: 760px) 100vw, 760px\" \/><\/figure><div class=\"wp-block-media-text__content\">\n<h2 id=\"location-en-mobil-home-dans-le-loiret-pres-des-chateaux-de-la-loire\">Verhuur van stacaravans in de Loiret, vlakbij de kastelen van de Loire<\/h2>\n\n\n\n<p>Wij bieden een breed scala van <strong>verhuur van stacaravans in de Loiret<\/strong>, van 2 tot 6 personen, voor een <strong>comfortabel verblijf<\/strong> met een ingerichte kitchenette, een badkamer met apart toilet, TV en terras met tuinmeubilair.<\/p>\n\n\n\n<div class=\"wp-block-group lire-plus-mobile\"><div class=\"wp-block-group__inner-container\">\n<p>Meer lezen<\/p>\n\n\n\n<div class=\"wp-container-69fa1b9271118 wp-block-group\"><div class=\"wp-block-group__inner-container\">\n<p>Ideaal voor een verblijf met familie of vrienden, op onze <strong>3 sterren camping in de Loiret<\/strong>. Wij bieden internettoegang, wasfaciliteiten, vriezer, sanitair en vele winkels in de buurt.<\/p>\n\n\n\n<p>U kunt op de <strong>camping in Gien<\/strong> ook genieten van vele activiteiten in de <strong>45<\/strong>, met ons <a href=\"https:\/\/www.camping-gien.com\/nl\/zwembad-strand\/\" data-type=\"page\">verwarmd zwembad<\/a> met opklapbaar zeil, minigolf, skelter, tafeltennis en fitnessruimte. Een verblijf in Gien is een ideale manier om de <a href=\"https:\/\/www.camping-gien.com\/nl\/camping-chateau-de-la-loire\/\" data-type=\"page\" data-id=\"1217\">kastelen van het Loiredal<\/a> te ontdekken.<\/p>\n<\/div><\/div>\n<\/div><\/div>\n\n\n\n<div class=\"wp-container-69fa1b9271470 wp-block-buttons\">\n<div class=\"wp-block-button\"><a class=\"wp-block-button__link\" href=\"https:\/\/bookingpremium.secureholiday.net\/FR\/3094\/giftVoucher?_ga=2.68945049.966367616.1676457801-1360952925.1672734266\" target=\"_blank\" rel=\"noreferrer noopener\">Cadeaubon<\/a><\/div>\n\n\n\n<div class=\"wp-block-button btn_resa\"><a class=\"wp-block-button__link\"><i class=\"fal fa-search\"><\/i>  Boek nu!<\/a><\/div>\n<\/div>\n<\/div><\/div>\n\n\n\n<div class=\"wp-block-cover alignfull is-light G-10\"><span aria-hidden=\"true\" class=\"wp-block-cover__gradient-background has-background-dim\"><\/span><img width=\"1918\" height=\"798\" class=\"wp-block-cover__image-background wp-image-727\" alt=\"\" src=\"https:\/\/www.camping-gien.com\/wp-content\/uploads\/2023\/02\/camping-nature-loire-1.png\" data-object-fit=\"cover\" srcset=\"https:\/\/www.camping-gien.com\/wp-content\/uploads\/2023\/02\/camping-nature-loire-1.png 1918w, https:\/\/www.camping-gien.com\/wp-content\/uploads\/2023\/02\/camping-nature-loire-1-300x125.png 300w, https:\/\/www.camping-gien.com\/wp-content\/uploads\/2023\/02\/camping-nature-loire-1-1024x426.png 1024w, https:\/\/www.camping-gien.com\/wp-content\/uploads\/2023\/02\/camping-nature-loire-1-768x320.png 768w, https:\/\/www.camping-gien.com\/wp-content\/uploads\/2023\/02\/camping-nature-loire-1-1536x639.png 1536w\" sizes=\"(max-width: 1918px) 100vw, 1918px\" \/><div class=\"wp-block-cover__inner-container\">\n<div class=\"wp-block-columns\">\n<div class=\"wp-block-column\">\n<h2 id=\"location-de-vacances-a-gien-en-mobil-home-et-logement-insolite\">Vakantieverblijf in Gien in een stacaravan en ongewone accommodatie<\/h2>\n\n\n\n<p>Voor uw <strong>comfort verhuren wij<\/strong> 23 <strong>stacaravans<\/strong>, 6 caravans en 7 Canadese tenten op onze <strong>camping aan de Loiret<\/strong>.<\/p>\n\n\n\n<p>Verblijf in onze ongewone accommodatie in de <strong>Loiret<\/strong> voor een verblijf of een romantisch weekend. De accommodatie is rookvrij. Wifi is beschikbaar.<\/p>\n\n\n\n<ul class=\"pictos scroll-mob\"><li><i class=\"fal fa-dog\"><\/i>  Huisdieren <strong>toegestaan<\/strong><\/li><li><i class=\"fal fa-user-group\"><\/i> <strong>Geaccepteerde<\/strong> groepen<\/li><li><i class=\"fal fa-house\"><\/i>  <strong>Stacaravans<\/strong> (1 tot 3 slaapkamers) voor maximaal 6 personen<\/li><li><i class=\"fal fa-house-heart\"><\/i>  Roulottes (met keuken) voor maximaal 4 personen<\/li><\/ul>\n<\/div>\n\n\n\n<div class=\"wp-block-column\">\n<figure class=\"wp-block-gallery has-nested-images columns-2 is-cropped diaporama-mob\">\n<figure class=\"wp-block-image size-full\"><img width=\"760\" height=\"520\" src=\"https:\/\/www.camping-gien.com\/wp-content\/uploads\/2023\/02\/trigano-1ch-760x520-2.jpg\" alt=\"Stacaravan in de Loiret \" class=\"wp-image-993\" srcset=\"https:\/\/www.camping-gien.com\/wp-content\/uploads\/2023\/02\/trigano-1ch-760x520-2.jpg 760w, https:\/\/www.camping-gien.com\/wp-content\/uploads\/2023\/02\/trigano-1ch-760x520-2-300x205.jpg 300w\" sizes=\"(max-width: 760px) 100vw, 760px\" \/><\/figure>\n\n\n\n<figure class=\"wp-block-image size-full\"><img width=\"760\" height=\"520\" src=\"https:\/\/www.camping-gien.com\/wp-content\/uploads\/2023\/02\/location-hebergement-insolite-760x520-1.jpg\" alt=\"stacaravans in de Loiretal\" class=\"wp-image-997\" srcset=\"https:\/\/www.camping-gien.com\/wp-content\/uploads\/2023\/02\/location-hebergement-insolite-760x520-1.jpg 760w, https:\/\/www.camping-gien.com\/wp-content\/uploads\/2023\/02\/location-hebergement-insolite-760x520-1-300x205.jpg 300w\" sizes=\"(max-width: 760px) 100vw, 760px\" \/><\/figure>\n<\/figure>\n<\/div>\n<\/div>\n<\/div><\/div>\n\n\n\n<div class=\"wp-block-media-text alignfull is-stacked-on-mobile is-image-fill G-15 reverse-mob\"><figure class=\"wp-block-media-text__media\" style=\"background-image:url(https:\/\/www.camping-gien.com\/wp-content\/uploads\/2023\/02\/emplacement-camping-3etoiles-1024x668.jpg);background-position:50% 50%\"><img width=\"1024\" height=\"668\" src=\"https:\/\/www.camping-gien.com\/wp-content\/uploads\/2023\/02\/emplacement-camping-3etoiles-1024x668.jpg\" alt=\"stacaravans de Loiretal\" class=\"wp-image-575 size-full\" srcset=\"https:\/\/www.camping-gien.com\/wp-content\/uploads\/2023\/02\/emplacement-camping-3etoiles-1024x668.jpg 1024w, https:\/\/www.camping-gien.com\/wp-content\/uploads\/2023\/02\/emplacement-camping-3etoiles-300x196.jpg 300w, https:\/\/www.camping-gien.com\/wp-content\/uploads\/2023\/02\/emplacement-camping-3etoiles-768x501.jpg 768w, https:\/\/www.camping-gien.com\/wp-content\/uploads\/2023\/02\/emplacement-camping-3etoiles.jpg 1381w\" sizes=\"(max-width: 1024px) 100vw, 1024px\" \/><\/figure><div class=\"wp-block-media-text__content\">\n<h2 id=\"camping-gien-dans-le-loiret-bienvenue-au-camping-touristique-de-gien-1\">Ongewone accommodatie Loiret : caravans, tent Canada,<\/h2>\n\n\n\n<p>Ontdek onze ongewone <strong>accommodatie in de Loiret<\/strong>, voor een origineel verblijf aan de <strong>oevers van de Loire<\/strong>, met familie of vrienden. Kies de accommodatie die bij u past en geniet van uw <strong>vakantie aan de oevers van de Loire<\/strong>!<\/p>\n\n\n\n<h3 id=\"hebergement-insolite-a-gien-dans-le-loiret-dans-notre-camping-en-bord-de-loire\">Ongewone accommodatie in Gien in de Loiret, op onze camping aan de oevers van de Loire<\/h3>\n\n\n\n<p>Op zoek naar een ongewoon <strong>verblijf in de Loiret<\/strong> ? Roulotte of Canadese tent, een verandering van omgeving is gegarandeerd! Wij bieden een breed scala van ongewone accommodatie, ideaal voor een comfortabel verblijf met familie of vrienden in het <strong>Centre Val de Loire<\/strong>.<\/p>\n\n\n\n<div class=\"wp-block-group lire-plus-pc\"><div class=\"wp-block-group__inner-container\">\n<p>Meer lezen<\/p>\n\n\n\n<div class=\"wp-container-69fa1b92719cc wp-block-group\"><div class=\"wp-block-group__inner-container\">\n<p>Wij bieden <strong>woonwagenaccommodatie<\/strong> voor 4 personen, in een woonwagen van 18 m\u00b2 vanaf 85\u20ac. Ideaal voor een ongewoon verblijf, om de <strong>kastelen van de Loire-vallei<\/strong> te ontdekken.<\/p>\n\n\n\n<p>Wij bieden ook Canadese tenten, van 2 tot 5 personen, vanaf 35\u20ac, voor een verblijf dat eenvoud en comfort combineert, in de <strong>Loiret<\/strong>. De tent bestaat uit een slaapkamer, een overdekt terras en slaapgelegenheid.<\/p>\n\n\n\n<p>Profiteer van onze <strong>Canadese tent op palen<\/strong>, voor een rustig en comfortabel verblijf aan de oevers van de Loire. Als u een grote familie bent, kunt u verblijven in onze 6-persoons &#8220;Nest&#8221; tent, op twee verdiepingen met een volledig uitgeruste keuken, <strong>eigen badkamer<\/strong> en open terras.<\/p>\n<\/div><\/div>\n<\/div><\/div>\n<\/div><\/div>\n\n\n\n<div class=\"wp-block-columns alignfull are-vertically-aligned-center G-25\">\n<div class=\"wp-block-column is-vertically-aligned-center\">\n<h2 id=\"a-la-decouverte-des-chateaux-de-la-loire-dans-notre-camping-bord-de-loire-1\">Ontdek de kastelen van de Loire-vallei op onze camping aan de oevers van de Loire<\/h2>\n\n\n\n<p>Verblijf in het toeristische Gien, onze camping aan de oevers van de Loire, in de <a href=\"https:\/\/www.camping-gien.com\/nl\/bezoek-van-loiret\/\" data-type=\"page\">Loiret<\/a>. Ontdek het Centre Val de Loire en zijn schatten. Bezoek het <strong>kasteel van Gien <\/strong>tegenover de camping.<\/p>\n\n\n\n<p>In de omgeving van onze <a href=\"https:\/\/www.camping-gien.com\/nl\/\" data-type=\"URL\" data-id=\"https:\/\/www.camping-gien.com\/nl\/\">3-sterren kamperen in Gien<\/a> liggen vele kastelen die een bezoek meer dan waard zijn: Ch\u00e2teau de St Brisson, Ch\u00e2teau de Pont Chevron, Ch\u00e2teau Sully.<\/p>\n\n\n\n<p>Naast de <strong>kastelen van de Loire<\/strong> biedt de streek vele wandelingen en activiteiten om met het gezin te doen: Rogny les sept \u00e9cluses, Briare, Sancerre enz.<\/p>\n\n\n\n<div class=\"wp-container-69fa1b9271d7d wp-block-buttons\">\n<div class=\"wp-block-button is-style-fill\"><a class=\"wp-block-button__link\" href=\"https:\/\/www.camping-gien.com\/nl\/toerisme\/\">Bekijk de omgeving<\/a><\/div>\n<\/div>\n<\/div>\n\n\n\n<div class=\"wp-block-column is-vertically-aligned-center\">\n<figure class=\"wp-block-gallery has-nested-images columns-default is-cropped diaporama--3\">\n<figure class=\"wp-block-image size-full\"><img width=\"760\" height=\"520\" src=\"https:\/\/www.camping-gien.com\/wp-content\/uploads\/2023\/02\/tente-le-nid-760x520-1.jpg\" alt=\"stacaravans in de kamperen Loiretal \" class=\"wp-image-1015\" srcset=\"https:\/\/www.camping-gien.com\/wp-content\/uploads\/2023\/02\/tente-le-nid-760x520-1.jpg 760w, https:\/\/www.camping-gien.com\/wp-content\/uploads\/2023\/02\/tente-le-nid-760x520-1-300x205.jpg 300w\" sizes=\"(max-width: 760px) 100vw, 760px\" \/><\/figure>\n\n\n\n<figure class=\"wp-block-image size-full\"><img width=\"760\" height=\"520\" src=\"https:\/\/www.camping-gien.com\/wp-content\/uploads\/2023\/02\/trigano-2-ch-760x520-1.jpg\" alt=\"stacaravans in de camping Loiretal \" class=\"wp-image-1019\" srcset=\"https:\/\/www.camping-gien.com\/wp-content\/uploads\/2023\/02\/trigano-2-ch-760x520-1.jpg 760w, https:\/\/www.camping-gien.com\/wp-content\/uploads\/2023\/02\/trigano-2-ch-760x520-1-300x205.jpg 300w\" sizes=\"(max-width: 760px) 100vw, 760px\" \/><\/figure>\n\n\n\n<figure class=\"wp-block-image size-full\"><img width=\"760\" height=\"520\" src=\"https:\/\/www.camping-gien.com\/wp-content\/uploads\/2023\/02\/trigano-3-ch-760x520-1.jpg\" alt=\"stacaravan in de kamperen Loiretal \" class=\"wp-image-1027\" srcset=\"https:\/\/www.camping-gien.com\/wp-content\/uploads\/2023\/02\/trigano-3-ch-760x520-1.jpg 760w, https:\/\/www.camping-gien.com\/wp-content\/uploads\/2023\/02\/trigano-3-ch-760x520-1-300x205.jpg 300w\" sizes=\"(max-width: 760px) 100vw, 760px\" \/><\/figure>\n\n\n\n<figure class=\"wp-block-image size-full\"><img width=\"640\" height=\"480\" src=\"https:\/\/www.camping-gien.com\/wp-content\/uploads\/2023\/02\/location-bungalow-toile.jpg\" alt=\"Stacaravan in de kamperen Loire\" class=\"wp-image-1007\" srcset=\"https:\/\/www.camping-gien.com\/wp-content\/uploads\/2023\/02\/location-bungalow-toile.jpg 640w, https:\/\/www.camping-gien.com\/wp-content\/uploads\/2023\/02\/location-bungalow-toile-300x225.jpg 300w\" sizes=\"(max-width: 640px) 100vw, 640px\" \/><\/figure>\n\n\n\n<figure class=\"wp-block-image size-full\"><img width=\"640\" height=\"397\" src=\"https:\/\/www.camping-gien.com\/wp-content\/uploads\/2023\/02\/mobilhome-trigano-2chambres.jpg\" alt=\"stacaravan in de kamperen Loire\" class=\"wp-image-1023\" srcset=\"https:\/\/www.camping-gien.com\/wp-content\/uploads\/2023\/02\/mobilhome-trigano-2chambres.jpg 640w, https:\/\/www.camping-gien.com\/wp-content\/uploads\/2023\/02\/mobilhome-trigano-2chambres-300x186.jpg 300w\" sizes=\"(max-width: 640px) 100vw, 640px\" \/><\/figure>\n\n\n\n<figure class=\"wp-block-image size-full\"><img width=\"760\" height=\"520\" src=\"https:\/\/www.camping-gien.com\/wp-content\/uploads\/2023\/02\/location-roulotte-760x520-1.jpg\" alt=\"stacaravan in de camping Loiretal \" class=\"wp-image-1031\" srcset=\"https:\/\/www.camping-gien.com\/wp-content\/uploads\/2023\/02\/location-roulotte-760x520-1.jpg 760w, https:\/\/www.camping-gien.com\/wp-content\/uploads\/2023\/02\/location-roulotte-760x520-1-300x205.jpg 300w\" sizes=\"(max-width: 760px) 100vw, 760px\" \/><\/figure>\n<\/figure>\n\n\n\n<p><i class=\"fal fa-images\"><\/i> <a href=\"https:\/\/www.camping-gien.com\/nl\/fotogalerij\/\" data-type=\"page\" data-id=\"592\">Foto galerij<\/a><\/p>\n<\/div>\n<\/div>\n","protected":false},"excerpt":{"rendered":"<p>Verblijf in Gien, stacaravan en ongewone accommodatie in de Loiret Ontdek de kastelen van de Loire-vallei op onze camping aan de oevers van de Loire Verblijf in het toeristische Gien, onze camping aan de oevers van de Loire, in de Loiret. Ontdek het Centre Val de Loire en zijn schatten. Bezoek het kasteel van Gien [&hellip;]<\/p>\n","protected":false},"author":1,"featured_media":1004,"parent":0,"menu_order":0,"comment_status":"closed","ping_status":"closed","template":"","meta":[],"acf":[],"_links":{"self":[{"href":"https:\/\/www.camping-gien.com\/nl\/wp-json\/wp\/v2\/pages\/1482"}],"collection":[{"href":"https:\/\/www.camping-gien.com\/nl\/wp-json\/wp\/v2\/pages"}],"about":[{"href":"https:\/\/www.camping-gien.com\/nl\/wp-json\/wp\/v2\/types\/page"}],"author":[{"embeddable":true,"href":"https:\/\/www.camping-gien.com\/nl\/wp-json\/wp\/v2\/users\/1"}],"replies":[{"embeddable":true,"href":"https:\/\/www.camping-gien.com\/nl\/wp-json\/wp\/v2\/comments?post=1482"}],"version-history":[{"count":6,"href":"https:\/\/www.camping-gien.com\/nl\/wp-json\/wp\/v2\/pages\/1482\/revisions"}],"predecessor-version":[{"id":3620,"href":"https:\/\/www.camping-gien.com\/nl\/wp-json\/wp\/v2\/pages\/1482\/revisions\/3620"}],"wp:featuredmedia":[{"embeddable":true,"href":"https:\/\/www.camping-gien.com\/nl\/wp-json\/wp\/v2\/media\/1004"}],"wp:attachment":[{"href":"https:\/\/www.camping-gien.com\/nl\/wp-json\/wp\/v2\/media?parent=1482"}],"curies":[{"name":"wp","href":"https:\/\/api.w.org\/{rel}","templated":true}]}}