{"id":1432,"date":"2023-03-17T17:34:36","date_gmt":"2023-03-17T16:34:36","guid":{"rendered":"https:\/\/www.camping-gien.com\/camping-loiret-ontdekt-onze-regio\/"},"modified":"2024-02-01T15:49:46","modified_gmt":"2024-02-01T14:49:46","slug":"camping-loiret-ontdekt-onze-regio","status":"publish","type":"page","link":"https:\/\/www.camping-gien.com\/nl\/camping-loiret-ontdekt-onze-regio\/","title":{"rendered":"Camping Loiret, ontdek onze regio"},"content":{"rendered":"\n<div class=\"wp-container-69f48e11c4cb7 wp-block-group alignfull diaporama-header\"><div class=\"wp-block-group__inner-container\">\n<figure class=\"wp-block-gallery has-nested-images columns-default is-cropped\">\n<figure class=\"wp-block-image size-full\"><img width=\"1600\" height=\"720\" src=\"https:\/\/www.camping-gien.com\/wp-content\/uploads\/2024\/01\/gien-nautisme-e1706718600840.webp\" alt=\"\" class=\"wp-image-2158\" srcset=\"https:\/\/www.camping-gien.com\/wp-content\/uploads\/2024\/01\/gien-nautisme-e1706718600840.webp 1600w, https:\/\/www.camping-gien.com\/wp-content\/uploads\/2024\/01\/gien-nautisme-e1706718600840-300x135.webp 300w, https:\/\/www.camping-gien.com\/wp-content\/uploads\/2024\/01\/gien-nautisme-e1706718600840-1024x461.webp 1024w, https:\/\/www.camping-gien.com\/wp-content\/uploads\/2024\/01\/gien-nautisme-e1706718600840-768x346.webp 768w, https:\/\/www.camping-gien.com\/wp-content\/uploads\/2024\/01\/gien-nautisme-e1706718600840-1536x691.webp 1536w\" sizes=\"(max-width: 1600px) 100vw, 1600px\" \/><\/figure>\n<\/figure>\n\n\n\n<div class=\"wp-container-69f48e11c487a wp-block-group\"><div class=\"wp-block-group__inner-container\">\n<h1 id=\"camping-gien-dans-le-loiret-bienvenue-au-camping-touristique-de-gien-2\">Camping Loiret, ontdek onze regio<\/h1>\n<\/div><\/div>\n<\/div><\/div>\n\n\n\n<h2 id=\"sejournez-en-camping-en-loiret\">Kamperen in de Loiret<\/h2>\n\n\n\n<h3 id=\"location-de-mobil-home-dans-notre-camping-loiret\">Verhuur van stacaravans op onze camping in Loiret<\/h3>\n\n\n\n<p>Het is belangrijk om in de eerste plaats over accommodatie te praten voordat u begint met het bezoeken van de verschillende aantrekkelijke plaatsen in de regio Centre. Als u ten volle van uw vakantie in de Loiret wilt genieten, kunt u beter gaan kamperen. De Loiret heeft verschillende campings, maar de meest geschikte voor uw verblijf is de toeristische camping in Gien. In plaats van naar een hotel te gaan, brengt u uw verblijf in de open lucht door op een puur historische plek op onze <strong>camping in de Loiret<\/strong>.<\/p>\n\n\n\n<p>Kamperen in de Loiret bij Gien is een gelegenheid om onvergetelijke momenten door te brengen met het gezin, met de kinderen, aan de oevers van de Loire. Nu is het aan u om uw vakantie te boeken in deze prachtige regio op een camping aan zee! Ontdek de <a href=\"https:\/\/www.camping-gien.com\/nl\/\" data-type=\"page\" data-id=\"5\">toeristische camping Gien<\/a> in Poilly-lez-Gien bij Gien en slaap in een stacaravan met houten terras of een comfortabele caravan met kwaliteitsdiensten, vlakbij de Loire. Wij bieden ook kampeerplaatsen voor caravans, tenten en campers tegen de beste prijzen.<\/p>\n\n\n\n<h3 id=\"camping-loiret-avec-piscine\">Camping Loiret met zwembad<\/h3>\n\n\n\n<p>Vakantiegangers kunnen genieten van ons waterpark met zwembad, talrijke activiteiten met een speeltuin voor kinderen en volwassenen en onze daganimatie op onze 3-sterren camping. Vanaf onze camping kunt u ook een dagtocht per kano op de Loire maken. Onze camping met zwembad ligt tegenover het kasteel van Gien, in de regio Centre Val de Loire. Vanaf de camping zijn er veel activiteiten en ontdekkingen te doen.<\/p>\n\n\n\n<h2 id=\"faire-du-tourisme-dans-le-loiret-proche-de-notre-camping\">Toerisme in de Loiret in de buurt van onze camping<\/h2>\n\n\n\n<p>Tijdens uw verblijf op een camping in de <a href=\"https:\/\/www.camping-gien.com\/visitez-le-loiret\/\" data-type=\"page\" data-id=\"1168\">Loiret<\/a>, vlakbij Gien, aan de oevers van de Loire, vindt u vele landschappen en activiteiten om aangename momenten met uw gezin door te brengen. Een overzicht van de troeven van de streek Giennois rond onze camping in de buurt van de stad Gien en zijn kasteel aan de oevers van de Loire.<\/p>\n\n\n\n<h3 id=\"profiter-de-la-loire-a-velo\">Geniet van de Loire per fiets<\/h3>\n\n\n\n<p>Het Giennois landschap, met zijn aparte fietspaden en talrijke landschappen, is een genot voor vakantiegangers die op zoek zijn naar fietsexpedities in de natuur. De fietspaden rond de oevers van de Loire zijn overdag gemakkelijk te gebruiken voor gezinnen en beginnende fietsers en zijn veilig en bewegwijzerd. De <a href=\"https:\/\/www.loireavelo.fr\/\" target=\"_blank\" rel=\"noreferrer noopener\">Loire \u00e0 V\u00e9lo<\/a> loopt door Gien en biedt toegang tot vele toeristische plekken in de buurt van de camping: Ch\u00e2teau de Sully sur Loire, Ch\u00e2teau de Gien, Sancerre enz.<\/p>\n\n\n\n<h4 id=\"passer-son-chemin-dans-le-loiret-a-velo\">Fietsen door de Loiret<\/h4>\n\n\n\n<ul><li>Fietsroute van Gien naar Saint Brisson-sur-Loire (8 km, 25 minuten)<\/li><\/ul>\n\n\n\n<p>Ontdek het centrum van Gien, volg de oevers van de Loire richting Saint-Brisson-sur-Loire en zijn middeleeuwse kasteel. Maak van de gelegenheid gebruik om het kasteel te bezoeken, met zijn 25 ingerichte kamers, zijn speurtocht en zijn vele spelletjes.<\/p>\n\n\n\n<ul><li>Fietstocht van Gien naar Ch\u00e2tillon-sur-Loire (18 km, 1 uur)<\/li><\/ul>\n\n\n\n<p>Rij van Gien naar Ch\u00e2tillon-sur-Loire. Daar vindt u de Mantelon-sluis, een oude bootdoorgang v\u00f3\u00f3r de bouw van de Briare-kanaalbrug.<\/p>\n\n\n\n<h3 id=\"ou-se-baigner-dans-le-loiret-autour-de-gien\">Waar zwemmen in de Loiret, rond Gien?<\/h3>\n\n\n\n<h4 id=\"decouvrez-l-etang-du-puits-nombreuses-activites-nautiques\">Ontdek de vijver van de put, vele nautische activiteiten<\/h4>\n\n\n\n<p>Het Etang du Puits in Cerdon (26 km van de camping in Gien en de Loire) ligt in een beschermd natuurgebied en is een meer van 180 hectare dat in 1864 werd gegraven. De grootste vijver van Sologne is nu een toeristische attractie in de regio, populair voor verkoeling in de zomer of voor watersporten.<\/p>\n\n\n\n<p>Zeilen, waterfietsen, waterski\u00ebn, vissen, zwemmen, er is geen gebrek aan wateractiviteiten voor het hele gezin in het Etang du Puits. Als u een duik wilt nemen, is het zwemgedeelte in juli en augustus bewaakt. Ter afwisseling van de wateractiviteiten zijn er ook een petanquebaan, een volleybalnet en een speeltuin.<\/p>\n\n\n\n<p>De camping Gien ligt in het hart van het departement Loiret en is dus een uitstekende troef voor u. Als dit uw eerste bezoek aan de regio is, biedt de camping een brochure aan waarmee u onder begeleiding van gidsen de verschillende wonderen van het departement kunt ontdekken. U zult niet alleen genieten van het adembenemende groen rondom de accommodatie, maar ook van de ontspannende rust van de omgeving na uw dagelijkse bezoeken.<\/p>\n","protected":false},"excerpt":{"rendered":"<p>Camping Loiret, ontdek onze regio Kamperen in de Loiret Verhuur van stacaravans op onze camping in Loiret Het is belangrijk om in de eerste plaats over accommodatie te praten voordat u begint met het bezoeken van de verschillende aantrekkelijke plaatsen in de regio Centre. Als u ten volle van uw vakantie in de Loiret wilt [&hellip;]<\/p>\n","protected":false},"author":1,"featured_media":0,"parent":0,"menu_order":0,"comment_status":"closed","ping_status":"closed","template":"","meta":[],"acf":[],"_links":{"self":[{"href":"https:\/\/www.camping-gien.com\/nl\/wp-json\/wp\/v2\/pages\/1432"}],"collection":[{"href":"https:\/\/www.camping-gien.com\/nl\/wp-json\/wp\/v2\/pages"}],"about":[{"href":"https:\/\/www.camping-gien.com\/nl\/wp-json\/wp\/v2\/types\/page"}],"author":[{"embeddable":true,"href":"https:\/\/www.camping-gien.com\/nl\/wp-json\/wp\/v2\/users\/1"}],"replies":[{"embeddable":true,"href":"https:\/\/www.camping-gien.com\/nl\/wp-json\/wp\/v2\/comments?post=1432"}],"version-history":[{"count":2,"href":"https:\/\/www.camping-gien.com\/nl\/wp-json\/wp\/v2\/pages\/1432\/revisions"}],"predecessor-version":[{"id":2409,"href":"https:\/\/www.camping-gien.com\/nl\/wp-json\/wp\/v2\/pages\/1432\/revisions\/2409"}],"wp:attachment":[{"href":"https:\/\/www.camping-gien.com\/nl\/wp-json\/wp\/v2\/media?parent=1432"}],"curies":[{"name":"wp","href":"https:\/\/api.w.org\/{rel}","templated":true}]}}