{"id":1631,"date":"2023-03-20T10:11:04","date_gmt":"2023-03-20T09:11:04","guid":{"rendered":"https:\/\/www.camping-gien.com\/tourism\/visit-of-sancerre\/"},"modified":"2024-02-01T17:09:27","modified_gmt":"2024-02-01T16:09:27","slug":"visit-of-sancerre","status":"publish","type":"page","link":"https:\/\/www.camping-gien.com\/en\/tourism\/visit-of-sancerre\/","title":{"rendered":"Visit of Sancerre"},"content":{"rendered":"\n<div class=\"wp-container-6a0369c96bfc3 wp-block-group alignfull diaporama-header\"><div class=\"wp-block-group__inner-container\">\n<figure class=\"wp-block-gallery has-nested-images columns-default is-cropped\">\n<figure class=\"wp-block-image size-full\"><img width=\"1920\" height=\"780\" src=\"https:\/\/www.camping-gien.com\/wp-content\/uploads\/2023\/02\/banniere-accueil.png\" alt=\"\" class=\"wp-image-540\" srcset=\"https:\/\/www.camping-gien.com\/wp-content\/uploads\/2023\/02\/banniere-accueil.png 1920w, https:\/\/www.camping-gien.com\/wp-content\/uploads\/2023\/02\/banniere-accueil-300x122.png 300w, https:\/\/www.camping-gien.com\/wp-content\/uploads\/2023\/02\/banniere-accueil-1024x416.png 1024w, https:\/\/www.camping-gien.com\/wp-content\/uploads\/2023\/02\/banniere-accueil-768x312.png 768w, https:\/\/www.camping-gien.com\/wp-content\/uploads\/2023\/02\/banniere-accueil-1536x624.png 1536w\" sizes=\"(max-width: 1920px) 100vw, 1920px\" \/><\/figure>\n<\/figure>\n\n\n\n<div class=\"wp-container-6a0369c96bd19 wp-block-group\"><div class=\"wp-block-group__inner-container\">\n<h1 id=\"camping-gien-dans-le-loiret-bienvenue-au-camping-touristique-de-gien-2\">Sancerre<\/h1>\n<\/div><\/div>\n<\/div><\/div>\n\n\n\n<h2 id=\"camping-sancerre-decouvrir-la-cite-medievale\">Camping Sancerre, discover the medieval city<\/h2>\n\n\n\n<p>Our <strong>campsite Sancerre located in the Loiret region<\/strong> will allow you to visit the beautiful medieval city which will make the happiness of the vacationers who stop there.<\/p>\n\n\n\n<p>The medieval city is located on a hill on the edge of the Loire River with an exceptional panorama.<br>The town gave its name to the world famous Sancerre wine.<br>Several events <strong>around the wine and the crottin de Chavignol <\/strong>take place in Sancerre<br>Enjoy cultural activities all year long.<\/p>\n\n\n\n<h2 id=\"sancerre-village-prefere-des-francais-en-2021\">Sancerre, favorite village of the French in 2021<\/h2>\n\n\n\n<p>Sancerre was elected in 2021 the favorite village of the French in the famous show of St\u00e9phane Bern.<\/p>\n\n\n\n<p>The famous village is known for its AOC vineyard and its AOC Chavignol goat cheese. Located at 45 km from Bourges and 2h00 from Paris&#8230; this village located at an altitude of 312 m will enchant you. Stay at our <a href=\"https:\/\/www.camping-gien.com\/en\/\" data-type=\"page\" data-id=\"5\">tourist campground in Gien<\/a> and go on a getaway to Sancerre.<\/p>\n\n\n\n<h2 id=\"le-vin-sancerre\">The Sancerre wine<\/h2>\n\n\n\n<p>In the heart of the Monts de Sancerre, this vineyard is one of the most famous in France.<br>It produces light, fruity wines with multiple aromas, whether white, red or ros\u00e9. Their quality is guaranteed by an Appellation d&#8217;Origine Contr\u00f4l\u00e9e (AOC) for the whites since 1936 and for the reds and ros\u00e9s since 1959.<\/p>\n\n\n\n<h2 id=\"la-route-des-vignobles\">The vineyard road<\/h2>\n\n\n\n<p>Follow the vineyard road and discover the vineyards, hillsides, castles and cellars: Sancerre, Pouilly Fum\u00e9, Menetou-Salon, Quincy, Reuilly and Coteaux du Giennois.<br>The vineyard road extends over 14 communes: Sancerre, Saint Satur, Chavignol, Verdigny, Thauvenay<\/p>\n\n\n\n<h2 id=\"le-crottin-de-chavignol-a-proximite-de-sancerre\">The crottin de Chavignol near Sancerre<\/h2>\n\n\n\n<p>At the foot of the hill, don&#8217;t miss a stop in the charming village of Chavignol, famous for its goat cheese, the &#8220;crottin&#8221; of Chavignol!<br>To be enjoyed naturally with a glass of Sancerre. However, drink in moderation.<\/p>\n\n\n\n<h2 id=\"le-chateau-de-sancerre\">The castle of Sancerre<\/h2>\n\n\n\n<p>The castle of Sancerre bears the name of its appellation Sancerre. Discover the estate through a commented tasting in the gardens of the castle and its breathtaking panorama. You will know everything about the grape varieties and the terroirs.<\/p>\n\n\n\n<h2 id=\"que-faire-pres-du-camping-sancerre\">What to do near camping Sancerre ?<\/h2>\n\n\n\n<p>To discover Sancerre, it is first of all to walk in the vineyard of Sancerre and to discover and taste its wines. Cellars and beautiful vineyards await you. Meet our winegrowers and famous cellars to learn all about Sancerre.<\/p>\n\n\n\n<h3 id=\"le-village-medieval-de-sancerre\">The medieval village of Sancerre<\/h3>\n\n\n\n<p>Stroll through the pretty medieval streets of Sancerre for a trip through history. Admire the castle of Sancerre, its thick walls very useful in the Middle Ages. The small city of character has known a strong historical past with the 100 years war, the wars of religion, etc.<\/p>\n\n\n\n<h3 id=\"sancerre-et-les-bords-de-loire\">Sancerre and the banks of the Loire<\/h3>\n\n\n\n<p>Sancerre is of course the Loire River with its magnificent changing landscapes and offering a mosaic of atmospheres and outdoor activities: hiking, biking, canoeing, etc.<\/p>\n\n\n\n<h3 id=\"a-faire-egalement-a-sancerre\">To do also in Sancerre<\/h3>\n\n\n\n<p>The Maison des Sancerre is open every day from 10:00 am to 6:00 pm (7:00 pm in June, July, August and September). In February: Flea market on the square, Bourges-Sancerre hike, literary Berrichon dinner&#8230; Find the agenda of the events of the city of Sancerre on :<br>www.ville-sancerre.com<\/p>\n\n\n\n<p>Stay in our Sancerre campsite and enjoy a wide range of <a href=\"https:\/\/www.camping-gien.com\/en\/rentals\/\" data-type=\"page\" data-id=\"597\">mobile homes<\/a>, trailers and camping <a href=\"https:\/\/www.camping-gien.com\/en\/locations\/\" data-type=\"page\" data-id=\"580\">pitches<\/a>. Not to mention the <a href=\"https:\/\/www.camping-gien.com\/en\/swimming-pool-beach\/\" data-type=\"page\" data-id=\"582\">swimming pool<\/a> with beach and the many activities of the Sancerre campsite.<\/p>\n\n\n\n<div class=\"wp-container-6a0369c96c5ea wp-block-buttons\">\n<div class=\"wp-block-button is-style-fill\"><a class=\"wp-block-button__link\" href=\"https:\/\/www.camping-gien.com\/en\/tourism\/\">Back to the surroundings<\/a><\/div>\n<\/div>\n","protected":false},"excerpt":{"rendered":"<p>Sancerre Camping Sancerre, discover the medieval city Our campsite Sancerre located in the Loiret region will allow you to visit the beautiful medieval city which will make the happiness of the vacationers who stop there. The medieval city is located on a hill on the edge of the Loire River with an exceptional panorama.The town [&hellip;]<\/p>\n","protected":false},"author":1,"featured_media":0,"parent":1512,"menu_order":0,"comment_status":"closed","ping_status":"closed","template":"","meta":[],"acf":[],"_links":{"self":[{"href":"https:\/\/www.camping-gien.com\/en\/wp-json\/wp\/v2\/pages\/1631"}],"collection":[{"href":"https:\/\/www.camping-gien.com\/en\/wp-json\/wp\/v2\/pages"}],"about":[{"href":"https:\/\/www.camping-gien.com\/en\/wp-json\/wp\/v2\/types\/page"}],"author":[{"embeddable":true,"href":"https:\/\/www.camping-gien.com\/en\/wp-json\/wp\/v2\/users\/1"}],"replies":[{"embeddable":true,"href":"https:\/\/www.camping-gien.com\/en\/wp-json\/wp\/v2\/comments?post=1631"}],"version-history":[{"count":2,"href":"https:\/\/www.camping-gien.com\/en\/wp-json\/wp\/v2\/pages\/1631\/revisions"}],"predecessor-version":[{"id":2604,"href":"https:\/\/www.camping-gien.com\/en\/wp-json\/wp\/v2\/pages\/1631\/revisions\/2604"}],"up":[{"embeddable":true,"href":"https:\/\/www.camping-gien.com\/en\/wp-json\/wp\/v2\/pages\/1512"}],"wp:attachment":[{"href":"https:\/\/www.camping-gien.com\/en\/wp-json\/wp\/v2\/media?parent=1631"}],"curies":[{"name":"wp","href":"https:\/\/api.w.org\/{rel}","templated":true}]}}