{"id":1591,"date":"2023-03-20T10:04:13","date_gmt":"2023-03-20T09:04:13","guid":{"rendered":"https:\/\/www.camping-gien.com\/tourism\/guedelon\/"},"modified":"2024-02-01T16:42:49","modified_gmt":"2024-02-01T15:42:49","slug":"guedelon","status":"publish","type":"page","link":"https:\/\/www.camping-gien.com\/en\/tourism\/guedelon\/","title":{"rendered":"Guedelon"},"content":{"rendered":"\n<div class=\"wp-container-6a036a7a5d639 wp-block-group alignfull diaporama-header\"><div class=\"wp-block-group__inner-container\">\n<figure class=\"wp-block-gallery has-nested-images columns-default is-cropped\">\n<figure class=\"wp-block-image size-full\"><img width=\"1326\" height=\"883\" src=\"https:\/\/www.camping-gien.com\/wp-content\/uploads\/2023\/11\/Chateau-de-Guedelon.webp\" alt=\"Ch\u00e2teau de Gu\u00e9delon - Camping Touristique de Gien proche de Gu\u00e9delon\" class=\"wp-image-1968\" srcset=\"https:\/\/www.camping-gien.com\/wp-content\/uploads\/2023\/11\/Chateau-de-Guedelon.webp 1326w, https:\/\/www.camping-gien.com\/wp-content\/uploads\/2023\/11\/Chateau-de-Guedelon-300x200.webp 300w, https:\/\/www.camping-gien.com\/wp-content\/uploads\/2023\/11\/Chateau-de-Guedelon-1024x682.webp 1024w, https:\/\/www.camping-gien.com\/wp-content\/uploads\/2023\/11\/Chateau-de-Guedelon-768x511.webp 768w\" sizes=\"(max-width: 1326px) 100vw, 1326px\" \/><\/figure>\n<\/figure>\n\n\n\n<div class=\"wp-container-6a036a7a5d103 wp-block-group\"><div class=\"wp-block-group__inner-container\">\n<h1 id=\"camping-gien-dans-le-loiret-bienvenue-au-camping-touristique-de-gien-2\">Gu\u00e9delon Castle<\/h1>\n<\/div><\/div>\n<\/div><\/div>\n\n\n\n<h2 id=\"camping-guedelon-decouvrir-guedelon-et-son-chateau-fort\">Camping Guedelon : Discover Guedelon and its castle<\/h2>\n\n\n\n<h3 id=\"un-chateau-fort-en-construction\">A castle under construction<\/h3>\n\n\n\n<p>In the heart of the Puisaye region, 50 kilometers from our <strong>Guedelon campsite<\/strong>, discover Guedelon and its <strong>fortified medieval castle under construction<\/strong>.<\/p>\n\n\n\n<p>Discover in the forest in the Yonne in Burgundy, a vast construction site to build a 13\u1d49 century castle. A visit to Gu\u00e9delon gives you the chance to observe many workers<strong> building the castle<\/strong> using the techniques of the past and the materials used in the <strong>Middle Ages<\/strong>: quarrymen, stonecutters, masons, lumberjacks, carpenters, blacksmiths, tile-makers, wicker makers, tailors<\/p>\n\n\n\n<h3 id=\"un-chantier-debute-en-1997-en-foret-de-guedelon\"><strong>A construction site, started in 1997 in the forest of Gu\u00e9delon<\/strong><\/h3>\n\n\n\n<p>The site is an <strong>experimental archaeology site<\/strong> to better understand how castles were built in medieval times. In order to build this castle, research and numerous observations were made in other existing castles.<\/p>\n\n\n\n<p>Visitors have the opportunity to see how the process of <strong>building a castle<\/strong> works and to discover ancestral know-how and forgotten techniques. The site is located in the Yonne in a forest of Burgundy. It was designed to offer visitors the opportunity to discover what it was like to <strong>build medieval fortresses<\/strong>, but also to go back in time and understand how they were built.<\/p>\n\n\n\n<p>The Guedelon project was launched in 1997. Since 1998, the site of Guedelon is open to the public. During their visit, the holidaymakers will be able to understand the <strong>ancestral knowledge<\/strong>: extraction of stones, assembly, carpentry, manufacture of tiles, lifting, etc. The workers are eager to share their experience and knowledge.<\/p>\n\n\n\n<p>Gu\u00e9delon has many features, but one of the most interesting is the medieval <strong>hydraulic<\/strong> flour <strong>mill<\/strong>. The mill, built in the old style, is in operation and supplies the site with flour.<\/p>\n\n\n\n<p>Stay in our <a href=\"https:\/\/www.camping-gien.com\/en\/\" data-type=\"page\" data-id=\"5\">Guedelon campsite<\/a> in the <strong>Loiret <\/strong>and discover this unique site. <strong>Sleep in a mobile home<\/strong>, Canada tent, Roulotte or camping pitch and discover the Loiret and the <strong>Loire castles<\/strong>. Our campsite is the ideal starting point to discover the castles of the Loire and the edge of the Loire in family. By car, on foot or by bike, discover our magnificent <strong>Centre Val de Loire region<\/strong>.<\/p>\n\n\n\n<p class=\"h3\">Camping Guedelon<\/p>\n\n\n\n<p>Our <strong>campsite<\/strong> is located 50 kilometers from Gu\u00e9delon. Take advantage of your stay at the Guedelon campsite with <strong>mobile home<\/strong>, caravan and lodge tent <strong>rental<\/strong> to discover this castle under construction. Our campsite, with <strong>swimming pool<\/strong> and many activities on the <strong>banks of the Loire in Gien<\/strong>, offers you a stroll in time through old trades and know-how, less than an hour from our establishment.<\/p>\n\n\n\n<p><a href=\"https:\/\/www.guedelon.fr\/\" target=\"_blank\" rel=\"noreferrer noopener\">Gu\u00e9delon<\/a> is open from April to November.<\/p>\n\n\n\n<div class=\"wp-container-6a036a7a5e01d wp-block-buttons\">\n<div class=\"wp-block-button is-style-fill\"><a class=\"wp-block-button__link\" href=\"https:\/\/www.camping-gien.com\/en\/tourism\/\">Back to the surroundings<\/a><\/div>\n<\/div>\n","protected":false},"excerpt":{"rendered":"<p>Gu\u00e9delon Castle Camping Guedelon : Discover Guedelon and its castle A castle under construction In the heart of the Puisaye region, 50 kilometers from our Guedelon campsite, discover Guedelon and its fortified medieval castle under construction. Discover in the forest in the Yonne in Burgundy, a vast construction site to build a 13\u1d49 century castle. [&hellip;]<\/p>\n","protected":false},"author":1,"featured_media":1970,"parent":1512,"menu_order":0,"comment_status":"closed","ping_status":"closed","template":"","meta":[],"acf":[],"_links":{"self":[{"href":"https:\/\/www.camping-gien.com\/en\/wp-json\/wp\/v2\/pages\/1591"}],"collection":[{"href":"https:\/\/www.camping-gien.com\/en\/wp-json\/wp\/v2\/pages"}],"about":[{"href":"https:\/\/www.camping-gien.com\/en\/wp-json\/wp\/v2\/types\/page"}],"author":[{"embeddable":true,"href":"https:\/\/www.camping-gien.com\/en\/wp-json\/wp\/v2\/users\/1"}],"replies":[{"embeddable":true,"href":"https:\/\/www.camping-gien.com\/en\/wp-json\/wp\/v2\/comments?post=1591"}],"version-history":[{"count":2,"href":"https:\/\/www.camping-gien.com\/en\/wp-json\/wp\/v2\/pages\/1591\/revisions"}],"predecessor-version":[{"id":2505,"href":"https:\/\/www.camping-gien.com\/en\/wp-json\/wp\/v2\/pages\/1591\/revisions\/2505"}],"up":[{"embeddable":true,"href":"https:\/\/www.camping-gien.com\/en\/wp-json\/wp\/v2\/pages\/1512"}],"wp:featuredmedia":[{"embeddable":true,"href":"https:\/\/www.camping-gien.com\/en\/wp-json\/wp\/v2\/media\/1970"}],"wp:attachment":[{"href":"https:\/\/www.camping-gien.com\/en\/wp-json\/wp\/v2\/media?parent=1591"}],"curies":[{"name":"wp","href":"https:\/\/api.w.org\/{rel}","templated":true}]}}