{"id":1585,"date":"2023-03-20T10:01:39","date_gmt":"2023-03-20T09:01:39","guid":{"rendered":"https:\/\/www.camping-gien.com\/tourism\/chatillon-sur-loire\/"},"modified":"2024-02-01T16:59:01","modified_gmt":"2024-02-01T15:59:01","slug":"chatillon-sur-loire","status":"publish","type":"page","link":"https:\/\/www.camping-gien.com\/en\/tourism\/chatillon-sur-loire\/","title":{"rendered":"Ch\u00e2tillon sur Loire"},"content":{"rendered":"\n<div class=\"wp-container-69f498dbd691b wp-block-group alignfull diaporama-header\"><div class=\"wp-block-group__inner-container\">\n<figure class=\"wp-block-gallery has-nested-images columns-default is-cropped\">\n<figure class=\"wp-block-image size-full\"><img width=\"1920\" height=\"780\" src=\"https:\/\/www.camping-gien.com\/wp-content\/uploads\/2023\/02\/banniere-accueil.png\" alt=\"\" class=\"wp-image-540\" srcset=\"https:\/\/www.camping-gien.com\/wp-content\/uploads\/2023\/02\/banniere-accueil.png 1920w, https:\/\/www.camping-gien.com\/wp-content\/uploads\/2023\/02\/banniere-accueil-300x122.png 300w, https:\/\/www.camping-gien.com\/wp-content\/uploads\/2023\/02\/banniere-accueil-1024x416.png 1024w, https:\/\/www.camping-gien.com\/wp-content\/uploads\/2023\/02\/banniere-accueil-768x312.png 768w, https:\/\/www.camping-gien.com\/wp-content\/uploads\/2023\/02\/banniere-accueil-1536x624.png 1536w\" sizes=\"(max-width: 1920px) 100vw, 1920px\" \/><\/figure>\n<\/figure>\n\n\n\n<div class=\"wp-container-69f498dbd6528 wp-block-group\"><div class=\"wp-block-group__inner-container\">\n<h1 id=\"camping-gien-dans-le-loiret-bienvenue-au-camping-touristique-de-gien-2\">Ch\u00e2tillon sur Loire<\/h1>\n<\/div><\/div>\n<\/div><\/div>\n\n<p>Ch\u00e2tillon-sur-Loire (160 km from Paris, 80 km from Orl\u00e9ans, Bourges, Nevers, Auxerre) is a rural county town. Ch\u00e2tillon life, of Castellio (small fortress, which gave its name to the city and to a competent and active association of heritage protection). Located at the crossroads of Burgundy, Berry and Orl\u00e9ans, along the Loire and two canals (old and new lateral canal), Ch\u00e2tillon-sur-Loire, the county town of 3010 inhabitants, has kept its rural character with an agricultural vocation.<\/p>\n\n<p><strong>Castellio (Archeological &amp; Historical Association) at the origin of the Municipal Museum.<\/strong><\/p>\n\n<p>Visitors will find :<br\/>An archaeology room with rich collections of prehistoric tools and Gallo-Roman objects. A history room with illustrated panels presenting the milestones of the city&#8217;s history.<\/p>\n\n<p><strong>Local Creators<\/strong><br\/>Ch\u00e2tillon-sur-Loire has many creators among its citizens. Come and visit their website&#8230;<br\/>Information on Ch\u00e2tillon: http: <a href=\"http:\/\/www.chatillon-sur-loire.com\/\" target=\"_blank\" rel=\"noreferrer noopener\">\/\/www.chatillon-sur-loire.com\/<\/a><\/p>\n\n<p>The tourist effort is very important, Ch\u00e2tillon has, not far from the suspension bridge, the Marina and the Old Canal attract many tourists. Finally, it is worth mentioning the important effort made in the development of hiking trails and sports routes. But Ch\u00e2tillon-sur-Loire is also a port on the lateral canal to the Loire offering a complete range of services to the tourist-boater or wishing to discover its heritage.<\/p>\n\n<p><strong>The site of MANTELOT<\/strong><br\/>Mantelot is both a former boat station and a lock classified by the Monuments Historiques. The site extending from the Ch\u00e2tillon bridge to the Folle lock, in the middle of which is Mantelot, was registered on the inventory of historical monuments on June 14th 1978. It is a unique site.<\/p>\n\n<p>We advise visitors to go to the Combles lock by taking the Escargot dam and the bridge over the Loire. From this point of view on the right bank, a beautiful panorama from downstream to upstream will give him another perspective of these perilous crossings.<\/p>\n\n<div class=\"wp-container-69f498dbd6e3c wp-block-buttons\">\n<div class=\"wp-block-button is-style-fill\"><a class=\"wp-block-button__link\" href=\"https:\/\/www.camping-gien.com\/en\/tourism\/\">Back to the surroundings<\/a><\/div>\n<\/div>\n","protected":false},"excerpt":{"rendered":"<p>Ch\u00e2tillon sur Loire Ch\u00e2tillon-sur-Loire (160 km from Paris, 80 km from Orl\u00e9ans, Bourges, Nevers, Auxerre) is a rural county town. Ch\u00e2tillon life, of Castellio (small fortress, which gave its name to the city and to a competent and active association of heritage protection). Located at the crossroads of Burgundy, Berry and Orl\u00e9ans, along the Loire [&hellip;]<\/p>\n","protected":false},"author":1,"featured_media":0,"parent":1512,"menu_order":0,"comment_status":"closed","ping_status":"closed","template":"","meta":[],"acf":[],"_links":{"self":[{"href":"https:\/\/www.camping-gien.com\/en\/wp-json\/wp\/v2\/pages\/1585"}],"collection":[{"href":"https:\/\/www.camping-gien.com\/en\/wp-json\/wp\/v2\/pages"}],"about":[{"href":"https:\/\/www.camping-gien.com\/en\/wp-json\/wp\/v2\/types\/page"}],"author":[{"embeddable":true,"href":"https:\/\/www.camping-gien.com\/en\/wp-json\/wp\/v2\/users\/1"}],"replies":[{"embeddable":true,"href":"https:\/\/www.camping-gien.com\/en\/wp-json\/wp\/v2\/comments?post=1585"}],"version-history":[{"count":4,"href":"https:\/\/www.camping-gien.com\/en\/wp-json\/wp\/v2\/pages\/1585\/revisions"}],"predecessor-version":[{"id":2559,"href":"https:\/\/www.camping-gien.com\/en\/wp-json\/wp\/v2\/pages\/1585\/revisions\/2559"}],"up":[{"embeddable":true,"href":"https:\/\/www.camping-gien.com\/en\/wp-json\/wp\/v2\/pages\/1512"}],"wp:attachment":[{"href":"https:\/\/www.camping-gien.com\/en\/wp-json\/wp\/v2\/media?parent=1585"}],"curies":[{"name":"wp","href":"https:\/\/api.w.org\/{rel}","templated":true}]}}