{"id":1579,"date":"2023-03-20T10:00:54","date_gmt":"2023-03-20T09:00:54","guid":{"rendered":"https:\/\/www.camping-gien.com\/tourism\/chatillon-coligny\/"},"modified":"2024-02-01T16:56:41","modified_gmt":"2024-02-01T15:56:41","slug":"chatillon-coligny","status":"publish","type":"page","link":"https:\/\/www.camping-gien.com\/en\/tourism\/chatillon-coligny\/","title":{"rendered":"Ch\u00e2tillon Coligny"},"content":{"rendered":"\n<div class=\"wp-container-69f180866f1da wp-block-group alignfull diaporama-header\"><div class=\"wp-block-group__inner-container\">\n<figure class=\"wp-block-gallery has-nested-images columns-default is-cropped\">\n<figure class=\"wp-block-image size-full\"><img width=\"1920\" height=\"780\" src=\"https:\/\/www.camping-gien.com\/wp-content\/uploads\/2023\/02\/banniere-accueil.png\" alt=\"\" class=\"wp-image-540\" srcset=\"https:\/\/www.camping-gien.com\/wp-content\/uploads\/2023\/02\/banniere-accueil.png 1920w, https:\/\/www.camping-gien.com\/wp-content\/uploads\/2023\/02\/banniere-accueil-300x122.png 300w, https:\/\/www.camping-gien.com\/wp-content\/uploads\/2023\/02\/banniere-accueil-1024x416.png 1024w, https:\/\/www.camping-gien.com\/wp-content\/uploads\/2023\/02\/banniere-accueil-768x312.png 768w, https:\/\/www.camping-gien.com\/wp-content\/uploads\/2023\/02\/banniere-accueil-1536x624.png 1536w\" sizes=\"(max-width: 1920px) 100vw, 1920px\" \/><\/figure>\n<\/figure>\n\n\n\n<div class=\"wp-container-69f180866ef04 wp-block-group\"><div class=\"wp-block-group__inner-container\">\n<h1 id=\"camping-gien-dans-le-loiret-bienvenue-au-camping-touristique-de-gien-2\">Ch\u00e2tillon Coligny<\/h1>\n<\/div><\/div>\n<\/div><\/div>\n\n<p>Flowered village of Loiret one flower. Homeland of the &#8221; COLIGNY &#8221; and the &#8221; BECQUEREL &#8221; refuge of the first writings of  <strong>COLETTE<\/strong>. Ch\u00e2tillon-Coligny has a population of 3,000 (with Ste Genevi\u00e8ve des Bois) and is located 23 km from Montargis and 135 km from Paris. Ch\u00e2tillon-Coligny is crossed by the Loing and for four centuries by the Briare canal.<br\/>The landscape is made up of fertile, fairly wooded plateaus, interspersed with the valleys of the Long and its tributaries. Its countryside offers exceptional hunting and fishing grounds.<\/p>\n\n<p><strong>Tours, Visit of the old city<\/strong> individually (free brochure at the O.T.) or in group by appointment. <strong>Visit of the historical park<\/strong> individually (see the calendar at the O.T.) or by appointment.<\/p>\n\n<p>In the old town: Church of the 16th and 17th centuries, and its separate bell tower built on a defense tower (14th century) Old H\u00f4tel-Dieu (12th century porch) hosting the<strong> three-star museum &#8220;classified as a Museum of France&#8221;<\/strong>.  rich; of archaeology (furniture of Celtic and barbarian tombs, etc&#8230;), of history (The Coligny, the Wars of religion, many writings, paintings), of sciences (all on the works, the discoveries and the life of the 4 physicists Becquerel), the House of the XVIth c., (Hell, Paradise, Salt storehouse).walls, moats and towers of defences (XIVth c.). Park of the Coligny castle with : the orangery (the oldest in France), the well &#8221; Jean Goujon &#8221; and the staircase &#8221; de Cond\u00e9 &#8221; of the Xth century, the keep (XIIth century) and the cellars of the old castle, finally, the tomb of the Admiral Gaspard II of Coligny who died during the St Barth\u00e9l\u00e9my.<\/p>\n\n<p>Twin city with Buurmalsen in the Netherlands.<\/p>\n\n<div class=\"wp-container-69f180866f528 wp-block-buttons\">\n<div class=\"wp-block-button is-style-fill\"><a class=\"wp-block-button__link\" href=\"https:\/\/www.camping-gien.com\/en\/tourism\/\">Back to the surroundings<\/a><\/div>\n<\/div>\n","protected":false},"excerpt":{"rendered":"<p>Ch\u00e2tillon Coligny Flowered village of Loiret one flower. Homeland of the &#8221; COLIGNY &#8221; and the &#8221; BECQUEREL &#8221; refuge of the first writings of COLETTE. Ch\u00e2tillon-Coligny has a population of 3,000 (with Ste Genevi\u00e8ve des Bois) and is located 23 km from Montargis and 135 km from Paris. Ch\u00e2tillon-Coligny is crossed by the Loing [&hellip;]<\/p>\n","protected":false},"author":1,"featured_media":0,"parent":1512,"menu_order":0,"comment_status":"closed","ping_status":"closed","template":"","meta":[],"acf":[],"_links":{"self":[{"href":"https:\/\/www.camping-gien.com\/en\/wp-json\/wp\/v2\/pages\/1579"}],"collection":[{"href":"https:\/\/www.camping-gien.com\/en\/wp-json\/wp\/v2\/pages"}],"about":[{"href":"https:\/\/www.camping-gien.com\/en\/wp-json\/wp\/v2\/types\/page"}],"author":[{"embeddable":true,"href":"https:\/\/www.camping-gien.com\/en\/wp-json\/wp\/v2\/users\/1"}],"replies":[{"embeddable":true,"href":"https:\/\/www.camping-gien.com\/en\/wp-json\/wp\/v2\/comments?post=1579"}],"version-history":[{"count":4,"href":"https:\/\/www.camping-gien.com\/en\/wp-json\/wp\/v2\/pages\/1579\/revisions"}],"predecessor-version":[{"id":2551,"href":"https:\/\/www.camping-gien.com\/en\/wp-json\/wp\/v2\/pages\/1579\/revisions\/2551"}],"up":[{"embeddable":true,"href":"https:\/\/www.camping-gien.com\/en\/wp-json\/wp\/v2\/pages\/1512"}],"wp:attachment":[{"href":"https:\/\/www.camping-gien.com\/en\/wp-json\/wp\/v2\/media?parent=1579"}],"curies":[{"name":"wp","href":"https:\/\/api.w.org\/{rel}","templated":true}]}}