{"id":1641,"date":"2023-03-20T10:14:22","date_gmt":"2023-03-20T09:14:22","guid":{"rendered":"https:\/\/www.camping-gien.com\/besuchen-sie-die-loiret\/"},"modified":"2024-02-01T17:11:58","modified_gmt":"2024-02-01T16:11:58","slug":"besuchen-sie-die-loiret","status":"publish","type":"page","link":"https:\/\/www.camping-gien.com\/de\/besuchen-sie-die-loiret\/","title":{"rendered":"Besuchen Sie das Loiret"},"content":{"rendered":"\n<div class=\"wp-container-6a0726b70d58d wp-block-group alignfull diaporama-header\"><div class=\"wp-block-group__inner-container\">\n<figure class=\"wp-block-gallery has-nested-images columns-default is-cropped\">\n<figure class=\"wp-block-image size-full\"><img width=\"1920\" height=\"780\" src=\"https:\/\/www.camping-gien.com\/wp-content\/uploads\/2023\/02\/banniere-accueil.png\" alt=\"\" class=\"wp-image-540\" srcset=\"https:\/\/www.camping-gien.com\/wp-content\/uploads\/2023\/02\/banniere-accueil.png 1920w, https:\/\/www.camping-gien.com\/wp-content\/uploads\/2023\/02\/banniere-accueil-300x122.png 300w, https:\/\/www.camping-gien.com\/wp-content\/uploads\/2023\/02\/banniere-accueil-1024x416.png 1024w, https:\/\/www.camping-gien.com\/wp-content\/uploads\/2023\/02\/banniere-accueil-768x312.png 768w, https:\/\/www.camping-gien.com\/wp-content\/uploads\/2023\/02\/banniere-accueil-1536x624.png 1536w\" sizes=\"(max-width: 1920px) 100vw, 1920px\" \/><\/figure>\n<\/figure>\n\n\n\n<div class=\"wp-container-6a0726b70d29f wp-block-group\"><div class=\"wp-block-group__inner-container\">\n<h1 id=\"camping-gien-dans-le-loiret-bienvenue-au-camping-touristique-de-gien-2\">Besuchen Sie das Loiret<\/h1>\n<\/div><\/div>\n<\/div><\/div>\n\n<div class=\"wp-container-6a0726b70d913 wp-block-group barre_resa\"><div class=\"wp-block-group__inner-container\"><ctv-searchbar><\/ctv-searchbar>\n<\/div><\/div>\n\n<h2 id=\"que-faire-dans-le-loiret-pendant-les-vacances\">Was kann man im Loiret w\u00e4hrend der Ferien unternehmen?<\/h2>\n\n<p>Das Loiret ist ein sehr sch\u00f6nes Reiseziel, um einen sch\u00f6nen Familienurlaub zu verbringen. Gehen Sie auf Entdeckungsreise in die Geschichte der Region mit ihren zahlreichen Schl\u00f6ssern am Ufer der Loire. Wir haben f\u00fcr Sie einige Ideen f\u00fcr Schlossbesichtigungen in der N\u00e4he unseres <a href=\"https:\/\/www.camping-gien.com\/de\/camping-loiret-entdecken-unsere-region\/\" data-type=\"page\" data-id=\"1337\">Campingplatzes Loiret<\/a> ausgew\u00e4hlt.<\/p>\n\n<h3 id=\"se-balader-dans-la-foret-d-orleans\">Im Wald von Orl\u00e9ans wandern<\/h3>\n\n<p>Der Wald von Orl\u00e9ans ist der gr\u00f6\u00dfte Staatswald Frankreichs und liegt zwischen Gien und Orl\u00e9ans. Es ist ein privilegierter Raum mit einer atemberaubenden Artenvielfalt: 180 Vogelarten, 730 Pflanzenarten, 300 Jahre alte Eichen, Riesenmammutb\u00e4ume etc. Hier k\u00f6nnen Tag- und Nachtgreifv\u00f6gel beobachtet werden, darunter vor allem sehr seltene Greifv\u00f6gel.<\/p>\n\n<p>Bei Ihren Spazierg\u00e4ngen durch den Wald von Orl\u00e9ans werden Sie auf zahlreiche Teiche, Quellen und \u00dcberreste aus dem Mittelalter sto\u00dfen. Durch den Wald f\u00fchren vom ONF markierte Wanderrouten, auf denen Sie sicher wandern k\u00f6nnen.<\/p>\n\n<h3 id=\"admirez-la-faiencerie-de-gien\">Bewundern Sie die Fa\u00efencerie de Gien<\/h3>\n\n<p>Die <a href=\"https:\/\/www.gien.com\/\" target=\"_blank\" rel=\"noreferrer noopener\">Fa\u00efencerie de Gien<\/a> ist eine echte Institution f\u00fcr die Einwohner von Gien und besitzt einen weltweiten Ruf. Sie wurde 1821 gegr\u00fcndet und entwickelte sich zu einer der bedeutendsten Keramikproduktionen Europas im 19. Die Fa\u00efencerie de Gien bietet heute zeitgen\u00f6ssische St\u00fccke an und f\u00f6rdert den franz\u00f6sischen Luxus. Sie tr\u00e4gt nun das Label &#8222;Entreprise du Patrimoine Vivant&#8220; (Unternehmen des lebendigen Kulturerbes).<\/p>\n\n<p>Das Museum der Fa\u00efencerie erz\u00e4hlt die Geschichte der Manufaktur, die verschiedenen Techniken, die verwendet wurden, die Formen und die Dekors. Sie k\u00f6nnen auch St\u00fccke finden, die f\u00fcr die verschiedenen Weltausstellungen entworfen wurden.<\/p>\n\n<h3 id=\"deguster-du-vin-dans-les-vignes-des-coteaux-du-giennois\">Weinprobe in den Weinbergen der Coteaux du Giennois<\/h3>\n\n<p>Die Coteaux du Giennois erstrecken sich zwischen Gien und Cosne-sur-Loire. Heute werden jedes Jahr 1,1 Millionen Flaschen kreiert. Der Wei\u00dfwein aus den Coteaux du Giennois bietet Noten von Quitten und wei\u00dfen Bl\u00fcten, um einen charaktervollen Sauvignon zu ergeben.<\/p>\n\n<p>Der Rotwein ist eine Mischung aus Gamay und Pinot Noir, um einen fruchtigen Wein mit Aromen von roten Fr\u00fcchten und leicht w\u00fcrzigen Noten zu bieten. Als Ros\u00e9wein wird der Coteaux du Giennois von Aromen des Weinbergpfirsichs mit pfeffrigen Noten unterstrichen.<\/p>\n\n<h2 id=\"les-plus-beaux-endroits-du-loiret\">Die sch\u00f6nsten Orte im Loiret<\/h2>\n\n<h3 id=\"visitez-le-chateau-de-valencay\">Besuchen Sie das Schloss von Valen\u00e7ay<\/h3>\n\n<p>Weg mit Ihren Bef\u00fcrchtungen, es handelt sich nicht nur um eine einfache Burg, sondern um eine Burg, hinter der sich eine schwere Zeit der tapferen Krieger aus dem Mittelalter verbirgt.  <strong>Das Schloss Valen\u00e7ay<\/strong>wird Sie auf den ersten Blick glauben lassen, dass Sie sich in einem Dorf im Nahen Osten befinden, aber keine Sorge, Sie sind tats\u00e4chlich in Frankreich. Seine bemerkenswerte Architektur, die majest\u00e4tisch in einem charmanten Park liegt, entspringt dem Einfallsreichtum dessen, was es erz\u00e4hlt.<\/p>\n\n<p>Der Geschichte nach hatte <em>Prinz de Talleyrand<\/em> hier seine ersten Empf\u00e4nge abgehalten. Die verschiedenen, reich mit zeitgen\u00f6ssischen Gegenst\u00e4nden dekorierten R\u00e4ume erinnern an den Reichtum eines Reiches, das seine Spuren \u00fcber die Zeit hinweg bewahrt hat. Im Hof des weitl\u00e4ufigen Schlosses haben Sie einen Garten im franz\u00f6sischen Stil, der nach dem Vorbild von <em>Napoleons<\/em> Labyrinth geschnitten wurde. Ein Theater \u00fcberblickt ebenfalls das gesamte Gebiet. Hier k\u00f6nnen Sie sich einen Abend lang entspannen und die Gelegenheit nutzen, durch die Linien des Gartens zu schlendern.<\/p>\n\n<h3 id=\"passez-un-apres-midi-sur-les-terrasses-du-chateau-de-chambord\">Verbringen Sie einen Nachmittag auf den Terrassen des Schlosses Chambord<\/h3>\n\n<p>Eine Sightseeing-Tour durch Loiret ohne einen Zwischenstopp auf dieser Seite ist eine voreingenommene Tour. Es gibt nur wenige Schl\u00f6sser auf der Welt, die \u00fcber eine solche Architektur verf\u00fcgen. Frankreich ist daf\u00fcr bekannt, ein konservatives Land zu sein, und diese Website ist gerade der Beweis daf\u00fcr. Der Anblick, den die Terrassen des <strong>Schlosses Chambord<\/strong> bieten, ist sowohl von der historischen als auch von der architektonischen Seite her einzigartig. Jedes St\u00fcckchen dieses Ortes erz\u00e4hlt eine schwere Geschichte.<\/p>\n\n<p>Das Schloss Chambord liegt am Ufer eines Flusses, der seinen Weg zu anderen Horizonten Frankreichs fortsetzt. Nachdem Sie im Slalom durch die Dachfenster gelaufen sind, die von der Schere eines begabten Bildhauers von oben bis unten durchsucht wurden, gehen Sie direkt auf die Treppe, um die <strong>sch\u00f6ne Aussicht<\/strong> zu genie\u00dfen. Alle Gr\u00fcnfl\u00e4chen, aus denen das Schloss besteht, werden noch einmal durchk\u00e4mmt, um Kunst zu schaffen. Die verschiedenen<strong> k\u00f6niglichen Symbole <\/strong>sind hier und da im ganzen Land verteilt.<\/p>\n\n<p>Im Inneren des Schlosses scheint die Zeit stehen geblieben zu sein, als der damalige Hofstaat bei einem Kartenspiel auf die R\u00fcckkehr der J\u00e4ger wartete. Stellen Sie dem Reiseleiter gen\u00fcgend Fragen, um etwas \u00fcber die Geschichte Frankreichs zu erfahren.<\/p>\n\n<h3 id=\"faites-un-detour-a-l-oratoire-carolingien-de-germigny-des-pres\">Machen Sie einen Abstecher zum karolingischen Oratorium in Germigny-des-Pr\u00e9s<\/h3>\n\n<p>Setzen Sie Ihre Besichtigungstour mit einem kurzen Abstecher zum karolingischen Oratorium fort. Wenn die Fassade Zweifel aufkommen l\u00e4sst, h\u00e4lt das Innere des Geb\u00e4udes angenehme \u00dcberraschungen f\u00fcr Sie bereit. Die verschiedenen R\u00e4ume dieses Ortes lassen vermuten, dass alle franz\u00f6sischen K\u00fcnstler hier einen Abstecher gemacht haben. Abgesehen von der Geschichte, die sie mithilfe von Gegenst\u00e4nden, Entw\u00fcrfen und vollgestopften S\u00e4len erz\u00e4hlt, findet sich hier auch reine Kunst. Die kunstvollen Pinsel mischen sich wunderbar mit den bernsteinfarbenen T\u00f6nen jedes Raumes.<\/p>\n\n<p>Wenn Sie Christen sind, ist dies ein guter Zeitpunkt, um Gott um Vergebung zu bitten, da Sie sich in <strong>einer der \u00e4ltesten Kirchen der Welt<\/strong> befinden. Sie wurde auf Wunsch von <em>Theodulfe<\/em>, dem engsten Berater Karls des Gro\u00dfen, errichtet. Sie stammt aus dem<strong> Jahr 806<\/strong> und hat die Truhe mit den Gesetzestafeln und der Bundeslade vorbeiziehen sehen. Die unglaubliche Konservierung, die die verschiedenen Gegenst\u00e4nde erfahren haben, ist das, was diesen Ort so einzigartig macht.<\/p>\n\n<h3 id=\"le-chateau-de-sully-sur-loire\">Das Schloss von Sully-sur-Loire<\/h3>\n\n<p>Erfahren Sie mehr \u00fcber die Geschichte Frankreichs, indem Sie einen Besuch auf dem <a href=\"https:\/\/www.camping-gien.com\/de\/tourismus\/schloss-sully\/\" data-type=\"page\" data-id=\"1164\">Schloss von Sully-sur-Loire<\/a> planen. Das Schloss war einst Wohnsitz einer k\u00f6niglichen Familie und ist heute einer der <strong>H\u00fcter der franz\u00f6sischen Geschichte<\/strong>.<\/p>\n\n<p>Stolz steht das Schloss mitten in der Loire und wird von einer gro\u00dfen Wasserfl\u00e4che ges\u00e4umt. Es hat es geschafft, <strong>sieben Jahrhunderte<\/strong> lang bis heute zu bestehen. Das Wasser h\u00e4tte dem Bau zu schaffen machen k\u00f6nnen, aber weit \u00fcber die Renovierungsarbeiten hinaus muss man anerkennen, dass dieses gro\u00dfe Haus so gebaut wurde, dass es allen m\u00f6glichen Pr\u00fcfungen standh\u00e4lt.<\/p>\n\n<p>Diese imposante Architektur aus dem Mittelalter ist nichts anderes als das Haus des <em>Herzogs von Sully,<\/em> Maximilien de B\u00e9thune. Vier Jahrhunderte lang in Folge hatte die Familie des Gesetzesh\u00fcters das Gel\u00e4nde bewohnt und sich darum gek\u00fcmmert. Heute wird es zu den touristischen Reicht\u00fcmern Frankreichs gez\u00e4hlt. Durch seine hohen T\u00fcrme und die im Wasser verankerten Wassergr\u00e4ben hat der Minister von Heinrich IV. die Spuren einer reichen Geschichte verewigt.<\/p>\n\n<h3 id=\"admirez-l-abbaye-de-fleury\">Bewundern Sie die Abtei von Fleury<\/h3>\n\n<p>Um Ihr Abenteuer in Loiret abzuschlie\u00dfen, besuchen Sie die Abtei von Fleury. Was k\u00f6nnte Ihren Aufenthalt besser beenden als ein g\u00f6ttlicher Segen in einer alten Abtei? Die verschiedenen R\u00e4ume dieser <strong>r\u00f6mischen Basilika<\/strong> bringen die alten Traditionen wieder an die Oberfl\u00e4che. Religi\u00f6se oder religionsliebende Menschen werden mit den historischen religi\u00f6sen Skulpturen, die in dieser alten Kirche verstreut sind, nichts vermissen, was ihre Neugierde n\u00e4hren k\u00f6nnte.<\/p>\n\n<p>Dank der Krypten von <strong>Saint-Beno\u00eet<\/strong> aus dem 11. Jahrhundert werden Sie zweifellos \u00fcber die verschiedenen Ereignisse, die sich an diesem Ort zugetragen haben, informiert. Die Reliquien der ersten Katholiken zu betrachten, wird Ihren Glauben an Gott sicherlich steigern. Sie k\u00f6nnen auch die Gr\u00f6\u00dfe des Glockenturms mit Tor und die \u00fcberall im Ort verteilten religi\u00f6sen Symbole bewundern. Durch die Luft, die in den verschiedenen R\u00e4umen zirkuliert, wird es Ihnen wahrscheinlich nicht schwer fallen, vollst\u00e4ndig in die Geschichte einzutauchen.<\/p>\n\n<p>Alles in allem ist das Loiret eines der gr\u00f6\u00dften touristischen Erbes Frankreichs.<\/p>\n\n<h2 id=\"votre-sejour-loiret-dans-le-camping-touristique-de-gien\">Ihr Aufenthalt im Loiret auf dem touristischen Campingplatz in Gien<\/h2>\n\n<p>Nutzen Sie unsere komfortablen Unterk\u00fcnfte in Mobilheimen und Zigeunerwagen zum besten Preis auf unserem <a href=\"https:\/\/www.camping-gien.com\/de\/\" data-type=\"page\" data-id=\"5\">touristischen Campingplatz in Gien<\/a>. Oder wenn Sie es vorziehen, bieten wir Campingpl\u00e4tze mit gro\u00dfen Feldern f\u00fcr Zelte, Wohnwagen und Wohnmobilstellpl\u00e4tze in der Stadt Poilly-lez-gien an. Die Urlauber werden es lieben, mit den Kindern in den Pool zu springen und die Aktivit\u00e4ten und Animationen auf unserem 3-Sterne-Campingplatz Loiret mit Service zu genie\u00dfen.<\/p>\n","protected":false},"excerpt":{"rendered":"<p>Besuchen Sie das Loiret Was kann man im Loiret w\u00e4hrend der Ferien unternehmen? Das Loiret ist ein sehr sch\u00f6nes Reiseziel, um einen sch\u00f6nen Familienurlaub zu verbringen. Gehen Sie auf Entdeckungsreise in die Geschichte der Region mit ihren zahlreichen Schl\u00f6ssern am Ufer der Loire. Wir haben f\u00fcr Sie einige Ideen f\u00fcr Schlossbesichtigungen in der N\u00e4he unseres [&hellip;]<\/p>\n","protected":false},"author":1,"featured_media":0,"parent":0,"menu_order":0,"comment_status":"closed","ping_status":"closed","template":"","meta":[],"acf":[],"_links":{"self":[{"href":"https:\/\/www.camping-gien.com\/de\/wp-json\/wp\/v2\/pages\/1641"}],"collection":[{"href":"https:\/\/www.camping-gien.com\/de\/wp-json\/wp\/v2\/pages"}],"about":[{"href":"https:\/\/www.camping-gien.com\/de\/wp-json\/wp\/v2\/types\/page"}],"author":[{"embeddable":true,"href":"https:\/\/www.camping-gien.com\/de\/wp-json\/wp\/v2\/users\/1"}],"replies":[{"embeddable":true,"href":"https:\/\/www.camping-gien.com\/de\/wp-json\/wp\/v2\/comments?post=1641"}],"version-history":[{"count":6,"href":"https:\/\/www.camping-gien.com\/de\/wp-json\/wp\/v2\/pages\/1641\/revisions"}],"predecessor-version":[{"id":2615,"href":"https:\/\/www.camping-gien.com\/de\/wp-json\/wp\/v2\/pages\/1641\/revisions\/2615"}],"wp:attachment":[{"href":"https:\/\/www.camping-gien.com\/de\/wp-json\/wp\/v2\/media?parent=1641"}],"curies":[{"name":"wp","href":"https:\/\/api.w.org\/{rel}","templated":true}]}}