{"id":1627,"date":"2023-03-20T10:10:30","date_gmt":"2023-03-20T09:10:30","guid":{"rendered":"https:\/\/www.camping-gien.com\/tourismus\/besuch-von-rogny-les-sept-ecluses\/"},"modified":"2024-02-01T17:07:36","modified_gmt":"2024-02-01T16:07:36","slug":"besuch-von-rogny-les-sept-ecluses","status":"publish","type":"page","link":"https:\/\/www.camping-gien.com\/de\/tourismus\/besuch-von-rogny-les-sept-ecluses\/","title":{"rendered":"Besichtigung von Rogny-les-Sept-\u00c9cluses"},"content":{"rendered":"\n<div class=\"wp-container-69dea5154f5c5 wp-block-group alignfull diaporama-header\"><div class=\"wp-block-group__inner-container\">\n<figure class=\"wp-block-gallery has-nested-images columns-default is-cropped\">\n<figure class=\"wp-block-image size-full\"><img width=\"1920\" height=\"780\" src=\"https:\/\/www.camping-gien.com\/wp-content\/uploads\/2023\/02\/banniere-accueil.png\" alt=\"\" class=\"wp-image-540\" srcset=\"https:\/\/www.camping-gien.com\/wp-content\/uploads\/2023\/02\/banniere-accueil.png 1920w, https:\/\/www.camping-gien.com\/wp-content\/uploads\/2023\/02\/banniere-accueil-300x122.png 300w, https:\/\/www.camping-gien.com\/wp-content\/uploads\/2023\/02\/banniere-accueil-1024x416.png 1024w, https:\/\/www.camping-gien.com\/wp-content\/uploads\/2023\/02\/banniere-accueil-768x312.png 768w, https:\/\/www.camping-gien.com\/wp-content\/uploads\/2023\/02\/banniere-accueil-1536x624.png 1536w\" sizes=\"(max-width: 1920px) 100vw, 1920px\" \/><\/figure>\n<\/figure>\n\n\n\n<div class=\"wp-container-69dea5154f2b4 wp-block-group\"><div class=\"wp-block-group__inner-container\">\n<h1 id=\"camping-gien-dans-le-loiret-bienvenue-au-camping-touristique-de-gien-2\">Rogny les Sept Ecluses<\/h1>\n<\/div><\/div>\n<\/div><\/div>\n\n<p>Rogny les Sept Ecluses liegt 140 km s\u00fcd\u00f6stlich von Paris und 30 km s\u00fcdlich von Montargis und \u00f6ffnet Ihnen eines der Tore zur Puisaye. Er f\u00fchrt Sie zu den Wundern, die diese malerische Region f\u00fcr Sie bereith\u00e4lt (Teich, Schloss, Sehensw\u00fcrdigkeiten, Kunsthandwerk, Gastronomie), und zu den Poitiers de la Puisaye Nivernaise.<\/p>\n\n<p>Rogny les Sept Ecluses, ein Dorf mit 740 Einwohnern, ist mit seinem kuriosen Bauwerk, von dem es seinen Namen hat, eine der touristischen Attraktionen, auf die die Puisaye stolz sein kann.<\/p>\n\n<p><strong>Die sieben Schleusen von Rogny<\/strong><br\/>Das Anfang des 17. Jahrhunderts von<strong>Heinrich IV. und Sully<\/strong> errichtete Ingenieurbauwerk, an dem 12 000 Arbeiter beteiligt waren, sollte das Mittelmeer und den Atlantik durch ein Kanalnetz miteinander verbinden. Der H\u00f6henunterschied zwischen der Loire und der Seine machte eine Aneinanderreihung von sieben Schleusen erforderlich. Dieses System ist seit dem Ende des 19. Jahrhunderts stillgelegt und wurde durch separate Schleusen und eine umgeleitete Streckenf\u00fchrung ersetzt.<\/p>\n\n<p><strong>Feuerwerk in Rogny-les -Sept-\u00e9cluses am 30. Juli 2011<\/strong><br\/>Jeden Sommer findet in Rogny-les-sept-\u00e9cluses ein regional bekanntes Feuerwerk statt. Die Gemeinde sieht dann ihre Bev\u00f6lkerung um das Hundertfache wachsen! Diese Show nutzt die Vorteile der ber\u00fchmten Schleusen und spielt mit den Reflexionen des Kanals, um ein technisch und k\u00fcnstlerisch beeindruckendes Ereignis zu liefern.<\/p>\n\n<div class=\"wp-container-69dea5154f952 wp-block-buttons\">\n<div class=\"wp-block-button is-style-fill\"><a class=\"wp-block-button__link\" href=\"https:\/\/www.camping-gien.com\/de\/tourismus\/\">Zur\u00fcck in die Umgebung<\/a><\/div>\n<\/div>\n","protected":false},"excerpt":{"rendered":"<p>Rogny les Sept Ecluses Rogny les Sept Ecluses liegt 140 km s\u00fcd\u00f6stlich von Paris und 30 km s\u00fcdlich von Montargis und \u00f6ffnet Ihnen eines der Tore zur Puisaye. Er f\u00fchrt Sie zu den Wundern, die diese malerische Region f\u00fcr Sie bereith\u00e4lt (Teich, Schloss, Sehensw\u00fcrdigkeiten, Kunsthandwerk, Gastronomie), und zu den Poitiers de la Puisaye Nivernaise. Rogny [&hellip;]<\/p>\n","protected":false},"author":1,"featured_media":0,"parent":1515,"menu_order":0,"comment_status":"closed","ping_status":"closed","template":"","meta":[],"acf":[],"_links":{"self":[{"href":"https:\/\/www.camping-gien.com\/de\/wp-json\/wp\/v2\/pages\/1627"}],"collection":[{"href":"https:\/\/www.camping-gien.com\/de\/wp-json\/wp\/v2\/pages"}],"about":[{"href":"https:\/\/www.camping-gien.com\/de\/wp-json\/wp\/v2\/types\/page"}],"author":[{"embeddable":true,"href":"https:\/\/www.camping-gien.com\/de\/wp-json\/wp\/v2\/users\/1"}],"replies":[{"embeddable":true,"href":"https:\/\/www.camping-gien.com\/de\/wp-json\/wp\/v2\/comments?post=1627"}],"version-history":[{"count":4,"href":"https:\/\/www.camping-gien.com\/de\/wp-json\/wp\/v2\/pages\/1627\/revisions"}],"predecessor-version":[{"id":2601,"href":"https:\/\/www.camping-gien.com\/de\/wp-json\/wp\/v2\/pages\/1627\/revisions\/2601"}],"up":[{"embeddable":true,"href":"https:\/\/www.camping-gien.com\/de\/wp-json\/wp\/v2\/pages\/1515"}],"wp:attachment":[{"href":"https:\/\/www.camping-gien.com\/de\/wp-json\/wp\/v2\/media?parent=1627"}],"curies":[{"name":"wp","href":"https:\/\/api.w.org\/{rel}","templated":true}]}}