{"id":1621,"date":"2023-03-20T10:09:40","date_gmt":"2023-03-20T09:09:40","guid":{"rendered":"https:\/\/www.camping-gien.com\/tourismus\/besuch-von-nancay\/"},"modified":"2024-02-01T17:05:59","modified_gmt":"2024-02-01T16:05:59","slug":"besuch-von-nancay","status":"publish","type":"page","link":"https:\/\/www.camping-gien.com\/de\/tourismus\/besuch-von-nancay\/","title":{"rendered":"Besuch in Nancay"},"content":{"rendered":"\n<div class=\"wp-container-69dfed35bd6c4 wp-block-group alignfull diaporama-header\"><div class=\"wp-block-group__inner-container\">\n<figure class=\"wp-block-gallery has-nested-images columns-default is-cropped\">\n<figure class=\"wp-block-image size-full\"><img width=\"1920\" height=\"780\" src=\"https:\/\/www.camping-gien.com\/wp-content\/uploads\/2023\/02\/banniere-accueil.png\" alt=\"\" class=\"wp-image-540\" srcset=\"https:\/\/www.camping-gien.com\/wp-content\/uploads\/2023\/02\/banniere-accueil.png 1920w, https:\/\/www.camping-gien.com\/wp-content\/uploads\/2023\/02\/banniere-accueil-300x122.png 300w, https:\/\/www.camping-gien.com\/wp-content\/uploads\/2023\/02\/banniere-accueil-1024x416.png 1024w, https:\/\/www.camping-gien.com\/wp-content\/uploads\/2023\/02\/banniere-accueil-768x312.png 768w, https:\/\/www.camping-gien.com\/wp-content\/uploads\/2023\/02\/banniere-accueil-1536x624.png 1536w\" sizes=\"(max-width: 1920px) 100vw, 1920px\" \/><\/figure>\n<\/figure>\n\n\n\n<div class=\"wp-container-69dfed35bd3b0 wp-block-group\"><div class=\"wp-block-group__inner-container\">\n<h1 id=\"camping-gien-dans-le-loiret-bienvenue-au-camping-touristique-de-gien-2\">Nancay<\/h1>\n<\/div><\/div>\n<\/div><\/div>\n\n<p>Das Dorf mit \u00fcber 800 Einwohnern, das zu den &#8222;kleinen St\u00e4dten mit Charakter&#8220; im Departement Cher geh\u00f6rt, liegt im s\u00fcdlichen Teil der Sologne, umgeben von herrlichen Heidelandschaften und durchsetzt von zahlreichen Teichen und W\u00e4ldern.<br\/>Es ist ein f\u00fcr diese Region typisches Dorf mit charmanten alten H\u00e4usern, die Backstein, Stein und Holz harmonisch miteinander verbinden. Zahlreiche K\u00fcnstler und Kunsthandwerker haben sich hier niedergelassen und stellen ihre Werke in den ehemaligen Stallungen des Schlosses aus.<\/p>\n\n<p><strong>Die Sabl\u00e9s von Madame Henriette Fleurier.<\/strong><br\/>Sie sind eine Reminiszenz an die Snacks aus der Kindheit. 1953 macht der junge Jacques Fleurier einen Fehler bei der Zusammenstellung eines Rezepts. Da sie nichts verschwenden wollte, verarbeitete Madame Fleurier den Teig zu Keksen, die sie den Einwohnern von Nan\u00e7ay zur Verkostung anbot, was diese sehr sch\u00e4tzten.<br\/>Das kleine Sabl\u00e9 war geboren. Herr und Frau Jacques Fleurier machten es zu ihrem Steckenpferd, indem sie den Verkauf zun\u00e4chst in ihrem Gesch\u00e4ft in Nan\u00e7ay und sp\u00e4ter auch au\u00dferhalb ausbauten. Der heutige Erfolg des Sabl\u00e9 de Nan\u00e7ay ist darauf zur\u00fcckzuf\u00fchren, dass seine Herstellung nach wie vor handwerklich erfolgt und auf einem 50 Jahre alten Know-how beruht, das dem Sabl\u00e9 einen exquisiten Geschmack verleiht, der an die D\u00fcfte vergangener Zeiten erinnert.<\/p>\n\n<p><strong>Die Bekanntheit des kleinen trockenen Kuchens trug dazu bei, dass rund um den Dorfplatz weitere L\u00e4den entstanden.<\/strong><br\/>Antiquit\u00e4tenh\u00e4ndler, Handwerker, Boutiquen mit originellen Geschenken, Porzellan, Steinen, D\u00fcften, Konfektionsware und Kunstgalerien beleben das ganze Jahr \u00fcber Nan\u00e7ay , wo es sich gut entfliehen l\u00e4sst.<\/p>\n\n<p><strong>L\u00e4den an allen Wochenenden ge\u00f6ffnet.<\/strong><\/p>\n\n<p>Nicht zu vergessen: F\u00fcr Kinder.<br\/>Abenteuer Park<br\/>Route de Bourges<br\/>18 330 NANCAY<br\/>Cher &#8211; Zentrum<\/p>\n\n<div class=\"wp-container-69dfed35bda4f wp-block-buttons\">\n<div class=\"wp-block-button is-style-fill\"><a class=\"wp-block-button__link\" href=\"https:\/\/www.camping-gien.com\/de\/tourismus\/\">Zur\u00fcck in die Umgebung<\/a><\/div>\n<\/div>\n","protected":false},"excerpt":{"rendered":"<p>Nancay Das Dorf mit \u00fcber 800 Einwohnern, das zu den &#8222;kleinen St\u00e4dten mit Charakter&#8220; im Departement Cher geh\u00f6rt, liegt im s\u00fcdlichen Teil der Sologne, umgeben von herrlichen Heidelandschaften und durchsetzt von zahlreichen Teichen und W\u00e4ldern.Es ist ein f\u00fcr diese Region typisches Dorf mit charmanten alten H\u00e4usern, die Backstein, Stein und Holz harmonisch miteinander verbinden. Zahlreiche [&hellip;]<\/p>\n","protected":false},"author":1,"featured_media":0,"parent":1515,"menu_order":0,"comment_status":"closed","ping_status":"closed","template":"","meta":[],"acf":[],"_links":{"self":[{"href":"https:\/\/www.camping-gien.com\/de\/wp-json\/wp\/v2\/pages\/1621"}],"collection":[{"href":"https:\/\/www.camping-gien.com\/de\/wp-json\/wp\/v2\/pages"}],"about":[{"href":"https:\/\/www.camping-gien.com\/de\/wp-json\/wp\/v2\/types\/page"}],"author":[{"embeddable":true,"href":"https:\/\/www.camping-gien.com\/de\/wp-json\/wp\/v2\/users\/1"}],"replies":[{"embeddable":true,"href":"https:\/\/www.camping-gien.com\/de\/wp-json\/wp\/v2\/comments?post=1621"}],"version-history":[{"count":4,"href":"https:\/\/www.camping-gien.com\/de\/wp-json\/wp\/v2\/pages\/1621\/revisions"}],"predecessor-version":[{"id":2593,"href":"https:\/\/www.camping-gien.com\/de\/wp-json\/wp\/v2\/pages\/1621\/revisions\/2593"}],"up":[{"embeddable":true,"href":"https:\/\/www.camping-gien.com\/de\/wp-json\/wp\/v2\/pages\/1515"}],"wp:attachment":[{"href":"https:\/\/www.camping-gien.com\/de\/wp-json\/wp\/v2\/media?parent=1621"}],"curies":[{"name":"wp","href":"https:\/\/api.w.org\/{rel}","templated":true}]}}