{"id":1613,"date":"2023-03-20T10:07:04","date_gmt":"2023-03-20T09:07:04","guid":{"rendered":"https:\/\/www.camping-gien.com\/tourismus\/besichtigung-von-gien\/"},"modified":"2024-02-01T17:04:12","modified_gmt":"2024-02-01T16:04:12","slug":"besichtigung-von-gien","status":"publish","type":"page","link":"https:\/\/www.camping-gien.com\/de\/tourismus\/besichtigung-von-gien\/","title":{"rendered":"Besichtigung von Gien"},"content":{"rendered":"\n<div class=\"wp-container-69f3e3d945760 wp-block-group alignfull diaporama-header\"><div class=\"wp-block-group__inner-container\">\n<figure class=\"wp-block-gallery has-nested-images columns-default is-cropped\">\n<figure class=\"wp-block-image size-full\"><img width=\"1920\" height=\"780\" src=\"https:\/\/www.camping-gien.com\/wp-content\/uploads\/2023\/02\/banniere-accueil.png\" alt=\"\" class=\"wp-image-540\" srcset=\"https:\/\/www.camping-gien.com\/wp-content\/uploads\/2023\/02\/banniere-accueil.png 1920w, https:\/\/www.camping-gien.com\/wp-content\/uploads\/2023\/02\/banniere-accueil-300x122.png 300w, https:\/\/www.camping-gien.com\/wp-content\/uploads\/2023\/02\/banniere-accueil-1024x416.png 1024w, https:\/\/www.camping-gien.com\/wp-content\/uploads\/2023\/02\/banniere-accueil-768x312.png 768w, https:\/\/www.camping-gien.com\/wp-content\/uploads\/2023\/02\/banniere-accueil-1536x624.png 1536w\" sizes=\"(max-width: 1920px) 100vw, 1920px\" \/><\/figure>\n<\/figure>\n\n\n\n<div class=\"wp-container-69f3e3d945417 wp-block-group\"><div class=\"wp-block-group__inner-container\">\n<h1 id=\"camping-gien-dans-le-loiret-bienvenue-au-camping-touristique-de-gien-2\">Gien<\/h1>\n<\/div><\/div>\n<\/div><\/div>\n\n<h2 id=\"decouvrir-gien\">Gien entdecken<\/h2>\n\n<h3 id=\"la-ville-de-gien\">Die Stadt Gien<\/h3>\n\n<p><strong>Gien <\/strong>empf\u00e4ngt Sie in einer einzigartigen Umgebung zwischen Geschichte, Natur und Dynamik. Hoch \u00fcber den Ufern der Loire, dem letzten gro\u00dfen wilden Fluss Europas, enth\u00fcllt Gien die \u00dcberreste seiner glanzvollen Vergangenheit anhand von Bauwerken wie der Kirche Sainte Jeanne d&#8217;Arc oder dem Schloss Anne de Beaujeu. Gien ist ber\u00fchmt f\u00fcr sein Internationales Jagdmuseum und auch f\u00fcr die angesehene Fayencefabrik, die zu seinem Ruhm beigetragen hat.<\/p>\n\n<p>Gien hat nach dem Zweiten Weltkrieg eine erfolgreiche Wiedergeburt erlebt und vereint Eleganz und Modernit\u00e4t.<\/p>\n\n<p>Gien ist eine Stadt mit mehr als 15.000 Einwohnern und entwickelt sich dank des wirtschaftlichen Wohlstands und einer ausgepr\u00e4gten kulturellen Dynamik.<\/p>\n\n<h3 id=\"la-faiencerie-de-gien\"><strong>Die Fa\u00efencerie de Gien<\/strong><\/h3>\n\n<p>Heute ist die Fa\u00efence de Gien sowohl das f\u00fchrende Unternehmen f\u00fcr Qualit\u00e4tsfayence in Frankreich als auch ein erfolgreiches Unternehmen auf dem nationalen und internationalen Markt. Seine Produkte mit einer sehr starken Pers\u00f6nlichkeit heben sich von anderen Keramiken durch den Reichtum, die Feinheit und die Vielfalt ihrer Formen und Dekore ab.<br\/>(Ausk\u00fcnfte 02 38 05 21 06 und www.gien.com)<\/p>\n\n<h3 id=\"le-musee-international-de-la-chasse\"><strong>Das Internationale Jagdmuseum  <\/strong><\/h3>\n\n<p>Seit seiner Gr\u00fcndung pr\u00e4sentiert das Internationale Jagdmuseum die gr\u00f6\u00dfte st\u00e4ndig ausgestellte Sammlung von Alexandre-Fran\u00e7ois Desportes, dank der 1952 von der Manufacture Nationale de S\u00e8vres gew\u00e4hrten Hinterlegung. Diese Sammlung besteht haupts\u00e4chlich aus Studien aus dem Atelier des K\u00fcnstlers.<br\/>(Auskunft 02 38 67 69 69)<\/p>\n\n<h3 id=\"le-chateau-anne-de-beaujeu\"><strong>Das Schloss Anne de Beaujeu  <\/strong><\/h3>\n\n<p>Dieser architektonische Komplex besteht aus zwei rechtwinklig angeordneten Geb\u00e4uden, die sich von einem Hof abheben, der zu einem angenehmen Garten umgestaltet wurde. Das Internationale Jagdmuseum in den Mauern des Schlosses von Gien.<br\/>(Auskunft 02 38 67 69 69)<\/p>\n\n<div class=\"wp-container-69f3e3d945b97 wp-block-buttons\">\n<div class=\"wp-block-button is-style-fill\"><a class=\"wp-block-button__link\" href=\"https:\/\/www.camping-gien.com\/de\/tourismus\/\">Zur\u00fcck in die Umgebung<\/a><\/div>\n<\/div>\n","protected":false},"excerpt":{"rendered":"<p>Gien Gien entdecken Die Stadt Gien Gien empf\u00e4ngt Sie in einer einzigartigen Umgebung zwischen Geschichte, Natur und Dynamik. Hoch \u00fcber den Ufern der Loire, dem letzten gro\u00dfen wilden Fluss Europas, enth\u00fcllt Gien die \u00dcberreste seiner glanzvollen Vergangenheit anhand von Bauwerken wie der Kirche Sainte Jeanne d&#8217;Arc oder dem Schloss Anne de Beaujeu. Gien ist ber\u00fchmt [&hellip;]<\/p>\n","protected":false},"author":1,"featured_media":0,"parent":1515,"menu_order":0,"comment_status":"closed","ping_status":"closed","template":"","meta":[],"acf":[],"_links":{"self":[{"href":"https:\/\/www.camping-gien.com\/de\/wp-json\/wp\/v2\/pages\/1613"}],"collection":[{"href":"https:\/\/www.camping-gien.com\/de\/wp-json\/wp\/v2\/pages"}],"about":[{"href":"https:\/\/www.camping-gien.com\/de\/wp-json\/wp\/v2\/types\/page"}],"author":[{"embeddable":true,"href":"https:\/\/www.camping-gien.com\/de\/wp-json\/wp\/v2\/users\/1"}],"replies":[{"embeddable":true,"href":"https:\/\/www.camping-gien.com\/de\/wp-json\/wp\/v2\/comments?post=1613"}],"version-history":[{"count":6,"href":"https:\/\/www.camping-gien.com\/de\/wp-json\/wp\/v2\/pages\/1613\/revisions"}],"predecessor-version":[{"id":2583,"href":"https:\/\/www.camping-gien.com\/de\/wp-json\/wp\/v2\/pages\/1613\/revisions\/2583"}],"up":[{"embeddable":true,"href":"https:\/\/www.camping-gien.com\/de\/wp-json\/wp\/v2\/pages\/1515"}],"wp:attachment":[{"href":"https:\/\/www.camping-gien.com\/de\/wp-json\/wp\/v2\/media?parent=1613"}],"curies":[{"name":"wp","href":"https:\/\/api.w.org\/{rel}","templated":true}]}}