{"id":1603,"date":"2023-03-20T10:05:54","date_gmt":"2023-03-20T09:05:54","guid":{"rendered":"https:\/\/www.camping-gien.com\/tourismus\/besuch-von-briare\/"},"modified":"2024-02-01T17:02:02","modified_gmt":"2024-02-01T16:02:02","slug":"besuch-von-briare","status":"publish","type":"page","link":"https:\/\/www.camping-gien.com\/de\/tourismus\/besuch-von-briare\/","title":{"rendered":"Besuch von Briare"},"content":{"rendered":"\n<div class=\"wp-container-69f33fac48564 wp-block-group alignfull diaporama-header\"><div class=\"wp-block-group__inner-container\">\n<figure class=\"wp-block-gallery has-nested-images columns-default is-cropped\">\n<figure class=\"wp-block-image size-full\"><img width=\"1920\" height=\"780\" src=\"https:\/\/www.camping-gien.com\/wp-content\/uploads\/2023\/02\/banniere-accueil.png\" alt=\"\" class=\"wp-image-540\" srcset=\"https:\/\/www.camping-gien.com\/wp-content\/uploads\/2023\/02\/banniere-accueil.png 1920w, https:\/\/www.camping-gien.com\/wp-content\/uploads\/2023\/02\/banniere-accueil-300x122.png 300w, https:\/\/www.camping-gien.com\/wp-content\/uploads\/2023\/02\/banniere-accueil-1024x416.png 1024w, https:\/\/www.camping-gien.com\/wp-content\/uploads\/2023\/02\/banniere-accueil-768x312.png 768w, https:\/\/www.camping-gien.com\/wp-content\/uploads\/2023\/02\/banniere-accueil-1536x624.png 1536w\" sizes=\"(max-width: 1920px) 100vw, 1920px\" \/><\/figure>\n<\/figure>\n\n\n\n<div class=\"wp-container-69f33fac4828c wp-block-group\"><div class=\"wp-block-group__inner-container\">\n<h1 id=\"camping-gien-dans-le-loiret-bienvenue-au-camping-touristique-de-gien-2\">Briare<\/h1>\n<\/div><\/div>\n<\/div><\/div>\n\n<p><strong>Briare<\/strong> ist eine charmante Stadt, in der man sich gerne aufh\u00e4lt. Sie liegt an der Kreuzung der Loire, des Canal de Briare und des Canal lat\u00e9ral \u00e0 la Loire. Die Region ist ideal f\u00fcr einen Familienurlaub, bei dem <strong>Fahrradtouren entlang der Loire<\/strong>, <strong>Schlossbesichtigungen<\/strong> oder die Erkundung von Natur- und Kulturr\u00e4umen auf dem Programm stehen.<\/p>\n\n<h2 id=\"visiter-la-ville-de-briare\">Die Stadt Briare besuchen<\/h2>\n\n<p>Briare, auch <strong>Stadt der Emaille<\/strong> genannt, liegt im D\u00e9partement Loiret in der <strong>N\u00e4he von Gien<\/strong>, Orl\u00e9ans und Montargis.<br\/>Die <strong>Kanalbr\u00fccke von Briare<\/strong> ist ein unumg\u00e4nglicher Ort in der Stadt, eines der sch\u00f6nsten Kunstwerke der Region und ein Prunkst\u00fcck des franz\u00f6sischen Flusskulturerbes. Er wurde von 1890 bis 1896 erbaut, \u00fcberspannt die Loire und stellt die Verbindung zwischen dem Loire-Seitenkanal und dem Kanal von Briare her. Gehen und bewundern Sie diese gro\u00dfe, \u00fcber 600 Meter lange Wasserallee, die von imposanten Stra\u00dfenlaternen und wundersch\u00f6nen, mit Wappen verzierten Pilastern an beiden Enden ges\u00e4umt wird.<br\/>Mehr \u00fcber diese Kanalbr\u00fccke aus Metall und die Geschichte der Schifferstadt Briare erfahren Sie im <a href=\"https:\/\/www.musee-2-marines.com\/\" target=\"_blank\" rel=\"noreferrer noopener\">Mus\u00e9e des 2 marines et du pont-canal (Museum der 2 Marinen und der Kanalbr\u00fccke<\/a>). Dort k\u00f6nnen Sie einen rekonstruierten Loirekai und bemerkenswerte Modelle betrachten.<br\/>In der N\u00e4he befindet sich das Mosaik- und Emaillemuseum, das ebenfalls einen Besuch wert ist. Es zeigt 160 Jahre Industriekunst in Briare und bietet die M\u00f6glichkeit, reiche Sammlungen von Emaille und Fayencen zu bewundern.<br\/>Wenn Sie schlie\u00dflich mit Ihrer Familie einen Ausflug in die Natur unternehmen m\u00f6chten, sollten Sie den Naturpark Trousse Bois aufsuchen, der sich au\u00dferhalb der Stadt befindet. Auf diesem 50 Hektar gro\u00dfen Gel\u00e4nde k\u00f6nnen Sie am Teich picknicken, zwischen den Eichen wandern und die reiche Fauna und Flora des Erlen-Sumpfwaldes beobachten.<\/p>\n\n<h2 id=\"que-faire-en-famille-autour-de-briare\">Was kann man mit der Familie in der Umgebung von Briare unternehmen?<\/h2>\n\n<p>Von <a rel=\"noreferrer noopener\" href=\"https:\/\/www.terresdeloireetcanaux.com\/\" target=\"_blank\">Briare<\/a> aus k\u00f6nnen Sie mit dem Fahrrad nach Gien fahren, die beiden St\u00e4dte liegen etwa zehn Kilometer voneinander entfernt. Gien ist bekannt als Hochburg der <strong>Fayenceherstellung<\/strong>, die weltweit ber\u00fchmt ist. Das Museum der Steingutfabrik im Herzen der Stadt bietet eine sowohl historische als auch thematische Pr\u00e4sentation, in der man die hervorragende Qualit\u00e4t dieses Handwerks bewundern kann.<br\/>Eine weitere Attraktion der Gemeinde ist das <a href=\"https:\/\/www.camping-gien.com\/de\/tourismus\/schloss-von-gien\/\" data-type=\"page\" data-id=\"1170\">Renaissanceschloss<\/a>, das Sie bereits am linken Ufer der Loire erblicken. Es wurde 1482 an der Stelle einer alten mittelalterlichen Festung errichtet und beherbergt das Jagdmuseum. Verpassen Sie von der Terrasse aus nicht den herrlichen Blick auf Gien und die Loire.<br\/>Machen Sie zwischen Gien und Briare einen Halt am <a href=\"https:\/\/www.camping-gien.com\/de\/schloss-saint-brisson-sur-loire\/\" data-type=\"page\" data-id=\"1341\">Schloss Saint-Brisson<\/a>, das als historisches Monument eingestuft ist. Er bietet originelle und spielerische Besichtigungen in Form von Escape Games, Workshops, R\u00e4tselparcours usw. an.<\/p>\n\n<p>Zu den weiteren Wundern in der Umgebung geh\u00f6ren das Schloss La Bussi\u00e8re mit seinem franz\u00f6sischen Garten und Gem\u00fcsegarten oder das mittelalterliche Schloss <a href=\"https:\/\/www.camping-gien.com\/de\/tourismus\/schloss-sully\/\" data-type=\"page\" data-id=\"1164\">Sully<\/a>. Es ist als historisches Monument klassifiziert und bietet gef\u00fchrte Besichtigungen und thematische Aktivit\u00e4ten an.<br\/>W\u00e4hrend Ihres Aufenthalts k\u00f6nnen Sie auch die Fahrradroute Loire \u00e0 v\u00e9lo nutzen. Einer seiner Abschnitte f\u00fchrt von Ch\u00e2tillon-sur-Loire \u00fcber Saint-Brisson und Gien nach Sully-sur-Loire. Die Gelegenheit, Ihr Auto auf dem Campingplatz stehen zu lassen, um Slow-Tourismus zu betreiben und die sch\u00f6nsten Orte des Loiret zu entdecken.<\/p>\n\n<p>Bleiben Sie auf unserem Campingplatz in der N\u00e4he von Briare<\/p>\n\n<p>Der touristische Campingplatz in Gien befindet sich gegen\u00fcber dem Schloss und in der N\u00e4he des Gemeindezentrums. In einer baumbestandenen und bl\u00fchenden Umgebung verbringen Sie einen ruhigen Aufenthalt in einem komfortablen Mobilheim oder auf einem der ger\u00e4umigen Stellpl\u00e4tze am Ufer der Loire.<br\/>Vor Ort bietet der Campingplatz ein vielf\u00e4ltiges Freizeitangebot f\u00fcr die ganze Familie (beheiztes Schwimmbad, Boulespiel usw.). Die unmittelbare N\u00e4he der <strong>Loire<\/strong> l\u00e4dt zum Entspannen und zu Vergn\u00fcgungen aller Art ein (Kanu, Fahrrad, Wandern usw.).<br\/>Der <strong>3-Sterne-Campingplatz in Gien<\/strong> verf\u00fcgt \u00fcber ein Bar-Restaurant, eine W\u00e4scherei, einen Wohnmobilservicebereich und vieles mehr.<\/p>\n\n<p>Der touristische Campingplatz in Gien erm\u00f6glicht einen <strong>Familienurlaub<\/strong> in der Natur und kulturelle Ausfl\u00fcge. Das D\u00e9partement <strong>Loiret<\/strong> ist ein ideales Reiseziel f\u00fcr einen authentischen Aufenthalt, der Entspannungs- und Freizeitaktivit\u00e4ten miteinander verbindet.<\/p>\n\n<div class=\"wp-container-69f33fac4893e wp-block-buttons\">\n<div class=\"wp-block-button is-style-fill\"><a class=\"wp-block-button__link\" href=\"https:\/\/www.camping-gien.com\/de\/tourismus\/\">Zur\u00fcck in die Umgebung<\/a><\/div>\n<\/div>\n","protected":false},"excerpt":{"rendered":"<p>Briare Briare ist eine charmante Stadt, in der man sich gerne aufh\u00e4lt. Sie liegt an der Kreuzung der Loire, des Canal de Briare und des Canal lat\u00e9ral \u00e0 la Loire. Die Region ist ideal f\u00fcr einen Familienurlaub, bei dem Fahrradtouren entlang der Loire, Schlossbesichtigungen oder die Erkundung von Natur- und Kulturr\u00e4umen auf dem Programm stehen. [&hellip;]<\/p>\n","protected":false},"author":1,"featured_media":0,"parent":1515,"menu_order":0,"comment_status":"closed","ping_status":"closed","template":"","meta":[],"acf":[],"_links":{"self":[{"href":"https:\/\/www.camping-gien.com\/de\/wp-json\/wp\/v2\/pages\/1603"}],"collection":[{"href":"https:\/\/www.camping-gien.com\/de\/wp-json\/wp\/v2\/pages"}],"about":[{"href":"https:\/\/www.camping-gien.com\/de\/wp-json\/wp\/v2\/types\/page"}],"author":[{"embeddable":true,"href":"https:\/\/www.camping-gien.com\/de\/wp-json\/wp\/v2\/users\/1"}],"replies":[{"embeddable":true,"href":"https:\/\/www.camping-gien.com\/de\/wp-json\/wp\/v2\/comments?post=1603"}],"version-history":[{"count":6,"href":"https:\/\/www.camping-gien.com\/de\/wp-json\/wp\/v2\/pages\/1603\/revisions"}],"predecessor-version":[{"id":2573,"href":"https:\/\/www.camping-gien.com\/de\/wp-json\/wp\/v2\/pages\/1603\/revisions\/2573"}],"up":[{"embeddable":true,"href":"https:\/\/www.camping-gien.com\/de\/wp-json\/wp\/v2\/pages\/1515"}],"wp:attachment":[{"href":"https:\/\/www.camping-gien.com\/de\/wp-json\/wp\/v2\/media?parent=1603"}],"curies":[{"name":"wp","href":"https:\/\/api.w.org\/{rel}","templated":true}]}}