{"id":1593,"date":"2023-03-20T10:04:28","date_gmt":"2023-03-20T09:04:28","guid":{"rendered":"https:\/\/www.camping-gien.com\/tourismus\/guedelon\/"},"modified":"2024-02-01T16:43:07","modified_gmt":"2024-02-01T15:43:07","slug":"guedelon","status":"publish","type":"page","link":"https:\/\/www.camping-gien.com\/de\/tourismus\/guedelon\/","title":{"rendered":"Guedelon"},"content":{"rendered":"\n<div class=\"wp-container-69f385b24a0b8 wp-block-group alignfull diaporama-header\"><div class=\"wp-block-group__inner-container\">\n<figure class=\"wp-block-gallery has-nested-images columns-default is-cropped\">\n<figure class=\"wp-block-image size-full\"><img width=\"1326\" height=\"883\" src=\"https:\/\/www.camping-gien.com\/wp-content\/uploads\/2023\/11\/Chateau-de-Guedelon.webp\" alt=\"Ch\u00e2teau de Gu\u00e9delon - Camping Touristique de Gien proche de Gu\u00e9delon\" class=\"wp-image-1968\" srcset=\"https:\/\/www.camping-gien.com\/wp-content\/uploads\/2023\/11\/Chateau-de-Guedelon.webp 1326w, https:\/\/www.camping-gien.com\/wp-content\/uploads\/2023\/11\/Chateau-de-Guedelon-300x200.webp 300w, https:\/\/www.camping-gien.com\/wp-content\/uploads\/2023\/11\/Chateau-de-Guedelon-1024x682.webp 1024w, https:\/\/www.camping-gien.com\/wp-content\/uploads\/2023\/11\/Chateau-de-Guedelon-768x511.webp 768w\" sizes=\"(max-width: 1326px) 100vw, 1326px\" \/><\/figure>\n<\/figure>\n\n\n\n<div class=\"wp-container-69f385b249dc8 wp-block-group\"><div class=\"wp-block-group__inner-container\">\n<h1 id=\"camping-gien-dans-le-loiret-bienvenue-au-camping-touristique-de-gien-2\">Burg Gu\u00e9delon<\/h1>\n<\/div><\/div>\n<\/div><\/div>\n\n\n\n<h2 id=\"camping-guedelon-decouvrir-guedelon-et-son-chateau-fort\">Camping Guedelon: Gu\u00e9delon und seine Burg entdecken<\/h2>\n\n\n\n<h3 id=\"un-chateau-fort-en-construction\">Eine Burg im Bau<\/h3>\n\n\n\n<p>Im Herzen der Puisaye, 50 km von unserem <strong>Campingplatz Guedelon<\/strong> entfernt, entdecken Sie Gu\u00e9delon und seine <strong>befestigte mittelalterliche Burg, die sich noch im Bau befindet<\/strong>.<\/p>\n\n\n\n<p>Entdecken Sie im Wald im D\u00e9partement Yonne in Burgund eine riesige Baustelle, um eine Burg aus dem 13\u1d49 Jahrhundert zu errichten. Bei einem Besuch in Gu\u00e9delon haben Sie die Chance, zahlreichen Handwerkern<strong> beim Bau der Burg<\/strong> mit den Techniken von damals und den im <strong>Mittelalter<\/strong> verwendeten Materialien zuzusehen: Steinbrucharbeiter, Steinmetze, Maurer, Holzf\u00e4ller, Zimmerleute, Schmiede, Ziegler, Wagner, Korbflechter, Seiler usw.<\/p>\n\n\n\n<h3 id=\"un-chantier-debute-en-1997-en-foret-de-guedelon\"><strong>Eine Baustelle, die 1997 im Wald von Gu\u00e9delon begonnen wurde<\/strong><\/h3>\n\n\n\n<p>Die Anlage ist eine <strong>Baustelle f\u00fcr experimentelle Arch\u00e4ologie<\/strong>, um besser zu verstehen, wie Burgen im Mittelalter gebaut wurden. Um diese Burg zu bauen, wurden Nachforschungen angestellt und viele Beobachtungen in anderen, noch existierenden Burgen gemacht.<\/p>\n\n\n\n<p>Die Besucher haben die M\u00f6glichkeit, zu sehen, wie der <strong>Bauprozess einer Burg<\/strong> funktioniert, und erfahren etwas \u00fcber uraltes Wissen und vergessene Techniken. Der Standort befindet sich im Departement Yonne in einem Wald in Burgund. Es soll den Besuchern die M\u00f6glichkeit bieten, zu erfahren, wie es war, <strong>mittelalterliche Festungen<\/strong> zu errichten, aber auch in die Vergangenheit zu reisen und zu verstehen, wie sie gebaut wurden.<\/p>\n\n\n\n<p>Das Projekt Guedelon wurde 1997 in Angriff genommen. Seit 1998 ist die Anlage von Guedelon f\u00fcr die \u00d6ffentlichkeit zug\u00e4nglich. Bei ihren Besuchen k\u00f6nnen die Urlauber die <strong>althergebrachten<\/strong> Fertigkeiten verstehen: Steinabbau, Montage, Zusammenbau, Dachstuhl, Dachziegelherstellung, Heben etc. Den Arbeitern liegt es am Herzen, ihre Erfahrungen und ihr Wissen bekannt zu machen.<\/p>\n\n\n\n<p>Gu\u00e9delon hat viele Besonderheiten, aber eine der interessantesten ist die <strong>hydraulische Mehlm\u00fchle<\/strong> aus dem Mittelalter. Die im alten Stil erbaute M\u00fchle ist in Betrieb und versorgt die Werft mit Mehl.<\/p>\n\n\n\n<p>\u00dcbernachten Sie auf unserem <a href=\"https:\/\/www.camping-gien.com\/de\/\" data-type=\"page\" data-id=\"5\">Campingplatz Guedelon<\/a> im Departement <strong>Loiret <\/strong>und gehen Sie auf Entdeckungsreise an diesem einzigartigen Ort. <strong>Schlafen Sie in einem Mobilheim<\/strong>, Kanada-Zelt, Wohnwagen oder auf einem Camping-Stellplatz und entdecken Sie das Loiret und die <strong>Loire-Schl\u00f6sser<\/strong>. Unser Campingplatz ist der ideale Ausgangspunkt, um mit der ganzen Familie die Schl\u00f6sser der Loire und die Ufer der Loire zu erkunden. Entdecken Sie mit dem Auto, zu Fu\u00df oder mit dem Fahrrad unsere wundersch\u00f6ne <strong>Region Centre Val de Loire<\/strong>.<\/p>\n\n\n\n<p class=\"h3\">Campingplatz Guedelon<\/p>\n\n\n\n<p>Unser <strong>Campingplatz<\/strong> liegt 50 km von Gu\u00e9delon entfernt. Nutzen Sie Ihren Aufenthalt auf dem Campingplatz Guedelon mit <strong>Vermietung von Mobilheimen<\/strong>, Zigeunerwagen und Lodge-Zelten, um diese im Bau befindliche Festung zu erkunden. Unser Campingplatz mit <strong>Schwimmbad<\/strong> und zahlreichen Aktivit\u00e4ten <strong>am Ufer der Loire in Gien<\/strong> bietet Ihnen eine Zeitreise durch alte Handwerke und Fertigkeiten, die weniger als eine Stunde von unserer Einrichtung entfernt sind.<\/p>\n\n\n\n<p><a href=\"https:\/\/www.guedelon.fr\/\" target=\"_blank\" rel=\"noreferrer noopener\">Gu\u00e9delon<\/a> ist von April bis November ge\u00f6ffnet.<\/p>\n\n\n\n<div class=\"wp-container-69f385b24a62b wp-block-buttons\">\n<div class=\"wp-block-button is-style-fill\"><a class=\"wp-block-button__link\" href=\"https:\/\/www.camping-gien.com\/de\/tourismus\/\">Zur\u00fcck in die Umgebung<\/a><\/div>\n<\/div>\n","protected":false},"excerpt":{"rendered":"<p>Burg Gu\u00e9delon Camping Guedelon: Gu\u00e9delon und seine Burg entdecken Eine Burg im Bau Im Herzen der Puisaye, 50 km von unserem Campingplatz Guedelon entfernt, entdecken Sie Gu\u00e9delon und seine befestigte mittelalterliche Burg, die sich noch im Bau befindet. Entdecken Sie im Wald im D\u00e9partement Yonne in Burgund eine riesige Baustelle, um eine Burg aus dem [&hellip;]<\/p>\n","protected":false},"author":1,"featured_media":1971,"parent":1515,"menu_order":0,"comment_status":"closed","ping_status":"closed","template":"","meta":[],"acf":[],"_links":{"self":[{"href":"https:\/\/www.camping-gien.com\/de\/wp-json\/wp\/v2\/pages\/1593"}],"collection":[{"href":"https:\/\/www.camping-gien.com\/de\/wp-json\/wp\/v2\/pages"}],"about":[{"href":"https:\/\/www.camping-gien.com\/de\/wp-json\/wp\/v2\/types\/page"}],"author":[{"embeddable":true,"href":"https:\/\/www.camping-gien.com\/de\/wp-json\/wp\/v2\/users\/1"}],"replies":[{"embeddable":true,"href":"https:\/\/www.camping-gien.com\/de\/wp-json\/wp\/v2\/comments?post=1593"}],"version-history":[{"count":2,"href":"https:\/\/www.camping-gien.com\/de\/wp-json\/wp\/v2\/pages\/1593\/revisions"}],"predecessor-version":[{"id":2506,"href":"https:\/\/www.camping-gien.com\/de\/wp-json\/wp\/v2\/pages\/1593\/revisions\/2506"}],"up":[{"embeddable":true,"href":"https:\/\/www.camping-gien.com\/de\/wp-json\/wp\/v2\/pages\/1515"}],"wp:featuredmedia":[{"embeddable":true,"href":"https:\/\/www.camping-gien.com\/de\/wp-json\/wp\/v2\/media\/1971"}],"wp:attachment":[{"href":"https:\/\/www.camping-gien.com\/de\/wp-json\/wp\/v2\/media?parent=1593"}],"curies":[{"name":"wp","href":"https:\/\/api.w.org\/{rel}","templated":true}]}}