{"id":1587,"date":"2023-03-20T10:03:35","date_gmt":"2023-03-20T09:03:35","guid":{"rendered":"https:\/\/www.camping-gien.com\/tourismus\/chatillon-sur-loire\/"},"modified":"2024-02-01T16:59:32","modified_gmt":"2024-02-01T15:59:32","slug":"chatillon-sur-loire","status":"publish","type":"page","link":"https:\/\/www.camping-gien.com\/de\/tourismus\/chatillon-sur-loire\/","title":{"rendered":"Ch\u00e2tillon sur Loire"},"content":{"rendered":"\n<div class=\"wp-container-69f4aff5dd3a9 wp-block-group alignfull diaporama-header\"><div class=\"wp-block-group__inner-container\">\n<figure class=\"wp-block-gallery has-nested-images columns-default is-cropped\">\n<figure class=\"wp-block-image size-full\"><img width=\"1920\" height=\"780\" src=\"https:\/\/www.camping-gien.com\/wp-content\/uploads\/2023\/02\/banniere-accueil.png\" alt=\"\" class=\"wp-image-540\" srcset=\"https:\/\/www.camping-gien.com\/wp-content\/uploads\/2023\/02\/banniere-accueil.png 1920w, https:\/\/www.camping-gien.com\/wp-content\/uploads\/2023\/02\/banniere-accueil-300x122.png 300w, https:\/\/www.camping-gien.com\/wp-content\/uploads\/2023\/02\/banniere-accueil-1024x416.png 1024w, https:\/\/www.camping-gien.com\/wp-content\/uploads\/2023\/02\/banniere-accueil-768x312.png 768w, https:\/\/www.camping-gien.com\/wp-content\/uploads\/2023\/02\/banniere-accueil-1536x624.png 1536w\" sizes=\"(max-width: 1920px) 100vw, 1920px\" \/><\/figure>\n<\/figure>\n\n\n\n<div class=\"wp-container-69f4aff5dd09a wp-block-group\"><div class=\"wp-block-group__inner-container\">\n<h1 id=\"camping-gien-dans-le-loiret-bienvenue-au-camping-touristique-de-gien-2\">Ch\u00e2tillon sur Loire<\/h1>\n<\/div><\/div>\n<\/div><\/div>\n\n<p>Ch\u00e2tillon-sur-Loire (160 km von Paris, 80 km von Orl\u00e9ans, Bourges, Nevers, Auxerre) ist ein l\u00e4ndlicher Hauptort eines Kantons. Ch\u00e2tillon vie, de Castellio (kleine Festung, die der Stadt und einer kompetenten und aktiven Vereinigung zur Erhaltung des Kulturerbes ihren Namen gab). Ch\u00e2tillon-sur-Loire liegt an der Kreuzung von Burgund, Berry und Orl\u00e9ans, entlang der Loire und zwei Kan\u00e4len (alter und neuer Seitenkanal). Die Kantonshauptstadt mit 3010 Einwohnern hat ihren l\u00e4ndlichen, landwirtschaftlich gepr\u00e4gten Charakter bewahrt.<\/p>\n\n<p><strong>Castellio (Arch\u00e4ologische &amp; Historische Vereinigung), die das Stadtmuseum ins Leben gerufen hat.<\/strong><\/p>\n\n<p>Die Besucher finden dort :<br\/>Ein Arch\u00e4ologiesaal mit reichen Sammlungen pr\u00e4historischer Werkzeuge und gallo-r\u00f6mischer Objekte. Ein Geschichtsraum, in dem auf illustrierten Tafeln die wichtigsten Etappen der Stadtgeschichte dargestellt werden.<\/p>\n\n<p><strong>Lokale Sch\u00f6pfer<\/strong><br\/>Ch\u00e2tillon-sur-Loire hat viele Kreative unter seinen B\u00fcrgern. Besuchen Sie ihre Website&#8230;<br\/>Informationen zu Ch\u00e2tillon: http: <a href=\"http:\/\/www.chatillon-sur-loire.com\/\" target=\"_blank\" rel=\"noreferrer noopener\">\/\/www.chatillon-sur-loire.com\/<\/a><\/p>\n\n<p>Die touristischen Bem\u00fchungen sind sehr gro\u00df, Ch\u00e2tillon verf\u00fcgt, nicht weit entfernt von der H\u00e4ngebr\u00fccke, Le Port de Plaisance und Le Vieux Canal ziehen viele Touristen an. Schlie\u00dflich sei noch auf die gro\u00dfen Anstrengungen hingewiesen, die bei der Einrichtung von Wanderwegen und Sportstrecken unternommen wurden. Ch\u00e2tillon-sur-Loire ist aber auch ein Hafen am Loire-Seitenkanal, der eine ganze Reihe von Dienstleistungen f\u00fcr Touristen anbietet, die mit dem Schiff unterwegs sind oder auf Entdeckungsreise durch das Kulturerbe der Stadt gehen m\u00f6chten.<\/p>\n\n<p><strong>Die Website des MANTELOT<\/strong><br\/>Mantelot ist sowohl ein alter Bootsbahnhof als auch eine Schleuse, die unter Denkmalschutz stehen. Das Gebiet von der Ch\u00e2tillon-Br\u00fccke bis zur Folle-Schleuse, in dessen Mitte sich Mantelot befindet, wurde am 14. Juni 1978 in das Verzeichnis der historischen Denkm\u00e4ler aufgenommen. Es ist ein einzigartiger Ort.<\/p>\n\n<p>Wir empfehlen den Besuchern, \u00fcber den Schneckendamm und die Br\u00fccke \u00fcber die Loire zur Schleuse von Combles zu gehen. Von diesem Aussichtspunkt am rechten Ufer aus bietet sich ihm ein sehr sch\u00f6nes Panorama von flussabw\u00e4rts nach flussaufw\u00e4rts, das ihm eine andere Perspektive auf diese gef\u00e4hrlichen \u00dcberquerungen er\u00f6ffnet.<\/p>\n\n<div class=\"wp-container-69f4aff5dd788 wp-block-buttons\">\n<div class=\"wp-block-button is-style-fill\"><a class=\"wp-block-button__link\" href=\"https:\/\/www.camping-gien.com\/de\/tourismus\/\">Zur\u00fcck in die Umgebung<\/a><\/div>\n<\/div>\n","protected":false},"excerpt":{"rendered":"<p>Ch\u00e2tillon sur Loire Ch\u00e2tillon-sur-Loire (160 km von Paris, 80 km von Orl\u00e9ans, Bourges, Nevers, Auxerre) ist ein l\u00e4ndlicher Hauptort eines Kantons. Ch\u00e2tillon vie, de Castellio (kleine Festung, die der Stadt und einer kompetenten und aktiven Vereinigung zur Erhaltung des Kulturerbes ihren Namen gab). Ch\u00e2tillon-sur-Loire liegt an der Kreuzung von Burgund, Berry und Orl\u00e9ans, entlang der [&hellip;]<\/p>\n","protected":false},"author":1,"featured_media":0,"parent":1515,"menu_order":0,"comment_status":"closed","ping_status":"closed","template":"","meta":[],"acf":[],"_links":{"self":[{"href":"https:\/\/www.camping-gien.com\/de\/wp-json\/wp\/v2\/pages\/1587"}],"collection":[{"href":"https:\/\/www.camping-gien.com\/de\/wp-json\/wp\/v2\/pages"}],"about":[{"href":"https:\/\/www.camping-gien.com\/de\/wp-json\/wp\/v2\/types\/page"}],"author":[{"embeddable":true,"href":"https:\/\/www.camping-gien.com\/de\/wp-json\/wp\/v2\/users\/1"}],"replies":[{"embeddable":true,"href":"https:\/\/www.camping-gien.com\/de\/wp-json\/wp\/v2\/comments?post=1587"}],"version-history":[{"count":4,"href":"https:\/\/www.camping-gien.com\/de\/wp-json\/wp\/v2\/pages\/1587\/revisions"}],"predecessor-version":[{"id":2562,"href":"https:\/\/www.camping-gien.com\/de\/wp-json\/wp\/v2\/pages\/1587\/revisions\/2562"}],"up":[{"embeddable":true,"href":"https:\/\/www.camping-gien.com\/de\/wp-json\/wp\/v2\/pages\/1515"}],"wp:attachment":[{"href":"https:\/\/www.camping-gien.com\/de\/wp-json\/wp\/v2\/media?parent=1587"}],"curies":[{"name":"wp","href":"https:\/\/api.w.org\/{rel}","templated":true}]}}