{"id":1581,"date":"2023-03-20T10:01:06","date_gmt":"2023-03-20T09:01:06","guid":{"rendered":"https:\/\/www.camping-gien.com\/tourismus\/chatillon-coligny\/"},"modified":"2024-02-01T16:57:51","modified_gmt":"2024-02-01T15:57:51","slug":"chatillon-coligny","status":"publish","type":"page","link":"https:\/\/www.camping-gien.com\/de\/tourismus\/chatillon-coligny\/","title":{"rendered":"Ch\u00e2tillon Coligny"},"content":{"rendered":"\n<div class=\"wp-container-69f61e561e776 wp-block-group alignfull diaporama-header\"><div class=\"wp-block-group__inner-container\">\n<figure class=\"wp-block-gallery has-nested-images columns-default is-cropped\">\n<figure class=\"wp-block-image size-full\"><img width=\"1920\" height=\"780\" src=\"https:\/\/www.camping-gien.com\/wp-content\/uploads\/2023\/02\/banniere-accueil.png\" alt=\"\" class=\"wp-image-540\" srcset=\"https:\/\/www.camping-gien.com\/wp-content\/uploads\/2023\/02\/banniere-accueil.png 1920w, https:\/\/www.camping-gien.com\/wp-content\/uploads\/2023\/02\/banniere-accueil-300x122.png 300w, https:\/\/www.camping-gien.com\/wp-content\/uploads\/2023\/02\/banniere-accueil-1024x416.png 1024w, https:\/\/www.camping-gien.com\/wp-content\/uploads\/2023\/02\/banniere-accueil-768x312.png 768w, https:\/\/www.camping-gien.com\/wp-content\/uploads\/2023\/02\/banniere-accueil-1536x624.png 1536w\" sizes=\"(max-width: 1920px) 100vw, 1920px\" \/><\/figure>\n<\/figure>\n\n\n\n<div class=\"wp-container-69f61e561e471 wp-block-group\"><div class=\"wp-block-group__inner-container\">\n<h1 id=\"camping-gien-dans-le-loiret-bienvenue-au-camping-touristique-de-gien-2\">Ch\u00e2tillon Coligny<\/h1>\n<\/div><\/div>\n<\/div><\/div>\n\n<p>Blumendorf im Loiret eine Blume. Heimat der &#8222;COLIGNY&#8220; und der &#8222;BECQUEREL&#8220; Zuflucht der ersten Schriften von  <strong>COLETTE<\/strong>. Ch\u00e2tillon Coligny hat 3.000 Einwohner (mit Ste Genevi\u00e8ve des Bois) und liegt 23 km von Montargis und 135 km von Paris entfernt. Durch Ch\u00e2tillon- Coligny flie\u00dft der Loing und seit vier Jahrhunderten der Canal de Briare.<br\/>Die Landschaft besteht aus fruchtbaren, ziemlich bewaldeten Hochebenen, die von den T\u00e4lern des Long und seiner Nebenfl\u00fcsse unterbrochen werden. Seine Landschaft bietet au\u00dfergew\u00f6hnliche Jagd- und Angelgebiete.<\/p>\n\n<p><strong>Rundg\u00e4nge, Besichtigung der Altstadt<\/strong> individuell (kostenloses Faltblatt bei der O.T.) oder in Gruppen nach Vereinbarung. <strong>Besuch des historischen Parks<\/strong> individuell (siehe Kalender im O.T.) oder in RV.<\/p>\n\n<p>In der Altstadt: Kirche aus dem 16. und 17. Jh. und ihr separater Glockenturm, der auf einem Wehrturm (14. Jh.) errichtet wurde Ehemaliges H\u00f4tel-Dieu (Vorhalle aus dem 12. Jh.). Jh.), in dem das<strong> Drei-Sterne-Museum &#8222;Mus\u00e9e de France&#8220;<\/strong> untergebracht ist.  Reich an Arch\u00e4ologie (Mobiliar aus keltischen und barbarischen Gr\u00e4bern usw.), Geschichte (die Colignys, die Religionskriege, zahlreiche Schriften und Gem\u00e4lde), Wissenschaft (alles \u00fcber die Arbeit, die Entdeckungen und das Leben der vier Physiker Becquerel), Haus aus dem 16. Jh. (H\u00f6lle, Paradies, Salzspeicher), Mauern, Gr\u00e4ben und Verteidigungst\u00fcrme (14. Jh.). Park des Schlosses Coligny mit: Orangerie (die \u00e4lteste in Frankreich), Brunnen &#8222;Jean Goujon&#8220; und Treppe &#8222;de Cond\u00e9&#8220; aus dem 10. Jahrhundert, Bergfried (12. Jahrhundert) und Keller der alten Festung, schlie\u00dflich das Grabmal des Admirals Gaspard II de Coligny, der am Bartholom\u00e4ustag starb.<\/p>\n\n<p>Partnerstadt von Buurmalsen in den Niederlanden.<\/p>\n\n<div class=\"wp-container-69f61e561eae1 wp-block-buttons\">\n<div class=\"wp-block-button is-style-fill\"><a class=\"wp-block-button__link\" href=\"https:\/\/www.camping-gien.com\/de\/tourismus\/\">Zur\u00fcck in die Umgebung<\/a><\/div>\n<\/div>\n","protected":false},"excerpt":{"rendered":"<p>Ch\u00e2tillon Coligny Blumendorf im Loiret eine Blume. Heimat der &#8222;COLIGNY&#8220; und der &#8222;BECQUEREL&#8220; Zuflucht der ersten Schriften von COLETTE. Ch\u00e2tillon Coligny hat 3.000 Einwohner (mit Ste Genevi\u00e8ve des Bois) und liegt 23 km von Montargis und 135 km von Paris entfernt. Durch Ch\u00e2tillon- Coligny flie\u00dft der Loing und seit vier Jahrhunderten der Canal de Briare.Die [&hellip;]<\/p>\n","protected":false},"author":1,"featured_media":0,"parent":1515,"menu_order":0,"comment_status":"closed","ping_status":"closed","template":"","meta":[],"acf":[],"_links":{"self":[{"href":"https:\/\/www.camping-gien.com\/de\/wp-json\/wp\/v2\/pages\/1581"}],"collection":[{"href":"https:\/\/www.camping-gien.com\/de\/wp-json\/wp\/v2\/pages"}],"about":[{"href":"https:\/\/www.camping-gien.com\/de\/wp-json\/wp\/v2\/types\/page"}],"author":[{"embeddable":true,"href":"https:\/\/www.camping-gien.com\/de\/wp-json\/wp\/v2\/users\/1"}],"replies":[{"embeddable":true,"href":"https:\/\/www.camping-gien.com\/de\/wp-json\/wp\/v2\/comments?post=1581"}],"version-history":[{"count":3,"href":"https:\/\/www.camping-gien.com\/de\/wp-json\/wp\/v2\/pages\/1581\/revisions"}],"predecessor-version":[{"id":2552,"href":"https:\/\/www.camping-gien.com\/de\/wp-json\/wp\/v2\/pages\/1581\/revisions\/2552"}],"up":[{"embeddable":true,"href":"https:\/\/www.camping-gien.com\/de\/wp-json\/wp\/v2\/pages\/1515"}],"wp:attachment":[{"href":"https:\/\/www.camping-gien.com\/de\/wp-json\/wp\/v2\/media?parent=1581"}],"curies":[{"name":"wp","href":"https:\/\/api.w.org\/{rel}","templated":true}]}}