{"id":1543,"date":"2023-03-20T09:36:02","date_gmt":"2023-03-20T08:36:02","guid":{"rendered":"https:\/\/www.camping-gien.com\/tourismus\/schloss-von-gien\/"},"modified":"2024-02-01T16:46:46","modified_gmt":"2024-02-01T15:46:46","slug":"schloss-von-gien","status":"publish","type":"page","link":"https:\/\/www.camping-gien.com\/de\/tourismus\/schloss-von-gien\/","title":{"rendered":"Schloss von Gien"},"content":{"rendered":"\n<div class=\"wp-container-69f6167e64107 wp-block-group alignfull diaporama-header\"><div class=\"wp-block-group__inner-container\">\n<figure class=\"wp-block-gallery has-nested-images columns-default is-cropped\">\n<figure class=\"wp-block-image size-full\"><img width=\"1920\" height=\"780\" src=\"https:\/\/www.camping-gien.com\/wp-content\/uploads\/2023\/02\/banniere-accueil.png\" alt=\"\" class=\"wp-image-540\" srcset=\"https:\/\/www.camping-gien.com\/wp-content\/uploads\/2023\/02\/banniere-accueil.png 1920w, https:\/\/www.camping-gien.com\/wp-content\/uploads\/2023\/02\/banniere-accueil-300x122.png 300w, https:\/\/www.camping-gien.com\/wp-content\/uploads\/2023\/02\/banniere-accueil-1024x416.png 1024w, https:\/\/www.camping-gien.com\/wp-content\/uploads\/2023\/02\/banniere-accueil-768x312.png 768w, https:\/\/www.camping-gien.com\/wp-content\/uploads\/2023\/02\/banniere-accueil-1536x624.png 1536w\" sizes=\"(max-width: 1920px) 100vw, 1920px\" \/><\/figure>\n<\/figure>\n\n\n\n<div class=\"wp-container-69f6167e63e01 wp-block-group\"><div class=\"wp-block-group__inner-container\">\n<h1 id=\"camping-gien-dans-le-loiret-bienvenue-au-camping-touristique-de-gien-2\">Schloss von Gien<\/h1>\n<\/div><\/div>\n<\/div><\/div>\n\n<h2 id=\"decouvrez-le-chateau-musee-de-gien-dans-le-loiret\">Entdecken Sie das Schlossmuseum von Gien im D\u00e9partement Loiret<\/h2>\n\n<h3 id=\"le-chateau-de-gien-appartient-au-chateau-de-la-loire\">Das Schloss von Gien geh\u00f6rt zum Loire-Schloss<\/h3>\n\n<p>Dieses Schloss im Loiretal wurde Ende des XIV\u1d49 Jahrhunderts erbaut. Das im Zentrum von Gien und gegen\u00fcber dem Campingplatz gelegene Schloss von Gien geh\u00f6rt zu den <a href=\"https:\/\/www.camping-gien.com\/de\/camping-chateau-de-la-loire\/\" data-type=\"page\" data-id=\"1217\">Loire-Schl\u00f6ssern<\/a>. Als Beispiel f\u00fcr die franz\u00f6sische Vorrenaissance wurde das Schloss von Gien gebaut, bevor italienisierende Einfl\u00fcsse wie beim Schloss von Amboise und dem Schloss von Blois einsetzten.<\/p>\n\n<p>Das Schloss war w\u00e4hrend des 100-j\u00e4hrigen Krieges der Wohnsitz von Karl VII. und danach von Heinrich II., Katharina von Medici, Ludwig XIV. und Anna von \u00d6sterreich.<\/p>\n\n<p>Das Schloss von Gien ist auch ein Jagdmuseum. Hier k\u00f6nnen Sie sich \u00fcber die Flugjagd, die Hetzjagd und die Jagd mit Schusswaffen informieren.<\/p>\n\n<h2 id=\"les-animations-du-chateau-de-gien\">Animationen im Schloss von Gien<\/h2>\n\n<h3 id=\"visite-animee\"><strong>Animierter Rundgang<\/strong><\/h3>\n\n<p><strong>&#8222;Werde Naturforscher&#8220;<\/strong><br\/>Die F\u00fchrerin, die in die Rolle eines Naturforschers schl\u00fcpft, nimmt Eltern und Kinder mit auf eine Entdeckungsreise durch die Sammlungen. Der Besuch wird durch Animationen unterbrochen, bei denen die jungen Sch\u00fclerinnen und Sch\u00fcler Spielfragen beantworten m\u00fcssen. F\u00fcr jede richtige Antwort erhalten sie eine Stempelmarke. Um ihr Diplom als Schlossnaturforscher zu erhalten, m\u00fcssen sie so viele wie m\u00f6glich davon gesammelt haben.<\/p>\n\n<p><strong>\u00d6ffnungszeiten<\/strong><\/p>\n\n<ul><li>Im Februar, M\u00e4rz, Oktober, November und Dezember: ge\u00f6ffnet von 10-12 Uhr und 14-17 Uhr &#8211; dienstags geschlossen<\/li><li>Im April, Mai, Juni und September: 10-18 Uhr ge\u00f6ffnet &#8211; dienstags geschlossen<\/li><li>Im Juli und August: ge\u00f6ffnet von 10:00 bis 18:00 Uhr<\/li><li>j\u00e4hrliche Schlie\u00dfung: 25. Dezember und Januar<\/li><\/ul>\n\n<p><strong>Tarife<\/strong><\/p>\n\n<ul><li>Erwachsenentarif 5\u20ac<\/li><li>Preis f\u00fcr Kinder (6-17 Jahre):3,5\u20ac.<\/li><li>kostenlos f\u00fcr Kinder unter 6 Jahren<\/li><li>Erm\u00e4\u00dfigter Preis f\u00fcr Erwachsene, die ein Kind \u00fcber 6 Jahre begleiten, mittwochs<\/li><\/ul>\n\n<p>SCHLOSS VON GIEN &#8211; 45 500 GIEN<br\/><a href=\"https:\/\/www.chateaumuseegien.fr\/\" target=\"_blank\" rel=\"noreferrer noopener\">https:\/\/www.chateaumuseegien.fr\/<\/a><\/p>\n\n<h2 id=\"sejournez-au-camping-de-gien\">Aufenthalt auf dem Campingplatz in Gien<\/h2>\n\n<p>Nutzen Sie Ihren Aufenthalt im Herzen der Loire-Schl\u00f6sser, um auf unserem <a href=\"https:\/\/www.camping-gien.com\/de\/\" data-type=\"page\" data-id=\"5\">Campingplatz Loiret<\/a> in Poilly-lez-Gien zu \u00fcbernachten. Schlafen Sie in Mobilheimen oder sogar in <a href=\"https:\/\/www.camping-gien.com\/de\/vermietungen\/\" data-type=\"page\" data-id=\"597\">ungew\u00f6hnlichen Unterk\u00fcnften<\/a> und tauchen Sie in unser <a href=\"https:\/\/www.camping-gien.com\/de\/pool-strand\/\" data-type=\"page\" data-id=\"582\">beheiztes Schwimmbad<\/a> und seinen Strand ein, ohne die <a href=\"https:\/\/www.camping-gien.com\/de\/aktivitaeten\/\" data-type=\"page\" data-id=\"586\">Aktivit\u00e4ten<\/a> des Campingplatzes zu vergessen.<\/p>\n\n<div class=\"wp-container-69f6167e6459c wp-block-buttons\">\n<div class=\"wp-block-button is-style-fill\"><a class=\"wp-block-button__link\" href=\"https:\/\/www.camping-gien.com\/de\/tourismus\/\">Zur\u00fcck in die Umgebung<\/a><\/div>\n<\/div>\n","protected":false},"excerpt":{"rendered":"<p>Schloss von Gien Entdecken Sie das Schlossmuseum von Gien im D\u00e9partement Loiret Das Schloss von Gien geh\u00f6rt zum Loire-Schloss Dieses Schloss im Loiretal wurde Ende des XIV\u1d49 Jahrhunderts erbaut. Das im Zentrum von Gien und gegen\u00fcber dem Campingplatz gelegene Schloss von Gien geh\u00f6rt zu den Loire-Schl\u00f6ssern. Als Beispiel f\u00fcr die franz\u00f6sische Vorrenaissance wurde das Schloss [&hellip;]<\/p>\n","protected":false},"author":1,"featured_media":0,"parent":1515,"menu_order":0,"comment_status":"closed","ping_status":"closed","template":"","meta":[],"acf":[],"_links":{"self":[{"href":"https:\/\/www.camping-gien.com\/de\/wp-json\/wp\/v2\/pages\/1543"}],"collection":[{"href":"https:\/\/www.camping-gien.com\/de\/wp-json\/wp\/v2\/pages"}],"about":[{"href":"https:\/\/www.camping-gien.com\/de\/wp-json\/wp\/v2\/types\/page"}],"author":[{"embeddable":true,"href":"https:\/\/www.camping-gien.com\/de\/wp-json\/wp\/v2\/users\/1"}],"replies":[{"embeddable":true,"href":"https:\/\/www.camping-gien.com\/de\/wp-json\/wp\/v2\/comments?post=1543"}],"version-history":[{"count":2,"href":"https:\/\/www.camping-gien.com\/de\/wp-json\/wp\/v2\/pages\/1543\/revisions"}],"predecessor-version":[{"id":2525,"href":"https:\/\/www.camping-gien.com\/de\/wp-json\/wp\/v2\/pages\/1543\/revisions\/2525"}],"up":[{"embeddable":true,"href":"https:\/\/www.camping-gien.com\/de\/wp-json\/wp\/v2\/pages\/1515"}],"wp:attachment":[{"href":"https:\/\/www.camping-gien.com\/de\/wp-json\/wp\/v2\/media?parent=1543"}],"curies":[{"name":"wp","href":"https:\/\/api.w.org\/{rel}","templated":true}]}}