{"id":1535,"date":"2023-03-20T09:34:43","date_gmt":"2023-03-20T08:34:43","guid":{"rendered":"https:\/\/www.camping-gien.com\/tourismus\/schloss-blancafort\/"},"modified":"2024-02-01T16:45:40","modified_gmt":"2024-02-01T15:45:40","slug":"schloss-blancafort","status":"publish","type":"page","link":"https:\/\/www.camping-gien.com\/de\/tourismus\/schloss-blancafort\/","title":{"rendered":"Schloss Blancafort"},"content":{"rendered":"\n<div class=\"wp-container-69f3aebd0754e wp-block-group alignfull diaporama-header\"><div class=\"wp-block-group__inner-container\">\n<figure class=\"wp-block-gallery has-nested-images columns-default is-cropped\">\n<figure class=\"wp-block-image size-full\"><img width=\"1920\" height=\"780\" src=\"https:\/\/www.camping-gien.com\/wp-content\/uploads\/2023\/02\/banniere-accueil.png\" alt=\"\" class=\"wp-image-540\" srcset=\"https:\/\/www.camping-gien.com\/wp-content\/uploads\/2023\/02\/banniere-accueil.png 1920w, https:\/\/www.camping-gien.com\/wp-content\/uploads\/2023\/02\/banniere-accueil-300x122.png 300w, https:\/\/www.camping-gien.com\/wp-content\/uploads\/2023\/02\/banniere-accueil-1024x416.png 1024w, https:\/\/www.camping-gien.com\/wp-content\/uploads\/2023\/02\/banniere-accueil-768x312.png 768w, https:\/\/www.camping-gien.com\/wp-content\/uploads\/2023\/02\/banniere-accueil-1536x624.png 1536w\" sizes=\"(max-width: 1920px) 100vw, 1920px\" \/><\/figure>\n<\/figure>\n\n\n\n<div class=\"wp-container-69f3aebd07243 wp-block-group\"><div class=\"wp-block-group__inner-container\">\n<h1 id=\"camping-gien-dans-le-loiret-bienvenue-au-camping-touristique-de-gien-2\">Schloss Blancafort<\/h1>\n<\/div><\/div>\n<\/div><\/div>\n\n<h2 id=\"le-chateau-des-senteurs\">Das Schloss der D\u00fcfte<\/h2>\n\n<p>Perfekt in einen 20 Hektar gro\u00dfen Park integriert, 30 Minuten von Sancerre und seinen Weinbergen entfernt.<br\/>5 min von der Sorcellerie entfernt gelegen.<\/p>\n\n<p>Jahrhundert von der Familie Boucard an der Stelle einer alten Herrschaft errichtet, die bereits im 11. Jahrhundert bestand und im 17. Jahrhundert umgebaut wurde. Dieses befestigte Haus mit seinem sch\u00f6nen Ziegelsteinmauerwerk steht am Ufer des Sauldre-Kanals in einer angenehmen Lage, die durch einen franz\u00f6sischen Garten bereichert wird. Hier findet man sehr sch\u00f6ne M\u00f6bel und Wandteppiche aus dem 17. und 18.<\/p>\n\n<p><strong>Blancafort ist ein privates, bewohntes Schloss<\/strong>.<\/p>\n\n<p>Das Schloss Blancafort ist vom 1. Juni bis zum 30. September durchgehend von 10:00 bis 19:00 Uhr ge\u00f6ffnet.<br\/>Vom 1. April bis 31. Mai und vom 1. Oktober bis 31. Oktober von 10.00 bis 12.00 Uhr und 14.00 bis 18.30 Uhr (dienstags geschlossen).<br\/>Empfangsraum sichtbar und das ganze Jahr \u00fcber ge\u00f6ffnet.<br\/><a href=\"http:\/\/www.chateaublancafort.com\/\" target=\"_blank\" rel=\"noreferrer noopener\">www.chateaublancafort.com<\/a><\/p>\n\n<div class=\"wp-container-69f3aebd078cf wp-block-buttons\">\n<div class=\"wp-block-button is-style-fill\"><a class=\"wp-block-button__link\" href=\"https:\/\/www.camping-gien.com\/de\/tourismus\/\">Zur\u00fcck in die Umgebung<\/a><\/div>\n<\/div>\n","protected":false},"excerpt":{"rendered":"<p>Schloss Blancafort Das Schloss der D\u00fcfte Perfekt in einen 20 Hektar gro\u00dfen Park integriert, 30 Minuten von Sancerre und seinen Weinbergen entfernt.5 min von der Sorcellerie entfernt gelegen. Jahrhundert von der Familie Boucard an der Stelle einer alten Herrschaft errichtet, die bereits im 11. Jahrhundert bestand und im 17. Jahrhundert umgebaut wurde. Dieses befestigte Haus [&hellip;]<\/p>\n","protected":false},"author":1,"featured_media":0,"parent":1515,"menu_order":0,"comment_status":"closed","ping_status":"closed","template":"","meta":[],"acf":[],"_links":{"self":[{"href":"https:\/\/www.camping-gien.com\/de\/wp-json\/wp\/v2\/pages\/1535"}],"collection":[{"href":"https:\/\/www.camping-gien.com\/de\/wp-json\/wp\/v2\/pages"}],"about":[{"href":"https:\/\/www.camping-gien.com\/de\/wp-json\/wp\/v2\/types\/page"}],"author":[{"embeddable":true,"href":"https:\/\/www.camping-gien.com\/de\/wp-json\/wp\/v2\/users\/1"}],"replies":[{"embeddable":true,"href":"https:\/\/www.camping-gien.com\/de\/wp-json\/wp\/v2\/comments?post=1535"}],"version-history":[{"count":6,"href":"https:\/\/www.camping-gien.com\/de\/wp-json\/wp\/v2\/pages\/1535\/revisions"}],"predecessor-version":[{"id":2517,"href":"https:\/\/www.camping-gien.com\/de\/wp-json\/wp\/v2\/pages\/1535\/revisions\/2517"}],"up":[{"embeddable":true,"href":"https:\/\/www.camping-gien.com\/de\/wp-json\/wp\/v2\/pages\/1515"}],"wp:attachment":[{"href":"https:\/\/www.camping-gien.com\/de\/wp-json\/wp\/v2\/media?parent=1535"}],"curies":[{"name":"wp","href":"https:\/\/api.w.org\/{rel}","templated":true}]}}