{"id":1529,"date":"2023-03-20T09:32:52","date_gmt":"2023-03-20T08:32:52","guid":{"rendered":"https:\/\/www.camping-gien.com\/tourismus\/beaulieu-sur-loire\/"},"modified":"2024-02-01T16:41:09","modified_gmt":"2024-02-01T15:41:09","slug":"beaulieu-sur-loire","status":"publish","type":"page","link":"https:\/\/www.camping-gien.com\/de\/tourismus\/beaulieu-sur-loire\/","title":{"rendered":"Beaulieu-sur-Loire"},"content":{"rendered":"\n<div class=\"wp-container-69df16cf94c21 wp-block-group alignfull diaporama-header\"><div class=\"wp-block-group__inner-container\">\n<figure class=\"wp-block-gallery has-nested-images columns-default is-cropped\">\n<figure class=\"wp-block-image size-full\"><img width=\"1920\" height=\"780\" src=\"https:\/\/www.camping-gien.com\/wp-content\/uploads\/2023\/02\/banniere-accueil.png\" alt=\"\" class=\"wp-image-540\" srcset=\"https:\/\/www.camping-gien.com\/wp-content\/uploads\/2023\/02\/banniere-accueil.png 1920w, https:\/\/www.camping-gien.com\/wp-content\/uploads\/2023\/02\/banniere-accueil-300x122.png 300w, https:\/\/www.camping-gien.com\/wp-content\/uploads\/2023\/02\/banniere-accueil-1024x416.png 1024w, https:\/\/www.camping-gien.com\/wp-content\/uploads\/2023\/02\/banniere-accueil-768x312.png 768w, https:\/\/www.camping-gien.com\/wp-content\/uploads\/2023\/02\/banniere-accueil-1536x624.png 1536w\" sizes=\"(max-width: 1920px) 100vw, 1920px\" \/><\/figure>\n<\/figure>\n\n\n\n<div class=\"wp-container-69df16cf948f1 wp-block-group\"><div class=\"wp-block-group__inner-container\">\n<h1 id=\"camping-gien-dans-le-loiret-bienvenue-au-camping-touristique-de-gien-2\">Beaulieu sur Loire<\/h1>\n<\/div><\/div>\n<\/div><\/div>\n\n<p>Die Gemeinde mit \u00fcber 1700 Einwohnern und einer Fl\u00e4che von \u00fcber 4800 Hektar macht die Belloc\u00e9\u00e9ns gl\u00fccklich.<br\/>27 km von Gien und 74 km von Bourges entfernt&#8230; Dieses Dorf in der Region Centre wird Sie begeistern.<\/p>\n\n<p>Die 51 Weiler der Gemeinde sind von Wanderwegen durchzogen, auf denen Sie zu Fu\u00df, zu Pferd oder mit dem Fahrrad die Freuden des Wanderns genie\u00dfen k\u00f6nnen. Es gibt zahlreiche markierte Wanderwege, auf denen Sie die Landschaft von Belloc\u00e9ene erkunden k\u00f6nnen.<\/p>\n\n<p><strong>4 Rundwege f\u00fcr kleine Wanderungen<\/strong><br\/>Val de Loire und Kanal (17,5 km); Die Quellen (18 km); Der Teich (10,5 km) La Coul\u00e9es des Moulins (18 km).<br\/>Sentier Historique de la Vall\u00e9e des Rois (Historischer Pfad im Tal der K\u00f6nige) &#8211; \u00dcberqueren Sie die Loire-Br\u00fccke, um auf den GR 3 zu gelangen und nach Bonny-sur-Loire zur\u00fcckzukehren.<\/p>\n\n<p><strong>Auf die Fahrr\u00e4der!<\/strong><br\/>Die Route &#8222;la Loire \u00e0 v\u00e9lo&#8220; f\u00fchrt von Briare \u00fcber Beaulieu sur Loire nach Sancerre.<br\/>Verkehrsschilder markieren die Strecke in beide Richtungen. 44 km Stra\u00dfen und Wege f\u00fchren gr\u00f6\u00dftenteils an der Loire entlang.<br\/><strong>3 Thematische Rundg\u00e4nge<\/strong><br\/>Brunnen-Rundweg (19 km), Crus-Rundweg (19 km), Weiler-Rundweg (15 bis 30 km)<\/p>\n\n<div class=\"wp-container-69df16cf94fe4 wp-block-buttons\">\n<div class=\"wp-block-button is-style-fill\"><a class=\"wp-block-button__link\" href=\"https:\/\/www.camping-gien.com\/de\/tourismus\/\">Zur\u00fcck in die Umgebung<\/a><\/div>\n<\/div>\n","protected":false},"excerpt":{"rendered":"<p>Beaulieu sur Loire Die Gemeinde mit \u00fcber 1700 Einwohnern und einer Fl\u00e4che von \u00fcber 4800 Hektar macht die Belloc\u00e9\u00e9ns gl\u00fccklich.27 km von Gien und 74 km von Bourges entfernt&#8230; Dieses Dorf in der Region Centre wird Sie begeistern. Die 51 Weiler der Gemeinde sind von Wanderwegen durchzogen, auf denen Sie zu Fu\u00df, zu Pferd oder [&hellip;]<\/p>\n","protected":false},"author":1,"featured_media":0,"parent":1515,"menu_order":0,"comment_status":"closed","ping_status":"closed","template":"","meta":[],"acf":[],"_links":{"self":[{"href":"https:\/\/www.camping-gien.com\/de\/wp-json\/wp\/v2\/pages\/1529"}],"collection":[{"href":"https:\/\/www.camping-gien.com\/de\/wp-json\/wp\/v2\/pages"}],"about":[{"href":"https:\/\/www.camping-gien.com\/de\/wp-json\/wp\/v2\/types\/page"}],"author":[{"embeddable":true,"href":"https:\/\/www.camping-gien.com\/de\/wp-json\/wp\/v2\/users\/1"}],"replies":[{"embeddable":true,"href":"https:\/\/www.camping-gien.com\/de\/wp-json\/wp\/v2\/comments?post=1529"}],"version-history":[{"count":4,"href":"https:\/\/www.camping-gien.com\/de\/wp-json\/wp\/v2\/pages\/1529\/revisions"}],"predecessor-version":[{"id":2502,"href":"https:\/\/www.camping-gien.com\/de\/wp-json\/wp\/v2\/pages\/1529\/revisions\/2502"}],"up":[{"embeddable":true,"href":"https:\/\/www.camping-gien.com\/de\/wp-json\/wp\/v2\/pages\/1515"}],"wp:attachment":[{"href":"https:\/\/www.camping-gien.com\/de\/wp-json\/wp\/v2\/media?parent=1529"}],"curies":[{"name":"wp","href":"https:\/\/api.w.org\/{rel}","templated":true}]}}