{"id":1515,"date":"2023-03-20T09:31:38","date_gmt":"2023-03-20T08:31:38","guid":{"rendered":"https:\/\/www.camping-gien.com\/tourismus\/"},"modified":"2024-02-01T16:38:04","modified_gmt":"2024-02-01T15:38:04","slug":"tourismus","status":"publish","type":"page","link":"https:\/\/www.camping-gien.com\/de\/tourismus\/","title":{"rendered":"Tourismus"},"content":{"rendered":"\n<div class=\"wp-container-69e1f0cc64dad wp-block-group alignfull diaporama-header\"><div class=\"wp-block-group__inner-container\">\n<figure class=\"wp-block-gallery has-nested-images columns-default is-cropped\">\n<figure class=\"wp-block-image size-full\"><img width=\"2000\" height=\"560\" src=\"https:\/\/www.camping-gien.com\/wp-content\/uploads\/2023\/02\/camping-nature-loire-1.jpg\" alt=\"\" class=\"wp-image-959\" srcset=\"https:\/\/www.camping-gien.com\/wp-content\/uploads\/2023\/02\/camping-nature-loire-1.jpg 2000w, https:\/\/www.camping-gien.com\/wp-content\/uploads\/2023\/02\/camping-nature-loire-1-300x84.jpg 300w, https:\/\/www.camping-gien.com\/wp-content\/uploads\/2023\/02\/camping-nature-loire-1-1024x287.jpg 1024w, https:\/\/www.camping-gien.com\/wp-content\/uploads\/2023\/02\/camping-nature-loire-1-768x215.jpg 768w, https:\/\/www.camping-gien.com\/wp-content\/uploads\/2023\/02\/camping-nature-loire-1-1536x430.jpg 1536w\" sizes=\"(max-width: 2000px) 100vw, 2000px\" \/><\/figure>\n<\/figure>\n\n\n\n<div class=\"wp-container-69e1f0cc64a50 wp-block-group\"><div class=\"wp-block-group__inner-container\">\n<h1 id=\"camping-gien-dans-le-loiret-bienvenue-au-camping-touristique-de-gien-2\">Entdecken Sie die Umgebung <strong>unseres Campingplatzes Ch\u00e2teau de La Loire<\/strong><\/h1>\n<\/div><\/div>\n<\/div><\/div>\n\n\n\n<div class=\"wp-block-media-text alignfull is-stacked-on-mobile is-image-fill G-05 reverse-mob\"><figure class=\"wp-block-media-text__media\" style=\"background-image:url(https:\/\/www.camping-gien.com\/wp-content\/uploads\/2023\/02\/36559374521_fc80fd09e5_b.jpg);background-position:50% 50%\"><img width=\"1024\" height=\"684\" src=\"https:\/\/www.camping-gien.com\/wp-content\/uploads\/2023\/02\/36559374521_fc80fd09e5_b.jpg\" alt=\"\" class=\"wp-image-1078 size-full\" srcset=\"https:\/\/www.camping-gien.com\/wp-content\/uploads\/2023\/02\/36559374521_fc80fd09e5_b.jpg 1024w, https:\/\/www.camping-gien.com\/wp-content\/uploads\/2023\/02\/36559374521_fc80fd09e5_b-300x200.jpg 300w, https:\/\/www.camping-gien.com\/wp-content\/uploads\/2023\/02\/36559374521_fc80fd09e5_b-768x513.jpg 768w\" sizes=\"(max-width: 1024px) 100vw, 1024px\" \/><\/figure><div class=\"wp-block-media-text__content\">\n<h2 id=\"decouvrez-la-region-de-notre-camping-chateau-de-la-loire\">Entdecken Sie die Region unseres Campingplatzes Ch\u00e2teau de la Loire<\/h2>\n\n\n\n<h3 id=\"sur-la-loire\">An der Loire<\/h3>\n\n\n\n<p>Die Boote der &#8222;Mariniers de Loire&#8220;, Caban\u00e9es und Futreaux lassen die Ufer dieses Flusses mit seinem anerkannten Charme lebendig werden und die N\u00e4he von  <a href=\"https:\/\/www.camping-gien.com\/de\/tourismus\/besuch-von-briare\/\" data-type=\"page\">Briare-Kanal<\/a>  und seiner ber\u00fchmten Kanalbr\u00fccke verst\u00e4rken die Anziehungskraft f\u00fcr Aktivit\u00e4ten &#8222;auf dem Wasser&#8220; mit seinen Fahrten mit dem &#8222;bateau-mouche&#8220; und dem Passieren von Schleusen.<\/p>\n\n\n\n<div class=\"wp-block-group lire-plus-mobile\"><div class=\"wp-block-group__inner-container\">\n<p>Lesen Sie mehr<\/p>\n\n\n\n<div class=\"wp-container-69e1f0cc651c6 wp-block-group\"><div class=\"wp-block-group__inner-container\">\n<p>Auch die Schleuse von Mantelot in <a href=\"https:\/\/www.camping-gien.com\/de\/tourismus\/chatillon-sur-loire\/\" data-type=\"page\">Ch\u00e2tillon sur Loire<\/a>, die zum UNESCO-Weltkulturerbe geh\u00f6rt, geh\u00f6rt zu den Sehensw\u00fcrdigkeiten, die Sie unbedingt entdecken sollten. Der Etang du Puits (30 km entfernt) ist im Sommer ein beliebter Wassersport- und Badeplatz.<\/p>\n\n\n\n<p>Entdecken Sie in der Umgebung auch die wundersch\u00f6nen St\u00e4dte <a href=\"https:\/\/www.camping-gien.com\/de\/tourismus\/besuch-von-rogny-les-sept-ecluses\/\" data-type=\"page\">Rogny-les-sept-Ecluses<\/a>, <a href=\"https:\/\/www.camping-gien.com\/de\/tourismus\/beaulieu-sur-loire\/\" data-type=\"page\">Beaulieu-sur-Loire<\/a> oder <a href=\"https:\/\/www.camping-gien.com\/de\/tourismus\/aubigny-sur-nere\/\" data-type=\"page\">Aubigny-sur-N\u00e8re<\/a>.<\/p>\n\n\n\n<h3 id=\"gastronomie-au-bord-de-la-loire\">Gastronomie an der Loire<\/h3>\n\n\n\n<p>Wenn man von Gastronomie spricht, denkt man an die bekannten Weine (<a href=\"https:\/\/www.camping-gien.com\/de\/tourismus\/besichtigung-van-sancerre\/\" data-type=\"page\">Sancerre<\/a> (Coteaux du Giennois, Pouilly, Menetou-Salon usw.), K\u00e4se (Crotins de Chavignol), ber\u00fchmte S\u00fc\u00dfigkeiten (Tarte Tatin, Sabl\u00e9s de <a href=\"https:\/\/www.camping-gien.com\/de\/tourismus\/besuch-von-nancay\/\" data-type=\"page\">Nancay<\/a>, Croquets de Sancerre et du Berry &#8230;), denkt man auch an Fisch (Zander aus der Loire) oder Wild (in der Saison).<\/p>\n\n\n\n<p>Angler werden die &#8222;richtigen Stellen&#8220; finden, sei es an der Loire oder in den zahlreichen Teichen in der Umgebung, wo man &#8222;tageweise&#8220; angeln kann.<\/p>\n<\/div><\/div>\n<\/div><\/div>\n<\/div><\/div>\n\n\n\n<div class=\"wp-block-columns alignfull G-10\">\n<div class=\"wp-block-column\">\n<h2 id=\"camping-gien-dans-le-loiret-bienvenue-au-camping-touristique-de-gien-1\">Welches Schloss an der Loire soll man w\u00e4hlen?<\/h2>\n\n\n\n<h3 id=\"camping-gien-dans-le-loiret-bienvenue-au-camping-touristique-de-gien-1\">Schloss Chenonceau, Schloss Chambord usw.<\/h3>\n\n\n\n<p>Die Loire-Region ist bekannt f\u00fcr ihre majest\u00e4tischen Schl\u00f6sser: das Schloss Chambord, Chinon, Luc\u00e9, Chaumont sur Loire oder auch das Schloss Chenonceaux, das Schloss Cheverny&#8230; aber auch die <a href=\"https:\/\/www.camping-gien.com\/de\/tourismus\/guedelon\/\" data-type=\"page\">Festung Gu\u00e9delon<\/a>, das Schloss <a href=\"https:\/\/www.camping-gien.com\/de\/tourismus\/schloss-pont-chevron\/\" data-type=\"page\">Pont Chevron<\/a> oder das Schloss <a href=\"https:\/\/www.camping-gien.com\/de\/tourismus\/schloss-st-fargeau\/\" data-type=\"page\">St Fargeau<\/a>.<\/p>\n\n\n\n<div class=\"wp-block-group lire-plus-mobile\"><div class=\"wp-block-group__inner-container\">\n<p>Lesen Sie mehr<\/p>\n\n\n\n<div class=\"wp-container-69e1f0cc65646 wp-block-group\"><div class=\"wp-block-group__inner-container\">\n<p>Wundersch\u00f6ne Schl\u00f6sser, die uns in die Geschichte Frankreichs entf\u00fchren. Das Loiretal ist eine der sch\u00f6nsten Regionen Frankreichs und ein beliebtes Reiseziel.<\/p>\n\n\n\n<p>Sie k\u00f6nnen von unserem Campingplatz aus auch einen Spaziergang machen, <a href=\"https:\/\/www.camping-gien.com\/de\/tourismus\/besichtigung-von-gien\/\" data-type=\"page\">um Gien zu entdecken<\/a> und das Schloss zu besichtigen, das die Loire dominiert!<\/p>\n\n\n\n<p>Unsere Schl\u00f6sser sind etwas weniger bekannt als die gro\u00dfen Schl\u00f6sser wie Uss\u00e9, Amboise und Azay Le Rideau. Um sie zu entdecken, ist dies m\u00f6glich und nur 1,5 Stunden von unserem Campingplatz Gien entfernt. Auf Sie warten die ber\u00fchmten Loire-Schl\u00f6sser, schon allein ihre Namen regen zum Tr\u00e4umen an: Schloss Chaumont, Schloss Amboise, Schloss Villandry, Blois etc.<\/p>\n<\/div><\/div>\n<\/div><\/div>\n<\/div>\n\n\n\n<div class=\"wp-block-column\">\n<figure class=\"wp-block-gallery has-nested-images columns-2 is-cropped diaporama-mob\">\n<figure class=\"wp-block-image size-large\"><img width=\"1024\" height=\"683\" src=\"https:\/\/www.camping-gien.com\/wp-content\/uploads\/2023\/02\/dorian-mongel-X8bwXanmSOo-unsplash-1024x683.jpg\" alt=\"\" class=\"wp-image-1082\" srcset=\"https:\/\/www.camping-gien.com\/wp-content\/uploads\/2023\/02\/dorian-mongel-X8bwXanmSOo-unsplash-1024x683.jpg 1024w, https:\/\/www.camping-gien.com\/wp-content\/uploads\/2023\/02\/dorian-mongel-X8bwXanmSOo-unsplash-300x200.jpg 300w, https:\/\/www.camping-gien.com\/wp-content\/uploads\/2023\/02\/dorian-mongel-X8bwXanmSOo-unsplash-768x512.jpg 768w, https:\/\/www.camping-gien.com\/wp-content\/uploads\/2023\/02\/dorian-mongel-X8bwXanmSOo-unsplash-1536x1024.jpg 1536w, https:\/\/www.camping-gien.com\/wp-content\/uploads\/2023\/02\/dorian-mongel-X8bwXanmSOo-unsplash-2048x1365.jpg 2048w\" sizes=\"(max-width: 1024px) 100vw, 1024px\" \/><\/figure>\n\n\n\n<figure class=\"wp-block-image size-large\"><img width=\"1024\" height=\"683\" src=\"https:\/\/www.camping-gien.com\/wp-content\/uploads\/2023\/02\/guillaume-techer-lR_RlVRHmkU-unsplash-1024x683.jpg\" alt=\"\" class=\"wp-image-1086\" srcset=\"https:\/\/www.camping-gien.com\/wp-content\/uploads\/2023\/02\/guillaume-techer-lR_RlVRHmkU-unsplash-1024x683.jpg 1024w, https:\/\/www.camping-gien.com\/wp-content\/uploads\/2023\/02\/guillaume-techer-lR_RlVRHmkU-unsplash-300x200.jpg 300w, https:\/\/www.camping-gien.com\/wp-content\/uploads\/2023\/02\/guillaume-techer-lR_RlVRHmkU-unsplash-768x512.jpg 768w, https:\/\/www.camping-gien.com\/wp-content\/uploads\/2023\/02\/guillaume-techer-lR_RlVRHmkU-unsplash-1536x1024.jpg 1536w, https:\/\/www.camping-gien.com\/wp-content\/uploads\/2023\/02\/guillaume-techer-lR_RlVRHmkU-unsplash-2048x1365.jpg 2048w\" sizes=\"(max-width: 1024px) 100vw, 1024px\" \/><\/figure>\n<\/figure>\n<\/div>\n<\/div>\n\n\n\n<div class=\"wp-block-cover alignfull is-light deco--vague G-20\"><span aria-hidden=\"true\" class=\"wp-block-cover__gradient-background has-background-dim\"><\/span><img width=\"2560\" height=\"1468\" class=\"wp-block-cover__image-background wp-image-1090\" alt=\"\" src=\"https:\/\/www.camping-gien.com\/wp-content\/uploads\/2023\/02\/Chateau_de_Gien-112-Loire-2008-gje-scaled.jpg\" data-object-fit=\"cover\" srcset=\"https:\/\/www.camping-gien.com\/wp-content\/uploads\/2023\/02\/Chateau_de_Gien-112-Loire-2008-gje-scaled.jpg 2560w, https:\/\/www.camping-gien.com\/wp-content\/uploads\/2023\/02\/Chateau_de_Gien-112-Loire-2008-gje-300x172.jpg 300w, https:\/\/www.camping-gien.com\/wp-content\/uploads\/2023\/02\/Chateau_de_Gien-112-Loire-2008-gje-1024x587.jpg 1024w, https:\/\/www.camping-gien.com\/wp-content\/uploads\/2023\/02\/Chateau_de_Gien-112-Loire-2008-gje-768x440.jpg 768w, https:\/\/www.camping-gien.com\/wp-content\/uploads\/2023\/02\/Chateau_de_Gien-112-Loire-2008-gje-1536x881.jpg 1536w, https:\/\/www.camping-gien.com\/wp-content\/uploads\/2023\/02\/Chateau_de_Gien-112-Loire-2008-gje-2048x1174.jpg 2048w\" sizes=\"(max-width: 2560px) 100vw, 2560px\" \/><div class=\"wp-block-cover__inner-container\">\n<div class=\"wp-block-media-text alignwide has-media-on-the-right is-stacked-on-mobile\"><figure class=\"wp-block-media-text__media\"><img width=\"1024\" height=\"681\" src=\"https:\/\/www.camping-gien.com\/wp-content\/uploads\/2023\/02\/Gien_-_Le_Chateau_01-1024x681.jpg\" alt=\"\" class=\"wp-image-1094 size-full\" srcset=\"https:\/\/www.camping-gien.com\/wp-content\/uploads\/2023\/02\/Gien_-_Le_Chateau_01-1024x681.jpg 1024w, https:\/\/www.camping-gien.com\/wp-content\/uploads\/2023\/02\/Gien_-_Le_Chateau_01-300x200.jpg 300w, https:\/\/www.camping-gien.com\/wp-content\/uploads\/2023\/02\/Gien_-_Le_Chateau_01-768x511.jpg 768w, https:\/\/www.camping-gien.com\/wp-content\/uploads\/2023\/02\/Gien_-_Le_Chateau_01-1536x1022.jpg 1536w, https:\/\/www.camping-gien.com\/wp-content\/uploads\/2023\/02\/Gien_-_Le_Chateau_01-2048x1363.jpg 2048w\" sizes=\"(max-width: 1024px) 100vw, 1024px\" \/><\/figure><div class=\"wp-block-media-text__content\">\n<h2 id=\"camping-gien-et-son-chateau\">Campingplatz Gien und sein Schloss<\/h2>\n\n\n\n<p>Gien, wegen seiner Architektur &#8222;Perle des Wiederaufbaus&#8220; genannt, ist auch f\u00fcr seine Fayencerie (Museum und Fabrikverkauf) und sein Schloss ber\u00fchmt.<\/p>\n\n\n\n<p>Das Schloss von Gien ist das 1. Loire-Schloss aus roten Backsteinen und beherbergt u. a. das Jagdmuseum mit seinem ber\u00fchmten Troph\u00e4ensaal und seinem Dachstuhl in Form eines umgedrehten Schiffsrumpfes.<\/p>\n\n\n\n<p>Die vollst\u00e4ndig wiederaufgebaute Kirche, die ebenfalls aus roten Backsteinen errichtet wurde, ist einen Besuch wert.<\/p>\n<\/div><\/div>\n<\/div><\/div>\n\n\n\n<div class=\"wp-block-columns alignfull are-vertically-aligned-center G-25\">\n<div class=\"wp-block-column is-vertically-aligned-center\">\n<h2 id=\"quel-chateau-de-loire-visiter-depuis-le-camping-gien\">Welches Schloss an der Loire kann man vom Campingplatz Gien aus besichtigen?<\/h2>\n\n\n\n<p>Zug\u00e4nglicher und weniger touristisch sind die Schl\u00f6sser der Loire rund um unseren Campingplatz im Loiret, die einen Umweg wert sind.<\/p>\n\n\n\n<div class=\"wp-block-group lire-plus-mobile\"><div class=\"wp-block-group__inner-container\">\n<p>Lesen Sie mehr<\/p>\n\n\n\n<div class=\"wp-container-69e1f0cc65bf5 wp-block-group\"><div class=\"wp-block-group__inner-container\">\n<p>Unser Campingplatz Gien ist ideal gelegen, gegen\u00fcber dem Schloss von Gien, aber auch in der N\u00e4he zahlreicher Geb\u00e4ude und <strong>Schl\u00f6sser der Loire<\/strong> mit verschiedenen Stilen und Epochen. In der N\u00e4he unseres Campingplatzes k\u00f6nnen Sie zahlreiche Schl\u00f6sser besichtigen oder bewundern:<\/p>\n\n\n\n<ul><li>Das <a rel=\"noreferrer noopener\" href=\"https:\/\/www.camping-gien.com\/de\/tourismus\/schloss-von-gien\/\" data-type=\"page\" target=\"_blank\">Schloss von Gien<\/a>, das die Stadt Gien \u00fcberragt,<\/li><li>Das Schloss von Saint-Brisson-sur-Loire, eine mittelalterliche Festung,<\/li><li>Das <a rel=\"noreferrer noopener\" href=\"https:\/\/www.camping-gien.com\/de\/tourismus\/schloss-sully\/\" data-type=\"page\" target=\"_blank\">Schloss von Sully<\/a> sur Loire, eines der Aush\u00e4ngeschilder des Loiret,<\/li><li>Das Schloss von Chamerolles mit der Promenade des Parfums,<\/li><li>Das <a href=\"https:\/\/www.camping-gien.com\/de\/tourismus\/schloss-la-bussiere\/\" data-type=\"page\">Schloss La Bussi\u00e8re<\/a> und seine achthundertj\u00e4hrige Geschichte,<\/li><li>Das <a href=\"https:\/\/www.camping-gien.com\/de\/tourismus\/schloss-blancafort\/\" data-type=\"page\" data-id=\"1535\">Schloss von Blancafort<\/a>, ein befestigtes Haus, das von einem franz\u00f6sischen Garten umgeben ist,<\/li><li>Ch\u00e2teau de la Valette, Ort der k\u00fcnstlerischen Gestaltung,<\/li><li><a href=\"https:\/\/www.camping-gien.com\/de\/tourismus\/chatillon-coligny\/\" data-type=\"page\">Ch\u00e2teau Coligny<\/a>, ein elegantes Geb\u00e4ude aus dem 19. Jahrhundert,<\/li><li>Kathedrale Sainte-Croix in Orl\u00e9ans<\/li><\/ul>\n<\/div><\/div>\n<\/div><\/div>\n<\/div>\n\n\n\n<div class=\"wp-block-column is-vertically-aligned-center\">\n<figure class=\"wp-block-gallery has-nested-images columns-default is-cropped diaporama--3\">\n<figure class=\"wp-block-image size-full\"><img width=\"1024\" height=\"437\" src=\"https:\/\/www.camping-gien.com\/wp-content\/uploads\/2023\/02\/52105217999_d3072c9422_b.jpg\" alt=\"\" class=\"wp-image-1098\" srcset=\"https:\/\/www.camping-gien.com\/wp-content\/uploads\/2023\/02\/52105217999_d3072c9422_b.jpg 1024w, https:\/\/www.camping-gien.com\/wp-content\/uploads\/2023\/02\/52105217999_d3072c9422_b-300x128.jpg 300w, https:\/\/www.camping-gien.com\/wp-content\/uploads\/2023\/02\/52105217999_d3072c9422_b-768x328.jpg 768w\" sizes=\"(max-width: 1024px) 100vw, 1024px\" \/><\/figure>\n\n\n\n<figure class=\"wp-block-image size-large\"><img width=\"1024\" height=\"683\" src=\"https:\/\/www.camping-gien.com\/wp-content\/uploads\/2023\/02\/pass-horizon-Mu-r2qgFtkg-unsplash-1024x683.jpg\" alt=\"\" class=\"wp-image-1102\" srcset=\"https:\/\/www.camping-gien.com\/wp-content\/uploads\/2023\/02\/pass-horizon-Mu-r2qgFtkg-unsplash-1024x683.jpg 1024w, https:\/\/www.camping-gien.com\/wp-content\/uploads\/2023\/02\/pass-horizon-Mu-r2qgFtkg-unsplash-300x200.jpg 300w, https:\/\/www.camping-gien.com\/wp-content\/uploads\/2023\/02\/pass-horizon-Mu-r2qgFtkg-unsplash-768x512.jpg 768w, https:\/\/www.camping-gien.com\/wp-content\/uploads\/2023\/02\/pass-horizon-Mu-r2qgFtkg-unsplash-1536x1024.jpg 1536w, https:\/\/www.camping-gien.com\/wp-content\/uploads\/2023\/02\/pass-horizon-Mu-r2qgFtkg-unsplash-2048x1365.jpg 2048w\" sizes=\"(max-width: 1024px) 100vw, 1024px\" \/><\/figure>\n\n\n\n<figure class=\"wp-block-image size-full\"><img width=\"1024\" height=\"680\" src=\"https:\/\/www.camping-gien.com\/wp-content\/uploads\/2023\/02\/8003561642_d2f63035db_b.jpg\" alt=\"\" class=\"wp-image-1118\" srcset=\"https:\/\/www.camping-gien.com\/wp-content\/uploads\/2023\/02\/8003561642_d2f63035db_b.jpg 1024w, https:\/\/www.camping-gien.com\/wp-content\/uploads\/2023\/02\/8003561642_d2f63035db_b-300x199.jpg 300w, https:\/\/www.camping-gien.com\/wp-content\/uploads\/2023\/02\/8003561642_d2f63035db_b-768x510.jpg 768w\" sizes=\"(max-width: 1024px) 100vw, 1024px\" \/><\/figure>\n\n\n\n<figure class=\"wp-block-image size-full\"><img width=\"1003\" height=\"1024\" src=\"https:\/\/www.camping-gien.com\/wp-content\/uploads\/2023\/02\/51411066190_6bd1ce2642_b.jpg\" alt=\"\" class=\"wp-image-1106\" srcset=\"https:\/\/www.camping-gien.com\/wp-content\/uploads\/2023\/02\/51411066190_6bd1ce2642_b.jpg 1003w, https:\/\/www.camping-gien.com\/wp-content\/uploads\/2023\/02\/51411066190_6bd1ce2642_b-294x300.jpg 294w, https:\/\/www.camping-gien.com\/wp-content\/uploads\/2023\/02\/51411066190_6bd1ce2642_b-768x784.jpg 768w\" sizes=\"(max-width: 1003px) 100vw, 1003px\" \/><\/figure>\n\n\n\n<figure class=\"wp-block-image size-full\"><img width=\"1024\" height=\"683\" src=\"https:\/\/www.camping-gien.com\/wp-content\/uploads\/2023\/02\/50535586723_8cfa531be4_b.jpg\" alt=\"\" class=\"wp-image-1122\" srcset=\"https:\/\/www.camping-gien.com\/wp-content\/uploads\/2023\/02\/50535586723_8cfa531be4_b.jpg 1024w, https:\/\/www.camping-gien.com\/wp-content\/uploads\/2023\/02\/50535586723_8cfa531be4_b-300x200.jpg 300w, https:\/\/www.camping-gien.com\/wp-content\/uploads\/2023\/02\/50535586723_8cfa531be4_b-768x512.jpg 768w\" sizes=\"(max-width: 1024px) 100vw, 1024px\" \/><\/figure>\n\n\n\n<figure class=\"wp-block-image size-full\"><img width=\"768\" height=\"1024\" src=\"https:\/\/www.camping-gien.com\/wp-content\/uploads\/2023\/02\/5923021477_b35bb14947_b.jpg\" alt=\"\" class=\"wp-image-1114\" srcset=\"https:\/\/www.camping-gien.com\/wp-content\/uploads\/2023\/02\/5923021477_b35bb14947_b.jpg 768w, https:\/\/www.camping-gien.com\/wp-content\/uploads\/2023\/02\/5923021477_b35bb14947_b-225x300.jpg 225w\" sizes=\"(max-width: 768px) 100vw, 768px\" \/><\/figure>\n<\/figure>\n\n\n\n<p><i class=\"fal fa-images\"><\/i> <a href=\"https:\/\/www.camping-gien.com\/de\/fotogalerie\/\" data-type=\"page\" data-id=\"592\">Fotogalerie<\/a><\/p>\n<\/div>\n<\/div>\n\n\n\n<div class=\"wp-block-cover alignfull is-light G-30\"><span aria-hidden=\"true\" class=\"wp-block-cover__gradient-background has-background-dim\"><\/span><img width=\"2112\" height=\"1461\" class=\"wp-block-cover__image-background wp-image-1110\" alt=\"\" src=\"https:\/\/www.camping-gien.com\/wp-content\/uploads\/2023\/02\/France_Loiret_Sully-sur-Loire_Chateau_01.jpg\" data-object-fit=\"cover\" srcset=\"https:\/\/www.camping-gien.com\/wp-content\/uploads\/2023\/02\/France_Loiret_Sully-sur-Loire_Chateau_01.jpg 2112w, https:\/\/www.camping-gien.com\/wp-content\/uploads\/2023\/02\/France_Loiret_Sully-sur-Loire_Chateau_01-300x208.jpg 300w, https:\/\/www.camping-gien.com\/wp-content\/uploads\/2023\/02\/France_Loiret_Sully-sur-Loire_Chateau_01-1024x708.jpg 1024w, https:\/\/www.camping-gien.com\/wp-content\/uploads\/2023\/02\/France_Loiret_Sully-sur-Loire_Chateau_01-768x531.jpg 768w, https:\/\/www.camping-gien.com\/wp-content\/uploads\/2023\/02\/France_Loiret_Sully-sur-Loire_Chateau_01-1536x1063.jpg 1536w, https:\/\/www.camping-gien.com\/wp-content\/uploads\/2023\/02\/France_Loiret_Sully-sur-Loire_Chateau_01-2048x1417.jpg 2048w\" sizes=\"(max-width: 2112px) 100vw, 2112px\" \/><div class=\"wp-block-cover__inner-container\">\n<h2 class=\"has-text-align-center has-blanc-color has-text-color\" id=\"quel-camping-choisir-pour-visiter-les-chateaux-de-la-loire\">Welchen Campingplatz sollte man w\u00e4hlen, um die Schl\u00f6sser der Loire zu besuchen?<\/h2>\n\n\n\n<p class=\"has-text-align-center has-blanc-color has-text-color\">Der Campingplatz Gien liegt am <a rel=\"noreferrer noopener\" href=\"https:\/\/www.camping-gien.com\/de\/camping-bord-de-loire\/\" data-type=\"page\" data-id=\"1150\" target=\"_blank\">Ufer der Loire<\/a> im Departement Loiret, 150 km von Paris entfernt, in der Region Centre Val de Loire.<\/p>\n\n\n\n<p class=\"has-text-align-center has-blanc-color has-text-color\">Wir bieten eine gro\u00dfe Auswahl an Unterk\u00fcnften auf unserem Campingplatz <a href=\"https:\/\/www.camping-gien.com\/de\/besuchen-sie-die-loiret\/\" data-type=\"page\">Loiret<\/a>. Von der Vermietung von Mobilheimen bis hin zu <a href=\"https:\/\/www.camping-gien.com\/de\/vermietungen\/\">ungew\u00f6hnlichen Unterk\u00fcnften<\/a> finden Sie hier die passende Unterkunft. \u00dcbernachten Sie in ungew\u00f6hnlichen Unterk\u00fcnften f\u00fcr einen originellen Aufenthalt in Zigeunerwagen, Kanadazelten und Le Nid-Zelten und begeben Sie sich auf die Entdeckung der K\u00f6nige von Frankreich.<\/p>\n\n\n\n<div class=\"wp-block-group lire-plus-mobile\"><div class=\"wp-block-group__inner-container\">\n<p class=\"has-text-align-center has-blanc-color has-text-color\">Lesen Sie mehr<\/p>\n\n\n\n<div class=\"wp-container-69e1f0cc661b5 wp-block-group\"><div class=\"wp-block-group__inner-container\">\n<p class=\"has-text-align-center has-blanc-color has-text-color\">Der Campingplatz bietet ein <a href=\"https:\/\/www.camping-gien.com\/de\/pool-strand\/\" data-type=\"page\" data-id=\"582\">beheiztes Schwimmbad<\/a> und seinen Strand gegen\u00fcber dem Schloss von Gien sowie ein <a href=\"https:\/\/www.camping-gien.com\/de\/aktivitaeten\/\" data-type=\"page\" data-id=\"586\">Freizeitprogramm<\/a> f\u00fcr Erwachsene und Kinder: Minigolf, Tischtennis, Fitness im Freien etc.<\/p>\n\n\n\n<p class=\"has-text-align-center has-blanc-color has-text-color\">Um sich zu verpflegen, finden Sie in der N\u00e4he unseres Campingplatzes: ein Restaurant, das traditionelle franz\u00f6sische K\u00fcche serviert, und ein Lebensmittelgesch\u00e4ft, das 20 Meter vom Campingplatz entfernt ist. Sie k\u00f6nnen auch Fahrradtouren unternehmen, um die Loire \u00e0 v\u00e9lo zu entdecken, eine Fahrradroute entlang der Loire, auf der Sie die Schl\u00f6sser der Loire, die Weinberge und die Ufer der Loire entdecken k\u00f6nnen.<\/p>\n<\/div><\/div>\n<\/div><\/div>\n<\/div><\/div>\n","protected":false},"excerpt":{"rendered":"<p>Entdecken Sie die Umgebung unseres Campingplatzes Ch\u00e2teau de La Loire Welches Schloss an der Loire soll man w\u00e4hlen? Schloss Chenonceau, Schloss Chambord usw. Die Loire-Region ist bekannt f\u00fcr ihre majest\u00e4tischen Schl\u00f6sser: das Schloss Chambord, Chinon, Luc\u00e9, Chaumont sur Loire oder auch das Schloss Chenonceaux, das Schloss Cheverny&#8230; aber auch die Festung Gu\u00e9delon, das Schloss Pont [&hellip;]<\/p>\n","protected":false},"author":1,"featured_media":0,"parent":0,"menu_order":0,"comment_status":"closed","ping_status":"closed","template":"","meta":[],"acf":[],"_links":{"self":[{"href":"https:\/\/www.camping-gien.com\/de\/wp-json\/wp\/v2\/pages\/1515"}],"collection":[{"href":"https:\/\/www.camping-gien.com\/de\/wp-json\/wp\/v2\/pages"}],"about":[{"href":"https:\/\/www.camping-gien.com\/de\/wp-json\/wp\/v2\/types\/page"}],"author":[{"embeddable":true,"href":"https:\/\/www.camping-gien.com\/de\/wp-json\/wp\/v2\/users\/1"}],"replies":[{"embeddable":true,"href":"https:\/\/www.camping-gien.com\/de\/wp-json\/wp\/v2\/comments?post=1515"}],"version-history":[{"count":6,"href":"https:\/\/www.camping-gien.com\/de\/wp-json\/wp\/v2\/pages\/1515\/revisions"}],"predecessor-version":[{"id":2486,"href":"https:\/\/www.camping-gien.com\/de\/wp-json\/wp\/v2\/pages\/1515\/revisions\/2486"}],"wp:attachment":[{"href":"https:\/\/www.camping-gien.com\/de\/wp-json\/wp\/v2\/media?parent=1515"}],"curies":[{"name":"wp","href":"https:\/\/api.w.org\/{rel}","templated":true}]}}