{"id":1506,"date":"2023-03-20T09:26:07","date_gmt":"2023-03-20T08:26:07","guid":{"rendered":"https:\/\/www.camping-gien.com\/dienste\/"},"modified":"2024-02-01T16:35:14","modified_gmt":"2024-02-01T15:35:14","slug":"dienste","status":"publish","type":"page","link":"https:\/\/www.camping-gien.com\/de\/dienste\/","title":{"rendered":"Dienste"},"content":{"rendered":"\n<div class=\"wp-container-69f36bb9e5178 wp-block-group alignfull diaporama-header\"><div class=\"wp-block-group__inner-container\">\n<figure class=\"wp-block-gallery has-nested-images columns-default is-cropped\">\n<figure class=\"wp-block-image size-full\"><img width=\"1600\" height=\"1200\" src=\"https:\/\/www.camping-gien.com\/wp-content\/uploads\/2024\/01\/PHOTO-2024-01-31-15-07-38.jpg\" alt=\"\" class=\"wp-image-2237\" srcset=\"https:\/\/www.camping-gien.com\/wp-content\/uploads\/2024\/01\/PHOTO-2024-01-31-15-07-38.jpg 1600w, https:\/\/www.camping-gien.com\/wp-content\/uploads\/2024\/01\/PHOTO-2024-01-31-15-07-38-300x225.jpg 300w, https:\/\/www.camping-gien.com\/wp-content\/uploads\/2024\/01\/PHOTO-2024-01-31-15-07-38-1024x768.jpg 1024w, https:\/\/www.camping-gien.com\/wp-content\/uploads\/2024\/01\/PHOTO-2024-01-31-15-07-38-768x576.jpg 768w, https:\/\/www.camping-gien.com\/wp-content\/uploads\/2024\/01\/PHOTO-2024-01-31-15-07-38-1536x1152.jpg 1536w\" sizes=\"(max-width: 1600px) 100vw, 1600px\" \/><\/figure>\n<\/figure>\n\n\n\n<div class=\"wp-container-69f36bb9e4e7c wp-block-group\"><div class=\"wp-block-group__inner-container\">\n<h1 id=\"camping-gien-dans-le-loiret-bienvenue-au-camping-touristique-de-gien-2\">Die hochwertigen Dienstleistungen <strong>unseres Campingplatzes w\u00e4hrend Ihres Aufenthalts in der N\u00e4he von Gien<\/strong><\/h1>\n<\/div><\/div>\n<\/div><\/div>\n\n\n\n<div class=\"wp-block-media-text alignfull is-stacked-on-mobile is-image-fill G-05 reverse-mob\"><figure class=\"wp-block-media-text__media\" style=\"background-image:url(https:\/\/www.camping-gien.com\/wp-content\/uploads\/2023\/02\/1638175433269-760x520-1.jpg);background-position:50% 50%\"><img width=\"760\" height=\"520\" src=\"https:\/\/www.camping-gien.com\/wp-content\/uploads\/2023\/02\/1638175433269-760x520-1.jpg\" alt=\"\" class=\"wp-image-953 size-full\" srcset=\"https:\/\/www.camping-gien.com\/wp-content\/uploads\/2023\/02\/1638175433269-760x520-1.jpg 760w, https:\/\/www.camping-gien.com\/wp-content\/uploads\/2023\/02\/1638175433269-760x520-1-300x205.jpg 300w\" sizes=\"(max-width: 760px) 100vw, 760px\" \/><\/figure><div class=\"wp-block-media-text__content\">\n<h2 id=\"pour-des-vacances-detendues-decouvrez-les-services-de-notre-camping-gien\">F\u00fcr einen entspannten Urlaub entdecken Sie die Dienstleistungen unseres Campingplatzes Gien<\/h2>\n\n\n\n<p>In der N\u00e4he des <strong>Schwimmbads,<\/strong> gegen\u00fcber dem Schloss und der alten Br\u00fccke, bietet Ihnen unser Bar-Restaurant &#8222;Port-Gallier&#8220;, das vom 1. Mai bis zum 30. September von 11 bis 22 Uhr ge\u00f6ffnet ist, einen sehr<strong> geselligen<\/strong> Rahmen f\u00fcr Ihre Entspannungsmomente.<\/p>\n\n\n\n<p>Hier werden Sie herzlich empfangen und es wird Ihnen eine gro\u00dfe Auswahl an Speisen und Getr\u00e4nken angeboten (Speisekarte, Tagesgericht, Pasta, Geb\u00e4ck, Eis usw.) , und das zu sehr g\u00fcnstigen Preisen.<\/p>\n\n\n\n<p>Die farbenfrohe und gem\u00fctliche Terrasse l\u00e4dt zum <strong>&#8222;Faulenzen&#8220;<\/strong> ein, w\u00e4hrend die Eltern oder Gro\u00dfeltern die Kinder und den<strong>Spielplatz<\/strong> im Auge behalten k\u00f6nnen.<\/p>\n\n\n\n<p><strong>Die Einrichtung ist f\u00fcr externe G\u00e4ste offen und erm\u00f6glicht so unerwartete und bereichernde Begegnungen.<\/strong><\/p>\n\n\n\n<p>Das Restaurant kann auf Vorbestellung Gruppen f\u00fcr Ihre Veranstaltungen empfangen.<\/p>\n<\/div><\/div>\n\n\n\n<div class=\"wp-block-columns alignfull G-35\">\n<div class=\"wp-block-column\">\n<h2 id=\"les-services-sur-place\">Dienstleistungen vor Ort<\/h2>\n\n\n\n<p>Unser <strong>Lebensmittelgesch\u00e4ft<\/strong> &#8222;SolBerVal&#8220; 20 Meter vom Campingplatz entfernt, ganzj\u00e4hrig ge\u00f6ffnet, wird Sie durch die Qualit\u00e4t und Vielfalt der frischen Produkte (Obst und Gem\u00fcse) und der <strong>regionale Spezialit\u00e4ten<\/strong> (Weine, K\u00e4se, Honig, Kuchen usw.) wir bieten Ihnen dort auch den Brotservice von Juni bis September an: ge\u00f6ffnet von Montag bis Samstag von 8 bis 12 Uhr und von 15 bis 19 Uhr; im Juli und August am Sonntagmorgen.<\/p>\n\n\n\n<ul class=\"pictos\"><li><i class=\"fal fa-wifi\"><\/i> <strong>Der Internetzugang<\/strong> ist auf dem gesamten Gel\u00e4nde kostenpflichtig.<\/li><li><i class=\"fal fa-washing-machine\"><\/i> <strong>Ein<\/strong> Waschsalon steht Ihnen zur Verf\u00fcgung: Waschmaschinen, Trockner, B\u00fcgelbrett: M\u00fcnzen k\u00f6nnen an der Rezeption gekauft werden.<\/li><li><i class=\"fal fa-snowflake\"><\/i> <strong>Eine Gefriertruhe<\/strong> f\u00fcr Ihr Eis ist in der W\u00e4scherei frei zug\u00e4nglich.<\/li><li><i class=\"fal fa-toilet\"><\/i> <strong>Die 2 Sanit\u00e4rbl\u00f6cke<\/strong> sind mit einer &#8222;Behinderten&#8220;-Kabine ausgestattet. In der Nebensaison ist nur ein Block ge\u00f6ffnet und beheizt.<\/li><li><i class=\"fal fa-rv\"><\/i> <strong>Ein Servicebereich f\u00fcr Wohnmobile<\/strong> befindet sich in der N\u00e4he des Waschsalons am Eingang des Gel\u00e4ndes; chemische Kassettenabfl\u00fcsse sind in den 2 wichtigsten Sanit\u00e4ranlagen installiert.<\/li><li><i class=\"fal fa-table-picnic\"><\/i> <strong>Picknicktische<\/strong> sorgen daf\u00fcr, dass die Wanderer ihre Rast in vollen Z\u00fcgen genie\u00dfen k\u00f6nnen.<\/li><\/ul>\n\n\n\n<p>Lebensmittelgesch\u00e4fte (B\u00e4cker, Wurstwarenh\u00e4ndler, Metzger) gibt es 5 Minuten zu Fu\u00df vom Campingplatz entfernt, ebenso wie eine Bar-Tabak-Presse.<\/p>\n\n\n\n<div class=\"wp-container-69f36bb9e5605 wp-block-buttons\">\n<div class=\"wp-block-button is-style-fill\"><a class=\"wp-block-button__link\" href=\"https:\/\/www.camping-gien.com\/de\/tourismus\/\">Umgebung ansehen<\/a><\/div>\n<\/div>\n<\/div>\n\n\n\n<div class=\"wp-block-column\">\n<figure class=\"wp-block-gallery has-nested-images columns-2 is-cropped diaporama-mob\">\n<figure class=\"wp-block-image size-full\"><img width=\"760\" height=\"520\" src=\"https:\/\/www.camping-gien.com\/wp-content\/uploads\/2023\/02\/restaurant-terrasse-camping-760x520-1.jpg\" alt=\"\" class=\"wp-image-949\" srcset=\"https:\/\/www.camping-gien.com\/wp-content\/uploads\/2023\/02\/restaurant-terrasse-camping-760x520-1.jpg 760w, https:\/\/www.camping-gien.com\/wp-content\/uploads\/2023\/02\/restaurant-terrasse-camping-760x520-1-300x205.jpg 300w\" sizes=\"(max-width: 760px) 100vw, 760px\" \/><\/figure>\n\n\n\n<figure class=\"wp-block-image size-full\"><img width=\"760\" height=\"520\" src=\"https:\/\/www.camping-gien.com\/wp-content\/uploads\/2023\/02\/bar-camping-gien-760x520-1.jpg\" alt=\"\" class=\"wp-image-929\" srcset=\"https:\/\/www.camping-gien.com\/wp-content\/uploads\/2023\/02\/bar-camping-gien-760x520-1.jpg 760w, https:\/\/www.camping-gien.com\/wp-content\/uploads\/2023\/02\/bar-camping-gien-760x520-1-300x205.jpg 300w\" sizes=\"(max-width: 760px) 100vw, 760px\" \/><\/figure>\n\n\n\n<figure class=\"wp-block-image size-full\"><img width=\"760\" height=\"520\" src=\"https:\/\/www.camping-gien.com\/wp-content\/uploads\/2023\/02\/epicerie-camping-gien-760x520-1.jpg\" alt=\"\" class=\"wp-image-933\" srcset=\"https:\/\/www.camping-gien.com\/wp-content\/uploads\/2023\/02\/epicerie-camping-gien-760x520-1.jpg 760w, https:\/\/www.camping-gien.com\/wp-content\/uploads\/2023\/02\/epicerie-camping-gien-760x520-1-300x205.jpg 300w\" sizes=\"(max-width: 760px) 100vw, 760px\" \/><\/figure>\n\n\n\n<figure class=\"wp-block-image size-full\"><img width=\"760\" height=\"520\" src=\"https:\/\/www.camping-gien.com\/wp-content\/uploads\/2023\/02\/magasin-camping-3etoiles-760x520-1.jpg\" alt=\"\" class=\"wp-image-941\" srcset=\"https:\/\/www.camping-gien.com\/wp-content\/uploads\/2023\/02\/magasin-camping-3etoiles-760x520-1.jpg 760w, https:\/\/www.camping-gien.com\/wp-content\/uploads\/2023\/02\/magasin-camping-3etoiles-760x520-1-300x205.jpg 300w\" sizes=\"(max-width: 760px) 100vw, 760px\" \/><\/figure>\n<\/figure>\n<\/div>\n<\/div>\n","protected":false},"excerpt":{"rendered":"<p>Die hochwertigen Dienstleistungen unseres Campingplatzes w\u00e4hrend Ihres Aufenthalts in der N\u00e4he von Gien F\u00fcr einen entspannten Urlaub entdecken Sie die Dienstleistungen unseres Campingplatzes Gien In der N\u00e4he des Schwimmbads, gegen\u00fcber dem Schloss und der alten Br\u00fccke, bietet Ihnen unser Bar-Restaurant &#8222;Port-Gallier&#8220;, das vom 1. Mai bis zum 30. September von 11 bis 22 Uhr ge\u00f6ffnet [&hellip;]<\/p>\n","protected":false},"author":1,"featured_media":0,"parent":0,"menu_order":0,"comment_status":"closed","ping_status":"closed","template":"","meta":[],"acf":[],"_links":{"self":[{"href":"https:\/\/www.camping-gien.com\/de\/wp-json\/wp\/v2\/pages\/1506"}],"collection":[{"href":"https:\/\/www.camping-gien.com\/de\/wp-json\/wp\/v2\/pages"}],"about":[{"href":"https:\/\/www.camping-gien.com\/de\/wp-json\/wp\/v2\/types\/page"}],"author":[{"embeddable":true,"href":"https:\/\/www.camping-gien.com\/de\/wp-json\/wp\/v2\/users\/1"}],"replies":[{"embeddable":true,"href":"https:\/\/www.camping-gien.com\/de\/wp-json\/wp\/v2\/comments?post=1506"}],"version-history":[{"count":6,"href":"https:\/\/www.camping-gien.com\/de\/wp-json\/wp\/v2\/pages\/1506\/revisions"}],"predecessor-version":[{"id":2482,"href":"https:\/\/www.camping-gien.com\/de\/wp-json\/wp\/v2\/pages\/1506\/revisions\/2482"}],"wp:attachment":[{"href":"https:\/\/www.camping-gien.com\/de\/wp-json\/wp\/v2\/media?parent=1506"}],"curies":[{"name":"wp","href":"https:\/\/api.w.org\/{rel}","templated":true}]}}