{"id":1500,"date":"2023-03-20T09:25:32","date_gmt":"2023-03-20T08:25:32","guid":{"rendered":"https:\/\/www.camping-gien.com\/pool-strand\/"},"modified":"2025-06-12T09:55:02","modified_gmt":"2025-06-12T07:55:02","slug":"pool-strand","status":"publish","type":"page","link":"https:\/\/www.camping-gien.com\/de\/pool-strand\/","title":{"rendered":"Pool &amp; Strand"},"content":{"rendered":"\n<div class=\"wp-container-6a0550173400e wp-block-group alignfull diaporama-header\"><div class=\"wp-block-group__inner-container\">\n<figure class=\"wp-block-gallery has-nested-images columns-default is-cropped\">\n<figure class=\"wp-block-image size-full\"><img width=\"1599\" height=\"900\" src=\"https:\/\/www.camping-gien.com\/wp-content\/uploads\/2024\/01\/plageee.jpeg\" alt=\"\" class=\"wp-image-2288\" srcset=\"https:\/\/www.camping-gien.com\/wp-content\/uploads\/2024\/01\/plageee.jpeg 1599w, https:\/\/www.camping-gien.com\/wp-content\/uploads\/2024\/01\/plageee-300x169.jpeg 300w, https:\/\/www.camping-gien.com\/wp-content\/uploads\/2024\/01\/plageee-1024x576.jpeg 1024w, https:\/\/www.camping-gien.com\/wp-content\/uploads\/2024\/01\/plageee-768x432.jpeg 768w, https:\/\/www.camping-gien.com\/wp-content\/uploads\/2024\/01\/plageee-1536x864.jpeg 1536w\" sizes=\"(max-width: 1599px) 100vw, 1599px\" \/><\/figure>\n<\/figure>\n\n\n\n<div class=\"wp-container-6a05501733cae wp-block-group\"><div class=\"wp-block-group__inner-container\">\n<h1 id=\"camping-gien-dans-le-loiret-bienvenue-au-camping-touristique-de-gien-2\">Campingplatz an der Loire mit Schwimmbad, <strong>in Gien im Loiret (45)<\/strong><\/h1>\n<\/div><\/div>\n<\/div><\/div>\n\n\n\n<div class=\"wp-block-media-text alignfull is-stacked-on-mobile is-image-fill G-05 reverse-mob\"><figure class=\"wp-block-media-text__media\" style=\"background-image:url(https:\/\/www.camping-gien.com\/wp-content\/uploads\/2023\/02\/camping-3etoiles-piscine-760x520-1.jpg);background-position:50% 50%\"><img width=\"760\" height=\"520\" src=\"https:\/\/www.camping-gien.com\/wp-content\/uploads\/2023\/02\/camping-3etoiles-piscine-760x520-1.jpg\" alt=\"\" class=\"wp-image-872 size-full\" srcset=\"https:\/\/www.camping-gien.com\/wp-content\/uploads\/2023\/02\/camping-3etoiles-piscine-760x520-1.jpg 760w, https:\/\/www.camping-gien.com\/wp-content\/uploads\/2023\/02\/camping-3etoiles-piscine-760x520-1-300x205.jpg 300w\" sizes=\"(max-width: 760px) 100vw, 760px\" \/><\/figure><div class=\"wp-block-media-text__content\">\n<h2 id=\"profitez-de-notre-camping-en-bord-de-loire-avec-piscine\">Genie\u00dfen Sie unseren Campingplatz am Ufer der Loire mit Schwimmbad<\/h2>\n\n\n\n<p>Genie\u00dfen Sie einen Familienurlaub auf unserem Campingplatz am <strong>Ufer der Loire mit Schwimmbad<\/strong>. Dies ist ein perfekter Ort, um mit Ihrer Familie und Ihren Freunden w\u00e4hrend Ihres Urlaubs in <strong>Centre Val de Loire<\/strong> zu zelten.<\/p>\n\n\n\n<div class=\"wp-block-group lire-plus-mobile\"><div class=\"wp-block-group__inner-container\">\n<p>Lesen Sie mehr<\/p>\n\n\n\n<div class=\"wp-container-6a05501734412 wp-block-group\"><div class=\"wp-block-group__inner-container\">\n<p>Unser beheiztes Schwimmbad ist vor allem der Komfort des Zodiac-Pools, der es erm\u00f6glicht, Gro\u00df und Klein in aller Sicherheit zu empfangen. Das Planschbecken ist beheizt, aber nicht \u00fcberdacht. Mit der<strong>faltbaren \u00dcberdachung<\/strong> k\u00f6nnen Sie dem Wetter in einem <strong>\u00fcberdachten Schwimmbad<\/strong> trotzen und gleichzeitig den atemberaubenden Blick auf die Stadt und das Schloss von <strong>Gien<\/strong> genie\u00dfen. Genie\u00dfen Sie die Freuden des Wassers und faulenzen Sie am Ufer im Departement Loiret, f\u00fcr einen gelungenen Familienurlaub.<\/p>\n\n\n\n<p>Der <strong>Campingplatz im Loiret mit Schwimmbad<\/strong> bietet Ihnen Unterk\u00fcnfte zur <a href=\"https:\/\/www.camping-gien.com\/de\/vermietungen\/\" data-type=\"page\" data-id=\"597\">Vermietung von Mobilheimen<\/a> oder ungew\u00f6hnlichen Unterk\u00fcnften. Es gibt auch Wanderwege, die Besichtigung von Schl\u00f6ssern und Spazierg\u00e4nge am Ufer der Loire.<\/p>\n<\/div><\/div>\n<\/div><\/div>\n\n\n\n<div class=\"wp-block-group encart-information\"><div class=\"wp-block-group__inner-container\">\n<p><strong>Beheizter Swimmingpool, der von <strong>Mitte <\/strong>Juni bis Mitte September ge\u00f6ffnet ist.<\/strong><\/p>\n<\/div><\/div>\n<\/div><\/div>\n\n\n\n<div class=\"wp-block-columns alignfull G-10\">\n<div class=\"wp-block-column\">\n<h2 id=\"notre-camping-chateau-de-la-loire-avec-piscine\">Unser Campingplatz Loire-Schloss mit Schwimmbad<\/h2>\n\n\n\n<p>Unser <strong>Campingplatz Ch\u00e2teau de la Loire mit Schwimmbad<\/strong> ist der ideale Ausgangspunkt, um die Region und die <a href=\"https:\/\/www.camping-gien.com\/de\/camping-chateau-de-la-loire\/\" data-type=\"page\" data-id=\"1217\">Schl\u00f6sser der Loire<\/a> zu erkunden. In der N\u00e4he des Campingplatzes finden Sie zahlreiche Ideen f\u00fcr Ausfl\u00fcge und Entdeckungstouren. Mit der Familie, mit Freunden oder zu zweit k\u00f6nnen Sie von den zahlreichen <a href=\"https:\/\/www.camping-gien.com\/de\/aktivitaeten\/\" data-type=\"page\" data-id=\"586\">Aktivit\u00e4ten<\/a> profitieren: Kanu- oder Fahrradtouren, Kinderspielplatz, Minigolf, Tischtennis, Outdoor-Fitnessbereich&#8230; Jeder wird sein Gl\u00fcck finden. Nicht zu vergessen die majest\u00e4tischen Schl\u00f6sser der Loire (Chambord, Chenonceaux) oder in der N\u00e4he des Campingplatzes mit dem Schloss von Sully und dem im Bau befindlichen Schloss von Gu\u00e9d\u00e9lon.<\/p>\n\n\n\n<p>Unsere <strong>3-Sterne-Dienstleistungen<\/strong> sollen Ihren <strong>Aufenthalt angenehm<\/strong> machen: WLAN, W\u00e4scherei, Sanit\u00e4ranlagen, Gefrierschrank, Wohnmobilservicebereich. Nicht zu vergessen in der N\u00e4he: ein Bar-Restaurant, ein Lebensmittelgesch\u00e4ft und Lebensmittelgesch\u00e4fte, die weniger als 5 Minuten vom Campingplatz in Poilly lez Gien entfernt sind.<\/p>\n\n\n\n<div class=\"wp-container-6a05501734862 wp-block-buttons\">\n<div class=\"wp-block-button is-style-outline\"><a class=\"wp-block-button__link\" href=\"https:\/\/www.camping-gien.com\/tourisme\/\">Umgebung ansehen<\/a><\/div>\n<\/div>\n<\/div>\n\n\n\n<div class=\"wp-block-column\">\n<figure class=\"wp-block-gallery has-nested-images columns-2 is-cropped diaporama-mob\">\n<figure class=\"wp-block-image size-full\"><img width=\"760\" height=\"520\" src=\"https:\/\/www.camping-gien.com\/wp-content\/uploads\/2023\/02\/camping-plage-loire-760x520-1.jpg\" alt=\"\" class=\"wp-image-880\" srcset=\"https:\/\/www.camping-gien.com\/wp-content\/uploads\/2023\/02\/camping-plage-loire-760x520-1.jpg 760w, https:\/\/www.camping-gien.com\/wp-content\/uploads\/2023\/02\/camping-plage-loire-760x520-1-300x205.jpg 300w\" sizes=\"(max-width: 760px) 100vw, 760px\" \/><\/figure>\n\n\n\n<figure class=\"wp-block-image size-full\"><img width=\"760\" height=\"520\" src=\"https:\/\/www.camping-gien.com\/wp-content\/uploads\/2023\/02\/camping-loiret-piscine-760x520-1.jpg\" alt=\"\" class=\"wp-image-876\" srcset=\"https:\/\/www.camping-gien.com\/wp-content\/uploads\/2023\/02\/camping-loiret-piscine-760x520-1.jpg 760w, https:\/\/www.camping-gien.com\/wp-content\/uploads\/2023\/02\/camping-loiret-piscine-760x520-1-300x205.jpg 300w\" sizes=\"(max-width: 760px) 100vw, 760px\" \/><\/figure>\n<\/figure>\n<\/div>\n<\/div>\n\n\n\n<div class=\"wp-block-cover alignfull is-light deco--vague G-20\"><span aria-hidden=\"true\" class=\"wp-block-cover__gradient-background has-background-dim\"><\/span><img width=\"1920\" height=\"870\" class=\"wp-block-cover__image-background wp-image-602\" alt=\"\" src=\"https:\/\/www.camping-gien.com\/wp-content\/uploads\/2023\/02\/banniere-plage.jpg\" data-object-fit=\"cover\" srcset=\"https:\/\/www.camping-gien.com\/wp-content\/uploads\/2023\/02\/banniere-plage.jpg 1920w, https:\/\/www.camping-gien.com\/wp-content\/uploads\/2023\/02\/banniere-plage-300x136.jpg 300w, https:\/\/www.camping-gien.com\/wp-content\/uploads\/2023\/02\/banniere-plage-1024x464.jpg 1024w, https:\/\/www.camping-gien.com\/wp-content\/uploads\/2023\/02\/banniere-plage-768x348.jpg 768w, https:\/\/www.camping-gien.com\/wp-content\/uploads\/2023\/02\/banniere-plage-1536x696.jpg 1536w\" sizes=\"(max-width: 1920px) 100vw, 1920px\" \/><div class=\"wp-block-cover__inner-container\">\n<div class=\"wp-block-media-text alignwide has-media-on-the-right is-stacked-on-mobile\"><figure class=\"wp-block-media-text__media\"><img width=\"1024\" height=\"656\" src=\"https:\/\/www.camping-gien.com\/wp-content\/uploads\/2023\/02\/piscine-gien-1024x656.jpg\" alt=\"\" class=\"wp-image-607 size-full\" srcset=\"https:\/\/www.camping-gien.com\/wp-content\/uploads\/2023\/02\/piscine-gien-1024x656.jpg 1024w, https:\/\/www.camping-gien.com\/wp-content\/uploads\/2023\/02\/piscine-gien-300x192.jpg 300w, https:\/\/www.camping-gien.com\/wp-content\/uploads\/2023\/02\/piscine-gien-768x492.jpg 768w, https:\/\/www.camping-gien.com\/wp-content\/uploads\/2023\/02\/piscine-gien.jpg 1097w\" sizes=\"(max-width: 1024px) 100vw, 1024px\" \/><\/figure><div class=\"wp-block-media-text__content\">\n<h2 id=\"activites-aquatiques-1\">Wasseraktivit\u00e4ten<\/h2>\n\n\n\n<h3 id=\"camping-en-sologne-avec-piscine\">Campingplatz in der Sologne mit Schwimmbad<\/h3>\n\n\n\n<p>Auf unserem<strong> Campingplatz Sologne mit<\/strong> beheiztem<strong> Hallenbad<\/strong> stehen Ihnen ein <strong>Spielplatz<\/strong>, eine Minigolfanlage, ein Maxi-Trampolin und die herrliche Terrasse des <strong>Bar-Restaurants <\/strong>zur Verf\u00fcgung. All diese Einrichtungen erm\u00f6glichen es Ihnen, einen angenehmen Aufenthalt mit der Familie oder mit Freunden auf unserem Campingplatz zu verbringen.<\/p>\n\n\n\n<div class=\"wp-block-group lire-plus-mobile\"><div class=\"wp-block-group__inner-container\">\n<p>Lesen Sie mehr<\/p>\n\n\n\n<div class=\"wp-container-6a05501734d0e wp-block-group\"><div class=\"wp-block-group__inner-container\">\n<h3 id=\"la-plage-du-camping\">Der Strand des Campingplatzes<\/h3>\n\n\n\n<p>Zus\u00e4tzlich zum Schwimmbad auf dem Campingplatz bieten <strong>wir einen Strandbereich am Ufer der Loire<\/strong>, wo Sie die Saison genie\u00dfen k\u00f6nnen. Genie\u00dfen Sie den Strand mit einer sch\u00f6nen Aussicht auf das Loire-Ufer und das Schloss von Gien. Sie k\u00f6nnen in der Sonne faulenzen, w\u00e4hrend Sie auf Ihrem Strandtuch oder Ihrer Sonnenliege liegen und ein gutes Buch lesen. Die Kinder k\u00f6nnen Sandburgen bauen oder neue Freunde finden, w\u00e4hrend die \u00e4lteren Kinder eine Partie Boule oder Strandspiele starten k\u00f6nnen. Im Juli und August erm\u00f6glicht die \u00d6ffnung des<strong> Club Plage<\/strong> Kindern von 6 bis 16 Jahren von Montag bis Freitag von 14:00 bis 17:00 Uhr weitere Strandaktivit\u00e4ten, die von diplomierten Animateuren betreut werden. Den ganzen Sommer \u00fcber stehen Ihnen <strong>Beachvolleyballfelder<\/strong> zur Verf\u00fcgung, die vom Club de Gien verwaltet werden.<\/p>\n<\/div><\/div>\n<\/div><\/div>\n<\/div><\/div>\n<\/div><\/div>\n","protected":false},"excerpt":{"rendered":"<p>Campingplatz an der Loire mit Schwimmbad, in Gien im Loiret (45) Unser Campingplatz Loire-Schloss mit Schwimmbad Unser Campingplatz Ch\u00e2teau de la Loire mit Schwimmbad ist der ideale Ausgangspunkt, um die Region und die Schl\u00f6sser der Loire zu erkunden. In der N\u00e4he des Campingplatzes finden Sie zahlreiche Ideen f\u00fcr Ausfl\u00fcge und Entdeckungstouren. Mit der Familie, mit [&hellip;]<\/p>\n","protected":false},"author":1,"featured_media":0,"parent":0,"menu_order":0,"comment_status":"closed","ping_status":"closed","template":"","meta":[],"acf":[],"_links":{"self":[{"href":"https:\/\/www.camping-gien.com\/de\/wp-json\/wp\/v2\/pages\/1500"}],"collection":[{"href":"https:\/\/www.camping-gien.com\/de\/wp-json\/wp\/v2\/pages"}],"about":[{"href":"https:\/\/www.camping-gien.com\/de\/wp-json\/wp\/v2\/types\/page"}],"author":[{"embeddable":true,"href":"https:\/\/www.camping-gien.com\/de\/wp-json\/wp\/v2\/users\/1"}],"replies":[{"embeddable":true,"href":"https:\/\/www.camping-gien.com\/de\/wp-json\/wp\/v2\/comments?post=1500"}],"version-history":[{"count":6,"href":"https:\/\/www.camping-gien.com\/de\/wp-json\/wp\/v2\/pages\/1500\/revisions"}],"predecessor-version":[{"id":3642,"href":"https:\/\/www.camping-gien.com\/de\/wp-json\/wp\/v2\/pages\/1500\/revisions\/3642"}],"wp:attachment":[{"href":"https:\/\/www.camping-gien.com\/de\/wp-json\/wp\/v2\/media?parent=1500"}],"curies":[{"name":"wp","href":"https:\/\/api.w.org\/{rel}","templated":true}]}}