{"id":1488,"date":"2023-03-17T17:42:50","date_gmt":"2023-03-17T16:42:50","guid":{"rendered":"https:\/\/www.camping-gien.com\/vermietungen\/"},"modified":"2024-02-01T16:28:30","modified_gmt":"2024-02-01T15:28:30","slug":"vermietungen","status":"publish","type":"page","link":"https:\/\/www.camping-gien.com\/de\/vermietungen\/","title":{"rendered":"Vermietungen"},"content":{"rendered":"\n<div class=\"wp-container-69def7b2bfe40 wp-block-group alignfull diaporama-header\"><div class=\"wp-block-group__inner-container\">\n<figure class=\"wp-block-gallery has-nested-images columns-default is-cropped\">\n<figure class=\"wp-block-image size-full\"><img width=\"1680\" height=\"470\" src=\"https:\/\/www.camping-gien.com\/wp-content\/uploads\/2023\/02\/0y3a9737.jpg\" alt=\"Mobi\" class=\"wp-image-981\" srcset=\"https:\/\/www.camping-gien.com\/wp-content\/uploads\/2023\/02\/0y3a9737.jpg 1680w, https:\/\/www.camping-gien.com\/wp-content\/uploads\/2023\/02\/0y3a9737-300x84.jpg 300w, https:\/\/www.camping-gien.com\/wp-content\/uploads\/2023\/02\/0y3a9737-1024x286.jpg 1024w, https:\/\/www.camping-gien.com\/wp-content\/uploads\/2023\/02\/0y3a9737-768x215.jpg 768w, https:\/\/www.camping-gien.com\/wp-content\/uploads\/2023\/02\/0y3a9737-1536x430.jpg 1536w\" sizes=\"(max-width: 1680px) 100vw, 1680px\" \/><\/figure>\n<\/figure>\n\n\n\n<div class=\"wp-container-69def7b2bfb1c wp-block-group\"><div class=\"wp-block-group__inner-container\">\n<h1 id=\"camping-gien-dans-le-loiret-bienvenue-au-camping-touristique-de-gien-2\">Aufenthalt in einer Mietwohnung in Gien, <strong>Mobilheim und ungew\u00f6hnliche Unterkunft im Loiret<\/strong><\/h1>\n<\/div><\/div>\n<\/div><\/div>\n\n\n\n<div class=\"wp-block-media-text alignfull is-stacked-on-mobile is-image-fill G-05 reverse-mob\"><figure class=\"wp-block-media-text__media\" style=\"background-image:url(https:\/\/www.camping-gien.com\/wp-content\/uploads\/2023\/02\/ohara-premium-760x520-1.jpg);background-position:50% 50%\"><img width=\"760\" height=\"520\" src=\"https:\/\/www.camping-gien.com\/wp-content\/uploads\/2023\/02\/ohara-premium-760x520-1.jpg\" alt=\"\" class=\"wp-image-985 size-full\" srcset=\"https:\/\/www.camping-gien.com\/wp-content\/uploads\/2023\/02\/ohara-premium-760x520-1.jpg 760w, https:\/\/www.camping-gien.com\/wp-content\/uploads\/2023\/02\/ohara-premium-760x520-1-300x205.jpg 300w\" sizes=\"(max-width: 760px) 100vw, 760px\" \/><\/figure><div class=\"wp-block-media-text__content\">\n<h2 id=\"location-en-mobil-home-dans-le-loiret-pres-des-chateaux-de-la-loire\">Vermietung eines Mobilheims im Loiret, in der N\u00e4he der Loire-Schl\u00f6sser<\/h2>\n\n\n\n<p>Wir bieten eine gro\u00dfe Auswahl an <strong>Mobilheimen im Departement Loiret<\/strong> f\u00fcr 2 bis 6 Personen, die Ihnen einen <strong>komfortablen Aufenthalt<\/strong> mit einer ausgestatteten K\u00fcchenzeile, einem Badezimmer mit separatem WC, TV und einer Terrasse mit Gartenm\u00f6beln erm\u00f6glichen.<\/p>\n\n\n\n<div class=\"wp-block-group lire-plus-mobile\"><div class=\"wp-block-group__inner-container\">\n<p>Lesen Sie mehr<\/p>\n\n\n\n<div class=\"wp-container-69def7b2c01e1 wp-block-group\"><div class=\"wp-block-group__inner-container\">\n<p>Perfekt f\u00fcr einen Aufenthalt mit der <strong>Familie<\/strong> oder mit Freunden auf unserem <strong>3-Sterne-Campingplatz im Departement Loiret<\/strong>. Wir stellen einen Internetzugang, einen Waschsalon, eine Gefriertruhe, sanit\u00e4re Einrichtungen und zahlreiche Gesch\u00e4fte in der N\u00e4he zur Verf\u00fcgung.<\/p>\n\n\n\n<p>Profitieren Sie auch von den zahlreichen Aktivit\u00e4ten auf dem <strong>Campingplatz in Gien<\/strong> im Departement <strong>45<\/strong>, mit unserem <a href=\"https:\/\/www.camping-gien.com\/de\/pool-strand\/\" data-type=\"page\">beheizten Schwimmbad<\/a> mit klappbarer \u00dcberdachung, Minigolf, Pedal-Gokart, Tischtennis, Fitnessbereich. Ein Aufenthalt in einer Mietwohnung in Gien ist ideal, um die <a href=\"https:\/\/www.camping-gien.com\/de\/camping-chateau-de-la-loire\/\" data-type=\"page\" data-id=\"1217\">Schl\u00f6sser der Loire<\/a> zu erkunden.<\/p>\n<\/div><\/div>\n<\/div><\/div>\n\n\n\n<div class=\"wp-container-69def7b2c0537 wp-block-buttons\">\n<div class=\"wp-block-button\"><a class=\"wp-block-button__link\" href=\"https:\/\/bookingpremium.secureholiday.net\/FR\/3094\/giftVoucher?_ga=2.68945049.966367616.1676457801-1360952925.1672734266\" target=\"_blank\" rel=\"noreferrer noopener\">Geschenkgutschein<\/a><\/div>\n\n\n\n<div class=\"wp-block-button btn_resa\"><a class=\"wp-block-button__link\"><i class=\"fal fa-search\"><\/i>  Buchen Sie schnell!<\/a><\/div>\n<\/div>\n<\/div><\/div>\n\n\n\n<div class=\"wp-block-cover alignfull is-light G-10\"><span aria-hidden=\"true\" class=\"wp-block-cover__gradient-background has-background-dim\"><\/span><img width=\"1918\" height=\"798\" class=\"wp-block-cover__image-background wp-image-727\" alt=\"\" src=\"https:\/\/www.camping-gien.com\/wp-content\/uploads\/2023\/02\/camping-nature-loire-1.png\" data-object-fit=\"cover\" srcset=\"https:\/\/www.camping-gien.com\/wp-content\/uploads\/2023\/02\/camping-nature-loire-1.png 1918w, https:\/\/www.camping-gien.com\/wp-content\/uploads\/2023\/02\/camping-nature-loire-1-300x125.png 300w, https:\/\/www.camping-gien.com\/wp-content\/uploads\/2023\/02\/camping-nature-loire-1-1024x426.png 1024w, https:\/\/www.camping-gien.com\/wp-content\/uploads\/2023\/02\/camping-nature-loire-1-768x320.png 768w, https:\/\/www.camping-gien.com\/wp-content\/uploads\/2023\/02\/camping-nature-loire-1-1536x639.png 1536w\" sizes=\"(max-width: 1918px) 100vw, 1918px\" \/><div class=\"wp-block-cover__inner-container\">\n<div class=\"wp-block-columns\">\n<div class=\"wp-block-column\">\n<h2 id=\"location-de-vacances-a-gien-en-mobil-home-et-logement-insolite\">Ferienunterk\u00fcnfte in Gien in Mobilheimen und ungew\u00f6hnlichen Unterk\u00fcnften<\/h2>\n\n\n\n<p>F\u00fcr Ihren Komfort bieten wir Ihnen <strong>im Departement Loiret mit Schwimmbad folgende Mietobjekte<\/strong> an: 23 Mobilheime, 6 Zigeunerwagen und 7 Canada-Zelte auf unserem Campingplatz <strong>am Ufer der Loire<\/strong>.<\/p>\n\n\n\n<p>\u00dcbernachten Sie in unseren ungew\u00f6hnlichen Unterk\u00fcnften im <strong>Loiret<\/strong> f\u00fcr einen Aufenthalt oder ein Wochenende zu zweit. Die Unterk\u00fcnfte sind Nichtraucherunterk\u00fcnfte. Wifi ist verf\u00fcgbar.<\/p>\n\n\n\n<ul class=\"pictos scroll-mob\"><li><i class=\"fal fa-dog\"><\/i>  Haustiere <strong>akzeptiert<\/strong><\/li><li><i class=\"fal fa-user-group\"><\/i> <strong>Akzeptierte<\/strong> Gruppen<\/li><li><i class=\"fal fa-house\"><\/i>  Mobilheime (1 bis 3 Zi.) <strong>bis zu 6 Personen<\/strong><\/li><li><i class=\"fal fa-house-heart\"><\/i>  Wohnwagen (mit K\u00fcche) <strong>bis zu 4 Personen<\/strong><\/li><\/ul>\n<\/div>\n\n\n\n<div class=\"wp-block-column\">\n<figure class=\"wp-block-gallery has-nested-images columns-2 is-cropped diaporama-mob\">\n<figure class=\"wp-block-image size-full\"><img width=\"760\" height=\"520\" src=\"https:\/\/www.camping-gien.com\/wp-content\/uploads\/2023\/02\/trigano-1ch-760x520-2.jpg\" alt=\"\" class=\"wp-image-993\" srcset=\"https:\/\/www.camping-gien.com\/wp-content\/uploads\/2023\/02\/trigano-1ch-760x520-2.jpg 760w, https:\/\/www.camping-gien.com\/wp-content\/uploads\/2023\/02\/trigano-1ch-760x520-2-300x205.jpg 300w\" sizes=\"(max-width: 760px) 100vw, 760px\" \/><\/figure>\n\n\n\n<figure class=\"wp-block-image size-full\"><img width=\"760\" height=\"520\" src=\"https:\/\/www.camping-gien.com\/wp-content\/uploads\/2023\/02\/location-hebergement-insolite-760x520-1.jpg\" alt=\"\" class=\"wp-image-997\" srcset=\"https:\/\/www.camping-gien.com\/wp-content\/uploads\/2023\/02\/location-hebergement-insolite-760x520-1.jpg 760w, https:\/\/www.camping-gien.com\/wp-content\/uploads\/2023\/02\/location-hebergement-insolite-760x520-1-300x205.jpg 300w\" sizes=\"(max-width: 760px) 100vw, 760px\" \/><\/figure>\n<\/figure>\n<\/div>\n<\/div>\n<\/div><\/div>\n\n\n\n<div class=\"wp-block-media-text alignfull is-stacked-on-mobile is-image-fill G-15 reverse-mob\"><figure class=\"wp-block-media-text__media\" style=\"background-image:url(https:\/\/www.camping-gien.com\/wp-content\/uploads\/2023\/02\/emplacement-camping-3etoiles-1024x668.jpg);background-position:50% 50%\"><img width=\"1024\" height=\"668\" src=\"https:\/\/www.camping-gien.com\/wp-content\/uploads\/2023\/02\/emplacement-camping-3etoiles-1024x668.jpg\" alt=\"\" class=\"wp-image-575 size-full\" srcset=\"https:\/\/www.camping-gien.com\/wp-content\/uploads\/2023\/02\/emplacement-camping-3etoiles-1024x668.jpg 1024w, https:\/\/www.camping-gien.com\/wp-content\/uploads\/2023\/02\/emplacement-camping-3etoiles-300x196.jpg 300w, https:\/\/www.camping-gien.com\/wp-content\/uploads\/2023\/02\/emplacement-camping-3etoiles-768x501.jpg 768w, https:\/\/www.camping-gien.com\/wp-content\/uploads\/2023\/02\/emplacement-camping-3etoiles.jpg 1381w\" sizes=\"(max-width: 1024px) 100vw, 1024px\" \/><\/figure><div class=\"wp-block-media-text__content\">\n<h2 id=\"camping-gien-dans-le-loiret-bienvenue-au-camping-touristique-de-gien-1\">Ungew\u00f6hnliche Unterkunft Loiret : Zigeunerwagen, Zelt canada,<\/h2>\n\n\n\n<p>Entdecken Sie unsere ungew\u00f6hnlichen Unterk\u00fcnfte im Departement Loiret, f\u00fcr einen originellen Aufenthalt am Ufer der Loire mit der Familie oder mit Freunden. W\u00e4hlen Sie die Unterkunft, die zu Ihnen passt, und genie\u00dfen Sie Ihren Urlaub am Ufer der Loire!<\/p>\n\n\n\n<h3 id=\"hebergement-insolite-a-gien-dans-le-loiret-dans-notre-camping-en-bord-de-loire\">Ungew\u00f6hnliche Unterk\u00fcnfte in Gien im Loiret, auf unserem Campingplatz am Ufer der Loire<\/h3>\n\n\n\n<p>Lust auf einen ungew\u00f6hnlichen Aufenthalt im Departement Loiret? Wohnwagen oder kanadisches Zelt, der Tapetenwechsel ist garantiert! Wir bieten eine gro\u00dfe Auswahl an ungew\u00f6hnlichen Unterk\u00fcnften, ideal f\u00fcr einen komfortablen Aufenthalt mit der Familie oder mit Freunden in <strong>Centre Val de Loire<\/strong>.<\/p>\n\n\n\n<div class=\"wp-block-group lire-plus-pc\"><div class=\"wp-block-group__inner-container\">\n<p>Lesen Sie mehr<\/p>\n\n\n\n<div class=\"wp-container-69def7b2c0afb wp-block-group\"><div class=\"wp-block-group__inner-container\">\n<p>Wir bieten eine Unterkunft im <strong>Zigeunerwagen<\/strong> f\u00fcr 4 Personen, in einem 18 m\u00b2 gro\u00dfen Zigeunerwagen ab 85\u20ac. Ideal f\u00fcr einen ungew\u00f6hnlichen Aufenthalt, um die <strong>Schl\u00f6sser der Loire<\/strong> zu entdecken.<\/p>\n\n\n\n<p>Wir bieten auch kanadische Zelte f\u00fcr 2 bis 5 Personen ab 35\u20ac an, f\u00fcr einen Aufenthalt, der Einfachheit und Komfort verbindet, im Loiret. Das Zelt besteht aus einem Schlafzimmer, einer \u00fcberdachten Terrasse und einem Schlafplatz.<\/p>\n\n\n\n<p>Profitieren Sie auch von unserem <strong>Canadazelt auf Stelzen<\/strong>, f\u00fcr einen Aufenthalt in aller Ruhe und mit mehr Komfort am Ufer der Loire. Wenn Sie eine gro\u00dfe Familie sind, \u00fcbernachten Sie in unserem Zelt &#8222;Le nid&#8220; f\u00fcr 6 Personen auf 2 Etagen mit ausgestatteter K\u00fcche, <strong>eigenem Sanit\u00e4rbereich<\/strong> und offener Terrasse.<\/p>\n<\/div><\/div>\n<\/div><\/div>\n<\/div><\/div>\n\n\n\n<div class=\"wp-block-columns alignfull are-vertically-aligned-center G-25\">\n<div class=\"wp-block-column is-vertically-aligned-center\">\n<h2 id=\"a-la-decouverte-des-chateaux-de-la-loire-dans-notre-camping-bord-de-loire-1\">Entdecken Sie die Schl\u00f6sser der Loire auf unserem Campingplatz am Ufer der Loire<\/h2>\n\n\n\n<p>Verbringen Sie Ihren Aufenthalt im Tourist de Gien, unserem Campingplatz am Ufer der Loire im Departement <a href=\"https:\/\/www.camping-gien.com\/de\/besuchen-sie-die-loiret\/\" data-type=\"page\">Loiret<\/a>. Gehen Sie auf Entdeckungsreise durch das Centre Val de Loire und seine Sch\u00e4tze. Besuchen Sie das Schloss von Gien gegen\u00fcber dem Campingplatz.<\/p>\n\n\n\n<p>In der N\u00e4he unseres 3-Sterne-Campingplatzes in Gien finden Sie zahlreiche Schl\u00f6sser, die einen Besuch wert sind: Schloss St Brisson, Schloss Pont Chevron, Schloss Sully.<\/p>\n\n\n\n<p>Neben den Loire-Schl\u00f6ssern bietet die Region zahlreiche Spazierg\u00e4nge und Aktivit\u00e4ten f\u00fcr die ganze Familie: Rogny les sept \u00e9cluses, Briare, Sancerre etc.<\/p>\n\n\n\n<div class=\"wp-container-69def7b2c0eb1 wp-block-buttons\">\n<div class=\"wp-block-button is-style-fill\"><a class=\"wp-block-button__link\" href=\"https:\/\/www.camping-gien.com\/de\/tourismus\/\">Umgebung ansehen<\/a><\/div>\n<\/div>\n<\/div>\n\n\n\n<div class=\"wp-block-column is-vertically-aligned-center\">\n<figure class=\"wp-block-gallery has-nested-images columns-default is-cropped diaporama--3\">\n<figure class=\"wp-block-image size-full\"><img width=\"760\" height=\"520\" src=\"https:\/\/www.camping-gien.com\/wp-content\/uploads\/2023\/02\/tente-le-nid-760x520-1.jpg\" alt=\"\" class=\"wp-image-1015\" srcset=\"https:\/\/www.camping-gien.com\/wp-content\/uploads\/2023\/02\/tente-le-nid-760x520-1.jpg 760w, https:\/\/www.camping-gien.com\/wp-content\/uploads\/2023\/02\/tente-le-nid-760x520-1-300x205.jpg 300w\" sizes=\"(max-width: 760px) 100vw, 760px\" \/><\/figure>\n\n\n\n<figure class=\"wp-block-image size-full\"><img width=\"760\" height=\"520\" src=\"https:\/\/www.camping-gien.com\/wp-content\/uploads\/2023\/02\/trigano-2-ch-760x520-1.jpg\" alt=\"\" class=\"wp-image-1019\" srcset=\"https:\/\/www.camping-gien.com\/wp-content\/uploads\/2023\/02\/trigano-2-ch-760x520-1.jpg 760w, https:\/\/www.camping-gien.com\/wp-content\/uploads\/2023\/02\/trigano-2-ch-760x520-1-300x205.jpg 300w\" sizes=\"(max-width: 760px) 100vw, 760px\" \/><\/figure>\n\n\n\n<figure class=\"wp-block-image size-full\"><img width=\"760\" height=\"520\" src=\"https:\/\/www.camping-gien.com\/wp-content\/uploads\/2023\/02\/trigano-3-ch-760x520-1.jpg\" alt=\"\" class=\"wp-image-1027\" srcset=\"https:\/\/www.camping-gien.com\/wp-content\/uploads\/2023\/02\/trigano-3-ch-760x520-1.jpg 760w, https:\/\/www.camping-gien.com\/wp-content\/uploads\/2023\/02\/trigano-3-ch-760x520-1-300x205.jpg 300w\" sizes=\"(max-width: 760px) 100vw, 760px\" \/><\/figure>\n\n\n\n<figure class=\"wp-block-image size-full\"><img width=\"640\" height=\"480\" src=\"https:\/\/www.camping-gien.com\/wp-content\/uploads\/2023\/02\/location-bungalow-toile.jpg\" alt=\"\" class=\"wp-image-1007\" srcset=\"https:\/\/www.camping-gien.com\/wp-content\/uploads\/2023\/02\/location-bungalow-toile.jpg 640w, https:\/\/www.camping-gien.com\/wp-content\/uploads\/2023\/02\/location-bungalow-toile-300x225.jpg 300w\" sizes=\"(max-width: 640px) 100vw, 640px\" \/><\/figure>\n\n\n\n<figure class=\"wp-block-image size-full\"><img width=\"640\" height=\"397\" src=\"https:\/\/www.camping-gien.com\/wp-content\/uploads\/2023\/02\/mobilhome-trigano-2chambres.jpg\" alt=\"\" class=\"wp-image-1023\" srcset=\"https:\/\/www.camping-gien.com\/wp-content\/uploads\/2023\/02\/mobilhome-trigano-2chambres.jpg 640w, https:\/\/www.camping-gien.com\/wp-content\/uploads\/2023\/02\/mobilhome-trigano-2chambres-300x186.jpg 300w\" sizes=\"(max-width: 640px) 100vw, 640px\" \/><\/figure>\n\n\n\n<figure class=\"wp-block-image size-full\"><img width=\"760\" height=\"520\" src=\"https:\/\/www.camping-gien.com\/wp-content\/uploads\/2023\/02\/location-roulotte-760x520-1.jpg\" alt=\"\" class=\"wp-image-1031\" srcset=\"https:\/\/www.camping-gien.com\/wp-content\/uploads\/2023\/02\/location-roulotte-760x520-1.jpg 760w, https:\/\/www.camping-gien.com\/wp-content\/uploads\/2023\/02\/location-roulotte-760x520-1-300x205.jpg 300w\" sizes=\"(max-width: 760px) 100vw, 760px\" \/><\/figure>\n<\/figure>\n\n\n\n<p><i class=\"fal fa-images\"><\/i> <a href=\"https:\/\/www.camping-gien.com\/de\/fotogalerie\/\" data-type=\"page\" data-id=\"592\">Fotogalerie<\/a><\/p>\n<\/div>\n<\/div>\n","protected":false},"excerpt":{"rendered":"<p>Aufenthalt in einer Mietwohnung in Gien, Mobilheim und ungew\u00f6hnliche Unterkunft im Loiret Entdecken Sie die Schl\u00f6sser der Loire auf unserem Campingplatz am Ufer der Loire Verbringen Sie Ihren Aufenthalt im Tourist de Gien, unserem Campingplatz am Ufer der Loire im Departement Loiret. Gehen Sie auf Entdeckungsreise durch das Centre Val de Loire und seine Sch\u00e4tze. [&hellip;]<\/p>\n","protected":false},"author":1,"featured_media":0,"parent":0,"menu_order":0,"comment_status":"closed","ping_status":"closed","template":"","meta":[],"acf":[],"_links":{"self":[{"href":"https:\/\/www.camping-gien.com\/de\/wp-json\/wp\/v2\/pages\/1488"}],"collection":[{"href":"https:\/\/www.camping-gien.com\/de\/wp-json\/wp\/v2\/pages"}],"about":[{"href":"https:\/\/www.camping-gien.com\/de\/wp-json\/wp\/v2\/types\/page"}],"author":[{"embeddable":true,"href":"https:\/\/www.camping-gien.com\/de\/wp-json\/wp\/v2\/users\/1"}],"replies":[{"embeddable":true,"href":"https:\/\/www.camping-gien.com\/de\/wp-json\/wp\/v2\/comments?post=1488"}],"version-history":[{"count":6,"href":"https:\/\/www.camping-gien.com\/de\/wp-json\/wp\/v2\/pages\/1488\/revisions"}],"predecessor-version":[{"id":2471,"href":"https:\/\/www.camping-gien.com\/de\/wp-json\/wp\/v2\/pages\/1488\/revisions\/2471"}],"wp:attachment":[{"href":"https:\/\/www.camping-gien.com\/de\/wp-json\/wp\/v2\/media?parent=1488"}],"curies":[{"name":"wp","href":"https:\/\/api.w.org\/{rel}","templated":true}]}}