{"id":1462,"date":"2023-03-17T17:38:01","date_gmt":"2023-03-17T16:38:01","guid":{"rendered":"https:\/\/www.camping-gien.com\/standorte\/"},"modified":"2024-02-01T16:11:28","modified_gmt":"2024-02-01T15:11:28","slug":"standorte","status":"publish","type":"page","link":"https:\/\/www.camping-gien.com\/de\/standorte\/","title":{"rendered":"Standorte"},"content":{"rendered":"\n<div class=\"wp-container-6a054fd9a0d3d wp-block-group alignfull diaporama-header\"><div class=\"wp-block-group__inner-container\">\n<figure class=\"wp-block-gallery has-nested-images columns-default is-cropped\">\n<figure class=\"wp-block-image size-full\"><img width=\"1920\" height=\"900\" src=\"https:\/\/www.camping-gien.com\/wp-content\/uploads\/2023\/02\/arbres-gien.jpg\" alt=\"\" class=\"wp-image-626\" srcset=\"https:\/\/www.camping-gien.com\/wp-content\/uploads\/2023\/02\/arbres-gien.jpg 1920w, https:\/\/www.camping-gien.com\/wp-content\/uploads\/2023\/02\/arbres-gien-300x141.jpg 300w, https:\/\/www.camping-gien.com\/wp-content\/uploads\/2023\/02\/arbres-gien-1024x480.jpg 1024w, https:\/\/www.camping-gien.com\/wp-content\/uploads\/2023\/02\/arbres-gien-768x360.jpg 768w, https:\/\/www.camping-gien.com\/wp-content\/uploads\/2023\/02\/arbres-gien-1536x720.jpg 1536w\" sizes=\"(max-width: 1920px) 100vw, 1920px\" \/><\/figure>\n<\/figure>\n\n\n\n<div class=\"wp-container-6a054fd9a09f5 wp-block-group\"><div class=\"wp-block-group__inner-container\">\n<h1 id=\"camping-gien-dans-le-loiret-bienvenue-au-camping-touristique-de-gien-2\">Ger\u00e4umige Stellpl\u00e4tze <strong>in der N\u00e4he von Gien (Loiret) am Ufer der Loire<\/strong><\/h1>\n<\/div><\/div>\n<\/div><\/div>\n\n\n\n<div class=\"wp-block-media-text alignfull is-stacked-on-mobile is-image-fill G-05 reverse-mob\"><figure class=\"wp-block-media-text__media\" style=\"background-image:url(https:\/\/www.camping-gien.com\/wp-content\/uploads\/2023\/02\/emplacements-confort-760x520-1.jpg);background-position:50% 50%\"><img width=\"760\" height=\"520\" src=\"https:\/\/www.camping-gien.com\/wp-content\/uploads\/2023\/02\/emplacements-confort-760x520-1.jpg\" alt=\"\" class=\"wp-image-968 size-full\" srcset=\"https:\/\/www.camping-gien.com\/wp-content\/uploads\/2023\/02\/emplacements-confort-760x520-1.jpg 760w, https:\/\/www.camping-gien.com\/wp-content\/uploads\/2023\/02\/emplacements-confort-760x520-1-300x205.jpg 300w\" sizes=\"(max-width: 760px) 100vw, 760px\" \/><\/figure><div class=\"wp-block-media-text__content\">\n<h2 id=\"le-camping-touristique-de-gien-vous-accueille-a-poilly-lez-gien\">Der Camping Touristique de Gien empf\u00e4ngt Sie in Poilly-Lez-Gien<\/h2>\n\n\n\n<p>Unsere Situation in  <strong>Loireufer<\/strong>  wird bevorzugt, auf einem Grundst\u00fcck von  <strong>5 Hektar<\/strong>  mit 197 Stellpl\u00e4tzen zwischen 100 und 150 m\u00b2, einem  <strong>direkter Zugang zum Strand<\/strong>  und der M\u00f6glichkeit, am Fluss entlang zu radeln oder sofort den GR3-Loire mit dem Fahrrad zu erreichen, empfangen wir Sie auf einem gr\u00fcnen Grundst\u00fcck mit B\u00e4umen, das in der Saison mit vielen Blumen bepflanzt ist.  <\/p>\n\n\n\n<p>43 Stellpl\u00e4tze sind f\u00fcr Mietunterk\u00fcnfte und Bewohner und 154 f\u00fcr Camper (Wohnwagen, Wohnmobile, Zelte &#8230;) bestimmt.<\/p>\n\n\n\n<div class=\"wp-container-6a054fd9a10f7 wp-block-buttons\">\n<div class=\"wp-block-button\"><a class=\"wp-block-button__link\" href=\"https:\/\/bookingpremium.secureholiday.net\/FR\/3094\/giftVoucher?_ga=2.68945049.966367616.1676457801-1360952925.1672734266\" target=\"_blank\" rel=\"noreferrer noopener\">Geschenkgutscheine ansehen<\/a><\/div>\n<\/div>\n<\/div><\/div>\n\n\n\n<div class=\"wp-block-cover alignfull is-light G-10\"><span aria-hidden=\"true\" class=\"wp-block-cover__gradient-background has-background-dim\"><\/span><img width=\"1918\" height=\"798\" class=\"wp-block-cover__image-background wp-image-727\" alt=\"\" src=\"https:\/\/www.camping-gien.com\/wp-content\/uploads\/2023\/02\/camping-nature-loire-1.png\" data-object-fit=\"cover\" srcset=\"https:\/\/www.camping-gien.com\/wp-content\/uploads\/2023\/02\/camping-nature-loire-1.png 1918w, https:\/\/www.camping-gien.com\/wp-content\/uploads\/2023\/02\/camping-nature-loire-1-300x125.png 300w, https:\/\/www.camping-gien.com\/wp-content\/uploads\/2023\/02\/camping-nature-loire-1-1024x426.png 1024w, https:\/\/www.camping-gien.com\/wp-content\/uploads\/2023\/02\/camping-nature-loire-1-768x320.png 768w, https:\/\/www.camping-gien.com\/wp-content\/uploads\/2023\/02\/camping-nature-loire-1-1536x639.png 1536w\" sizes=\"(max-width: 1918px) 100vw, 1918px\" \/><div class=\"wp-block-cover__inner-container\">\n<div class=\"wp-block-columns\">\n<div class=\"wp-block-column\">\n<p class=\"h2\">Unsere Standorte<\/p>\n\n\n\n<p>Bei Ihrer Ankunft k\u00f6nnen Sie Ihren Stellplatz ausw\u00e4hlen (in der Sonne oder im Schatten, in der N\u00e4he der Loire oder abgelegen, in der N\u00e4he der Dienstleistungen oder der Sanit\u00e4ranlagen&#8230;).<\/p>\n\n\n\n<ul class=\"pictos scroll-mob\"><li><i class=\"icon-caravane\"><\/i>  Stellplatz <strong>Wohnwagen<\/strong><\/li><li><i class=\"icon-tente\"><\/i>  Stellplatz <strong>Zelt<\/strong><\/li><li><i class=\"icon-camping-car\"><\/i>  Stellplatz f\u00fcr <strong>Wohnmobile<\/strong><\/li><\/ul>\n\n\n\n<div class=\"wp-container-6a054fd9a14b9 wp-block-buttons\">\n<div class=\"wp-block-button is-style-fill btn_resa\"><a class=\"wp-block-button__link\"><i class=\"fal fa-search\"><\/i>  Buchen<\/a><\/div>\n<\/div>\n<\/div>\n\n\n\n<div class=\"wp-block-column\">\n<figure class=\"wp-block-gallery has-nested-images columns-2 is-cropped diaporama-mob\">\n<figure class=\"wp-block-image size-full\"><img width=\"760\" height=\"520\" src=\"https:\/\/www.camping-gien.com\/wp-content\/uploads\/2023\/02\/emplacements-760x520-1.jpg\" alt=\"\" class=\"wp-image-972\" srcset=\"https:\/\/www.camping-gien.com\/wp-content\/uploads\/2023\/02\/emplacements-760x520-1.jpg 760w, https:\/\/www.camping-gien.com\/wp-content\/uploads\/2023\/02\/emplacements-760x520-1-300x205.jpg 300w\" sizes=\"(max-width: 760px) 100vw, 760px\" \/><\/figure>\n\n\n\n<figure class=\"wp-block-image size-full\"><img width=\"760\" height=\"520\" src=\"https:\/\/www.camping-gien.com\/wp-content\/uploads\/2023\/02\/emplacements-confort-et-nature-760x520-1.jpg\" alt=\"\" class=\"wp-image-976\" srcset=\"https:\/\/www.camping-gien.com\/wp-content\/uploads\/2023\/02\/emplacements-confort-et-nature-760x520-1.jpg 760w, https:\/\/www.camping-gien.com\/wp-content\/uploads\/2023\/02\/emplacements-confort-et-nature-760x520-1-300x205.jpg 300w\" sizes=\"(max-width: 760px) 100vw, 760px\" \/><\/figure>\n<\/figure>\n<\/div>\n<\/div>\n<\/div><\/div>\n\n\n\n<div class=\"wp-block-media-text alignfull is-stacked-on-mobile is-image-fill G-15 reverse-mob\"><figure class=\"wp-block-media-text__media\" style=\"background-image:url(https:\/\/www.camping-gien.com\/wp-content\/uploads\/2023\/02\/emplacements-nature-760x520-1.jpg);background-position:50% 50%\"><img width=\"760\" height=\"520\" src=\"https:\/\/www.camping-gien.com\/wp-content\/uploads\/2023\/02\/emplacements-nature-760x520-1.jpg\" alt=\"\" class=\"wp-image-964 size-full\" srcset=\"https:\/\/www.camping-gien.com\/wp-content\/uploads\/2023\/02\/emplacements-nature-760x520-1.jpg 760w, https:\/\/www.camping-gien.com\/wp-content\/uploads\/2023\/02\/emplacements-nature-760x520-1-300x205.jpg 300w\" sizes=\"(max-width: 760px) 100vw, 760px\" \/><\/figure><div class=\"wp-block-media-text__content\">\n<h3 id=\"camping-gien-dans-le-loiret-bienvenue-au-camping-touristique-de-gien-1\">Wir m\u00f6chten den Geist der Freiheit bewahren, der das Leben auf dem Campingplatz ausmachen soll<\/h3>\n\n\n\n<p>Unsere Stellpl\u00e4tze sind<strong> ger\u00e4umig<\/strong>, aber nicht zu sehr unterteilt und harmonisch angeordnet.<\/p>\n\n\n\n<p>Unsere Stellpl\u00e4tze f\u00fcgen sich in eine nat\u00fcrliche Umgebung ein, ebenso wie die Sanit\u00e4ranlagen, die sehr komfortabel sind. Zwei unserer Bl\u00f6cke sind mit einem solarbetriebenen Warmwasserbereiter ausgestattet.<\/p>\n\n\n\n<p>Die Einf\u00fchrung der M\u00fclltrennung ist Teil unseres Umweltansatzes.<\/p>\n\n\n\n<p>Ankunft zwischen 14:00 und 19:00 Uhr &#8211; Abreise zwischen 7:00 und 12:00 Uhr <strong>(Haustiere erlaubt)<\/strong><\/p>\n<\/div><\/div>\n","protected":false},"excerpt":{"rendered":"<p>Ger\u00e4umige Stellpl\u00e4tze in der N\u00e4he von Gien (Loiret) am Ufer der Loire Wir m\u00f6chten den Geist der Freiheit bewahren, der das Leben auf dem Campingplatz ausmachen soll Unsere Stellpl\u00e4tze sind ger\u00e4umig, aber nicht zu sehr unterteilt und harmonisch angeordnet. Unsere Stellpl\u00e4tze f\u00fcgen sich in eine nat\u00fcrliche Umgebung ein, ebenso wie die Sanit\u00e4ranlagen, die sehr komfortabel [&hellip;]<\/p>\n","protected":false},"author":1,"featured_media":0,"parent":0,"menu_order":0,"comment_status":"closed","ping_status":"closed","template":"","meta":[],"acf":[],"_links":{"self":[{"href":"https:\/\/www.camping-gien.com\/de\/wp-json\/wp\/v2\/pages\/1462"}],"collection":[{"href":"https:\/\/www.camping-gien.com\/de\/wp-json\/wp\/v2\/pages"}],"about":[{"href":"https:\/\/www.camping-gien.com\/de\/wp-json\/wp\/v2\/types\/page"}],"author":[{"embeddable":true,"href":"https:\/\/www.camping-gien.com\/de\/wp-json\/wp\/v2\/users\/1"}],"replies":[{"embeddable":true,"href":"https:\/\/www.camping-gien.com\/de\/wp-json\/wp\/v2\/comments?post=1462"}],"version-history":[{"count":4,"href":"https:\/\/www.camping-gien.com\/de\/wp-json\/wp\/v2\/pages\/1462\/revisions"}],"predecessor-version":[{"id":2430,"href":"https:\/\/www.camping-gien.com\/de\/wp-json\/wp\/v2\/pages\/1462\/revisions\/2430"}],"wp:attachment":[{"href":"https:\/\/www.camping-gien.com\/de\/wp-json\/wp\/v2\/media?parent=1462"}],"curies":[{"name":"wp","href":"https:\/\/api.w.org\/{rel}","templated":true}]}}