{"id":1444,"date":"2023-03-17T17:36:08","date_gmt":"2023-03-17T16:36:08","guid":{"rendered":"https:\/\/www.camping-gien.com\/schloss-saint-brisson-sur-loire\/"},"modified":"2024-02-01T15:58:47","modified_gmt":"2024-02-01T14:58:47","slug":"schloss-saint-brisson-sur-loire","status":"publish","type":"page","link":"https:\/\/www.camping-gien.com\/de\/schloss-saint-brisson-sur-loire\/","title":{"rendered":"Schloss Saint Brisson sur Loire"},"content":{"rendered":"\n<div class=\"wp-container-69f36adedcd20 wp-block-group alignfull diaporama-header\"><div class=\"wp-block-group__inner-container\">\n<figure class=\"wp-block-gallery has-nested-images columns-default is-cropped\">\n<figure class=\"wp-block-image size-full\"><img width=\"1920\" height=\"780\" src=\"https:\/\/www.camping-gien.com\/wp-content\/uploads\/2023\/02\/banniere-accueil.png\" alt=\"\" class=\"wp-image-540\" srcset=\"https:\/\/www.camping-gien.com\/wp-content\/uploads\/2023\/02\/banniere-accueil.png 1920w, https:\/\/www.camping-gien.com\/wp-content\/uploads\/2023\/02\/banniere-accueil-300x122.png 300w, https:\/\/www.camping-gien.com\/wp-content\/uploads\/2023\/02\/banniere-accueil-1024x416.png 1024w, https:\/\/www.camping-gien.com\/wp-content\/uploads\/2023\/02\/banniere-accueil-768x312.png 768w, https:\/\/www.camping-gien.com\/wp-content\/uploads\/2023\/02\/banniere-accueil-1536x624.png 1536w\" sizes=\"(max-width: 1920px) 100vw, 1920px\" \/><\/figure>\n<\/figure>\n\n\n\n<div class=\"wp-container-69f36adedc7f8 wp-block-group\"><div class=\"wp-block-group__inner-container\">\n<h1 id=\"camping-gien-dans-le-loiret-bienvenue-au-camping-touristique-de-gien-2\">Schloss Saint Brisson sur Loire<\/h1>\n<\/div><\/div>\n<\/div><\/div>\n\n\n\n<h2 id=\"a-la-decouverte-du-chateau-de-saint-brisson-sur-loire\">Auf Entdeckungstour durch das Schloss Saint Brisson sur Loire<\/h2>\n\n\n\n<p>Das <strong>Schloss St-Brisson sur Loire<\/strong> ist ein faszinierender, tausendj\u00e4hriger Ort, der bei einer Reise durch das D\u00e9partement <strong>Loiret<\/strong> ein Muss ist. Wenn Sie mit der Familie sehen, ist dies eine ideale Idee f\u00fcr eine Aktivit\u00e4t. Dies ist umso mehr der Fall, als ein toller Campingplatz es erm\u00f6glicht, in der N\u00e4he zu \u00fcbernachten, und das zum besten Preis. All das und noch viel mehr erfahren Sie in der Fortsetzung dieser Pr\u00e4sentation.<\/p>\n\n\n\n<h2 id=\"presentation-du-chateau-de-st-brisson\">Vorstellung des Schlosses St-Brisson<\/h2>\n\n\n\n<p>Das Schloss Saint Brisson ist ein au\u00dfergew\u00f6hnlicher Wohnsitz, dessen Grundstein vor mehr als 1000 Jahren gelegt wurde. Das heute als <strong>historisches Monument<\/strong> klassifizierte Anwesen ist ein Ort der Geschichte und Kultur, der das ganze Jahr \u00fcber f\u00fcr Besucher ge\u00f6ffnet ist. Die Burg war einst eine Festung, wurde sp\u00e4ter in ein Wohnhaus umgewandelt und dann im Laufe der Epochen umgestaltet. Seit 2015 wird es von der Gesellschaft &#8222;Tous au Ch\u00e2teau&#8220; verwaltet. Ihre Aufgabe: dieses Erbe aufzuwerten und ihm durch die Einf\u00fchrung zahlreicher Aktivit\u00e4ten, die sich in jeder Saison erneuern, Dynamik zu verleihen.<\/p>\n\n\n\n<p>Wo sich das Ch\u00e2teau de Saint Brisson abhebt, ist die Entscheidung, seinen Besuchern eine <strong>komplett immersive Tour<\/strong> anzubieten. Diese gehen nicht einfach nur durch die verschiedenen R\u00e4ume des Ortes &#8211; im Gegenteil! Sie k\u00f6nnen sich dort hinsetzen, eine Weile verweilen, spielen und in vollem Umfang erleben, was es hei\u00dft, in einem <strong>Schloss<\/strong> zu leben. Besucher, die es w\u00fcnschen, k\u00f6nnen auch ein einzigartiges Erlebnis mit dem &#8222;R\u00e4tsel-Abenteuer-Parcours&#8220; genie\u00dfen!<\/p>\n\n\n\n<p>Au\u00dferhalb des Schlosses gibt es einen weiteren Parcours, der die Besucher in die Vergangenheit zur\u00fcckversetzen soll: ein Freiluftpfad mit dem Namen &#8220; <strong>Legende der Marquis<\/strong> &#8222;.<\/p>\n\n\n\n<p>Schlie\u00dflich organisiert das Schloss auch besonders interessante <strong>Entdeckungsworkshops<\/strong>. Verschiedene Themen wurden durchdacht, z. B. rund um die Region oder um essbare Wildpflanzen.<\/p>\n\n\n\n<h2 id=\"quelles-sont-les-activites-a-faire-autour-du-chateau-de-st-brisson\">Welche Aktivit\u00e4ten kann man rund um das Schloss St-Brisson unternehmen?<\/h2>\n\n\n\n<p>Wenn Sie sich f\u00fcr eine Reise in das D\u00e9partement Loiret entscheiden und nach Aktivit\u00e4ten rund um das Schloss Saint Brisson sur Loire suchen, sollten Sie wissen, dass es in <strong>Centre Val de Loire<\/strong> nicht an Ideen mangelt. Dies gilt vor allem dann, wenn Sie gerne mit der Familie spazieren gehen oder sogar mit dem Fahrrad fahren. Zu diesem Zweck finden Sie hier einige Routen und Sehensw\u00fcrdigkeiten, die Ihnen gefallen k\u00f6nnten.<\/p>\n\n\n\n<p>Da ist zun\u00e4chst die Kanalbr\u00fccke von <strong>Briare<\/strong>. Dieser stellt in der Tat den \u00e4ltesten Kanal Frankreichs dar. Es handelt sich um ein bemerkenswertes, \u00fcber 600 Meter langes Bauwerk, das man \u00fcberqueren kann. Die Wanderung bietet ein herrliches Panorama auf die umliegenden Landschaften sowie auf die Loire. Briare ist im \u00dcbrigen eine h\u00fcbsche Stadt, die eine angenehme Idee f\u00fcr einen Besuch sein kann. Die Stadt wird auch als &#8222;Stadt der Emaille&#8220; bezeichnet und besitzt ein Museum, das dieser Kunst gewidmet ist.<\/p>\n\n\n\n<p>Etwas weiter entfernt k\u00f6nnen Sie <a href=\"https:\/\/www.camping-gien.com\/gien\/\" data-type=\"page\" data-id=\"1342\">Gien<\/a> entdecken und die Gelegenheit nutzen, die Kirche Sainte-Jeanne-d&#8217;Arc zu bewundern, die \u00fcber der Stadt thront. Schlie\u00dflich k\u00f6nnen Sie Ihre Entdeckungsreise durch die Region entlang ihrer kleinen, charaktervollen D\u00f6rfer wie z. B. <strong>Ousson<\/strong> sur Loire fortsetzen.<\/p>\n\n\n\n<div class=\"wp-container-69f36adedd6a1 wp-block-buttons\">\n<div class=\"wp-block-button is-style-fill\"><a class=\"wp-block-button__link\" href=\"https:\/\/www.camping-gien.com\/tourisme\/\">Zur\u00fcck in die Umgebung<\/a><\/div>\n<\/div>\n","protected":false},"excerpt":{"rendered":"<p>Schloss Saint Brisson sur Loire Auf Entdeckungstour durch das Schloss Saint Brisson sur Loire Das Schloss St-Brisson sur Loire ist ein faszinierender, tausendj\u00e4hriger Ort, der bei einer Reise durch das D\u00e9partement Loiret ein Muss ist. Wenn Sie mit der Familie sehen, ist dies eine ideale Idee f\u00fcr eine Aktivit\u00e4t. Dies ist umso mehr der Fall, [&hellip;]<\/p>\n","protected":false},"author":1,"featured_media":0,"parent":0,"menu_order":0,"comment_status":"closed","ping_status":"closed","template":"","meta":[],"acf":[],"_links":{"self":[{"href":"https:\/\/www.camping-gien.com\/de\/wp-json\/wp\/v2\/pages\/1444"}],"collection":[{"href":"https:\/\/www.camping-gien.com\/de\/wp-json\/wp\/v2\/pages"}],"about":[{"href":"https:\/\/www.camping-gien.com\/de\/wp-json\/wp\/v2\/types\/page"}],"author":[{"embeddable":true,"href":"https:\/\/www.camping-gien.com\/de\/wp-json\/wp\/v2\/users\/1"}],"replies":[{"embeddable":true,"href":"https:\/\/www.camping-gien.com\/de\/wp-json\/wp\/v2\/comments?post=1444"}],"version-history":[{"count":4,"href":"https:\/\/www.camping-gien.com\/de\/wp-json\/wp\/v2\/pages\/1444\/revisions"}],"predecessor-version":[{"id":2417,"href":"https:\/\/www.camping-gien.com\/de\/wp-json\/wp\/v2\/pages\/1444\/revisions\/2417"}],"wp:attachment":[{"href":"https:\/\/www.camping-gien.com\/de\/wp-json\/wp\/v2\/media?parent=1444"}],"curies":[{"name":"wp","href":"https:\/\/api.w.org\/{rel}","templated":true}]}}