{"id":1438,"date":"2023-03-17T17:34:57","date_gmt":"2023-03-17T16:34:57","guid":{"rendered":"https:\/\/www.camping-gien.com\/camping-loiret-entdecken-unsere-region\/"},"modified":"2024-02-01T15:51:50","modified_gmt":"2024-02-01T14:51:50","slug":"camping-loiret-entdecken-unsere-region","status":"publish","type":"page","link":"https:\/\/www.camping-gien.com\/de\/camping-loiret-entdecken-unsere-region\/","title":{"rendered":"Camping Loiret, entdecken Sie unsere Region"},"content":{"rendered":"\n<div class=\"wp-container-69f3576313bba wp-block-group alignfull diaporama-header\"><div class=\"wp-block-group__inner-container\">\n<figure class=\"wp-block-gallery has-nested-images columns-default is-cropped\">\n<figure class=\"wp-block-image size-full\"><img width=\"1600\" height=\"720\" src=\"https:\/\/www.camping-gien.com\/wp-content\/uploads\/2024\/01\/gien-nautisme-e1706718600840.webp\" alt=\"\" class=\"wp-image-2158\" srcset=\"https:\/\/www.camping-gien.com\/wp-content\/uploads\/2024\/01\/gien-nautisme-e1706718600840.webp 1600w, https:\/\/www.camping-gien.com\/wp-content\/uploads\/2024\/01\/gien-nautisme-e1706718600840-300x135.webp 300w, https:\/\/www.camping-gien.com\/wp-content\/uploads\/2024\/01\/gien-nautisme-e1706718600840-1024x461.webp 1024w, https:\/\/www.camping-gien.com\/wp-content\/uploads\/2024\/01\/gien-nautisme-e1706718600840-768x346.webp 768w, https:\/\/www.camping-gien.com\/wp-content\/uploads\/2024\/01\/gien-nautisme-e1706718600840-1536x691.webp 1536w\" sizes=\"(max-width: 1600px) 100vw, 1600px\" \/><\/figure>\n<\/figure>\n\n\n\n<div class=\"wp-container-69f35763138bf wp-block-group\"><div class=\"wp-block-group__inner-container\">\n<h1 id=\"camping-gien-dans-le-loiret-bienvenue-au-camping-touristique-de-gien-2\">Camping Loiret, entdecken Sie unsere Region<\/h1>\n<\/div><\/div>\n<\/div><\/div>\n\n\n\n<h2 id=\"sejournez-en-camping-en-loiret\">Aufenthalt auf einem Campingplatz im Loiret<\/h2>\n\n\n\n<h3 id=\"location-de-mobil-home-dans-notre-camping-loiret\">Vermietung von Mobilheimen auf unserem Campingplatz Loiret<\/h3>\n\n\n\n<p>Es ist wichtig, an erster Stelle \u00fcber die Unterkunft zu sprechen, bevor wir die Etappe des Besuchs der verschiedenen attraktiven Orte in der Region Centre beginnen. Wenn Sie vorhaben, Ihren Urlaub in der Natur im Departement Loiret in vollen Z\u00fcgen zu genie\u00dfen, schalten Sie lieber auf Camping um. Im D\u00e9partement Loiret gibt es mehrere Campingpl\u00e4tze, aber der Campingplatz, der sich am besten f\u00fcr Ihren Aufenthalt eignet, ist der touristische Campingplatz in Gien. Anstatt in ein Hotel zu gehen, verbringen Sie Ihren Aufenthalt im Freien an einem rein historischen Ort auf unserem <strong>Campingplatz Loiret<\/strong>.<\/p>\n\n\n\n<p>Camping im Loiret in der N\u00e4he von Gien bietet die Gelegenheit, unvergessliche Momente mit der Familie und den Kindern am Ufer der Loire zu verbringen. Nun liegt es an Ihnen, Ihren Urlaub in dieser sch\u00f6nen Region auf einem Campingplatz am Wasser zu buchen! Entdecken Sie den <a href=\"https:\/\/www.camping-gien.com\/de\/\" data-type=\"page\" data-id=\"5\">touristischen Campingplatz von Gien<\/a> in Poilly-lez-Gien in der N\u00e4he von Gien und schlafen Sie in einem Mobilheim mit Holzterrasse oder einem Zigeunerwagen mit allem Komfort und hochwertigen Dienstleistungen in der N\u00e4he der Loire. Wir bieten auch Campingpl\u00e4tze f\u00fcr Wohnwagen, Zelte und Wohnmobile zum besten Preis.<\/p>\n\n\n\n<h3 id=\"camping-loiret-avec-piscine\">Campingplatz Loiret mit Schwimmbad<\/h3>\n\n\n\n<p>Die Urlauber k\u00f6nnen in unserem 3-Sterne-Campingplatz unseren Wasserpark mit Schwimmbad, zahlreiche Aktivit\u00e4ten mit Spielplatz f\u00fcr Kinder und \u00e4ltere Kinder sowie unsere Tagesanimation genie\u00dfen. Von unserem Campingplatz aus k\u00f6nnen Sie auch einen Tagesausflug mit dem Kanu auf der Loire machen. Unser Campingplatz mit Schwimmbad befindet sich gegen\u00fcber dem Schloss von Gien in der Region Centre Val de Loire. Vom Campingplatz aus bieten sich Ihnen zahlreiche Aktivit\u00e4ten und Entdeckungen an.<\/p>\n\n\n\n<h2 id=\"faire-du-tourisme-dans-le-loiret-proche-de-notre-camping\">Tourismus im Loiret in der N\u00e4he unseres Campingplatzes machen<\/h2>\n\n\n\n<p>W\u00e4hrend Ihres Campingurlaubs im Departement <a href=\"https:\/\/www.camping-gien.com\/visitez-le-loiret\/\" data-type=\"page\" data-id=\"1168\">Loiret<\/a> in der N\u00e4he von Gien am Ufer der Loire finden Sie zahlreiche Landschaften und Aktivit\u00e4ten, um angenehme Momente mit der Familie zu verbringen. \u00dcberblick \u00fcber die Vorz\u00fcge der Region Giennois rund um unseren Campingplatz in der N\u00e4he der Stadt Gien und ihres Schlosses am Ufer der Loire.<\/p>\n\n\n\n<h3 id=\"profiter-de-la-loire-a-velo\">Die Loire mit dem Fahrrad genie\u00dfen<\/h3>\n\n\n\n<p>Mit ihren separaten Radwegen und den zahlreichen Landschaften begeistert die Landschaft von Giennois Urlauber, die auf der Suche nach Fahrradexpeditionen in die Natur sind. Die Radwege rund um die Ufer der Loire sind sicher und ausgeschildert und k\u00f6nnen tags\u00fcber von Familien und Anf\u00e4ngern des Radtourismus leicht befahren werden. Die <a href=\"https:\/\/www.loireavelo.fr\/\" target=\"_blank\" rel=\"noreferrer noopener\">Loire \u00e0 V\u00e9lo<\/a> f\u00fchrt durch Gien und erm\u00f6glicht den Zugang zu vielen touristischen Spots in der N\u00e4he des Campingplatzes: Schloss Sully sur Loire, Schloss Gien, Sancerre etc.<\/p>\n\n\n\n<h4 id=\"passer-son-chemin-dans-le-loiret-a-velo\">Mit dem Fahrrad durch das Loiret fahren<\/h4>\n\n\n\n<ul><li>Fahrradtour von Gien nach Saint Brisson-sur-Loire (8 km, 25 Minuten)<\/li><\/ul>\n\n\n\n<p>Entdecken Sie das Zentrum von Gien, fahren Sie am Ufer der Loire entlang in Richtung Saint-Brisson-sur Loire mit seinem mittelalterlichen Schloss. Nutzen Sie die Gelegenheit f\u00fcr einen Rundgang durch das Schloss mit seinen 25 m\u00f6blierten R\u00e4umen, einem Ermittlungsparcours und vielen Spielen.<\/p>\n\n\n\n<ul><li>Radtour von Gien nach Ch\u00e2tillon-sur-Loire (18 km, 1 Stunde)<\/li><\/ul>\n\n\n\n<p>Fahren Sie von Gien nach Ch\u00e2tillon-sur-Loire. Dort finden Sie die Schleuse von Mantelon, eine ehemalige Schiffspassage, bevor die Kanalbr\u00fccke von Briare errichtet wurde.<\/p>\n\n\n\n<h3 id=\"ou-se-baigner-dans-le-loiret-autour-de-gien\">Wo kann man im Loiret in der Umgebung von Gien baden?<\/h3>\n\n\n\n<h4 id=\"decouvrez-l-etang-du-puits-nombreuses-activites-nautiques\">Entdecken Sie den \u00c9tang du puits, zahlreiche Wassersportaktivit\u00e4ten<\/h4>\n\n\n\n<p>In einer gesch\u00fctzten Naturlandschaft liegt der Etang du Puits in Cerdon (26 km vom Campingplatz in Gien und der Loire entfernt), ein 180 Hektar gro\u00dfer Teich, der 1864 ausgehoben wurde. Der gr\u00f6\u00dfte Teich der Sologne ist heute ein touristischer Ort in der Region, der im Sommer gerne zur Erfrischung oder f\u00fcr Wassersportaktivit\u00e4ten genutzt wird.<\/p>\n\n\n\n<p>Segeln, Tretbootfahren, Wasserski, Angeln, Baden &#8211; am \u00c9tang du Puits gibt es jede Menge Wassersportaktivit\u00e4ten f\u00fcr die ganze Familie. Wenn Sie ein Bad nehmen m\u00f6chten, wird das Baden im Juli und August \u00fcberwacht. Als Abwechslung zu den Wassersportarten stehen auch ein Bouleplatz, ein Volleyballnetz und ein Spielplatz zur Verf\u00fcgung.<\/p>\n\n\n\n<p>Der Campingplatz in Gien befindet sich im Herzen des Departements Loiret und ist daher ein ausgezeichneter Standortvorteil f\u00fcr Sie. F\u00fcr den Fall, dass Sie zum ersten Mal in der Region sind, bietet der Campingplatz eine Brosch\u00fcre an, in der Sie die verschiedenen Wunder des Departements in Begleitung von Reisef\u00fchrern entdecken k\u00f6nnen. Sie werden nicht nur das atemberaubende Gr\u00fcn rund um die Unterk\u00fcnfte genie\u00dfen, sondern auch die erholsame Ruhe der Region, wenn Sie von Ihren t\u00e4glichen Besuchen zur\u00fcckkehren.<\/p>\n","protected":false},"excerpt":{"rendered":"<p>Camping Loiret, entdecken Sie unsere Region Aufenthalt auf einem Campingplatz im Loiret Vermietung von Mobilheimen auf unserem Campingplatz Loiret Es ist wichtig, an erster Stelle \u00fcber die Unterkunft zu sprechen, bevor wir die Etappe des Besuchs der verschiedenen attraktiven Orte in der Region Centre beginnen. Wenn Sie vorhaben, Ihren Urlaub in der Natur im Departement [&hellip;]<\/p>\n","protected":false},"author":1,"featured_media":0,"parent":0,"menu_order":0,"comment_status":"closed","ping_status":"closed","template":"","meta":[],"acf":[],"_links":{"self":[{"href":"https:\/\/www.camping-gien.com\/de\/wp-json\/wp\/v2\/pages\/1438"}],"collection":[{"href":"https:\/\/www.camping-gien.com\/de\/wp-json\/wp\/v2\/pages"}],"about":[{"href":"https:\/\/www.camping-gien.com\/de\/wp-json\/wp\/v2\/types\/page"}],"author":[{"embeddable":true,"href":"https:\/\/www.camping-gien.com\/de\/wp-json\/wp\/v2\/users\/1"}],"replies":[{"embeddable":true,"href":"https:\/\/www.camping-gien.com\/de\/wp-json\/wp\/v2\/comments?post=1438"}],"version-history":[{"count":2,"href":"https:\/\/www.camping-gien.com\/de\/wp-json\/wp\/v2\/pages\/1438\/revisions"}],"predecessor-version":[{"id":2411,"href":"https:\/\/www.camping-gien.com\/de\/wp-json\/wp\/v2\/pages\/1438\/revisions\/2411"}],"wp:attachment":[{"href":"https:\/\/www.camping-gien.com\/de\/wp-json\/wp\/v2\/media?parent=1438"}],"curies":[{"name":"wp","href":"https:\/\/api.w.org\/{rel}","templated":true}]}}