{"id":1430,"date":"2023-03-17T17:34:22","date_gmt":"2023-03-17T16:34:22","guid":{"rendered":"https:\/\/www.camping-gien.com\/camping-chateau-de-la-loire\/"},"modified":"2024-02-01T15:43:47","modified_gmt":"2024-02-01T14:43:47","slug":"camping-chateau-de-la-loire","status":"publish","type":"page","link":"https:\/\/www.camping-gien.com\/de\/camping-chateau-de-la-loire\/","title":{"rendered":"Campingplatz Ch\u00e2teau de la Loire"},"content":{"rendered":"\n<div class=\"wp-container-69defb0df1e83 wp-block-group alignfull diaporama-header\"><div class=\"wp-block-group__inner-container\">\n<figure class=\"wp-block-gallery has-nested-images columns-default is-cropped\">\n<figure class=\"wp-block-image size-full\"><img width=\"1920\" height=\"650\" src=\"https:\/\/www.camping-gien.com\/wp-content\/uploads\/2024\/01\/sully.jpeg\" alt=\"\" class=\"wp-image-2148\" srcset=\"https:\/\/www.camping-gien.com\/wp-content\/uploads\/2024\/01\/sully.jpeg 1920w, https:\/\/www.camping-gien.com\/wp-content\/uploads\/2024\/01\/sully-300x102.jpeg 300w, https:\/\/www.camping-gien.com\/wp-content\/uploads\/2024\/01\/sully-1024x347.jpeg 1024w, https:\/\/www.camping-gien.com\/wp-content\/uploads\/2024\/01\/sully-768x260.jpeg 768w, https:\/\/www.camping-gien.com\/wp-content\/uploads\/2024\/01\/sully-1536x520.jpeg 1536w\" sizes=\"(max-width: 1920px) 100vw, 1920px\" \/><\/figure>\n<\/figure>\n\n\n\n<div class=\"wp-container-69defb0df1b78 wp-block-group\"><div class=\"wp-block-group__inner-container\">\n<h1 id=\"camping-gien-dans-le-loiret-bienvenue-au-camping-touristique-de-gien-2\">Entdecken Sie die Umgebung <strong>unseres Campingplatzes Ch\u00e2teau de La Loire<\/strong><\/h1>\n<\/div><\/div>\n<\/div><\/div>\n\n\n\n<h2 id=\"decouvrez-la-region-de-notre-camping-chateau-de-la-loire\"><strong>Entdecken Sie die Region unseres Campingplatzes Ch\u00e2teau de la Loire<\/strong><\/h2>\n\n\n\n<p>Rund um unseren Campingplatz Ch\u00e2teau de la Loire bieten sich Ihnen zahlreiche Aktivit\u00e4ten an!<\/p>\n\n\n\n<h3 id=\"sur-la-loire\">An der Loire<\/h3>\n\n\n\n<p>Die Boote der &#8222;Mariniers de Loire&#8220;, Caban\u00e9es und Futreaux lassen die Ufer dieses Flusses mit ihrem bekannten Charme lebendig werden. Die N\u00e4he des Briare-Kanals und seiner ber\u00fchmten Kanalbr\u00fccke verst\u00e4rken die Anziehungskraft der Aktivit\u00e4ten &#8222;auf dem Wasser&#8220; mit ihren Fahrten auf dem &#8222;bateau-mouche&#8220; und dem Passieren der Schleusen; auch die Schleuse von Mantelot in Ch\u00e2tillon sur Loire, die zum Weltkulturerbe der UNESCO geh\u00f6rt, geh\u00f6rt zu den Orten, die Sie unbedingt entdecken sollten.<br>Der Etang du Puits (30 km entfernt) ist im Sommer ein beliebter Wassersport- und Badeplatz.<\/p>\n\n\n\n<h3 id=\"gastronomie-au-bord-de-la-loire\">Gastronomie an der Loire<\/h3>\n\n\n\n<p>Wenn man von Gastronomie spricht, denkt man an bekannte Weine (Sancerre, Coteaux du Giennois, Pouilly, Menetou-Salon usw.), K\u00e4se (Crotins de Chavignol), ber\u00fchmte S\u00fc\u00dfigkeiten (Tarte Tatin, Sabl\u00e9s de Nancay, Croquets de Sancerre et du Berry &#8230;) man denkt auch an Fisch (Zander aus der Loire) oder Wild (in der Saison).<\/p>\n\n\n\n<p>Angler werden die &#8222;richtigen Stellen&#8220; finden, sei es an der Loire oder in den zahlreichen Teichen in der Umgebung, wo man &#8222;tageweise&#8220; angeln kann.<\/p>\n\n\n\n<h2 id=\"quel-chateau-de-la-loire-choisir\"><strong>Welches Schloss an der Loire soll man w\u00e4hlen?<\/strong><\/h2>\n\n\n\n<h3 id=\"chateau-de-chenonceau-chateau-de-chambord-etc\">Schloss Chenonceau, Schloss Chambord usw.<\/h3>\n\n\n\n<p>Die Loire-Region ist f\u00fcr ihre majest\u00e4tischen Schl\u00f6sser bekannt: das Schloss Chambord, Chinon, Luc\u00e9, Chaumont sur Loire oder auch das Schloss Chenonceaux, das Schloss Cheverny&#8230; Wundersch\u00f6ne Schl\u00f6sser, die uns in die Geschichte Frankreichs entf\u00fchren. Das Loiretal ist eine der sch\u00f6nsten Regionen Frankreichs und ein beliebtes Reiseziel.<\/p>\n\n\n\n<p>Sie k\u00f6nnen von unserem Campingplatz aus auch einen Spaziergang machen, um Gien zu entdecken und das Schloss zu besichtigen, das die Loire dominiert!<\/p>\n\n\n\n<p>Unsere Schl\u00f6sser sind etwas weniger bekannt als die gro\u00dfen Schl\u00f6sser wie Uss\u00e9, Amboise und Azay Le Rideau. Um sie zu entdecken, ist dies m\u00f6glich und nur 1,5 Stunden von unserem Campingplatz Gien entfernt. Auf Sie warten die ber\u00fchmten Loire-Schl\u00f6sser, schon allein ihre Namen regen zum Tr\u00e4umen an: Schloss Chaumont, Schloss Amboise, Schloss Villandry, Blois etc.<\/p>\n\n\n\n<h3 id=\"camping-gien-et-son-chateau\">Campingplatz Gien und sein Schloss<\/h3>\n\n\n\n<p>Gien, wegen seiner Architektur &#8222;Perle des Wiederaufbaus&#8220; genannt, ist auch f\u00fcr seine Fayencerie (Museum und Fabrikverkauf) und sein Schloss ber\u00fchmt. Das Schloss von Gien ist das 1. Loire-Schloss aus roten Backsteinen und beherbergt u. a. das Jagdmuseum mit seinem ber\u00fchmten Troph\u00e4ensaal und seinem Dachstuhl in Form eines umgedrehten Schiffsrumpfes. Die vollst\u00e4ndig wiederaufgebaute Kirche, die ebenfalls aus roten Backsteinen errichtet wurde, ist einen Besuch wert.<\/p>\n\n\n\n<h2 id=\"quel-chateau-de-la-loire-visiter-depuis-le-camping-gien\">Welches Schloss an der Loire kann man vom Campingplatz Gien aus besichtigen?<\/h2>\n\n\n\n<p>Zug\u00e4nglicher und weniger touristisch sind die Schl\u00f6sser der Loire rund um unseren Campingplatz im Loiret, die einen Umweg wert sind.<\/p>\n\n\n\n<p>Unser <a href=\"https:\/\/www.camping-gien.com\/de\/\" data-type=\"page\" data-id=\"5\">Campingplatz<\/a> Gien ist ideal gelegen, gegen\u00fcber dem Schloss von Gien, aber auch in der N\u00e4he zahlreicher Geb\u00e4ude und <strong>Schl\u00f6sser der Loire<\/strong> mit verschiedenen Stilen und Epochen. In der N\u00e4he unseres Campingplatzes k\u00f6nnen Sie zahlreiche Schl\u00f6sser besichtigen oder bewundern:<\/p>\n\n\n\n<ul><li>Das <a href=\"https:\/\/www.camping-gien.com\/tourisme\/chateau-de-gien\/\" data-type=\"page\" data-id=\"1170\">Schloss von Gien<\/a>, das die Stadt Gien \u00fcberragt,<\/li><li>Das Schloss von Saint-Brisson-sur-Loire, eine mittelalterliche Festung,<\/li><li>Das <a href=\"https:\/\/www.camping-gien.com\/tourisme\/chateau-de-sully\/\" data-type=\"page\" data-id=\"1164\">Schloss von Sully<\/a> sur Loire, eines der Aush\u00e4ngeschilder des Loiret,<\/li><li>Das Schloss von Chamerolles mit der Promenade des Parfums,<\/li><li>Das Schloss La Bussi\u00e8re und seine achthundertj\u00e4hrige Geschichte,<\/li><li>Das Schloss von Blancafort, ein befestigtes Haus, das von einem franz\u00f6sischen Garten umgeben ist,<\/li><li>Ch\u00e2teau de la Valette, leiu de cr\u00e9ation artistique,<\/li><li>Ch\u00e2teau Coligny, ein elegantes Geb\u00e4ude aus dem 19. Jahrhundert,<\/li><li>Kathedrale Sainte-Croix in Orl\u00e9ans<\/li><li>usw.<\/li><\/ul>\n\n\n\n<h2 id=\"quel-camping-choisir-pour-visiter-les-chateaux-de-la-loire\">Welchen Campingplatz sollte man w\u00e4hlen, um die Schl\u00f6sser der Loire zu besuchen?<\/h2>\n\n\n\n<p>Der Campingplatz Gien liegt am <a href=\"https:\/\/www.camping-gien.com\/de\/camping-bord-de-loire\/\" data-type=\"page\" data-id=\"1150\">Ufer der Loire<\/a> im Departement Loiret, 150 km von Paris entfernt, in der Region Centre Val de Loire.<br>Wir bieten eine gro\u00dfe Auswahl an Unterk\u00fcnften auf unserem Campingplatz <a href=\"https:\/\/www.camping-gien.com\/visitez-le-loiret\/\" data-type=\"page\" data-id=\"1168\">Loiret<\/a>. Von der Vermietung von Mobilheimen bis hin <a href=\"https:\/\/www.camping-gien.com\/locations\/\" data-type=\"page\" data-id=\"597\">zu ungew\u00f6hnlichen Unter<\/a>k\u00fcnften finden Sie hier die passende Unterkunft. \u00dcbernachten Sie in ungew\u00f6hnlichen Unterk\u00fcnften f\u00fcr einen originellen Aufenthalt in Zigeunerwagen, Kanadazelten und Le Nid-Zelten und begeben Sie sich auf die Entdeckung der K\u00f6nige von Frankreich.<\/p>\n\n\n\n<p>Der Campingplatz bietet ein <a href=\"https:\/\/www.camping-gien.com\/piscine-plage\/\" data-type=\"page\" data-id=\"582\">beheiztes Schwimmbad<\/a> und seinen Strand gegen\u00fcber dem Schloss von Gien sowie ein <a href=\"https:\/\/www.camping-gien.com\/de\/aktivitaeten\/\" data-type=\"page\" data-id=\"586\">Freizeitprogramm<\/a> f\u00fcr Erwachsene und Kinder: Minigolf, Tischtennis, Fitness im Freien etc.<\/p>\n\n\n\n<p>Um sich zu verpflegen, finden Sie in der N\u00e4he unseres Campingplatzes: ein Restaurant, das traditionelle franz\u00f6sische K\u00fcche serviert, und ein Lebensmittelgesch\u00e4ft, das 20 Meter vom Campingplatz entfernt ist. Sie k\u00f6nnen auch Fahrradtouren unternehmen, um die Loire \u00e0 v\u00e9lo zu entdecken, eine Fahrradroute entlang der Loire, auf der Sie die Schl\u00f6sser der Loire, die Weinberge und die Ufer der Loire entdecken k\u00f6nnen.<\/p>\n","protected":false},"excerpt":{"rendered":"<p>Entdecken Sie die Umgebung unseres Campingplatzes Ch\u00e2teau de La Loire Entdecken Sie die Region unseres Campingplatzes Ch\u00e2teau de la Loire Rund um unseren Campingplatz Ch\u00e2teau de la Loire bieten sich Ihnen zahlreiche Aktivit\u00e4ten an! An der Loire Die Boote der &#8222;Mariniers de Loire&#8220;, Caban\u00e9es und Futreaux lassen die Ufer dieses Flusses mit ihrem bekannten Charme [&hellip;]<\/p>\n","protected":false},"author":1,"featured_media":0,"parent":0,"menu_order":0,"comment_status":"closed","ping_status":"closed","template":"","meta":[],"acf":[],"_links":{"self":[{"href":"https:\/\/www.camping-gien.com\/de\/wp-json\/wp\/v2\/pages\/1430"}],"collection":[{"href":"https:\/\/www.camping-gien.com\/de\/wp-json\/wp\/v2\/pages"}],"about":[{"href":"https:\/\/www.camping-gien.com\/de\/wp-json\/wp\/v2\/types\/page"}],"author":[{"embeddable":true,"href":"https:\/\/www.camping-gien.com\/de\/wp-json\/wp\/v2\/users\/1"}],"replies":[{"embeddable":true,"href":"https:\/\/www.camping-gien.com\/de\/wp-json\/wp\/v2\/comments?post=1430"}],"version-history":[{"count":2,"href":"https:\/\/www.camping-gien.com\/de\/wp-json\/wp\/v2\/pages\/1430\/revisions"}],"predecessor-version":[{"id":2400,"href":"https:\/\/www.camping-gien.com\/de\/wp-json\/wp\/v2\/pages\/1430\/revisions\/2400"}],"wp:attachment":[{"href":"https:\/\/www.camping-gien.com\/de\/wp-json\/wp\/v2\/media?parent=1430"}],"curies":[{"name":"wp","href":"https:\/\/api.w.org\/{rel}","templated":true}]}}