{"id":1419,"date":"2023-03-17T17:33:21","date_gmt":"2023-03-17T16:33:21","guid":{"rendered":"https:\/\/www.camping-gien.com\/camping-bord-de-loire\/"},"modified":"2024-02-01T15:37:12","modified_gmt":"2024-02-01T14:37:12","slug":"camping-bord-de-loire","status":"publish","type":"page","link":"https:\/\/www.camping-gien.com\/de\/camping-bord-de-loire\/","title":{"rendered":"Campingplatz Bord de Loire"},"content":{"rendered":"\n<div class=\"wp-container-69f287610b5f6 wp-block-group alignfull diaporama-header\"><div class=\"wp-block-group__inner-container\">\n<figure class=\"wp-block-gallery has-nested-images columns-default is-cropped\">\n<figure class=\"wp-block-image size-large\"><img width=\"1024\" height=\"416\" src=\"https:\/\/www.camping-gien.com\/wp-content\/uploads\/2023\/02\/banniere-accueil-1024x416.png\" alt=\"\" class=\"wp-image-540\" srcset=\"https:\/\/www.camping-gien.com\/wp-content\/uploads\/2023\/02\/banniere-accueil-1024x416.png 1024w, https:\/\/www.camping-gien.com\/wp-content\/uploads\/2023\/02\/banniere-accueil-300x122.png 300w, https:\/\/www.camping-gien.com\/wp-content\/uploads\/2023\/02\/banniere-accueil-768x312.png 768w, https:\/\/www.camping-gien.com\/wp-content\/uploads\/2023\/02\/banniere-accueil-1536x624.png 1536w, https:\/\/www.camping-gien.com\/wp-content\/uploads\/2023\/02\/banniere-accueil.png 1920w\" sizes=\"(max-width: 1024px) 100vw, 1024px\" \/><\/figure>\n<\/figure>\n\n\n\n<div class=\"wp-container-69f287610b26e wp-block-group\"><div class=\"wp-block-group__inner-container\">\n<h1 id=\"camping-gien-dans-le-loiret-bienvenue-au-camping-touristique-de-gien-2\">Campingplatz Loireufer<\/h1>\n<\/div><\/div>\n<\/div><\/div>\n\n\n\n<div class=\"wp-block-media-text alignfull is-stacked-on-mobile is-image-fill G-05 reverse-mob\"><figure class=\"wp-block-media-text__media\" style=\"background-image:url(https:\/\/www.camping-gien.com\/wp-content\/uploads\/2023\/02\/loire-gc04e959e8_1920-760x520-1.jpg);background-position:50% 50%\"><img width=\"760\" height=\"520\" src=\"https:\/\/www.camping-gien.com\/wp-content\/uploads\/2023\/02\/loire-gc04e959e8_1920-760x520-1.jpg\" alt=\"\" class=\"wp-image-1172 size-full\" srcset=\"https:\/\/www.camping-gien.com\/wp-content\/uploads\/2023\/02\/loire-gc04e959e8_1920-760x520-1.jpg 760w, https:\/\/www.camping-gien.com\/wp-content\/uploads\/2023\/02\/loire-gc04e959e8_1920-760x520-1-300x205.jpg 300w\" sizes=\"(max-width: 760px) 100vw, 760px\" \/><\/figure><div class=\"wp-block-media-text__content\">\n<p>Lust auf Urlaub auf einem Campingplatz am Ufer der Loire? Entdecken Sie unseren Campingplatz Touristique de Gien und gehen Sie auf Entdeckungsreise in unserer sch\u00f6nen Region und an der Loire. Bleiben Sie auf unserem Campingplatz und profitieren Sie von einer gro\u00dfen Auswahl an Mobilheimen und Zigeunerwagen, dem Wasserpark, unseren Aktivit\u00e4ten und unserem 3-Sterne-Service.<\/p>\n\n\n\n<h2 id=\"choisir-une-location-en-camping-au-bord-de-la-loire-pour-des-vacances-en-famille\">Eine Campingunterkunft an der Loire f\u00fcr einen Familienurlaub w\u00e4hlen<\/h2>\n\n\n\n<p>Der Familienurlaub ist f\u00fcr alle der beliebteste Teil des Jahres. Lust auf einen Aufenthalt im Loiretal zwischen Loireschl\u00f6ssern, Loireufer, Loire mit dem Fahrrad, Spazierg\u00e4ngen und Weinbergen?  <\/p>\n\n\n\n<div class=\"wp-block-group lire-plus-mobile\"><div class=\"wp-block-group__inner-container\">\n<p>Lesen Sie mehr<\/p>\n\n\n\n<div class=\"wp-container-69f287610ba3e wp-block-group\"><div class=\"wp-block-group__inner-container\">\n<p>Entdecken Sie unseren <strong>Campingplatz am Ufer der Loire<\/strong>, der ein idealer Ausgangspunkt ist, um mit der Familie die Region zu erkunden. Wir bieten eine gro\u00dfe Auswahl an Mobilheimen, Zigeunerwagen und Lodge-Zelten in Poilly-lez-gien am Ufer der Loire.<\/p>\n\n\n\n<h2 id=\"choisir-une-location-en-camping-au-bord-de-la-loire-pour-des-vacances-en-famille\">Campingplatz an der Loire mit beheiztem Schwimmbad<\/h2>\n\n\n\n<p>Ein Aufenthalt auf unserem Campingplatz am Ufer der Loire bedeutet, dass Sie unser beheiztes Schwimmbad am Ufer der Loire mit einer sehr sch\u00f6nen Aussicht auf Gien und sein Schloss genie\u00dfen k\u00f6nnen. Kinder und Erwachsene k\u00f6nnen den Pool nutzen, um sich abzuk\u00fchlen, zu baden oder auf den Liegest\u00fchlen ein Sonnenbad zu nehmen. Und wenn Sie es vorziehen, k\u00f6nnen Sie auch einen Strand in der N\u00e4he genie\u00dfen. Die Ferien sind die beste Zeit, um Zeit mit der Familie zu verbringen und neue Erinnerungen zu schaffen.<\/p>\n<\/div><\/div>\n<\/div><\/div>\n<\/div><\/div>\n\n\n\n<div class=\"wp-block-cover alignfull is-light G-10\"><span aria-hidden=\"true\" class=\"wp-block-cover__gradient-background has-background-dim\"><\/span><img width=\"1918\" height=\"798\" class=\"wp-block-cover__image-background wp-image-727\" alt=\"\" src=\"https:\/\/www.camping-gien.com\/wp-content\/uploads\/2023\/02\/camping-nature-loire-1.png\" data-object-fit=\"cover\" srcset=\"https:\/\/www.camping-gien.com\/wp-content\/uploads\/2023\/02\/camping-nature-loire-1.png 1918w, https:\/\/www.camping-gien.com\/wp-content\/uploads\/2023\/02\/camping-nature-loire-1-300x125.png 300w, https:\/\/www.camping-gien.com\/wp-content\/uploads\/2023\/02\/camping-nature-loire-1-1024x426.png 1024w, https:\/\/www.camping-gien.com\/wp-content\/uploads\/2023\/02\/camping-nature-loire-1-768x320.png 768w, https:\/\/www.camping-gien.com\/wp-content\/uploads\/2023\/02\/camping-nature-loire-1-1536x639.png 1536w\" sizes=\"(max-width: 1918px) 100vw, 1918px\" \/><div class=\"wp-block-cover__inner-container\">\n<div class=\"wp-block-columns\">\n<div class=\"wp-block-column\">\n<h2 id=\"activites-au-camping\">Aktivit\u00e4ten auf dem Campingplatz<\/h2>\n\n\n\n<p>Der Campingplatz bord de Loire bietet zahlreiche Aktivit\u00e4ten auf dem Campingplatz und in der Umgebung. Neben Minigolf, Tischtennis oder Fitnessger\u00e4ten k\u00f6nnen Sie sich auf dem Campingplatz auch ein Kanu oder Kajak ausleihen.<\/p>\n\n\n\n<div class=\"wp-block-group lire-plus-mobile\"><div class=\"wp-block-group__inner-container\">\n<p>Lesen Sie mehr<\/p>\n\n\n\n<div class=\"wp-container-69f287610beb0 wp-block-group\"><div class=\"wp-block-group__inner-container\">\n<p>Zur Freude der Urlauber k\u00f6nnen Sie einen Ausflug mit dem Kanu unternehmen und einen halben oder ganzen Tag die Loire hinunterfahren. Unser Campingplatz am Ufer der Loire k\u00fcmmert sich um den Transport und setzt Sie am Ausgangspunkt Ihrer Kajakfahrt ab.<\/p>\n\n\n\n<h2 id=\"activites-au-camping\">Entdecken Sie die Aktivit\u00e4ten am Ufer der Loire<\/h2>\n\n\n\n<p>Wenn Sie sich f\u00fcr das D\u00e9partement Loiret entscheiden und am Ufer der Loire campen, ist dies der ideale Ausgangspunkt, um die verschiedenen Vorz\u00fcge des Reiseziels f\u00fcr einen Familienurlaub zu entdecken.<\/p>\n<\/div><\/div>\n<\/div><\/div>\n<\/div>\n\n\n\n<div class=\"wp-block-column\">\n<figure class=\"wp-block-gallery has-nested-images columns-2 is-cropped diaporama-mob\">\n<figure class=\"wp-block-image size-full\"><img width=\"760\" height=\"520\" src=\"https:\/\/www.camping-gien.com\/wp-content\/uploads\/2023\/02\/loire-a-velos-760x520-1.jpg\" alt=\"\" class=\"wp-image-899\" srcset=\"https:\/\/www.camping-gien.com\/wp-content\/uploads\/2023\/02\/loire-a-velos-760x520-1.jpg 760w, https:\/\/www.camping-gien.com\/wp-content\/uploads\/2023\/02\/loire-a-velos-760x520-1-300x205.jpg 300w\" sizes=\"(max-width: 760px) 100vw, 760px\" \/><\/figure>\n\n\n\n<figure class=\"wp-block-image size-large\"><img width=\"1024\" height=\"287\" src=\"https:\/\/www.camping-gien.com\/wp-content\/uploads\/2023\/02\/photo-canoe-1024x287.jpg\" alt=\"\" class=\"wp-image-895\" srcset=\"https:\/\/www.camping-gien.com\/wp-content\/uploads\/2023\/02\/photo-canoe-1024x287.jpg 1024w, https:\/\/www.camping-gien.com\/wp-content\/uploads\/2023\/02\/photo-canoe-300x84.jpg 300w, https:\/\/www.camping-gien.com\/wp-content\/uploads\/2023\/02\/photo-canoe-768x215.jpg 768w, https:\/\/www.camping-gien.com\/wp-content\/uploads\/2023\/02\/photo-canoe-1536x430.jpg 1536w, https:\/\/www.camping-gien.com\/wp-content\/uploads\/2023\/02\/photo-canoe.jpg 2000w\" sizes=\"(max-width: 1024px) 100vw, 1024px\" \/><\/figure>\n<\/figure>\n<\/div>\n<\/div>\n<\/div><\/div>\n\n\n\n<div class=\"wp-block-media-text alignfull is-stacked-on-mobile is-image-fill G-15 reverse-mob\"><figure class=\"wp-block-media-text__media\" style=\"background-image:url(https:\/\/www.camping-gien.com\/wp-content\/uploads\/2023\/02\/fat-lads-nHiA3FmaggY-unsplash-1024x683.jpg);background-position:50% 50%\"><img width=\"1024\" height=\"683\" src=\"https:\/\/www.camping-gien.com\/wp-content\/uploads\/2023\/02\/fat-lads-nHiA3FmaggY-unsplash-1024x683.jpg\" alt=\"\" class=\"wp-image-1184 size-full\" srcset=\"https:\/\/www.camping-gien.com\/wp-content\/uploads\/2023\/02\/fat-lads-nHiA3FmaggY-unsplash-1024x683.jpg 1024w, https:\/\/www.camping-gien.com\/wp-content\/uploads\/2023\/02\/fat-lads-nHiA3FmaggY-unsplash-300x200.jpg 300w, https:\/\/www.camping-gien.com\/wp-content\/uploads\/2023\/02\/fat-lads-nHiA3FmaggY-unsplash-768x512.jpg 768w, https:\/\/www.camping-gien.com\/wp-content\/uploads\/2023\/02\/fat-lads-nHiA3FmaggY-unsplash-1536x1024.jpg 1536w, https:\/\/www.camping-gien.com\/wp-content\/uploads\/2023\/02\/fat-lads-nHiA3FmaggY-unsplash-2048x1366.jpg 2048w\" sizes=\"(max-width: 1024px) 100vw, 1024px\" \/><\/figure><div class=\"wp-block-media-text__content\">\n<h3 id=\"camping-gien-dans-le-loiret-bienvenue-au-camping-touristique-de-gien-1\">Die Loire mit dem Fahrrad<\/h3>\n\n\n\n<p>Es ist m\u00f6glich, einen Familienurlaub in Gien am Ufer der Loire durch verschiedene Aktivit\u00e4ten, wie z. B. Radfahren, zu genie\u00dfen. Es gibt n\u00e4mlich Radwege an mehreren Ufern, die sich am Ufer der Loire befinden und die jedes Jahr eine gro\u00dfe Anzahl von Familien beherbergen. Entdecken Sie die <a rel=\"noreferrer noopener\" href=\"https:\/\/www.loireavelo.fr\/\" target=\"_blank\">Loire mit dem Fahrrad<\/a>.<\/p>\n\n\n\n<div class=\"wp-block-group lire-plus-mobile\"><div class=\"wp-block-group__inner-container\">\n<p>Lesen Sie mehr<\/p>\n\n\n\n<div class=\"wp-container-69f287610c7cb wp-block-group\"><div class=\"wp-block-group__inner-container\">\n<p>Insgesamt ist die Fahrradroute 900 km lang und f\u00fchrt von Nevers nach Saint Brevin les Pins. Von unserem Campingplatz am Ufer der Loire aus f\u00fchrt die Strecke durch :<\/p>\n\n\n\n<ul><li>Das Schloss von Gien und das Schloss von Sully sur Loire,<\/li><li>Sie fahren weiter \u00fcber Orl\u00e9ans und die W\u00e4lder der Sologne,<\/li><li>Entdecken Sie die Loire-Schl\u00f6sser in der Umgebung von Blois, Tours: Schloss Azay le Rideau, Schloss Amboise, Uss\u00e9, Clos Luc\u00e9<\/li><li>Anjou, Chinon, Saumur, Angers, Gennes<\/li><li>Anschlie\u00dfend setzen Sie Ihre Reise durch Nantes mit dem Schloss der Herz\u00f6ge der Bretagne, den Maschinen auf der Insel usw. fort.<\/li><li>Und das Ende der Reise an der M\u00fcndung der Loire und der Atlantikk\u00fcste.<\/li><\/ul>\n\n\n\n<div class=\"wp-block-group lire-plus-pc\"><div class=\"wp-block-group__inner-container\">\n<p>Lesen Sie mehr<\/p>\n\n\n\n<div class=\"wp-container-69f287610c477 wp-block-group\"><div class=\"wp-block-group__inner-container\">\n<p>Die Loire-Radtour ist aus vielen Gr\u00fcnden eine sehr sch\u00f6ne Aktivit\u00e4t f\u00fcr die ganze Familie. Zun\u00e4chst einmal ist das Radfahren an sich gesundheitsf\u00f6rdernd. Sie erm\u00f6glicht nicht nur der ganzen Familie eine sch\u00f6ne gemeinsame Zeit, sondern f\u00f6rdert auch den Aufbau neuer, bleibender Erinnerungen.<\/p>\n\n\n\n<p>Andererseits ist diese Aktivit\u00e4t umweltfreundlich und vermittelt daher allen Familienmitgliedern die guten Seiten einer gesunden und relativ nat\u00fcrlichen Umwelt. Es ist auch m\u00f6glich, sich alle f\u00fcr eine solche Aktivit\u00e4t notwendigen Ausr\u00fcstungen zu besorgen, sobald man am Ufer der Loire angekommen ist. Es ist also nicht unbedingt notwendig, dass man versucht, alles zu planen, bevor man sich auf den Weg an die Loire macht.<\/p>\n<\/div><\/div>\n<\/div><\/div>\n<\/div><\/div>\n<\/div><\/div>\n<\/div><\/div>\n\n\n\n<div class=\"wp-block-columns alignfull are-vertically-aligned-center G-25\">\n<div class=\"wp-block-column is-vertically-aligned-center\">\n<h3 id=\"deguster-le-vin-de-loire\">Den Wein der Loire probieren<\/h3>\n\n\n\n<p>Das Loire-Ufer ist nicht nur wegen der Natur und der Landschaft, die sich dort befinden, bekannt. In Gien im Departement Loire kann man die Weinberge besuchen und den Loire-Wein probieren, der f\u00fcr seine hervorragende Qualit\u00e4t bekannt ist.<\/p>\n\n\n\n<div class=\"wp-block-group lire-plus-mobile\"><div class=\"wp-block-group__inner-container\">\n<p>Lesen Sie mehr<\/p>\n\n\n\n<div class=\"wp-container-69f287610cf9d wp-block-group\"><div class=\"wp-block-group__inner-container\">\n<p>Die Loire ist nicht nur eine ideale Kulisse f\u00fcr einen Urlaubsaufenthalt, sondern auch ein idealer Standort f\u00fcr die Weinproduktion. Es handelt sich um eine sehr gute Gelegenheit, etwas zu entdecken. Man muss \u00fcbrigens erw\u00e4hnen, dass in dieser Gegend Frankreichs Tag und Nacht ein reges Treiben herrscht.<\/p>\n\n\n\n<h3 id=\"deguster-le-vin-de-loire\">Wanderung am Ufer der Loire<\/h3>\n\n\n\n<p>Die Natur im Herzen der Loire oder am Ufer der Loire ist so beschaffen, dass sie eine Aktivit\u00e4t wie das Wandern zu Fu\u00df sehr erleichtert. Letzteres ist sehr gut f\u00fcr einen Familienurlaub geeignet. Am Ufer der Loire gibt es zahlreiche Orte zu besichtigen und sch\u00f6ne Spazierg\u00e4nge oder Wanderungen am Wasser entlang.<\/p>\n\n\n\n<div class=\"wp-block-group lire-plus-pc\"><div class=\"wp-block-group__inner-container\">\n<p>Lesen Sie mehr<\/p>\n\n\n\n<div class=\"wp-container-69f287610cc77 wp-block-group\"><div class=\"wp-block-group__inner-container\">\n<h3 id=\"deguster-le-vin-de-loire\">Kanufahren auf der Loire<\/h3>\n\n\n\n<p>Die Tatsache, dass es in der Loire mehrere Fl\u00fcsse mit verschiedenen Formen gibt, beg\u00fcnstigt stark die Aus\u00fcbung von Wassersportarten wie Kanufahren. Es handelt sich auch um eine Gruppenaktivit\u00e4t, die sich sehr gut f\u00fcr einen Familienurlaub eignet. Dort findet man alle Ausr\u00fcstungsgegenst\u00e4nde, die f\u00fcr die Aus\u00fcbung einer solchen Aktivit\u00e4t bestimmt sind, so dass man sich w\u00e4hrend seiner Reise nicht mit solchem Gep\u00e4ck belasten muss. \u00dcbernachten Sie auf unserem <a href=\"https:\/\/www.camping-gien.com\/de\/\" data-type=\"page\" data-id=\"5\">Campingplatz am Ufer der Loire<\/a> und nutzen Sie den Kanuverleih und den Transport zu Ihrem Ausflugsstart.<\/p>\n\n\n\n<p>Beginnen Sie Ihre Reise auf unserem Campingplatz in Gien und fahren Sie dann weiter nach Saumur, Angers, Tours, um die majest\u00e4tischen Schl\u00f6sser der Loire zu entdecken: das Schloss Chambord, das Schloss Chenonceaux, die G\u00e4rten von Villandry, etc.<\/p>\n<\/div><\/div>\n<\/div><\/div>\n<\/div><\/div>\n<\/div><\/div>\n<\/div>\n\n\n\n<div class=\"wp-block-column is-vertically-aligned-center\">\n<figure class=\"wp-block-gallery has-nested-images columns-default is-cropped diaporama--3\">\n<figure class=\"wp-block-image size-full\"><img width=\"397\" height=\"535\" src=\"https:\/\/www.camping-gien.com\/wp-content\/uploads\/2023\/02\/camping-nature-loiret.jpg\" alt=\"\" class=\"wp-image-620\" srcset=\"https:\/\/www.camping-gien.com\/wp-content\/uploads\/2023\/02\/camping-nature-loiret.jpg 397w, https:\/\/www.camping-gien.com\/wp-content\/uploads\/2023\/02\/camping-nature-loiret-223x300.jpg 223w\" sizes=\"(max-width: 397px) 100vw, 397px\" \/><\/figure>\n\n\n\n<figure class=\"wp-block-image size-full\"><img width=\"397\" height=\"535\" src=\"https:\/\/www.camping-gien.com\/wp-content\/uploads\/2023\/02\/camping-nature-loiret-2.jpg\" alt=\"\" class=\"wp-image-614\" srcset=\"https:\/\/www.camping-gien.com\/wp-content\/uploads\/2023\/02\/camping-nature-loiret-2.jpg 397w, https:\/\/www.camping-gien.com\/wp-content\/uploads\/2023\/02\/camping-nature-loiret-2-223x300.jpg 223w\" sizes=\"(max-width: 397px) 100vw, 397px\" \/><\/figure>\n\n\n\n<figure class=\"wp-block-image size-full\"><img width=\"397\" height=\"535\" src=\"https:\/\/www.camping-gien.com\/wp-content\/uploads\/2023\/02\/camping-nature-loiret-3.jpg\" alt=\"\" class=\"wp-image-612\" srcset=\"https:\/\/www.camping-gien.com\/wp-content\/uploads\/2023\/02\/camping-nature-loiret-3.jpg 397w, https:\/\/www.camping-gien.com\/wp-content\/uploads\/2023\/02\/camping-nature-loiret-3-223x300.jpg 223w\" sizes=\"(max-width: 397px) 100vw, 397px\" \/><\/figure>\n\n\n\n<figure class=\"wp-block-image size-full\"><img width=\"760\" height=\"520\" src=\"https:\/\/www.camping-gien.com\/wp-content\/uploads\/2023\/02\/canoe-camping-loire-760x520-1.jpg\" alt=\"\" class=\"wp-image-907\" srcset=\"https:\/\/www.camping-gien.com\/wp-content\/uploads\/2023\/02\/canoe-camping-loire-760x520-1.jpg 760w, https:\/\/www.camping-gien.com\/wp-content\/uploads\/2023\/02\/canoe-camping-loire-760x520-1-300x205.jpg 300w\" sizes=\"(max-width: 760px) 100vw, 760px\" \/><\/figure>\n\n\n\n<figure class=\"wp-block-image size-large\"><img width=\"1024\" height=\"683\" src=\"https:\/\/www.camping-gien.com\/wp-content\/uploads\/2023\/02\/ales-maze-z0bACVUDTJM-unsplash-1024x683.jpg\" alt=\"\" class=\"wp-image-1189\" srcset=\"https:\/\/www.camping-gien.com\/wp-content\/uploads\/2023\/02\/ales-maze-z0bACVUDTJM-unsplash-1024x683.jpg 1024w, https:\/\/www.camping-gien.com\/wp-content\/uploads\/2023\/02\/ales-maze-z0bACVUDTJM-unsplash-300x200.jpg 300w, https:\/\/www.camping-gien.com\/wp-content\/uploads\/2023\/02\/ales-maze-z0bACVUDTJM-unsplash-768x512.jpg 768w, https:\/\/www.camping-gien.com\/wp-content\/uploads\/2023\/02\/ales-maze-z0bACVUDTJM-unsplash-1536x1024.jpg 1536w, https:\/\/www.camping-gien.com\/wp-content\/uploads\/2023\/02\/ales-maze-z0bACVUDTJM-unsplash-2048x1365.jpg 2048w\" sizes=\"(max-width: 1024px) 100vw, 1024px\" \/><\/figure>\n\n\n\n<figure class=\"wp-block-image size-full\"><img width=\"397\" height=\"535\" src=\"https:\/\/www.camping-gien.com\/wp-content\/uploads\/2023\/02\/camping-nature-loiret-3.jpg\" alt=\"\" class=\"wp-image-612\" srcset=\"https:\/\/www.camping-gien.com\/wp-content\/uploads\/2023\/02\/camping-nature-loiret-3.jpg 397w, https:\/\/www.camping-gien.com\/wp-content\/uploads\/2023\/02\/camping-nature-loiret-3-223x300.jpg 223w\" sizes=\"(max-width: 397px) 100vw, 397px\" \/><\/figure>\n<\/figure>\n\n\n\n<p><i class=\"fal fa-images\"><\/i> <a href=\"https:\/\/www.camping-gien.com\/de\/fotogalerie\/\" data-type=\"page\" data-id=\"592\">Fotogalerie<\/a><\/p>\n<\/div>\n<\/div>\n\n\n\n<div class=\"wp-block-cover alignfull is-light G-30\"><span aria-hidden=\"true\" class=\"wp-block-cover__gradient-background has-background-dim\"><\/span><img width=\"1920\" height=\"900\" class=\"wp-block-cover__image-background wp-image-626\" alt=\"\" src=\"https:\/\/www.camping-gien.com\/wp-content\/uploads\/2023\/02\/arbres-gien.jpg\" data-object-fit=\"cover\" srcset=\"https:\/\/www.camping-gien.com\/wp-content\/uploads\/2023\/02\/arbres-gien.jpg 1920w, https:\/\/www.camping-gien.com\/wp-content\/uploads\/2023\/02\/arbres-gien-300x141.jpg 300w, https:\/\/www.camping-gien.com\/wp-content\/uploads\/2023\/02\/arbres-gien-1024x480.jpg 1024w, https:\/\/www.camping-gien.com\/wp-content\/uploads\/2023\/02\/arbres-gien-768x360.jpg 768w, https:\/\/www.camping-gien.com\/wp-content\/uploads\/2023\/02\/arbres-gien-1536x720.jpg 1536w\" sizes=\"(max-width: 1920px) 100vw, 1920px\" \/><div class=\"wp-block-cover__inner-container\">\n<h2 class=\"has-text-align-center has-blanc-color has-text-color\" id=\"camping-bord-de-loire-1\">Campingplatz Loireufer<\/h2>\n\n\n\n<p class=\"has-text-align-center has-blanc-color has-text-color\">Die Loire-Region bietet ein Unterbringungssystem, das sich sehr gut f\u00fcr alle Arten von Familien eignet. Ob in einer Stadt oder einem Dorf, es ist m\u00f6glich, Hotelzimmer in verschiedenen Kategorien zu bekommen. Sie haben also die M\u00f6glichkeit, in der N\u00e4he eines Parks, im Zentrum oder sogar am Rande der Stadt Gien zu wohnen.<\/p>\n\n\n\n<div class=\"wp-block-group lire-plus-mobile\"><div class=\"wp-block-group__inner-container\">\n<p class=\"has-text-align-center has-blanc-color has-text-color\">Lesen Sie mehr<\/p>\n\n\n\n<div class=\"wp-container-69f287610d5bb wp-block-group\"><div class=\"wp-block-group__inner-container\">\n<h3 class=\"has-text-align-center has-blanc-color has-text-color\" id=\"comment-choisir-sa-destination-pour-les-vacances-en-famille-en-bord-de-loire\">Wie w\u00e4hlt man das Reiseziel f\u00fcr einen Familienurlaub an der Loire?<\/h3>\n\n\n\n<p class=\"has-text-align-center has-blanc-color has-text-color\">Bei einer Urlaubsreise mit der Familie ist das Reiseziel sehr wichtig. Das richtige Reiseziel wird die Familienbande festigen, ihnen erm\u00f6glichen, eine tolle Zeit miteinander zu verbringen und eine ganze Bibliothek an neuen, wichtigen gemeinsamen Erinnerungen zu schaffen. Daher ist es entscheidend, dass Sie sich gut \u00fcberlegen, welches Reiseziel Sie w\u00e4hlen. Ideal ist es in solchen Situationen, ein Reiseziel mit Touristenstatus zu w\u00e4hlen, um die Familie nicht zu langweilen.<\/p>\n\n\n\n<p class=\"has-text-align-center has-blanc-color has-text-color\">Es w\u00e4re auch ein Pluspunkt, wenn die ganze Familie an verschiedenen Aktivit\u00e4ten am Ort teilnehmen k\u00f6nnte, um den Urlaub besser zu erleben. Als beliebtes Ziel f\u00fcr Familienreisen bietet sich zum Beispiel die Stadt Gien am Ufer der Loire an, die jedes Jahr viele Familien anzieht. Gien ist eine sch\u00f6ne Stadt am Ufer der Loire, die eine ganz besondere Landschaft bietet, da sie eine sehr sch\u00f6ne Vielfalt aufweist, um eine lange Urlaubszeit zu versorgen.<\/p>\n\n\n\n<p class=\"has-text-align-center has-blanc-color has-text-color\">Es handelt sich um eine wundersch\u00f6ne Stadt, die aber nicht unbedingt \u00fcberm\u00e4\u00dfig aktiv ist wie die gro\u00dfen Verwaltungsst\u00e4dte, an die die Menschen gew\u00f6hnt sind. Die Vielfalt der Landschaft sorgt auch daf\u00fcr, dass es die M\u00f6glichkeit gibt, vielen verschiedenen Aktivit\u00e4ten nachzugehen und auf allen Ebenen sehr sch\u00f6ne Erfahrungen zu machen. Dar\u00fcber hinaus ist die Stadt Gien f\u00fcr ihre Weine und ihre Gastronomie ber\u00fchmt.  <\/p>\n\n\n\n<p class=\"has-text-align-center has-blanc-color has-text-color\">Insgesamt ist festzuhalten, dass das Loireufer eines der besten Reiseziele f\u00fcr einen Familienurlaub ist. Au\u00dferdem ist es nicht notwendig, m\u00f6glichst viel Gep\u00e4ck mit sich herumzutragen, um dorthin zu gelangen.<\/p>\n<\/div><\/div>\n<\/div><\/div>\n<\/div><\/div>\n","protected":false},"excerpt":{"rendered":"<p>Campingplatz Loireufer Den Wein der Loire probieren Das Loire-Ufer ist nicht nur wegen der Natur und der Landschaft, die sich dort befinden, bekannt. In Gien im Departement Loire kann man die Weinberge besuchen und den Loire-Wein probieren, der f\u00fcr seine hervorragende Qualit\u00e4t bekannt ist. Fotogalerie<\/p>\n","protected":false},"author":1,"featured_media":0,"parent":0,"menu_order":0,"comment_status":"closed","ping_status":"closed","template":"","meta":[],"acf":[],"_links":{"self":[{"href":"https:\/\/www.camping-gien.com\/de\/wp-json\/wp\/v2\/pages\/1419"}],"collection":[{"href":"https:\/\/www.camping-gien.com\/de\/wp-json\/wp\/v2\/pages"}],"about":[{"href":"https:\/\/www.camping-gien.com\/de\/wp-json\/wp\/v2\/types\/page"}],"author":[{"embeddable":true,"href":"https:\/\/www.camping-gien.com\/de\/wp-json\/wp\/v2\/users\/1"}],"replies":[{"embeddable":true,"href":"https:\/\/www.camping-gien.com\/de\/wp-json\/wp\/v2\/comments?post=1419"}],"version-history":[{"count":2,"href":"https:\/\/www.camping-gien.com\/de\/wp-json\/wp\/v2\/pages\/1419\/revisions"}],"predecessor-version":[{"id":2396,"href":"https:\/\/www.camping-gien.com\/de\/wp-json\/wp\/v2\/pages\/1419\/revisions\/2396"}],"wp:attachment":[{"href":"https:\/\/www.camping-gien.com\/de\/wp-json\/wp\/v2\/media?parent=1419"}],"curies":[{"name":"wp","href":"https:\/\/api.w.org\/{rel}","templated":true}]}}