{"id":1369,"date":"2023-03-17T17:23:50","date_gmt":"2023-03-17T16:23:50","guid":{"rendered":"https:\/\/www.camping-gien.com\/aktivitaeten\/"},"modified":"2024-02-01T17:17:01","modified_gmt":"2024-02-01T16:17:01","slug":"aktivitaeten","status":"publish","type":"page","link":"https:\/\/www.camping-gien.com\/de\/aktivitaeten\/","title":{"rendered":"Aktivit\u00e4ten"},"content":{"rendered":"\n<div class=\"wp-container-69ddfe9e45633 wp-block-group alignfull diaporama-header\"><div class=\"wp-block-group__inner-container\">\n<figure class=\"wp-block-gallery has-nested-images columns-default is-cropped\">\n<figure class=\"wp-block-image size-full\"><img width=\"618\" height=\"297\" src=\"https:\/\/www.camping-gien.com\/wp-content\/uploads\/2024\/01\/carte-loire-.png\" alt=\"\" class=\"wp-image-2220\" srcset=\"https:\/\/www.camping-gien.com\/wp-content\/uploads\/2024\/01\/carte-loire-.png 618w, https:\/\/www.camping-gien.com\/wp-content\/uploads\/2024\/01\/carte-loire--300x144.png 300w\" sizes=\"(max-width: 618px) 100vw, 618px\" \/><\/figure>\n<\/figure>\n\n\n\n<div class=\"wp-container-69ddfe9e4534e wp-block-group\"><div class=\"wp-block-group__inner-container\">\n<h1 class=\"has-text-align-center\" id=\"camping-gien-dans-le-loiret-bienvenue-au-camping-touristique-de-gien-2\">Aktivit\u00e4ten und Veranstaltungen f\u00fcr alle <strong>in der N\u00e4he von Gien im loiret<\/strong><\/h1>\n<\/div><\/div>\n<\/div><\/div>\n\n\n\n<div class=\"wp-block-media-text alignfull is-stacked-on-mobile is-image-fill G-05 reverse-mob\"><figure class=\"wp-block-media-text__media\" style=\"background-image:url(https:\/\/www.camping-gien.com\/wp-content\/uploads\/2023\/02\/0y3a9651-760x520-1.jpg);background-position:50% 50%\"><img width=\"760\" height=\"520\" src=\"https:\/\/www.camping-gien.com\/wp-content\/uploads\/2023\/02\/0y3a9651-760x520-1.jpg\" alt=\"\" class=\"wp-image-915 size-full\" srcset=\"https:\/\/www.camping-gien.com\/wp-content\/uploads\/2023\/02\/0y3a9651-760x520-1.jpg 760w, https:\/\/www.camping-gien.com\/wp-content\/uploads\/2023\/02\/0y3a9651-760x520-1-300x205.jpg 300w\" sizes=\"(max-width: 760px) 100vw, 760px\" \/><\/figure><div class=\"wp-block-media-text__content\">\n<h2 id=\"profitez-de-nombreuses-activites-et-animations-autour-des-bords-de-loire-dans-le-loiret\">Profitieren Sie von zahlreichen Aktivit\u00e4ten und Veranstaltungen rund um die Ufer der Loire im Departement Loiret.<\/h2>\n\n\n\n<p>Das Leben auf unserem 3-Sterne-Campingplatz in Gien dreht sich um die Loire und ihre Umgebung. Der Campingplatz liegt <strong>am Ufer der Loire<\/strong> mit Blick auf das Schloss von Gien und ist ein idealer Ausgangspunkt f\u00fcr zahlreiche Aktivit\u00e4ten.<\/p>\n\n\n\n<div class=\"wp-block-group lire-plus-mobile\"><div class=\"wp-block-group__inner-container\">\n<p>Lesen Sie mehr<\/p>\n\n\n\n<div class=\"wp-container-69ddfe9e459a9 wp-block-group\"><div class=\"wp-block-group__inner-container\">\n<h2 id=\"profitez-de-nombreuses-activites-et-animations-autour-des-bords-de-loire-dans-le-loiret\">Wanderung vom Campingplatz in Gien aus<\/h2>\n\n\n\n<p>Viele Radtouren f\u00fchren durch Gien, das nur einen Katzensprung von unserem Campingplatz entfernt liegt. Wir bieten zum <strong>Verleih<\/strong> an: klassische oder elektrische Fahrr\u00e4der sowie Kanus. Der Campingplatz bietet auch <strong>organisierte und begleitete Ausfl\u00fcge<\/strong> an, bei denen Fahrrad + Kanu gemischt werden.<\/p>\n<\/div><\/div>\n<\/div><\/div>\n<\/div><\/div>\n\n\n\n<div class=\"wp-block-cover alignfull is-light G-10\"><span aria-hidden=\"true\" class=\"wp-block-cover__gradient-background has-background-dim\"><\/span><img width=\"1918\" height=\"798\" class=\"wp-block-cover__image-background wp-image-727\" alt=\"\" src=\"https:\/\/www.camping-gien.com\/wp-content\/uploads\/2023\/02\/camping-nature-loire-1.png\" data-object-fit=\"cover\" srcset=\"https:\/\/www.camping-gien.com\/wp-content\/uploads\/2023\/02\/camping-nature-loire-1.png 1918w, https:\/\/www.camping-gien.com\/wp-content\/uploads\/2023\/02\/camping-nature-loire-1-300x125.png 300w, https:\/\/www.camping-gien.com\/wp-content\/uploads\/2023\/02\/camping-nature-loire-1-1024x426.png 1024w, https:\/\/www.camping-gien.com\/wp-content\/uploads\/2023\/02\/camping-nature-loire-1-768x320.png 768w, https:\/\/www.camping-gien.com\/wp-content\/uploads\/2023\/02\/camping-nature-loire-1-1536x639.png 1536w\" sizes=\"(max-width: 1918px) 100vw, 1918px\" \/><div class=\"wp-block-cover__inner-container\">\n<div class=\"wp-block-columns\">\n<div class=\"wp-block-column\">\n<h3 id=\"randonnee-a-velo\">Fahrradtour<\/h3>\n\n\n\n<p>Ob Sie nun Radfahrer sind oder eine kleine Radtour mit der Familie bevorzugen, hier findet jeder sein Gl\u00fcck. Unser Campingplatz liegt an der <strong>Loire \u00e0 V\u00e9lo<\/strong>, der ber\u00fchmten <strong>Fahrradroute<\/strong> entlang der Loire, die auf 900 Kilometern Cuffy in der N\u00e4he von Nevers mit Saint Brevin les Pins in der N\u00e4he von Saint Nazaire verbindet.<\/p>\n\n\n\n<div class=\"wp-block-group lire-plus-mobile\"><div class=\"wp-block-group__inner-container\">\n<p>Lesen Sie mehr<\/p>\n\n\n\n<div class=\"wp-container-69ddfe9e45d41 wp-block-group\"><div class=\"wp-block-group__inner-container\">\n<p>Die Loire-Radtour f\u00fchrt durch wundersch\u00f6ne Landschaften, h\u00fcbsche D\u00f6rfer entlang der Loire und nat\u00fcrlich die ber\u00fchmten <strong>Loire-Schl\u00f6sser<\/strong>.<\/p>\n\n\n\n<p>F\u00fcr einen kleinen Familienausflug von weniger als 30 Minuten (8 Kilometer) fahren Sie nach <strong>Saint Brisson sur Loire<\/strong> und entdecken Sie sein Schloss. Wenn Sie einen l\u00e4ngeren Spaziergang machen m\u00f6chten, k\u00f6nnen Sie nach <strong>Chatillon sur Loire<\/strong> (1 Stunde, 18 Kilometer) fahren, wo Sie <strong>die Schleuse von Mantelot<\/strong>bewundern k\u00f6nnen. Sie k\u00f6nnen auch mit dem Fahrrad nach <strong>Sully Sur Loire<\/strong> fahren und das Schloss entdecken (1,5 Stunden, 29 Kilometer).<\/p>\n<\/div><\/div>\n<\/div><\/div>\n<\/div>\n\n\n\n<div class=\"wp-block-column\">\n<figure class=\"wp-block-gallery has-nested-images columns-2 is-cropped diaporama-mob\">\n<figure class=\"wp-block-image size-full\"><img width=\"760\" height=\"520\" src=\"https:\/\/www.camping-gien.com\/wp-content\/uploads\/2023\/02\/motards-760x520-1.jpg\" alt=\"\" class=\"wp-image-911\" srcset=\"https:\/\/www.camping-gien.com\/wp-content\/uploads\/2023\/02\/motards-760x520-1.jpg 760w, https:\/\/www.camping-gien.com\/wp-content\/uploads\/2023\/02\/motards-760x520-1-300x205.jpg 300w\" sizes=\"(max-width: 760px) 100vw, 760px\" \/><\/figure>\n\n\n\n<figure class=\"wp-block-image size-full\"><img width=\"760\" height=\"520\" src=\"https:\/\/www.camping-gien.com\/wp-content\/uploads\/2023\/02\/loire-a-velos-760x520-1.jpg\" alt=\"\" class=\"wp-image-899\" srcset=\"https:\/\/www.camping-gien.com\/wp-content\/uploads\/2023\/02\/loire-a-velos-760x520-1.jpg 760w, https:\/\/www.camping-gien.com\/wp-content\/uploads\/2023\/02\/loire-a-velos-760x520-1-300x205.jpg 300w\" sizes=\"(max-width: 760px) 100vw, 760px\" \/><\/figure>\n<\/figure>\n<\/div>\n<\/div>\n<\/div><\/div>\n\n\n\n<div class=\"wp-block-media-text alignfull is-stacked-on-mobile is-image-fill G-15 reverse-mob\"><figure class=\"wp-block-media-text__media\" style=\"background-image:url(https:\/\/www.camping-gien.com\/wp-content\/uploads\/2023\/02\/canoe-camping-loire-760x520-1.jpg);background-position:50% 50%\"><img width=\"760\" height=\"520\" src=\"https:\/\/www.camping-gien.com\/wp-content\/uploads\/2023\/02\/canoe-camping-loire-760x520-1.jpg\" alt=\"\" class=\"wp-image-907 size-full\" srcset=\"https:\/\/www.camping-gien.com\/wp-content\/uploads\/2023\/02\/canoe-camping-loire-760x520-1.jpg 760w, https:\/\/www.camping-gien.com\/wp-content\/uploads\/2023\/02\/canoe-camping-loire-760x520-1-300x205.jpg 300w\" sizes=\"(max-width: 760px) 100vw, 760px\" \/><\/figure><div class=\"wp-block-media-text__content\">\n<h3 id=\"camping-gien-dans-le-loiret-bienvenue-au-camping-touristique-de-gien-1\">Die Loire mit dem Kanu<\/h3>\n\n\n\n<p>Entdecken Sie die Loire im Kanu, rund um <strong>Gien<\/strong>, mit typischen Landschaften zwischen Schleusen, wilden Str\u00e4nden und dem <strong>Kanal von Briare<\/strong>. Die Loire ist der l\u00e4ngste Fluss, der vollst\u00e4ndig durch Frankreich flie\u00dft. Als gro\u00dfer wilder Fluss profitiert <strong>die Loire<\/strong> von reichen und gesch\u00fctzten <strong>Naturr\u00e4umen<\/strong> und einer Fauna und Flora, die durch das <strong>Natura-2000-Netzwerk<\/strong> gesch\u00fctzt sind. Machen Sie eine ganz- oder halbt\u00e4gige Kanutour auf der Loire und erleben Sie mit der ganzen Familie einen herrlichen Ausflug auf diesem magischen Fluss. Der Campingplatz bietet einen Kanuverleih an und wir organisieren auch begleitete Kanu- + Fahrradtouren.<\/p>\n<\/div><\/div>\n\n\n\n<div class=\"wp-block-columns alignfull G-35\">\n<div class=\"wp-block-column\">\n<p><strong>Denken Sie daran, um die Loire, die Landschaften und die atemberaubenden Ausblicke, die an Ihnen vorbeiziehen werden, zu genie\u00dfen!<\/strong> <\/p>\n\n\n\n<p>Halbtags von Briare oder Ch\u00e2tillon sur Loire aus oder ganztags von Beaulieu sur Loire aus. Wir k\u00fcmmern uns um den Transport, um Sie am gew\u00fcnschten Ort abzusetzen, und Sie fahren die Loire hinunter bis zum Strand, der sich am Rande des Campingplatzes befindet.<\/p>\n\n\n\n<div class=\"wp-block-group lire-plus-mobile\"><div class=\"wp-block-group__inner-container\">\n<p>Lesen Sie mehr<\/p>\n\n\n\n<div class=\"wp-container-69ddfe9e4626a wp-block-group\"><div class=\"wp-block-group__inner-container\">\n<div class=\"wp-block-columns\">\n<div class=\"wp-block-column\">\n<p><strong>Preise 1\/2 Tag Kanu :<\/strong><\/p>\n\n\n\n<ul><li>1 bis 3 Pers. 25\u20ac\/Pers<\/li><li>ab 4 Pers. 20\u20ac\/Pers<\/li><\/ul>\n<\/div>\n\n\n\n<div class=\"wp-block-column\">\n<p><strong>Preise f\u00fcr einen Tag im Kanu :<\/strong><\/p>\n\n\n\n<ul><li>1 bis 3 Pers. 30\u20ac\/Pers<\/li><li>ab 4 Pers. 25\u20ac\/Pers<\/li><\/ul>\n<\/div>\n<\/div>\n\n\n\n<p>Rufen Sie unter 02 38 67 12 50 an, um die Verf\u00fcgbarkeit zu pr\u00fcfen und zu buchen. Vor Ihrer Abreise m\u00fcssen Sie einen Mietvertrag ausf\u00fcllen und eine Kaution hinterlegen (Scheck oder Kreditkarte).<\/p>\n<\/div><\/div>\n<\/div><\/div>\n<\/div>\n\n\n\n<div class=\"wp-block-column\">\n<figure class=\"wp-block-gallery has-nested-images columns-2 is-cropped diaporama-mob\">\n<figure class=\"wp-block-image size-large\"><img width=\"1024\" height=\"683\" src=\"https:\/\/www.camping-gien.com\/wp-content\/uploads\/2023\/02\/pass-horizon-hZdD-Plr3ro-unsplash-1024x683.jpg\" alt=\"\" class=\"wp-image-1064\" srcset=\"https:\/\/www.camping-gien.com\/wp-content\/uploads\/2023\/02\/pass-horizon-hZdD-Plr3ro-unsplash-1024x683.jpg 1024w, https:\/\/www.camping-gien.com\/wp-content\/uploads\/2023\/02\/pass-horizon-hZdD-Plr3ro-unsplash-300x200.jpg 300w, https:\/\/www.camping-gien.com\/wp-content\/uploads\/2023\/02\/pass-horizon-hZdD-Plr3ro-unsplash-768x512.jpg 768w, https:\/\/www.camping-gien.com\/wp-content\/uploads\/2023\/02\/pass-horizon-hZdD-Plr3ro-unsplash-1536x1024.jpg 1536w, https:\/\/www.camping-gien.com\/wp-content\/uploads\/2023\/02\/pass-horizon-hZdD-Plr3ro-unsplash-2048x1365.jpg 2048w\" sizes=\"(max-width: 1024px) 100vw, 1024px\" \/><\/figure>\n\n\n\n<figure class=\"wp-block-image size-large\"><img width=\"1024\" height=\"287\" src=\"https:\/\/www.camping-gien.com\/wp-content\/uploads\/2023\/02\/balade-canoe-loire-1-1024x287.jpg\" alt=\"\" class=\"wp-image-1037\" srcset=\"https:\/\/www.camping-gien.com\/wp-content\/uploads\/2023\/02\/balade-canoe-loire-1-1024x287.jpg 1024w, https:\/\/www.camping-gien.com\/wp-content\/uploads\/2023\/02\/balade-canoe-loire-1-300x84.jpg 300w, https:\/\/www.camping-gien.com\/wp-content\/uploads\/2023\/02\/balade-canoe-loire-1-768x215.jpg 768w, https:\/\/www.camping-gien.com\/wp-content\/uploads\/2023\/02\/balade-canoe-loire-1-1536x430.jpg 1536w, https:\/\/www.camping-gien.com\/wp-content\/uploads\/2023\/02\/balade-canoe-loire-1.jpg 2000w\" sizes=\"(max-width: 1024px) 100vw, 1024px\" \/><\/figure>\n\n\n\n<figure class=\"wp-block-image size-full\"><img width=\"760\" height=\"520\" src=\"https:\/\/www.camping-gien.com\/wp-content\/uploads\/2023\/02\/camping-plage-gien-760x520-1.jpg\" alt=\"\" class=\"wp-image-864\" srcset=\"https:\/\/www.camping-gien.com\/wp-content\/uploads\/2023\/02\/camping-plage-gien-760x520-1.jpg 760w, https:\/\/www.camping-gien.com\/wp-content\/uploads\/2023\/02\/camping-plage-gien-760x520-1-300x205.jpg 300w\" sizes=\"(max-width: 760px) 100vw, 760px\" \/><\/figure>\n\n\n\n<figure class=\"wp-block-image size-large\"><img width=\"768\" height=\"1024\" src=\"https:\/\/www.camping-gien.com\/wp-content\/uploads\/2023\/02\/hacquard-victor-_BPv0g2CndM-unsplash-768x1024.jpg\" alt=\"\" class=\"wp-image-1069\" srcset=\"https:\/\/www.camping-gien.com\/wp-content\/uploads\/2023\/02\/hacquard-victor-_BPv0g2CndM-unsplash-768x1024.jpg 768w, https:\/\/www.camping-gien.com\/wp-content\/uploads\/2023\/02\/hacquard-victor-_BPv0g2CndM-unsplash-225x300.jpg 225w, https:\/\/www.camping-gien.com\/wp-content\/uploads\/2023\/02\/hacquard-victor-_BPv0g2CndM-unsplash-1152x1536.jpg 1152w, https:\/\/www.camping-gien.com\/wp-content\/uploads\/2023\/02\/hacquard-victor-_BPv0g2CndM-unsplash-1536x2048.jpg 1536w, https:\/\/www.camping-gien.com\/wp-content\/uploads\/2023\/02\/hacquard-victor-_BPv0g2CndM-unsplash-scaled.jpg 1920w\" sizes=\"(max-width: 768px) 100vw, 768px\" \/><\/figure>\n<\/figure>\n<\/div>\n<\/div>\n\n\n\n<div class=\"wp-block-cover alignfull is-light G-30\"><span aria-hidden=\"true\" class=\"wp-block-cover__gradient-background has-background-dim\"><\/span><img width=\"1920\" height=\"900\" class=\"wp-block-cover__image-background wp-image-626\" alt=\"\" src=\"https:\/\/www.camping-gien.com\/wp-content\/uploads\/2023\/02\/arbres-gien.jpg\" data-object-fit=\"cover\" srcset=\"https:\/\/www.camping-gien.com\/wp-content\/uploads\/2023\/02\/arbres-gien.jpg 1920w, https:\/\/www.camping-gien.com\/wp-content\/uploads\/2023\/02\/arbres-gien-300x141.jpg 300w, https:\/\/www.camping-gien.com\/wp-content\/uploads\/2023\/02\/arbres-gien-1024x480.jpg 1024w, https:\/\/www.camping-gien.com\/wp-content\/uploads\/2023\/02\/arbres-gien-768x360.jpg 768w, https:\/\/www.camping-gien.com\/wp-content\/uploads\/2023\/02\/arbres-gien-1536x720.jpg 1536w\" sizes=\"(max-width: 1920px) 100vw, 1920px\" \/><div class=\"wp-block-cover__inner-container\">\n<h2 class=\"has-text-align-center has-blanc-color has-text-color\" id=\"les-autres-activites-du-camping\">Andere Aktivit\u00e4ten auf dem Campingplatz<\/h2>\n\n\n\n<ul class=\"pictos test has-blanc-color has-text-color\"><li><i class=\"fal fa-basketball\"><\/i> <strong>Petanque-Platz<\/strong><\/li><li><i class=\"fal fa-water\"><\/i> <strong>Wasserraum<\/strong><\/li><li><i class=\"fal fa-child\"><\/i>  Aktivit\u00e4ten f\u00fcr <strong>Kinder<\/strong><\/li><\/ul>\n\n\n\n<p class=\"has-text-align-center has-blanc-color has-text-color\">Auf unserem Campingplatz in Gien k\u00f6nnen Sie von Anfang Juni bis Mitte September auch das Schwimmbad nutzen. Genie\u00dfen Sie Wasserspiele mit der ganzen Familie, Faulenzen am Pool und nicht zu vergessen den Strand am Ufer der Loire und den Blick auf das Schloss von Gien.<\/p>\n\n\n\n<div class=\"wp-block-group lire-plus-mobile\"><div class=\"wp-block-group__inner-container\">\n<p class=\"has-text-align-center has-blanc-color has-text-color\">Lesen Sie mehr<\/p>\n\n\n\n<div class=\"wp-container-69ddfe9e466e0 wp-block-group\"><div class=\"wp-block-group__inner-container\">\n<p class=\"has-text-align-center has-blanc-color has-text-color\">Wir bieten auch zahlreiche Aktivit\u00e4ten auf dem Campingplatz an. Unser Campingplatz in Gien ist ein Ort der Entspannung, des Spa\u00dfes mit der Familie oder mit Freunden. Sie k\u00f6nnen sich bei einer Partie Boule oder Minigolf vergn\u00fcgen oder sich mit unseren Fitnessger\u00e4ten in Form bringen. Au\u00dferdem k\u00f6nnen Urlauber mit ihren Kindern zahlreiche Aktivit\u00e4ten wie Spiele, Fahrrad- oder Kanutouren unternehmen.<\/p>\n<\/div><\/div>\n<\/div><\/div>\n\n\n\n<div class=\"wp-container-69ddfe9e469cf wp-block-buttons\">\n<div class=\"wp-block-button is-style-fill btn_resa\"><a class=\"wp-block-button__link\"><i class=\"fal fa-search\"><\/i>  Buchen<\/a><\/div>\n<\/div>\n<\/div><\/div>\n","protected":false},"excerpt":{"rendered":"<p>Aktivit\u00e4ten und Veranstaltungen f\u00fcr alle in der N\u00e4he von Gien im loiret Die Loire mit dem Kanu Entdecken Sie die Loire im Kanu, rund um Gien, mit typischen Landschaften zwischen Schleusen, wilden Str\u00e4nden und dem Kanal von Briare. Die Loire ist der l\u00e4ngste Fluss, der vollst\u00e4ndig durch Frankreich flie\u00dft. Als gro\u00dfer wilder Fluss profitiert die [&hellip;]<\/p>\n","protected":false},"author":1,"featured_media":0,"parent":0,"menu_order":0,"comment_status":"closed","ping_status":"closed","template":"","meta":[],"acf":[],"_links":{"self":[{"href":"https:\/\/www.camping-gien.com\/de\/wp-json\/wp\/v2\/pages\/1369"}],"collection":[{"href":"https:\/\/www.camping-gien.com\/de\/wp-json\/wp\/v2\/pages"}],"about":[{"href":"https:\/\/www.camping-gien.com\/de\/wp-json\/wp\/v2\/types\/page"}],"author":[{"embeddable":true,"href":"https:\/\/www.camping-gien.com\/de\/wp-json\/wp\/v2\/users\/1"}],"replies":[{"embeddable":true,"href":"https:\/\/www.camping-gien.com\/de\/wp-json\/wp\/v2\/comments?post=1369"}],"version-history":[{"count":4,"href":"https:\/\/www.camping-gien.com\/de\/wp-json\/wp\/v2\/pages\/1369\/revisions"}],"predecessor-version":[{"id":2621,"href":"https:\/\/www.camping-gien.com\/de\/wp-json\/wp\/v2\/pages\/1369\/revisions\/2621"}],"wp:attachment":[{"href":"https:\/\/www.camping-gien.com\/de\/wp-json\/wp\/v2\/media?parent=1369"}],"curies":[{"name":"wp","href":"https:\/\/api.w.org\/{rel}","templated":true}]}}