{"id":1359,"date":"2023-03-17T17:23:14","date_gmt":"2023-03-17T16:23:14","guid":{"rendered":"https:\/\/www.camping-gien.com\/startseite\/"},"modified":"2024-02-01T17:14:47","modified_gmt":"2024-02-01T16:14:47","slug":"startseite","status":"publish","type":"page","link":"https:\/\/www.camping-gien.com\/de\/","title":{"rendered":"Startseite"},"content":{"rendered":"\n<div class=\"wp-container-69e59af400bd4 wp-block-group alignfull diaporama-header\"><div class=\"wp-block-group__inner-container\">\n<figure class=\"wp-block-gallery has-nested-images columns-default is-cropped\">\n<figure class=\"wp-block-image size-full\"><img width=\"1100\" height=\"734\" src=\"https:\/\/www.camping-gien.com\/wp-content\/uploads\/2024\/01\/gien-4.jpeg\" alt=\"\" class=\"wp-image-2068\" srcset=\"https:\/\/www.camping-gien.com\/wp-content\/uploads\/2024\/01\/gien-4.jpeg 1100w, https:\/\/www.camping-gien.com\/wp-content\/uploads\/2024\/01\/gien-4-300x200.jpeg 300w, https:\/\/www.camping-gien.com\/wp-content\/uploads\/2024\/01\/gien-4-1024x683.jpeg 1024w, https:\/\/www.camping-gien.com\/wp-content\/uploads\/2024\/01\/gien-4-768x512.jpeg 768w\" sizes=\"(max-width: 1100px) 100vw, 1100px\" \/><\/figure>\n\n\n\n<figure class=\"wp-block-image size-full\"><img width=\"1280\" height=\"748\" src=\"https:\/\/www.camping-gien.com\/wp-content\/uploads\/2024\/01\/gien-.jpeg\" alt=\"\" class=\"wp-image-2360\" srcset=\"https:\/\/www.camping-gien.com\/wp-content\/uploads\/2024\/01\/gien-.jpeg 1280w, https:\/\/www.camping-gien.com\/wp-content\/uploads\/2024\/01\/gien--300x175.jpeg 300w, https:\/\/www.camping-gien.com\/wp-content\/uploads\/2024\/01\/gien--1024x598.jpeg 1024w, https:\/\/www.camping-gien.com\/wp-content\/uploads\/2024\/01\/gien--768x449.jpeg 768w\" sizes=\"(max-width: 1280px) 100vw, 1280px\" \/><\/figure>\n<\/figure>\n\n\n\n<div class=\"wp-container-69e59af400886 wp-block-group\"><div class=\"wp-block-group__inner-container\">\n<h1 id=\"campingplatz-gien-im-loiret-willkommen-auf-dem-campingplatz-touristique-de-gien\">Campingplatz Gien im Loiret <strong>Willkommen auf dem Campingplatz Touristique de Gien<\/strong><\/h1>\n<\/div><\/div>\n<\/div><\/div>\n\n\n\n<div class=\"wp-container-69e59af401055 wp-block-group barre_resa\"><div class=\"wp-block-group__inner-container\"><ctv-searchbar><\/ctv-searchbar>\n<\/div><\/div>\n\n\n\n<div class=\"wp-block-media-text alignfull is-stacked-on-mobile is-image-fill G-05 reverse-mob\"><figure class=\"wp-block-media-text__media\" style=\"background-image:url(https:\/\/www.camping-gien.com\/wp-content\/uploads\/2023\/02\/chateau-gien.jpg);background-position:50% 50%\"><img width=\"1011\" height=\"782\" src=\"https:\/\/www.camping-gien.com\/wp-content\/uploads\/2023\/02\/chateau-gien.jpg\" alt=\"\" class=\"wp-image-545 size-full\" srcset=\"https:\/\/www.camping-gien.com\/wp-content\/uploads\/2023\/02\/chateau-gien.jpg 1011w, https:\/\/www.camping-gien.com\/wp-content\/uploads\/2023\/02\/chateau-gien-300x232.jpg 300w, https:\/\/www.camping-gien.com\/wp-content\/uploads\/2023\/02\/chateau-gien-768x594.jpg 768w\" sizes=\"(max-width: 1011px) 100vw, 1011px\" \/><\/figure><div class=\"wp-block-media-text__content\">\n<p>Egal, ob Sie aus dem Norden, S\u00fcden, Osten oder Westen kommen,<br>Gien bietet eine strategisch g\u00fcnstige geographische Lage, die Sie zwangsl\u00e4ufig zu uns f\u00fchren wird! (Paris: 150 km, Nevers: 90 km, Orl\u00e9ans: 60 km, Bourges: 90km).<\/p>\n\n\n\n<h3 id=\"situe-face-au-chateau-et-a-gien-a-10-minutes-a-pied-du-centre\">Gegen\u00fcber dem Schloss und in Gien gelegen, 10 Minuten zu Fu\u00df vom Zentrum entfernt<\/h3>\n\n\n\n<p>Die N\u00e4he zur Stadt und die Existenz eines Bahnhofs sind weitere Pluspunkte, die Ihren Aufenthalt erleichtern werden. Aber egal, ob Sie Ihre eigene Unterkunft haben, mit dem Fahrrad, Auto oder Kanu anreisen, eine Nacht verbringen oder im Gegenteil einen Aufenthalt in einem Mobilheim oder Zigeunerwagen nutzen m\u00f6chten, um uns zu entdecken, wir werden Sie in einer ruhigen Umgebung mit B\u00e4umen und Blumen empfangen k\u00f6nnen.<\/p>\n\n\n\n<p><strong>Er\u00f6ffnung des Campingplatzes am Montag, den 13. M\u00e4rz 2013<\/strong><\/p>\n\n\n\n<ul class=\"pictos test scroll-mob\"><li><i class=\"icon-chaussure\"><\/i> <strong>Nat\u00fcrlicher<\/strong> Rahmen<\/li><li><i class=\"icon-bateau\"><\/i>  Direkter Zugang zum <strong>Strand<\/strong><\/li><li><i class=\"icon-velo\"><\/i>  GR3-Loire <strong>Fahrrad<\/strong><\/li><\/ul>\n<\/div><\/div>\n\n\n\n<div class=\"wp-block-cover alignfull is-light G-10\"><span aria-hidden=\"true\" class=\"wp-block-cover__gradient-background has-background-dim\"><\/span><img width=\"1918\" height=\"798\" class=\"wp-block-cover__image-background wp-image-727\" alt=\"\" src=\"https:\/\/www.camping-gien.com\/wp-content\/uploads\/2023\/02\/camping-nature-loire-1.png\" data-object-fit=\"cover\" srcset=\"https:\/\/www.camping-gien.com\/wp-content\/uploads\/2023\/02\/camping-nature-loire-1.png 1918w, https:\/\/www.camping-gien.com\/wp-content\/uploads\/2023\/02\/camping-nature-loire-1-300x125.png 300w, https:\/\/www.camping-gien.com\/wp-content\/uploads\/2023\/02\/camping-nature-loire-1-1024x426.png 1024w, https:\/\/www.camping-gien.com\/wp-content\/uploads\/2023\/02\/camping-nature-loire-1-768x320.png 768w, https:\/\/www.camping-gien.com\/wp-content\/uploads\/2023\/02\/camping-nature-loire-1-1536x639.png 1536w\" sizes=\"(max-width: 1918px) 100vw, 1918px\" \/><div class=\"wp-block-cover__inner-container\">\n<div class=\"wp-block-columns\">\n<div class=\"wp-block-column\">\n<h2 id=\"location-de-mobil-home-pres-de-gien\">Mobilheimvermietung in der N\u00e4he von Gien<\/h2>\n\n\n\n<p>F\u00fcr Ihren Komfort bieten wir Ihnen im Departement Loiret mit Schwimmbad folgende Mietobjekte an: 23 Mobilheime, 6 Zigeunerwagen und 7 Canada-Zelte auf unserem Campingplatz am Ufer der Loire.<\/p>\n\n\n\n<p>Finden Sie eine Reihe von Mobilheimen f\u00fcr 2 bis 6 Personen f\u00fcr Ihren Campingurlaub in der N\u00e4he von Gien.<\/p>\n\n\n\n<p>Die meisten unserer Mobilheime verf\u00fcgen \u00fcber eine \u00fcberdachte Terrasse, ein Badezimmer mit separatem WC sowie eine voll ausgestattete K\u00fcche. Hier finden Sie alles, was Sie an zu Hause erinnert, nur eben im Urlaub!<\/p>\n\n\n\n<div class=\"wp-container-69e59af4014c3 wp-block-buttons\">\n<div class=\"wp-block-button is-style-outline\"><a class=\"wp-block-button__link\" href=\"https:\/\/www.camping-gien.com\/de\/vermietungen\/\">Siehe unsere Vermietungen<\/a><\/div>\n\n\n\n<div class=\"wp-block-button is-style-fill btn_resa\"><a class=\"wp-block-button__link\"><i class=\"fal fa-search\"><\/i>  Buchen<\/a><\/div>\n<\/div>\n<\/div>\n\n\n\n<div class=\"wp-block-column\">\n<figure class=\"wp-block-gallery has-nested-images columns-2 is-cropped diaporama-mob\">\n<figure class=\"wp-block-image size-full\"><img width=\"893\" height=\"873\" src=\"https:\/\/www.camping-gien.com\/wp-content\/uploads\/2023\/02\/location-roulotte-gien-1.jpg\" alt=\"\" class=\"wp-image-570\" srcset=\"https:\/\/www.camping-gien.com\/wp-content\/uploads\/2023\/02\/location-roulotte-gien-1.jpg 893w, https:\/\/www.camping-gien.com\/wp-content\/uploads\/2023\/02\/location-roulotte-gien-1-300x293.jpg 300w, https:\/\/www.camping-gien.com\/wp-content\/uploads\/2023\/02\/location-roulotte-gien-1-768x751.jpg 768w\" sizes=\"(max-width: 893px) 100vw, 893px\" \/><\/figure>\n\n\n\n<figure class=\"wp-block-image size-full\"><img width=\"901\" height=\"622\" src=\"https:\/\/www.camping-gien.com\/wp-content\/uploads\/2023\/02\/location-roulotte-gien.jpg\" alt=\"\" class=\"wp-image-566\" srcset=\"https:\/\/www.camping-gien.com\/wp-content\/uploads\/2023\/02\/location-roulotte-gien.jpg 901w, https:\/\/www.camping-gien.com\/wp-content\/uploads\/2023\/02\/location-roulotte-gien-300x207.jpg 300w, https:\/\/www.camping-gien.com\/wp-content\/uploads\/2023\/02\/location-roulotte-gien-768x530.jpg 768w\" sizes=\"(max-width: 901px) 100vw, 901px\" \/><\/figure>\n<\/figure>\n<\/div>\n<\/div>\n<\/div><\/div>\n\n\n\n<div class=\"wp-block-media-text alignfull is-stacked-on-mobile is-image-fill G-15 reverse-mob\"><figure class=\"wp-block-media-text__media\" style=\"background-image:url(https:\/\/www.camping-gien.com\/wp-content\/uploads\/2023\/02\/emplacement-camping-3etoiles-1024x668.jpg);background-position:50% 50%\"><img width=\"1024\" height=\"668\" src=\"https:\/\/www.camping-gien.com\/wp-content\/uploads\/2023\/02\/emplacement-camping-3etoiles-1024x668.jpg\" alt=\"\" class=\"wp-image-575 size-full\" srcset=\"https:\/\/www.camping-gien.com\/wp-content\/uploads\/2023\/02\/emplacement-camping-3etoiles-1024x668.jpg 1024w, https:\/\/www.camping-gien.com\/wp-content\/uploads\/2023\/02\/emplacement-camping-3etoiles-300x196.jpg 300w, https:\/\/www.camping-gien.com\/wp-content\/uploads\/2023\/02\/emplacement-camping-3etoiles-768x501.jpg 768w, https:\/\/www.camping-gien.com\/wp-content\/uploads\/2023\/02\/emplacement-camping-3etoiles.jpg 1381w\" sizes=\"(max-width: 1024px) 100vw, 1024px\" \/><\/figure><div class=\"wp-block-media-text__content\">\n<h2 id=\"camping-gien-dans-le-loiret-bienvenue-au-camping-touristique-de-gien-1\">Ger\u00e4umige Stellpl\u00e4tze<\/h2>\n\n\n\n<p>Unsere Lage am Ufer der Loire ist privilegiert,<br>auf einem 5 Hektar gro\u00dfen Gel\u00e4nde mit 197 Stellpl\u00e4tzen zwischen 100 und 150 m\u00b2, direktem Zugang zum Strand und der M\u00f6glichkeit, am Fluss entlang zu fahren oder sofort mit dem Fahrrad auf den GR3-Loire zu gelangen, empfangen wir Sie auf einem gr\u00fcnen Gel\u00e4nde mit B\u00e4umen, das in der Saison mit vielen Blumen geschm\u00fcckt ist.<\/p>\n\n\n\n<p>43 Stellpl\u00e4tze sind f\u00fcr Mietunterk\u00fcnfte und Bewohner und 154 f\u00fcr Camper (Wohnwagen, Wohnmobile, Zelte &#8230;) bestimmt.<\/p>\n\n\n\n<div class=\"wp-container-69e59af401977 wp-block-buttons\">\n<div class=\"wp-block-button is-style-fill\"><a class=\"wp-block-button__link\" href=\"https:\/\/www.camping-gien.com\/de\/standorte\/\">Siehe unsere Standorte<\/a><\/div>\n<\/div>\n<\/div><\/div>\n\n\n\n<div class=\"wp-block-cover alignfull is-light deco--vague G-20\"><span aria-hidden=\"true\" class=\"wp-block-cover__gradient-background has-background-dim\"><\/span><img width=\"1920\" height=\"870\" class=\"wp-block-cover__image-background wp-image-602\" alt=\"\" src=\"https:\/\/www.camping-gien.com\/wp-content\/uploads\/2023\/02\/banniere-plage.jpg\" data-object-fit=\"cover\" srcset=\"https:\/\/www.camping-gien.com\/wp-content\/uploads\/2023\/02\/banniere-plage.jpg 1920w, https:\/\/www.camping-gien.com\/wp-content\/uploads\/2023\/02\/banniere-plage-300x136.jpg 300w, https:\/\/www.camping-gien.com\/wp-content\/uploads\/2023\/02\/banniere-plage-1024x464.jpg 1024w, https:\/\/www.camping-gien.com\/wp-content\/uploads\/2023\/02\/banniere-plage-768x348.jpg 768w, https:\/\/www.camping-gien.com\/wp-content\/uploads\/2023\/02\/banniere-plage-1536x696.jpg 1536w\" sizes=\"(max-width: 1920px) 100vw, 1920px\" \/><div class=\"wp-block-cover__inner-container\">\n<div class=\"wp-block-media-text alignwide has-media-on-the-right is-stacked-on-mobile\"><figure class=\"wp-block-media-text__media\"><img width=\"760\" height=\"520\" src=\"https:\/\/www.camping-gien.com\/wp-content\/uploads\/2023\/02\/camping-3etoiles-piscine-760x520-1.jpg\" alt=\"\" class=\"wp-image-872 size-full\" srcset=\"https:\/\/www.camping-gien.com\/wp-content\/uploads\/2023\/02\/camping-3etoiles-piscine-760x520-1.jpg 760w, https:\/\/www.camping-gien.com\/wp-content\/uploads\/2023\/02\/camping-3etoiles-piscine-760x520-1-300x205.jpg 300w\" sizes=\"(max-width: 760px) 100vw, 760px\" \/><\/figure><div class=\"wp-block-media-text__content\">\n<h2 id=\"camping-avec-piscine-pres-de-gien-dans-le-loiret\">Campingplatz mit Schwimmbad in der N\u00e4he von Gien im Loiret<\/h2>\n\n\n\n<p>Auf dem Campingplatz finden Sie ein beheiztes Schwimmbad mit einziehbarer \u00dcberdachung, um f\u00fcr alle Wetterkapriolen gewappnet zu sein.<br>Die Kinder k\u00f6nnen sich auch im ebenfalls beheizten Planschbecken vergn\u00fcgen.<\/p>\n\n\n\n<p>Das gro\u00dfe Plus? Ein atemberaubender Blick auf das Schloss von Gien!<\/p>\n\n\n\n<p>Zus\u00e4tzlich zum Schwimmbad auf dem Campingplatz bieten wir einen Strandbereich am Ufer der Loire, wo Sie die Saison genie\u00dfen k\u00f6nnen. Genie\u00dfen Sie den Strand mit einer sch\u00f6nen Aussicht auf das Loire-Ufer und das Schloss von Gien.<\/p>\n\n\n\n<div class=\"wp-container-69e59af401d39 wp-block-buttons\">\n<div class=\"wp-block-button is-style-outline\"><a class=\"wp-block-button__link\" href=\"https:\/\/www.camping-gien.com\/de\/pool-strand\/\">Pool &amp; Strand<\/a><\/div>\n<\/div>\n<\/div><\/div>\n<\/div><\/div>\n\n\n\n<div class=\"wp-block-columns alignfull are-vertically-aligned-center G-25\">\n<div class=\"wp-block-column is-vertically-aligned-center\">\n<h2 id=\"camping-avec-activites-et-animations-dans-le-loiret\">Campingplatz mit Aktivit\u00e4ten und Animationen im Loiret<\/h2>\n\n\n\n<p>Der Campingplatz stellt Ihnen eine Reihe von Einrichtungen zur Verf\u00fcgung, die es Ihnen erm\u00f6glichen, sich w\u00e4hrend Ihres Aufenthalts in der N\u00e4he von Gien zu entspannen.<\/p>\n\n\n\n<p>So gibt es Minigolf, Trampolin, Tischtennis, Fitness, den von der Stadt angebotenen Club Plage, aber auch Outdoor-Aktivit\u00e4ten wie Kanu fahren, Fahrrad fahren etc.<\/p>\n\n\n\n<p>Wir organisieren Aktivit\u00e4ten zur Entdeckung der Region durch Kanufahrten auf der Loire und Radtouren.<\/p>\n\n\n\n<div class=\"wp-container-69e59af402110 wp-block-buttons\">\n<div class=\"wp-block-button is-style-fill\"><a class=\"wp-block-button__link\" href=\"https:\/\/www.camping-gien.com\/de\/aktivitaeten\/\">Siehe unsere Aktivit\u00e4ten<\/a><\/div>\n<\/div>\n<\/div>\n\n\n\n<div class=\"wp-block-column is-vertically-aligned-center\">\n<figure class=\"wp-block-gallery has-nested-images columns-default is-cropped diaporama--3\">\n<figure class=\"wp-block-image size-full\"><img width=\"397\" height=\"535\" src=\"https:\/\/www.camping-gien.com\/wp-content\/uploads\/2023\/02\/camping-nature-loiret.jpg\" alt=\"\" class=\"wp-image-620\" srcset=\"https:\/\/www.camping-gien.com\/wp-content\/uploads\/2023\/02\/camping-nature-loiret.jpg 397w, https:\/\/www.camping-gien.com\/wp-content\/uploads\/2023\/02\/camping-nature-loiret-223x300.jpg 223w\" sizes=\"(max-width: 397px) 100vw, 397px\" \/><\/figure>\n\n\n\n<figure class=\"wp-block-image size-full\"><img width=\"397\" height=\"535\" src=\"https:\/\/www.camping-gien.com\/wp-content\/uploads\/2023\/02\/camping-nature-loiret-2.jpg\" alt=\"\" class=\"wp-image-614\" srcset=\"https:\/\/www.camping-gien.com\/wp-content\/uploads\/2023\/02\/camping-nature-loiret-2.jpg 397w, https:\/\/www.camping-gien.com\/wp-content\/uploads\/2023\/02\/camping-nature-loiret-2-223x300.jpg 223w\" sizes=\"(max-width: 397px) 100vw, 397px\" \/><\/figure>\n\n\n\n<figure class=\"wp-block-image size-full\"><img width=\"397\" height=\"535\" src=\"https:\/\/www.camping-gien.com\/wp-content\/uploads\/2023\/02\/camping-nature-loiret-3.jpg\" alt=\"\" class=\"wp-image-612\" srcset=\"https:\/\/www.camping-gien.com\/wp-content\/uploads\/2023\/02\/camping-nature-loiret-3.jpg 397w, https:\/\/www.camping-gien.com\/wp-content\/uploads\/2023\/02\/camping-nature-loiret-3-223x300.jpg 223w\" sizes=\"(max-width: 397px) 100vw, 397px\" \/><\/figure>\n\n\n\n<figure class=\"wp-block-image size-large\"><img width=\"1024\" height=\"287\" src=\"https:\/\/www.camping-gien.com\/wp-content\/uploads\/2023\/02\/balade-canoe-loire-1-1024x287.jpg\" alt=\"\" class=\"wp-image-1037\" srcset=\"https:\/\/www.camping-gien.com\/wp-content\/uploads\/2023\/02\/balade-canoe-loire-1-1024x287.jpg 1024w, https:\/\/www.camping-gien.com\/wp-content\/uploads\/2023\/02\/balade-canoe-loire-1-300x84.jpg 300w, https:\/\/www.camping-gien.com\/wp-content\/uploads\/2023\/02\/balade-canoe-loire-1-768x215.jpg 768w, https:\/\/www.camping-gien.com\/wp-content\/uploads\/2023\/02\/balade-canoe-loire-1-1536x430.jpg 1536w, https:\/\/www.camping-gien.com\/wp-content\/uploads\/2023\/02\/balade-canoe-loire-1.jpg 2000w\" sizes=\"(max-width: 1024px) 100vw, 1024px\" \/><\/figure>\n\n\n\n<figure class=\"wp-block-image size-large\"><img width=\"1024\" height=\"683\" src=\"https:\/\/www.camping-gien.com\/wp-content\/uploads\/2023\/02\/fat-lads-nHiA3FmaggY-unsplash-1024x683.jpg\" alt=\"\" class=\"wp-image-1184\" srcset=\"https:\/\/www.camping-gien.com\/wp-content\/uploads\/2023\/02\/fat-lads-nHiA3FmaggY-unsplash-1024x683.jpg 1024w, https:\/\/www.camping-gien.com\/wp-content\/uploads\/2023\/02\/fat-lads-nHiA3FmaggY-unsplash-300x200.jpg 300w, https:\/\/www.camping-gien.com\/wp-content\/uploads\/2023\/02\/fat-lads-nHiA3FmaggY-unsplash-768x512.jpg 768w, https:\/\/www.camping-gien.com\/wp-content\/uploads\/2023\/02\/fat-lads-nHiA3FmaggY-unsplash-1536x1024.jpg 1536w, https:\/\/www.camping-gien.com\/wp-content\/uploads\/2023\/02\/fat-lads-nHiA3FmaggY-unsplash-2048x1366.jpg 2048w\" sizes=\"(max-width: 1024px) 100vw, 1024px\" \/><\/figure>\n\n\n\n<figure class=\"wp-block-image size-full\"><img width=\"760\" height=\"520\" src=\"https:\/\/www.camping-gien.com\/wp-content\/uploads\/2023\/02\/0y3a9651-760x520-1.jpg\" alt=\"\" class=\"wp-image-915\" srcset=\"https:\/\/www.camping-gien.com\/wp-content\/uploads\/2023\/02\/0y3a9651-760x520-1.jpg 760w, https:\/\/www.camping-gien.com\/wp-content\/uploads\/2023\/02\/0y3a9651-760x520-1-300x205.jpg 300w\" sizes=\"(max-width: 760px) 100vw, 760px\" \/><\/figure>\n<\/figure>\n\n\n\n<p><i class=\"fal fa-images\"><\/i> <a href=\"https:\/\/www.camping-gien.com\/de\/fotogalerie\/\" data-type=\"page\" data-id=\"592\">Fotogalerie<\/a><\/p>\n<\/div>\n<\/div>\n\n\n\n<div class=\"wp-block-cover alignfull is-light G-30\"><span aria-hidden=\"true\" class=\"wp-block-cover__gradient-background has-background-dim\"><\/span><img width=\"1920\" height=\"900\" class=\"wp-block-cover__image-background wp-image-626\" alt=\"\" src=\"https:\/\/www.camping-gien.com\/wp-content\/uploads\/2023\/02\/arbres-gien.jpg\" data-object-fit=\"cover\" srcset=\"https:\/\/www.camping-gien.com\/wp-content\/uploads\/2023\/02\/arbres-gien.jpg 1920w, https:\/\/www.camping-gien.com\/wp-content\/uploads\/2023\/02\/arbres-gien-300x141.jpg 300w, https:\/\/www.camping-gien.com\/wp-content\/uploads\/2023\/02\/arbres-gien-1024x480.jpg 1024w, https:\/\/www.camping-gien.com\/wp-content\/uploads\/2023\/02\/arbres-gien-768x360.jpg 768w, https:\/\/www.camping-gien.com\/wp-content\/uploads\/2023\/02\/arbres-gien-1536x720.jpg 1536w\" sizes=\"(max-width: 1920px) 100vw, 1920px\" \/><div class=\"wp-block-cover__inner-container\">\n<p class=\"deco--dents has-blanc-color has-text-color\">Mit der Natur verbunden<\/p>\n\n\n\n<ul class=\"pictos test has-blanc-color has-text-color\"><li><i class=\"icon-wifi\"><\/i> <strong>Wifi-Zugang<\/strong><\/li><li><i class=\"icon-laverie\"><\/i>  Waschk\u00fcche zur <strong>Verf\u00fcgung<\/strong><\/li><li><i class=\"icon-cuisine\"><\/i> <strong>Geselliges<\/strong> Bar-Restaurant<\/li><\/ul>\n\n\n\n<p class=\"has-text-align-center has-blanc-color has-text-color\">Vom Fr\u00fchling bis zum Herbst (Anfang M\u00e4rz bis Mitte November) k\u00f6nnen Sie auf dem Camping Touristique de Gien (mit seinen 197 Stellpl\u00e4tzen auf 5 Hektar) die Loire-Schl\u00f6sser und alle Facetten der Ufer der Loire und des Loiret entdecken, je nach Jahreszeit und dem Charme der Landschaften, die Sie verzaubern werden.<\/p>\n\n\n\n<p class=\"has-text-align-center has-blanc-color has-text-color\">Zu Ihrer Verf\u00fcgung steht die Rezeption, die t\u00e4glich von 8:00 bis 12:00 Uhr und von 14:00 bis 19:00 Uhr ge\u00f6ffnet ist. Hier finden Sie alle Brosch\u00fcren und Informationen, um den Reichtum des Loiretals (UNESCO-Weltkulturerbe), der Sologne, des Berry und der Puisaye zu entdecken.<\/p>\n\n\n\n<div class=\"wp-container-69e59af402657 wp-block-buttons\">\n<div class=\"wp-block-button is-style-outline\"><a class=\"wp-block-button__link has-blanc-color has-text-color\" href=\"https:\/\/www.camping-gien.com\/de\/dienste\/\">Siehe unsere Dienstleistungen<\/a><\/div>\n\n\n\n<div class=\"wp-block-button is-style-fill btn_resa\"><a class=\"wp-block-button__link\"><i class=\"fal fa-search\"><\/i>  Buchen<\/a><\/div>\n<\/div>\n<\/div><\/div>\n\n\n\n<div class=\"wp-block-columns alignfull G-35\">\n<div class=\"wp-block-column\">\n<h2 id=\"visitez-le-loiret-et-ses-alentours\">Besuchen Sie das Loiret und seine Umgebung<\/h2>\n\n\n\n<p>Das D\u00e9partement Loiret verf\u00fcgt \u00fcber zahlreiche Orte und Landschaften, in denen man angenehme Momente verbringen kann, wie z. B. :<\/p>\n\n\n\n<ul><li>Der Blumenpark La Source ;<\/li><li>Das Schloss von Meung-sur-Loire ;<\/li><li>Die Kathedrale Sainte-Croix in Orl\u00e9ans ;<\/li><li>Die Kanalbr\u00fccke von Briare ;<\/li><li>Das Haus der Jeanne d&#8217;Arc ;<\/li><li>Das Mus\u00e9e des Beaux Arts D&#8217;Orl\u00e9ans ;<\/li><li>Girodet-Museum.<\/li><\/ul>\n\n\n\n<p>Seine mittelalterlichen Kriegsmaschinen, etwas weiter entfernt Gu\u00e9delon und seine im Bau befindliche Festung, Sancerre und sein weltber\u00fchmter Wein, Saint-Fargeau, seine Ton- und Lichtshow, sein Schlossbauernhof, der Abenteuerparcours in den B\u00e4umen, das Zirkusmuseum &#8211; jeder vergangene Tag bietet Ihnen eine originelle Entdeckung.<br>Mehr sehen<\/p>\n\n\n\n<div class=\"wp-container-69e59af402a47 wp-block-buttons\">\n<div class=\"wp-block-button is-style-fill\"><a class=\"wp-block-button__link\" href=\"https:\/\/www.camping-gien.com\/de\/tourismus\/\">Umgebung ansehen<\/a><\/div>\n<\/div>\n<\/div>\n\n\n\n<div class=\"wp-block-column\">\n<figure class=\"wp-block-gallery has-nested-images columns-2 is-cropped diaporama-mob\">\n<figure class=\"wp-block-image size-full\"><img width=\"531\" height=\"366\" src=\"https:\/\/www.camping-gien.com\/wp-content\/uploads\/2023\/02\/camping-nature-eau.jpg\" alt=\"\" class=\"wp-image-638\" srcset=\"https:\/\/www.camping-gien.com\/wp-content\/uploads\/2023\/02\/camping-nature-eau.jpg 531w, https:\/\/www.camping-gien.com\/wp-content\/uploads\/2023\/02\/camping-nature-eau-300x207.jpg 300w\" sizes=\"(max-width: 531px) 100vw, 531px\" \/><\/figure>\n\n\n\n<figure class=\"wp-block-image size-full\"><img width=\"760\" height=\"359\" src=\"https:\/\/www.camping-gien.com\/wp-content\/uploads\/2023\/02\/camping-plage-loiret-2000x560-2.jpg\" alt=\"\" class=\"wp-image-670\" srcset=\"https:\/\/www.camping-gien.com\/wp-content\/uploads\/2023\/02\/camping-plage-loiret-2000x560-2.jpg 760w, https:\/\/www.camping-gien.com\/wp-content\/uploads\/2023\/02\/camping-plage-loiret-2000x560-2-300x142.jpg 300w\" sizes=\"(max-width: 760px) 100vw, 760px\" \/><\/figure>\n\n\n\n<figure class=\"wp-block-image size-full\"><img width=\"442\" height=\"375\" src=\"https:\/\/www.camping-gien.com\/wp-content\/uploads\/2023\/02\/camping-nature-chateau.jpg\" alt=\"\" class=\"wp-image-634\" srcset=\"https:\/\/www.camping-gien.com\/wp-content\/uploads\/2023\/02\/camping-nature-chateau.jpg 442w, https:\/\/www.camping-gien.com\/wp-content\/uploads\/2023\/02\/camping-nature-chateau-300x255.jpg 300w\" sizes=\"(max-width: 442px) 100vw, 442px\" \/><\/figure>\n\n\n\n<figure class=\"wp-block-image size-full\"><img width=\"378\" height=\"567\" src=\"https:\/\/www.camping-gien.com\/wp-content\/uploads\/2023\/02\/DSCF4600.jpg\" alt=\"\" class=\"wp-image-630\" srcset=\"https:\/\/www.camping-gien.com\/wp-content\/uploads\/2023\/02\/DSCF4600.jpg 378w, https:\/\/www.camping-gien.com\/wp-content\/uploads\/2023\/02\/DSCF4600-200x300.jpg 200w\" sizes=\"(max-width: 378px) 100vw, 378px\" \/><\/figure>\n<\/figure>\n<\/div>\n<\/div>\n\n\n\n<div class=\"wp-container-69e59af4035f3 wp-block-group alignfull G-40 has-vert-clair-background-color has-background\"><div class=\"wp-block-group__inner-container\">\n<div class=\"wp-container-69e59af402eda wp-block-group\">\n<figure class=\"wp-block-image size-full\"><img width=\"300\" height=\"300\" src=\"https:\/\/www.camping-gien.com\/wp-content\/uploads\/2023\/02\/picto-eco-friendly.jpg\" alt=\"\" class=\"wp-image-762\" srcset=\"https:\/\/www.camping-gien.com\/wp-content\/uploads\/2023\/02\/picto-eco-friendly.jpg 300w, https:\/\/www.camping-gien.com\/wp-content\/uploads\/2023\/02\/picto-eco-friendly-150x150.jpg 150w\" sizes=\"(max-width: 300px) 100vw, 300px\" \/><\/figure>\n\n\n\n<h2 id=\"valeurs-engagements\">Werte &amp; Verpflichtungen<\/h2>\n<\/div>\n\n\n\n<div class=\"wp-block-columns\">\n<div class=\"wp-block-column\">\n<p>Camping im Loiret, wie Sie es m\u00f6gen, gibt es nat\u00fcrlich bei uns!<\/p>\n\n\n\n<p>Bei Sites et Paysages pflegen wir seit nunmehr \u00fcber 30 Jahren den Unterschied und sind die erste Kette von Natur- und Familiencampingpl\u00e4tzen in Frankreich.<\/p>\n\n\n\n<p>Unsere 54 Campingpl\u00e4tze mit \u00fcberschaubarer Gr\u00f6\u00dfe empfangen Sie in den sch\u00f6nsten Regionen Frankreichs und in unmittelbarer N\u00e4he der Naturschaupl\u00e4tze.<\/p>\n\n\n\n<p>\u00dcberall werden Sie diese kleine Familien\u00e4hnlichkeit erkennen, die uns, obwohl wir alle unterschiedlich sind, einander \u00e4hneln l\u00e4sst, und denselben Qualit\u00e4tsanspruch, der uns am Herzen liegt.<\/p>\n\n\n\n<p>Camping, wie Sie es m\u00f6gen?<\/p>\n<\/div>\n\n\n\n<div class=\"wp-block-column\">\n<div class=\"wp-block-group lire-plus-mobile\"><div class=\"wp-block-group__inner-container\">\n<p>Lesen Sie mehr<\/p>\n\n\n\n<div class=\"wp-container-69e59af4032c2 wp-block-group\"><div class=\"wp-block-group__inner-container\">\n<p>Der Geist der Familie Sites et Paysages ist vor allem :<\/p>\n\n\n\n<p>Camping, wie Sie es m\u00f6gen: 100% Natur, 100% Mensch<\/p>\n\n\n\n<p>Unsere Werte<br>Herzlicher Empfang, nachhaltige Entwicklung, Freude am Teilen, Einzigartigkeit, Kulturerbe, umweltbewusstes Handeln, Unabh\u00e4ngigkeit, 3-, 4- und 5-Sterne-Campingpl\u00e4tze, menschliche Gr\u00f6\u00dfe und gesch\u00fctzte nat\u00fcrliche Umgebungen.<\/p>\n<\/div><\/div>\n<\/div><\/div>\n<\/div>\n<\/div>\n<\/div><\/div>\n","protected":false},"excerpt":{"rendered":"<p>Campingplatz Gien im Loiret Willkommen auf dem Campingplatz Touristique de Gien Egal, ob Sie aus dem Norden, S\u00fcden, Osten oder Westen kommen,Gien bietet eine strategisch g\u00fcnstige geographische Lage, die Sie zwangsl\u00e4ufig zu uns f\u00fchren wird! (Paris: 150 km, Nevers: 90 km, Orl\u00e9ans: 60 km, Bourges: 90km). Gegen\u00fcber dem Schloss und in Gien gelegen, 10 Minuten [&hellip;]<\/p>\n","protected":false},"author":1,"featured_media":0,"parent":0,"menu_order":0,"comment_status":"closed","ping_status":"closed","template":"","meta":[],"acf":[],"_links":{"self":[{"href":"https:\/\/www.camping-gien.com\/de\/wp-json\/wp\/v2\/pages\/1359"}],"collection":[{"href":"https:\/\/www.camping-gien.com\/de\/wp-json\/wp\/v2\/pages"}],"about":[{"href":"https:\/\/www.camping-gien.com\/de\/wp-json\/wp\/v2\/types\/page"}],"author":[{"embeddable":true,"href":"https:\/\/www.camping-gien.com\/de\/wp-json\/wp\/v2\/users\/1"}],"replies":[{"embeddable":true,"href":"https:\/\/www.camping-gien.com\/de\/wp-json\/wp\/v2\/comments?post=1359"}],"version-history":[{"count":2,"href":"https:\/\/www.camping-gien.com\/de\/wp-json\/wp\/v2\/pages\/1359\/revisions"}],"predecessor-version":[{"id":2618,"href":"https:\/\/www.camping-gien.com\/de\/wp-json\/wp\/v2\/pages\/1359\/revisions\/2618"}],"wp:attachment":[{"href":"https:\/\/www.camping-gien.com\/de\/wp-json\/wp\/v2\/media?parent=1359"}],"curies":[{"name":"wp","href":"https:\/\/api.w.org\/{rel}","templated":true}]}}